{"id":66984,"date":"2020-06-09T17:32:18","date_gmt":"2020-06-09T09:32:18","guid":{"rendered":"https:\/\/www.grab.com\/vn\/?page_id=66984"},"modified":"2020-06-09T17:32:18","modified_gmt":"2020-06-09T09:32:18","slug":"grabcar-goc-thong-tin-thang-06-2020-ban-nen-biet","status":"publish","type":"page","link":"https:\/\/www.grab.com\/vn\/en\/grabcar-goc-thong-tin-thang-06-2020-ban-nen-biet\/","title":{"rendered":"[GrabCar] G\u00f3c th\u00f4ng tin th\u00e1ng 06\/2020 b\u1ea1n n\u00ean bi\u1ebft"},"content":{"rendered":"<p style=\"text-align: center\"><a href=\"https:\/\/www.grab.com\/vn\/en\/blog\/driver\/grabcar-grabtaxi-cap-nhat-moc-quy-dinh-doi-voi-ty-le-danh-gia-sao\/\"><img loading=\"lazy\" decoding=\"async\" width=\"699\" height=\"647\" class=\"alignnone size-full wp-image-66985\" src=\"https:\/\/assets.grab.com\/wp-content\/uploads\/sites\/11\/2020\/06\/09172905\/1-1.png\" alt=\"\" srcset=\"https:\/\/assets.grab.com\/wp-content\/uploads\/sites\/11\/2020\/06\/09172905\/1-1.png 699w, https:\/\/assets.grab.com\/wp-content\/uploads\/sites\/11\/2020\/06\/09172905\/1-1-250x231.png 250w, https:\/\/assets.grab.com\/wp-content\/uploads\/sites\/11\/2020\/06\/09172905\/1-1-120x111.png 120w\" sizes=\"(max-width: 699px) 100vw, 699px\" \/><\/a> <a href=\"https:\/\/www.grab.com\/vn\/en\/blog\/driver\/grabcar-grabtaxi-huong-dan-doi-tac-kiem-tra-ung-dung-grabdriver\/\"><img loading=\"lazy\" decoding=\"async\" width=\"699\" height=\"314\" class=\"alignnone size-full wp-image-66986\" src=\"https:\/\/assets.grab.com\/wp-content\/uploads\/sites\/11\/2020\/06\/09172910\/1-2.png\" alt=\"\" srcset=\"https:\/\/assets.grab.com\/wp-content\/uploads\/sites\/11\/2020\/06\/09172910\/1-2.png 699w, https:\/\/assets.grab.com\/wp-content\/uploads\/sites\/11\/2020\/06\/09172910\/1-2-250x112.png 250w, https:\/\/assets.grab.com\/wp-content\/uploads\/sites\/11\/2020\/06\/09172910\/1-2-120x54.png 120w\" sizes=\"(max-width: 699px) 100vw, 699px\" \/><\/a> <a href=\"https:\/\/www.grab.com\/vn\/en\/blog\/driver\/car\/grabcar-grabtaxi-tich-hop-tinh-nang-goi-den-grab-vao-trung-tam-tro-giup\/\"><img loading=\"lazy\" decoding=\"async\" width=\"691\" height=\"284\" class=\"alignnone size-full wp-image-66987\" src=\"https:\/\/assets.grab.com\/wp-content\/uploads\/sites\/11\/2020\/06\/09172911\/1-3.png\" alt=\"\" srcset=\"https:\/\/assets.grab.com\/wp-content\/uploads\/sites\/11\/2020\/06\/09172911\/1-3.png 691w, https:\/\/assets.grab.com\/wp-content\/uploads\/sites\/11\/2020\/06\/09172911\/1-3-250x103.png 250w, https:\/\/assets.grab.com\/wp-content\/uploads\/sites\/11\/2020\/06\/09172911\/1-3-120x49.png 120w\" sizes=\"(max-width: 691px) 100vw, 691px\" \/><\/a> <a href=\"https:\/\/www.grab.com\/vn\/en\/blog\/driver\/grab-ra-mat-tinh-nang-ho-tro-truc-tuyen-tro-chuyen-voi-grab\/\"><img loading=\"lazy\" decoding=\"async\" width=\"708\" height=\"271\" class=\"alignnone size-full wp-image-66988\" src=\"https:\/\/assets.grab.com\/wp-content\/uploads\/sites\/11\/2020\/06\/09172913\/1-4.png\" alt=\"\" srcset=\"https:\/\/assets.grab.com\/wp-content\/uploads\/sites\/11\/2020\/06\/09172913\/1-4.png 708w, https:\/\/assets.grab.com\/wp-content\/uploads\/sites\/11\/2020\/06\/09172913\/1-4-250x96.png 250w, https:\/\/assets.grab.com\/wp-content\/uploads\/sites\/11\/2020\/06\/09172913\/1-4-700x268.png 700w, https:\/\/assets.grab.com\/wp-content\/uploads\/sites\/11\/2020\/06\/09172913\/1-4-120x46.png 120w\" sizes=\"(max-width: 708px) 100vw, 708px\" \/><\/a><\/p>\n<p><span style=\"color: #000000\">M\u1ebfn ch\u00fac b\u1ea1n ho\u1ea1t \u0111\u1ed9ng hi\u1ec7u qu\u1ea3 v\u00e0 an to\u00e0n tr\u00ean m\u1ecdi h\u00e0nh tr\u00ecnh!<\/span><\/p>\n<p><strong><span style=\"color: #339966\">Tr\u00e2n tr\u1ecdng<\/span><\/strong><\/p>\n<p><strong><span style=\"color: #339966\">\u0110\u1ed9i ng\u0169 Grab<\/span><\/strong><\/p>","protected":false},"excerpt":{"rendered":"M\u1ebfn ch\u00fac b\u1ea1n ho\u1ea1t \u0111\u1ed9ng hi\u1ec7u qu\u1ea3 v\u00e0 an to\u00e0n tr\u00ean m\u1ecdi h\u00e0nh tr\u00ecnh! Tr\u00e2n tr\u1ecdng \u0110\u1ed9i ng\u0169 Grab","protected":false},"author":489,"featured_media":0,"parent":0,"menu_order":0,"comment_status":"closed","ping_status":"closed","template":"","meta":{"_acf_changed":false,"footnotes":""},"acf":[],"_links":{"self":[{"href":"https:\/\/www.grab.com\/vn\/en\/wp-json\/wp\/v2\/pages\/66984"}],"collection":[{"href":"https:\/\/www.grab.com\/vn\/en\/wp-json\/wp\/v2\/pages"}],"about":[{"href":"https:\/\/www.grab.com\/vn\/en\/wp-json\/wp\/v2\/types\/page"}],"author":[{"embeddable":true,"href":"https:\/\/www.grab.com\/vn\/en\/wp-json\/wp\/v2\/users\/489"}],"replies":[{"embeddable":true,"href":"https:\/\/www.grab.com\/vn\/en\/wp-json\/wp\/v2\/comments?post=66984"}],"version-history":[{"count":1,"href":"https:\/\/www.grab.com\/vn\/en\/wp-json\/wp\/v2\/pages\/66984\/revisions"}],"predecessor-version":[{"id":66989,"href":"https:\/\/www.grab.com\/vn\/en\/wp-json\/wp\/v2\/pages\/66984\/revisions\/66989"}],"wp:attachment":[{"href":"https:\/\/www.grab.com\/vn\/en\/wp-json\/wp\/v2\/media?parent=66984"}],"curies":[{"name":"wp","href":"https:\/\/api.w.org\/{rel}","templated":true}]}}