{"id":6583,"date":"2016-09-15T15:39:22","date_gmt":"2016-09-15T07:39:22","guid":{"rendered":"https:\/\/www.grab.com\/vn\/?page_id=6583"},"modified":"2021-03-23T19:11:26","modified_gmt":"2021-03-23T11:11:26","slug":"brand-story","status":"publish","type":"page","link":"https:\/\/www.grab.com\/vn\/en\/brand-story\/","title":{"rendered":"About Grab"},"content":{"rendered":"<div data-elementor-type=\"wp-post\" data-elementor-id=\"6583\" class=\"elementor elementor-6583\" data-elementor-post-type=\"page\">\n\t\t\t\t\t\t<section class=\"elementor-section elementor-top-section elementor-element elementor-element-c81b55a elementor-section-boxed elementor-section-height-default elementor-section-height-default\" data-id=\"c81b55a\" data-element_type=\"section\">\n\t\t\t\t\t\t<div class=\"elementor-container elementor-column-gap-no\">\n\t\t\t\t\t<div class=\"elementor-column elementor-col-100 elementor-top-column elementor-element elementor-element-0865e65\" data-id=\"0865e65\" data-element_type=\"column\">\n\t\t\t<div class=\"elementor-widget-wrap elementor-element-populated\">\n\t\t\t\t\t\t<div class=\"elementor-element elementor-element-0ec24f9 elementor-widget elementor-widget-video\" data-id=\"0ec24f9\" data-element_type=\"widget\" data-settings=\"{&quot;youtube_url&quot;:&quot;https:\\\/\\\/youtu.be\\\/fqiV718Jyj4&quot;,&quot;autoplay&quot;:&quot;yes&quot;,&quot;video_type&quot;:&quot;youtube&quot;,&quot;controls&quot;:&quot;yes&quot;}\" data-widget_type=\"video.default\">\n\t\t\t\t<div class=\"elementor-widget-container\">\n\t\t\t\t\t<div class=\"elementor-wrapper elementor-open-inline\">\n\t\t\t<div class=\"elementor-video\"><\/div>\t\t<\/div>\n\t\t\t\t<\/div>\n\t\t\t\t<\/div>\n\t\t\t\t\t<\/div>\n\t\t<\/div>\n\t\t\t\t\t<\/div>\n\t\t<\/section>\n\t\t\t\t<section class=\"elementor-section elementor-top-section elementor-element elementor-element-564a60e2 elementor-section-boxed elementor-section-height-default elementor-section-height-default elementor-invisible\" data-id=\"564a60e2\" data-element_type=\"section\" data-settings=\"{&quot;animation&quot;:&quot;fadeIn&quot;}\">\n\t\t\t\t\t\t<div class=\"elementor-container elementor-column-gap-default\">\n\t\t\t\t\t<div class=\"elementor-column elementor-col-33 elementor-top-column elementor-element elementor-element-613a4119\" data-id=\"613a4119\" data-element_type=\"column\">\n\t\t\t<div class=\"elementor-widget-wrap elementor-element-populated\">\n\t\t\t\t\t\t<div class=\"elementor-element elementor-element-57224fa9 elementor-widget elementor-widget-text-editor\" data-id=\"57224fa9\" data-element_type=\"widget\" data-widget_type=\"text-editor.default\">\n\t\t\t\t<div class=\"elementor-widget-container\">\n\t\t\t\t\t\t\t<p>It started with a question<\/p>\t\t\t\t\t\t<\/div>\n\t\t\t\t<\/div>\n\t\t\t\t\t<\/div>\n\t\t<\/div>\n\t\t\t\t<div class=\"elementor-column elementor-col-33 elementor-top-column elementor-element elementor-element-22d8fa12\" data-id=\"22d8fa12\" data-element_type=\"column\">\n\t\t\t<div class=\"elementor-widget-wrap\">\n\t\t\t\t\t\t\t<\/div>\n\t\t<\/div>\n\t\t\t\t<div class=\"elementor-column elementor-col-33 elementor-top-column elementor-element elementor-element-544b6d6c\" data-id=\"544b6d6c\" data-element_type=\"column\">\n\t\t\t<div class=\"elementor-widget-wrap elementor-element-populated\">\n\t\t\t\t\t\t<div class=\"elementor-element elementor-element-56b28a2 elementor-widget elementor-widget-text-editor\" data-id=\"56b28a2\" data-element_type=\"widget\" data-widget_type=\"text-editor.default\">\n\t\t\t\t<div class=\"elementor-widget-container\">\n\t\t\t\t\t\t\t<p><i>\u201cV\u00ec sao ch\u00fang ta kh\u00f4ng th\u1ec3 c\u00f3 nh\u1eefng l\u1ef1a ch\u1ecdn di chuy\u1ec3n an to\u00e0n h\u01a1n?\u201d<br \/>\u201cLi\u1ec7u ch\u00fang ta c\u00f3 th\u1ec3 gi\u00fap c\u00e1c b\u00e1c t\u00e0i c\u00f3 \u0111i\u1ec1u ki\u1ec7n l\u00e0m vi\u1ec7c t\u1ed1t h\u01a1n kh\u00f4ng?\u201d<br \/>\u201cN\u1ebfu nh\u01b0 ch\u00fang ta c\u00f3 kh\u1ea3 n\u0103ng gi\u00fap cu\u1ed9c s\u1ed1ng n\u00e0y tr\u1edf n\u00ean d\u1ec5 d\u00e0ng h\u01a1n m\u1ed9t ch\u00fat th\u00ec sao?\u201d<\/i><br \/><br \/>\u1eea th\u00ec, th\u1ef1c ra kh\u00f4ng ph\u1ea3i l\u00e0 m\u1ed9t, m\u00e0 l\u00e0 m\u1ed9t v\u00e0i c\u00e2u h\u1ecfi nh\u01b0 b\u1ea1n th\u1ea5y \u0111\u1ea5y. V\u00e0 nh\u1eefng c\u00e2u h\u1ecfi n\u00e0y ch\u00ednh l\u00e0 \u0111\u1ed9ng l\u1ef1c \u0111\u1ec3 m\u1ed9t nh\u00f3m b\u1ea1n c\u1ef1c k\u1ef3 tham v\u1ecdng (v\u00e0 c\u1ef1c k\u1ef3 l\u1ea1c quan) quy\u1ebft \u0111\u1ecbnh th\u00e0nh l\u1eadp c\u00f4ng ty n\u00e0y, v\u1edbi tr\u1ee5 s\u1edf \u0111\u1ea7u ti\u00ean l\u00e0 m\u1ed9t nh\u00e0 kho nh\u1ecf x\u00edu \u0111\u01b0\u1ee3c thu\u00ea t\u1ea1m, \u0111\u00e2u \u0111\u00f3 t\u1ea1i Kuala Lumpur, Malaysia.<br \/><br \/>\u0110\u00f3 l\u00e0 n\u0103m 2012.<br \/><br \/>Ng\u00e0y nay, c\u00f4ng ty nh\u1ecf x\u00edu \u0111\u00f3 \u0111\u00e3 tr\u1edf th\u00e0nh Grab, si\u00eau \u1ee9ng d\u1ee5ng \u0111a d\u1ecbch v\u1ee5 h\u00e0ng \u0111\u1ea7u v\u00e0 l\u00e0 c\u00f4ng ty c\u00f4ng ngh\u1ec7 di \u0111\u1ed9ng l\u1edbn nh\u1ea5t \u0110\u00f4ng Nam \u00c1, gi\u00fap k\u1ebft n\u1ed1i h\u00e0ng tri\u1ec7u kh\u00e1ch h\u00e0ng v\u1edbi h\u00e0ng tri\u1ec7u \u0110\u1ed1i t\u00e1c t\u00e0i x\u1ebf, \u0110\u1ed1i t\u00e1c nh\u00e0 h\u00e0ng v\u00e0 \u0110\u1ed1i t\u00e1c kinh doanh. Grab mang tr\u00ean m\u00ecnh tr\u00e1ch nhi\u1ec7m gi\u1ea3i quy\u1ebft nh\u1eefng th\u00e1ch th\u1ee9c \u0111ang t\u1ed3n t\u1ea1i trong khu v\u1ef1c \u0110\u00f4ng Nam \u00c1, bao g\u1ed3m thi\u1ebfu kh\u1ea3 n\u0103ng ti\u1ebfp c\u1eadn c\u00f4ng ngh\u1ec7, c\u01a1 s\u1edf h\u1ea1 t\u1ea7ng ch\u01b0a ho\u00e0n thi\u1ec7n, v\u00e0 ch\u00eanh l\u1ec7ch thu nh\u1eadp.<br \/><br \/>Gi\u1ed1ng nh\u01b0 m\u1ed7i ng\u01b0\u1eddi d\u00e2n \u0110\u00f4ng Nam \u00c1 kh\u00e1c, ch\u00fang t\u00f4i mang trong m\u00ecnh nhi\u1ec1u tham v\u1ecdng v\u00e0 quy\u1ebft t\u00e2m. Ch\u00fang t\u00f4i v\u1eabn lu\u00f4n t\u1ef1 h\u1ecfi cu\u1ed9c s\u1ed1ng h\u00e0ng ng\u00e0y \u0111ang c\u00f3 nh\u1eefng tr\u1edf ng\u1ea1i g\u00ec c\u1ea7n m\u00ecnh kh\u1eafc ph\u1ee5c. V\u00e0 m\u1ed7i ng\u00e0y tr\u00f4i qua, ch\u00fang t\u00f4i c\u0169ng v\u00f4 c\u00f9ng l\u1ea1c quan v\u1ec1 m\u1ed9t cu\u1ed9c s\u1ed1ng c\u00f3 Grab.<\/p>\t\t\t\t\t\t<\/div>\n\t\t\t\t<\/div>\n\t\t\t\t\t<\/div>\n\t\t<\/div>\n\t\t\t\t\t<\/div>\n\t\t<\/section>\n\t\t\t\t<section class=\"elementor-section elementor-top-section elementor-element elementor-element-63328d42 elementor-reverse-mobile elementor-section-boxed elementor-section-height-default elementor-section-height-default\" data-id=\"63328d42\" data-element_type=\"section\">\n\t\t\t\t\t\t<div class=\"elementor-container elementor-column-gap-no\">\n\t\t\t\t\t<div class=\"elementor-column elementor-col-50 elementor-top-column elementor-element elementor-element-33579e1f\" data-id=\"33579e1f\" data-element_type=\"column\" data-settings=\"{&quot;animation&quot;:&quot;none&quot;,&quot;animation_mobile&quot;:&quot;none&quot;}\">\n\t\t\t<div class=\"elementor-widget-wrap elementor-element-populated\">\n\t\t\t\t\t\t<div class=\"elementor-element elementor-element-0e3ca78 elementor--h-position-center elementor--v-position-middle elementor-widget elementor-widget-slides\" data-id=\"0e3ca78\" data-element_type=\"widget\" data-settings=\"{&quot;navigation&quot;:&quot;none&quot;,&quot;autoplay_speed&quot;:2000,&quot;transition&quot;:&quot;fade&quot;,&quot;autoplay&quot;:&quot;yes&quot;,&quot;infinite&quot;:&quot;yes&quot;,&quot;transition_speed&quot;:500}\" data-widget_type=\"slides.default\">\n\t\t\t\t<div class=\"elementor-widget-container\">\n\t\t\t\t\t<div class=\"elementor-swiper\">\n\t\t\t<div class=\"elementor-slides-wrapper elementor-main-swiper swiper-container\" dir=\"ltr\" data-animation=\"fadeInUp\">\n\t\t\t\t<div class=\"swiper-wrapper elementor-slides\">\n\t\t\t\t\t\t\t\t\t\t<div class=\"elementor-repeater-item-3f07d3c swiper-slide\"><div class=\"swiper-slide-bg\" role=\"img\"><\/div><div class=\"swiper-slide-inner\" ><div class=\"swiper-slide-contents\"><\/div><\/div><\/div><div class=\"elementor-repeater-item-983ee73 swiper-slide\"><div class=\"swiper-slide-bg\" role=\"img\"><\/div><div class=\"swiper-slide-inner\" ><div class=\"swiper-slide-contents\"><\/div><\/div><\/div><div class=\"elementor-repeater-item-67abd56 swiper-slide\"><div class=\"swiper-slide-bg\" role=\"img\"><\/div><div class=\"swiper-slide-inner\" ><div class=\"swiper-slide-contents\"><\/div><\/div><\/div><div class=\"elementor-repeater-item-db51cad swiper-slide\"><div class=\"swiper-slide-bg\" role=\"img\"><\/div><div class=\"swiper-slide-inner\" ><div class=\"swiper-slide-contents\"><\/div><\/div><\/div><div class=\"elementor-repeater-item-a95c436 swiper-slide\"><div class=\"swiper-slide-bg\" role=\"img\"><\/div><div class=\"swiper-slide-inner\" ><div class=\"swiper-slide-contents\"><\/div><\/div><\/div>\t\t\t\t<\/div>\n\t\t\t\t\t\t\t\t\t\t\t\t\t\t\t\t\t\t\t\t\t<\/div>\n\t\t<\/div>\n\t\t\t\t<\/div>\n\t\t\t\t<\/div>\n\t\t\t\t\t<\/div>\n\t\t<\/div>\n\t\t\t\t<div class=\"elementor-column elementor-col-50 elementor-top-column elementor-element elementor-element-50a63c7\" data-id=\"50a63c7\" data-element_type=\"column\" data-settings=\"{&quot;animation&quot;:&quot;none&quot;,&quot;animation_delay&quot;:&quot;0&quot;,&quot;background_background&quot;:&quot;classic&quot;,&quot;animation_mobile&quot;:&quot;none&quot;}\">\n\t\t\t<div class=\"elementor-widget-wrap elementor-element-populated\">\n\t\t\t\t\t\t<div class=\"elementor-element elementor-element-3a026909 elementor-widget elementor-widget-text-editor\" data-id=\"3a026909\" data-element_type=\"widget\" data-widget_type=\"text-editor.default\">\n\t\t\t\t<div class=\"elementor-widget-container\">\n\t\t\t\t\t\t\t<p>Why Southeast Asia<\/p>\t\t\t\t\t\t<\/div>\n\t\t\t\t<\/div>\n\t\t\t\t<div class=\"elementor-element elementor-element-387cabe elementor-widget elementor-widget-text-editor\" data-id=\"387cabe\" data-element_type=\"widget\" data-widget_type=\"text-editor.default\">\n\t\t\t\t<div class=\"elementor-widget-container\">\n\t\t\t\t\t\t\t<p>You mean apart from the fact that this is the fastest growing region in the world? Despite the many infrastructural hurdles Southeast Asians face, over 73% still believe that they will achieve their biggest dreams in this lifetime. With an attitude like that, and ambition like ours, sky\u2019s the limit.<\/p>\t\t\t\t\t\t<\/div>\n\t\t\t\t<\/div>\n\t\t\t\t\t<\/div>\n\t\t<\/div>\n\t\t\t\t\t<\/div>\n\t\t<\/section>\n\t\t\t\t<section class=\"elementor-section elementor-top-section elementor-element elementor-element-5233066 elementor-section-boxed elementor-section-height-default elementor-section-height-default\" data-id=\"5233066\" data-element_type=\"section\">\n\t\t\t\t\t\t<div class=\"elementor-container elementor-column-gap-no\">\n\t\t\t\t\t<div class=\"elementor-column elementor-col-100 elementor-top-column elementor-element elementor-element-1cc704f8\" data-id=\"1cc704f8\" data-element_type=\"column\">\n\t\t\t<div class=\"elementor-widget-wrap elementor-element-populated\">\n\t\t\t\t\t\t<div class=\"elementor-element elementor-element-4ab304de elementor-widget elementor-widget-text-editor\" data-id=\"4ab304de\" data-element_type=\"widget\" data-widget_type=\"text-editor.default\">\n\t\t\t\t<div class=\"elementor-widget-container\">\n\t\t\t\t\t\t\t<p>How we empower Southeast Asia<\/p>\t\t\t\t\t\t<\/div>\n\t\t\t\t<\/div>\n\t\t\t\t\t<\/div>\n\t\t<\/div>\n\t\t\t\t\t<\/div>\n\t\t<\/section>\n\t\t\t\t<section class=\"elementor-section elementor-top-section elementor-element elementor-element-d18d160 elementor-section-boxed elementor-section-height-default elementor-section-height-default\" data-id=\"d18d160\" data-element_type=\"section\" data-settings=\"{&quot;animation&quot;:&quot;none&quot;}\">\n\t\t\t\t\t\t<div class=\"elementor-container elementor-column-gap-default\">\n\t\t\t\t\t<div class=\"elementor-column elementor-col-33 elementor-top-column elementor-element elementor-element-2e0b9e8\" data-id=\"2e0b9e8\" data-element_type=\"column\">\n\t\t\t<div class=\"elementor-widget-wrap elementor-element-populated\">\n\t\t\t\t\t\t<div class=\"elementor-element elementor-element-f110861 elementor-widget elementor-widget-heading\" data-id=\"f110861\" data-element_type=\"widget\" data-widget_type=\"heading.default\">\n\t\t\t\t<div class=\"elementor-widget-container\">\n\t\t\t<h3 class=\"elementor-heading-title elementor-size-default\">People<\/h3>\t\t<\/div>\n\t\t\t\t<\/div>\n\t\t\t\t<div class=\"elementor-element elementor-element-ac8bfae elementor-widget elementor-widget-text-editor\" data-id=\"ac8bfae\" data-element_type=\"widget\" data-widget_type=\"text-editor.default\">\n\t\t\t\t<div class=\"elementor-widget-container\">\n\t\t\t\t\t\t\t<p>To open up opportunities for all, regardless of background or ability.<\/p><p>We provide income opportunities to all groups of people, including the disadvantaged, as part of our commitment to push for greater inclusivity.<\/p>\t\t\t\t\t\t<\/div>\n\t\t\t\t<\/div>\n\t\t\t\t\t<\/div>\n\t\t<\/div>\n\t\t\t\t<div class=\"elementor-column elementor-col-33 elementor-top-column elementor-element elementor-element-20a896f\" data-id=\"20a896f\" data-element_type=\"column\">\n\t\t\t<div class=\"elementor-widget-wrap elementor-element-populated\">\n\t\t\t\t\t\t<div class=\"elementor-element elementor-element-eb1b70c elementor-widget elementor-widget-heading\" data-id=\"eb1b70c\" data-element_type=\"widget\" data-widget_type=\"heading.default\">\n\t\t\t\t<div class=\"elementor-widget-container\">\n\t\t\t<h3 class=\"elementor-heading-title elementor-size-default\">Cities<\/h3>\t\t<\/div>\n\t\t\t\t<\/div>\n\t\t\t\t<div class=\"elementor-element elementor-element-d8e9862 elementor-widget elementor-widget-text-editor\" data-id=\"d8e9862\" data-element_type=\"widget\" data-widget_type=\"text-editor.default\">\n\t\t\t\t<div class=\"elementor-widget-container\">\n\t\t\t\t\t\t\t<p>To provide technological solutions to improve and build safer, smarter cities.<\/p><p>Many Southeast Asians face everyday limitations like traffic congestion and lack of public infrastructure. As an everyday everything app, we solve everyday challenges to make life a little easier.<\/p>\t\t\t\t\t\t<\/div>\n\t\t\t\t<\/div>\n\t\t\t\t\t<\/div>\n\t\t<\/div>\n\t\t\t\t<div class=\"elementor-column elementor-col-33 elementor-top-column elementor-element elementor-element-aee2093\" data-id=\"aee2093\" data-element_type=\"column\">\n\t\t\t<div class=\"elementor-widget-wrap elementor-element-populated\">\n\t\t\t\t\t\t<div class=\"elementor-element elementor-element-543fda4 elementor-widget elementor-widget-heading\" data-id=\"543fda4\" data-element_type=\"widget\" data-widget_type=\"heading.default\">\n\t\t\t\t<div class=\"elementor-widget-container\">\n\t\t\t<h3 class=\"elementor-heading-title elementor-size-default\">Planet<\/h3>\t\t<\/div>\n\t\t\t\t<\/div>\n\t\t\t\t<div class=\"elementor-element elementor-element-dbf4dc4 elementor-widget elementor-widget-text-editor\" data-id=\"dbf4dc4\" data-element_type=\"widget\" data-widget_type=\"text-editor.default\">\n\t\t\t\t<div class=\"elementor-widget-container\">\n\t\t\t\t\t\t\t<p>To protect our planet by minimising our environmental footprint.<br \/>We only get one Earth. Let\u2019s take care of it.<\/p><p>We are introducing measures across our businesses and ecosystem to build a more sustainable future.<\/p>\t\t\t\t\t\t<\/div>\n\t\t\t\t<\/div>\n\t\t\t\t\t<\/div>\n\t\t<\/div>\n\t\t\t\t\t<\/div>\n\t\t<\/section>\n\t\t\t\t<section class=\"elementor-section elementor-top-section elementor-element elementor-element-754d7657 elementor-section-boxed elementor-section-height-default elementor-section-height-default\" data-id=\"754d7657\" data-element_type=\"section\" data-settings=\"{&quot;background_background&quot;:&quot;classic&quot;}\">\n\t\t\t\t\t\t<div class=\"elementor-container elementor-column-gap-default\">\n\t\t\t\t\t<div class=\"elementor-column elementor-col-50 elementor-top-column elementor-element elementor-element-600d5ece\" data-id=\"600d5ece\" data-element_type=\"column\">\n\t\t\t<div class=\"elementor-widget-wrap elementor-element-populated\">\n\t\t\t\t\t\t<div class=\"elementor-element elementor-element-38bf18fb elementor-widget elementor-widget-text-editor\" data-id=\"38bf18fb\" data-element_type=\"widget\" data-widget_type=\"text-editor.default\">\n\t\t\t\t<div class=\"elementor-widget-container\">\n\t\t\t\t\t\t\t<p>B\u1ea1n lu\u00f4n quan t\u00e2m t\u00ecm ki\u1ebfm gi\u1ea3i ph\u00e1p \u0111\u1ec3 gi\u1ea3i quy\u1ebft nh\u1eefng v\u1ea5n \u0111\u1ec1 thi\u1ebft th\u1ef1c? H\u00e3y tham gia c\u00f9ng ch\u00fang t\u00f4i.<\/p>\t\t\t\t\t\t<\/div>\n\t\t\t\t<\/div>\n\t\t\t\t<div class=\"elementor-element elementor-element-bd98f56 elementor-widget elementor-widget-button\" data-id=\"bd98f56\" data-element_type=\"widget\" data-settings=\"{&quot;_animation&quot;:&quot;none&quot;}\" data-widget_type=\"button.default\">\n\t\t\t\t<div class=\"elementor-widget-container\">\n\t\t\t\t\t<div class=\"elementor-button-wrapper\">\n\t\t\t<a class=\"elementor-button elementor-button-link elementor-size-md\" href=\"https:\/\/grab.careers\/\" target=\"_blank\">\n\t\t\t\t\t\t<span class=\"elementor-button-content-wrapper\">\n\t\t\t\t\t\t<span class=\"elementor-button-icon elementor-align-icon-right\">\n\t\t\t\t<i aria-hidden=\"true\" class=\"fas fa-arrow-right\"><\/i>\t\t\t<\/span>\n\t\t\t\t\t\t<span class=\"elementor-button-text\">Grab Careers<\/span>\n\t\t<\/span>\n\t\t\t\t\t<\/a>\n\t\t<\/div>\n\t\t\t\t<\/div>\n\t\t\t\t<\/div>\n\t\t\t\t\t<\/div>\n\t\t<\/div>\n\t\t\t\t<div class=\"elementor-column elementor-col-50 elementor-top-column elementor-element elementor-element-577c839f elementor-hidden-phone\" data-id=\"577c839f\" data-element_type=\"column\">\n\t\t\t<div class=\"elementor-widget-wrap\">\n\t\t\t\t\t\t\t<\/div>\n\t\t<\/div>\n\t\t\t\t\t<\/div>\n\t\t<\/section>\n\t\t\t\t<\/div>","protected":false},"excerpt":{"rendered":"https:\/\/youtu.be\/fqiV718Jyj4 C\u00e2u chuy\u1ec7n b\u1eaft \u0111\u1ea7u t\u1eeb m\u1ed9t c\u00e2u h\u1ecfi \u201cV\u00ec sao ch\u00fang ta kh\u00f4ng th\u1ec3 c\u00f3 nh\u1eefng l\u1ef1a ch\u1ecdn di chuy\u1ec3n an to\u00e0n h\u01a1n?\u201d\u201cLi\u1ec7u ch\u00fang ta c\u00f3 th\u1ec3 gi\u00fap c\u00e1c b\u00e1c t\u00e0i c\u00f3 \u0111i\u1ec1u ki\u1ec7n l\u00e0m vi\u1ec7c t\u1ed1t h\u01a1n kh\u00f4ng?\u201d\u201cN\u1ebfu nh\u01b0 ch\u00fang ta c\u00f3 kh\u1ea3 n\u0103ng gi\u00fap cu\u1ed9c s\u1ed1ng n\u00e0y tr\u1edf n\u00ean d\u1ec5 d\u00e0ng h\u01a1n [&hellip;]","protected":false},"author":54,"featured_media":0,"parent":0,"menu_order":4,"comment_status":"closed","ping_status":"closed","template":"elementor_header_footer","meta":{"_acf_changed":false,"footnotes":""},"acf":[],"_links":{"self":[{"href":"https:\/\/www.grab.com\/vn\/en\/wp-json\/wp\/v2\/pages\/6583"}],"collection":[{"href":"https:\/\/www.grab.com\/vn\/en\/wp-json\/wp\/v2\/pages"}],"about":[{"href":"https:\/\/www.grab.com\/vn\/en\/wp-json\/wp\/v2\/types\/page"}],"author":[{"embeddable":true,"href":"https:\/\/www.grab.com\/vn\/en\/wp-json\/wp\/v2\/users\/54"}],"replies":[{"embeddable":true,"href":"https:\/\/www.grab.com\/vn\/en\/wp-json\/wp\/v2\/comments?post=6583"}],"version-history":[{"count":22,"href":"https:\/\/www.grab.com\/vn\/en\/wp-json\/wp\/v2\/pages\/6583\/revisions"}],"predecessor-version":[{"id":84533,"href":"https:\/\/www.grab.com\/vn\/en\/wp-json\/wp\/v2\/pages\/6583\/revisions\/84533"}],"wp:attachment":[{"href":"https:\/\/www.grab.com\/vn\/en\/wp-json\/wp\/v2\/media?parent=6583"}],"curies":[{"name":"wp","href":"https:\/\/api.w.org\/{rel}","templated":true}]}}