{"id":64174,"date":"2020-05-05T20:28:23","date_gmt":"2020-05-05T12:28:23","guid":{"rendered":"https:\/\/www.grab.com\/vn\/?page_id=64174"},"modified":"2020-05-05T20:28:23","modified_gmt":"2020-05-05T12:28:23","slug":"grabcar-goc-thong-tin-thang-05-2020-ban-nen-biet","status":"publish","type":"page","link":"https:\/\/www.grab.com\/vn\/en\/grabcar-goc-thong-tin-thang-05-2020-ban-nen-biet\/","title":{"rendered":"[GrabCar] G\u00f3c th\u00f4ng tin th\u00e1ng 05\/2020 b\u1ea1n n\u00ean bi\u1ebft"},"content":{"rendered":"<p><a href=\"https:\/\/www.grab.com\/vn\/en\/blog\/driver\/car\/grabcar-hcm-hn-dn-chuong-trinh-doi-tac-gan-ket-2020\/\"><img loading=\"lazy\" decoding=\"async\" width=\"703\" height=\"760\" class=\"aligncenter size-full wp-image-64175\" src=\"https:\/\/assets.grab.com\/wp-content\/uploads\/sites\/11\/2020\/05\/05202626\/1.png\" alt=\"\" srcset=\"https:\/\/assets.grab.com\/wp-content\/uploads\/sites\/11\/2020\/05\/05202626\/1.png 703w, https:\/\/assets.grab.com\/wp-content\/uploads\/sites\/11\/2020\/05\/05202626\/1-250x270.png 250w, https:\/\/assets.grab.com\/wp-content\/uploads\/sites\/11\/2020\/05\/05202626\/1-700x757.png 700w, https:\/\/assets.grab.com\/wp-content\/uploads\/sites\/11\/2020\/05\/05202626\/1-120x130.png 120w\" sizes=\"(max-width: 703px) 100vw, 703px\" \/><\/a> <a href=\"https:\/\/www.grab.com\/vn\/en\/blog\/driver\/car\/grabcar-tich-hop-hop-dong-dien-tu-phien-ban-day-du-tren-ung-dung-grab-driver\/\"><img loading=\"lazy\" decoding=\"async\" width=\"695\" height=\"535\" class=\"aligncenter size-full wp-image-64176\" src=\"https:\/\/assets.grab.com\/wp-content\/uploads\/sites\/11\/2020\/05\/05202630\/2.png\" alt=\"\" srcset=\"https:\/\/assets.grab.com\/wp-content\/uploads\/sites\/11\/2020\/05\/05202630\/2.png 695w, https:\/\/assets.grab.com\/wp-content\/uploads\/sites\/11\/2020\/05\/05202630\/2-250x192.png 250w, https:\/\/assets.grab.com\/wp-content\/uploads\/sites\/11\/2020\/05\/05202630\/2-120x92.png 120w\" sizes=\"(max-width: 695px) 100vw, 695px\" \/><\/a> <a href=\"https:\/\/www.grab.com\/vn\/en\/blog\/driver\/car\/grabcar-chinh-thuc-ra-mat-tinh-nang-danh-gia-sao-khach-hang\/\"><img loading=\"lazy\" decoding=\"async\" width=\"720\" height=\"285\" class=\"aligncenter size-full wp-image-64177\" src=\"https:\/\/assets.grab.com\/wp-content\/uploads\/sites\/11\/2020\/05\/05202634\/3.png\" alt=\"\" srcset=\"https:\/\/assets.grab.com\/wp-content\/uploads\/sites\/11\/2020\/05\/05202634\/3.png 720w, https:\/\/assets.grab.com\/wp-content\/uploads\/sites\/11\/2020\/05\/05202634\/3-250x99.png 250w, https:\/\/assets.grab.com\/wp-content\/uploads\/sites\/11\/2020\/05\/05202634\/3-700x277.png 700w, https:\/\/assets.grab.com\/wp-content\/uploads\/sites\/11\/2020\/05\/05202634\/3-120x48.png 120w\" sizes=\"(max-width: 720px) 100vw, 720px\" \/><\/a> <a href=\"https:\/\/www.grab.com\/vn\/en\/blog\/driver\/grabcar-grabtaxi-cap-nhat-quy-trinh-khi-goi-tong-dai-grab-ap-dung-tu-01-04-2020\/\"><img loading=\"lazy\" decoding=\"async\" width=\"707\" height=\"372\" class=\"aligncenter size-full wp-image-64178\" src=\"https:\/\/assets.grab.com\/wp-content\/uploads\/sites\/11\/2020\/05\/05202635\/4.png\" alt=\"\" srcset=\"https:\/\/assets.grab.com\/wp-content\/uploads\/sites\/11\/2020\/05\/05202635\/4.png 707w, https:\/\/assets.grab.com\/wp-content\/uploads\/sites\/11\/2020\/05\/05202635\/4-250x132.png 250w, https:\/\/assets.grab.com\/wp-content\/uploads\/sites\/11\/2020\/05\/05202635\/4-700x368.png 700w, https:\/\/assets.grab.com\/wp-content\/uploads\/sites\/11\/2020\/05\/05202635\/4-120x63.png 120w\" sizes=\"(max-width: 707px) 100vw, 707px\" \/><\/a><\/p>\n<p><strong><span style=\"color: #00953a\">Tr\u00e2n tr\u1ecdng,<\/span><\/strong><\/p>\n<p><strong><span style=\"color: #00953a\">\u0110\u1ed9i ng\u0169 Grab<\/span><\/strong><\/p>","protected":false},"excerpt":{"rendered":"Tr\u00e2n tr\u1ecdng, \u0110\u1ed9i ng\u0169 Grab","protected":false},"author":491,"featured_media":0,"parent":0,"menu_order":0,"comment_status":"closed","ping_status":"closed","template":"","meta":{"_acf_changed":false,"footnotes":""},"acf":[],"_links":{"self":[{"href":"https:\/\/www.grab.com\/vn\/en\/wp-json\/wp\/v2\/pages\/64174"}],"collection":[{"href":"https:\/\/www.grab.com\/vn\/en\/wp-json\/wp\/v2\/pages"}],"about":[{"href":"https:\/\/www.grab.com\/vn\/en\/wp-json\/wp\/v2\/types\/page"}],"author":[{"embeddable":true,"href":"https:\/\/www.grab.com\/vn\/en\/wp-json\/wp\/v2\/users\/491"}],"replies":[{"embeddable":true,"href":"https:\/\/www.grab.com\/vn\/en\/wp-json\/wp\/v2\/comments?post=64174"}],"version-history":[{"count":1,"href":"https:\/\/www.grab.com\/vn\/en\/wp-json\/wp\/v2\/pages\/64174\/revisions"}],"predecessor-version":[{"id":64179,"href":"https:\/\/www.grab.com\/vn\/en\/wp-json\/wp\/v2\/pages\/64174\/revisions\/64179"}],"wp:attachment":[{"href":"https:\/\/www.grab.com\/vn\/en\/wp-json\/wp\/v2\/media?parent=64174"}],"curies":[{"name":"wp","href":"https:\/\/api.w.org\/{rel}","templated":true}]}}