{"id":62714,"date":"2020-04-14T18:21:00","date_gmt":"2020-04-14T10:21:00","guid":{"rendered":"https:\/\/www.grab.com\/vn\/?page_id=62714"},"modified":"2020-04-14T18:21:00","modified_gmt":"2020-04-14T10:21:00","slug":"grabcar-goc-thong-tin-thang-04-2020-ban-nen-biet","status":"publish","type":"page","link":"https:\/\/www.grab.com\/vn\/en\/grabcar-goc-thong-tin-thang-04-2020-ban-nen-biet\/","title":{"rendered":"[GrabCar] G\u00f3c th\u00f4ng tin th\u00e1ng 04\/2020 b\u1ea1n n\u00ean bi\u1ebft"},"content":{"rendered":"<p style=\"text-align: center\"><a href=\"https:\/\/www.grab.com\/vn\/en\/blog\/driver\/grabcar-grabtaxi-cap-nhat-bo-quy-tac-ung-xu-luon-mang-khau-trang-an-toan-vung-lai\/\"><img loading=\"lazy\" decoding=\"async\" width=\"705\" height=\"817\" class=\"alignnone size-full wp-image-62715\" src=\"https:\/\/assets.grab.com\/wp-content\/uploads\/sites\/11\/2020\/04\/14181806\/1.png\" alt=\"\" srcset=\"https:\/\/assets.grab.com\/wp-content\/uploads\/sites\/11\/2020\/04\/14181806\/1.png 705w, https:\/\/assets.grab.com\/wp-content\/uploads\/sites\/11\/2020\/04\/14181806\/1-250x290.png 250w, https:\/\/assets.grab.com\/wp-content\/uploads\/sites\/11\/2020\/04\/14181806\/1-700x811.png 700w, https:\/\/assets.grab.com\/wp-content\/uploads\/sites\/11\/2020\/04\/14181806\/1-120x139.png 120w\" sizes=\"(max-width: 705px) 100vw, 705px\" \/><\/a> <img loading=\"lazy\" decoding=\"async\" width=\"695\" height=\"539\" class=\"alignnone size-full wp-image-62716\" src=\"https:\/\/assets.grab.com\/wp-content\/uploads\/sites\/11\/2020\/04\/14181901\/21.png\" alt=\"\" srcset=\"https:\/\/assets.grab.com\/wp-content\/uploads\/sites\/11\/2020\/04\/14181901\/21.png 695w, https:\/\/assets.grab.com\/wp-content\/uploads\/sites\/11\/2020\/04\/14181901\/21-250x194.png 250w, https:\/\/assets.grab.com\/wp-content\/uploads\/sites\/11\/2020\/04\/14181901\/21-120x93.png 120w\" sizes=\"(max-width: 695px) 100vw, 695px\" \/> <a href=\"https:\/\/www.grab.com\/vn\/en\/blog\/driver\/grabcar-cap-nhat-giao-dien-tinh-nang-tien-thuong\/\"><img loading=\"lazy\" decoding=\"async\" width=\"700\" height=\"332\" class=\"alignnone size-full wp-image-62717\" src=\"https:\/\/assets.grab.com\/wp-content\/uploads\/sites\/11\/2020\/04\/14181926\/31.png\" alt=\"\" srcset=\"https:\/\/assets.grab.com\/wp-content\/uploads\/sites\/11\/2020\/04\/14181926\/31.png 700w, https:\/\/assets.grab.com\/wp-content\/uploads\/sites\/11\/2020\/04\/14181926\/31-250x119.png 250w, https:\/\/assets.grab.com\/wp-content\/uploads\/sites\/11\/2020\/04\/14181926\/31-120x57.png 120w\" sizes=\"(max-width: 700px) 100vw, 700px\" \/><\/a> <img loading=\"lazy\" decoding=\"async\" width=\"717\" height=\"417\" class=\"alignnone size-full wp-image-62718\" src=\"https:\/\/assets.grab.com\/wp-content\/uploads\/sites\/11\/2020\/04\/14181931\/41.png\" alt=\"\" srcset=\"https:\/\/assets.grab.com\/wp-content\/uploads\/sites\/11\/2020\/04\/14181931\/41.png 717w, https:\/\/assets.grab.com\/wp-content\/uploads\/sites\/11\/2020\/04\/14181931\/41-250x145.png 250w, https:\/\/assets.grab.com\/wp-content\/uploads\/sites\/11\/2020\/04\/14181931\/41-700x407.png 700w, https:\/\/assets.grab.com\/wp-content\/uploads\/sites\/11\/2020\/04\/14181931\/41-120x70.png 120w\" sizes=\"(max-width: 717px) 100vw, 717px\" \/> <img loading=\"lazy\" decoding=\"async\" width=\"1377\" height=\"707\" class=\"alignnone size-full wp-image-62719\" src=\"https:\/\/assets.grab.com\/wp-content\/uploads\/sites\/11\/2020\/04\/14181934\/5.png\" alt=\"\" srcset=\"https:\/\/assets.grab.com\/wp-content\/uploads\/sites\/11\/2020\/04\/14181934\/5.png 1377w, https:\/\/assets.grab.com\/wp-content\/uploads\/sites\/11\/2020\/04\/14181934\/5-250x128.png 250w, https:\/\/assets.grab.com\/wp-content\/uploads\/sites\/11\/2020\/04\/14181934\/5-768x394.png 768w, https:\/\/assets.grab.com\/wp-content\/uploads\/sites\/11\/2020\/04\/14181934\/5-700x359.png 700w, https:\/\/assets.grab.com\/wp-content\/uploads\/sites\/11\/2020\/04\/14181934\/5-120x62.png 120w\" sizes=\"(max-width: 1377px) 100vw, 1377px\" \/><\/p>\n<p>M\u1ebfn ch\u00fac b\u1ea1n v\u00e0 gia \u0111\u00ecnh th\u1eadt nhi\u1ec1u s\u1ee9c kh\u1ecfe!<\/p>\n<p><strong>Tr\u00e2n tr\u1ecdng<\/strong><\/p>\n<p><strong>\u0110\u1ed9i ng\u0169 Grab<\/strong><\/p>","protected":false},"excerpt":{"rendered":"M\u1ebfn ch\u00fac b\u1ea1n v\u00e0 gia \u0111\u00ecnh th\u1eadt nhi\u1ec1u s\u1ee9c kh\u1ecfe! Tr\u00e2n tr\u1ecdng \u0110\u1ed9i ng\u0169 Grab","protected":false},"author":489,"featured_media":0,"parent":0,"menu_order":0,"comment_status":"closed","ping_status":"closed","template":"","meta":{"_acf_changed":false,"footnotes":""},"acf":[],"_links":{"self":[{"href":"https:\/\/www.grab.com\/vn\/en\/wp-json\/wp\/v2\/pages\/62714"}],"collection":[{"href":"https:\/\/www.grab.com\/vn\/en\/wp-json\/wp\/v2\/pages"}],"about":[{"href":"https:\/\/www.grab.com\/vn\/en\/wp-json\/wp\/v2\/types\/page"}],"author":[{"embeddable":true,"href":"https:\/\/www.grab.com\/vn\/en\/wp-json\/wp\/v2\/users\/489"}],"replies":[{"embeddable":true,"href":"https:\/\/www.grab.com\/vn\/en\/wp-json\/wp\/v2\/comments?post=62714"}],"version-history":[{"count":1,"href":"https:\/\/www.grab.com\/vn\/en\/wp-json\/wp\/v2\/pages\/62714\/revisions"}],"predecessor-version":[{"id":62720,"href":"https:\/\/www.grab.com\/vn\/en\/wp-json\/wp\/v2\/pages\/62714\/revisions\/62720"}],"wp:attachment":[{"href":"https:\/\/www.grab.com\/vn\/en\/wp-json\/wp\/v2\/media?parent=62714"}],"curies":[{"name":"wp","href":"https:\/\/api.w.org\/{rel}","templated":true}]}}