{"id":48597,"date":"2019-10-14T14:14:11","date_gmt":"2019-10-14T06:14:11","guid":{"rendered":"https:\/\/www.grab.com\/vn\/?page_id=48597"},"modified":"2019-11-13T11:41:45","modified_gmt":"2019-11-13T03:41:45","slug":"grabcar-hcm-mot-so-luu-y-khi-tham-gia-chuong-trinh-grabcar-ca-phe-ket-noi","status":"publish","type":"page","link":"https:\/\/www.grab.com\/vn\/en\/grabcar-hcm-mot-so-luu-y-khi-tham-gia-chuong-trinh-grabcar-ca-phe-ket-noi\/","title":{"rendered":"[GrabCar TP.HCM]  M\u1ed9t s\u1ed1 l\u01b0u \u00fd khi tham gia ch\u01b0\u01a1ng tr\u00ecnh \u201cGrabCar &#8211; C\u00e0 Ph\u00ea &amp; K\u1ebft N\u1ed1i&#8221;"},"content":{"rendered":"<p><img loading=\"lazy\" decoding=\"async\" width=\"1204\" height=\"692\" class=\"size-full wp-image-48603 aligncenter\" src=\"https:\/\/assets.grab.com\/wp-content\/uploads\/sites\/11\/2019\/10\/14141557\/72052181_822399671509166_6879265056626835456_n.png\" alt=\"\" srcset=\"https:\/\/assets.grab.com\/wp-content\/uploads\/sites\/11\/2019\/10\/14141557\/72052181_822399671509166_6879265056626835456_n.png 1204w, https:\/\/assets.grab.com\/wp-content\/uploads\/sites\/11\/2019\/10\/14141557\/72052181_822399671509166_6879265056626835456_n-250x144.png 250w, https:\/\/assets.grab.com\/wp-content\/uploads\/sites\/11\/2019\/10\/14141557\/72052181_822399671509166_6879265056626835456_n-768x441.png 768w, https:\/\/assets.grab.com\/wp-content\/uploads\/sites\/11\/2019\/10\/14141557\/72052181_822399671509166_6879265056626835456_n-700x402.png 700w, https:\/\/assets.grab.com\/wp-content\/uploads\/sites\/11\/2019\/10\/14141557\/72052181_822399671509166_6879265056626835456_n-120x69.png 120w\" sizes=\"(max-width: 1204px) 100vw, 1204px\" \/><\/p>\n<p><b><i>B\u1ea1n th\u00e2n m\u1ebfn,\u00a0<\/i><\/b><\/p>\n<p><span style=\"font-weight: 400\">Grab xin th\u00f4ng b\u00e1o \u0111\u1ebfn b\u1ea1n m\u1ed9t s\u1ed1 \u0111i\u1ec3m c\u1ea7n l\u01b0u \u00fd khi tham gia ch\u01b0\u01a1ng tr\u00ecnh h\u1ecdp m\u1eb7t <\/span><strong>\u201cGrabCar &#8211; C\u00e0 ph\u00ea &amp; K\u1ebft n\u1ed1i\u201d:\u00a0<\/strong><\/p>\n<p><strong>1. Th\u1eddi gian &amp; \u0111\u1ecba \u0111i\u1ec3m:<\/strong><\/p>\n<p><img loading=\"lazy\" decoding=\"async\" width=\"574\" height=\"193\" class=\"aligncenter size-full wp-image-50559\" src=\"https:\/\/assets.grab.com\/wp-content\/uploads\/sites\/11\/2019\/11\/09131013\/Screen-Shot-2019-11-09-at-12.09.51-PM.png\" alt=\"\" srcset=\"https:\/\/assets.grab.com\/wp-content\/uploads\/sites\/11\/2019\/11\/09131013\/Screen-Shot-2019-11-09-at-12.09.51-PM.png 574w, https:\/\/assets.grab.com\/wp-content\/uploads\/sites\/11\/2019\/11\/09131013\/Screen-Shot-2019-11-09-at-12.09.51-PM-250x84.png 250w, https:\/\/assets.grab.com\/wp-content\/uploads\/sites\/11\/2019\/11\/09131013\/Screen-Shot-2019-11-09-at-12.09.51-PM-120x40.png 120w\" sizes=\"(max-width: 574px) 100vw, 574px\" \/><\/p>\n<p><b>2. S\u1ed1 l\u01b0\u1ee3ng tham gia:<\/b><span style=\"font-weight: 400\"> 50 \u0110\u1ed1i t\u00e1c\/bu\u1ed5i.<\/span><\/p>\n<p><strong>3. N\u1ed9i dung ch\u01b0\u01a1ng tr\u00ecnh:<\/strong><\/p>\n<p><img loading=\"lazy\" decoding=\"async\" width=\"792\" height=\"404\" class=\"alignnone size-full wp-image-48599 aligncenter\" src=\"https:\/\/assets.grab.com\/wp-content\/uploads\/sites\/11\/2019\/10\/14140934\/cafe-1.jpg\" alt=\"\" srcset=\"https:\/\/assets.grab.com\/wp-content\/uploads\/sites\/11\/2019\/10\/14140934\/cafe-1.jpg 792w, https:\/\/assets.grab.com\/wp-content\/uploads\/sites\/11\/2019\/10\/14140934\/cafe-1-250x128.jpg 250w, https:\/\/assets.grab.com\/wp-content\/uploads\/sites\/11\/2019\/10\/14140934\/cafe-1-768x392.jpg 768w, https:\/\/assets.grab.com\/wp-content\/uploads\/sites\/11\/2019\/10\/14140934\/cafe-1-700x357.jpg 700w, https:\/\/assets.grab.com\/wp-content\/uploads\/sites\/11\/2019\/10\/14140934\/cafe-1-120x61.jpg 120w\" sizes=\"(max-width: 792px) 100vw, 792px\" \/><\/p>\n<p><b>4. \u0110\u1ecba \u0111i\u1ec3m g\u1eedi xe:<\/b><span style=\"font-weight: 400\">\u00a0<\/span><\/p>\n<p><span style=\"font-weight: 400\">Do b\u00e3i gi\u1eef xe t\u00f2a nh\u00e0 b\u1ecb gi\u1edbi h\u1ea1n, v\u00ec v\u1eady \u0111\u1ec3 \u0111\u1ea3m b\u1ea3o tr\u1eadt t\u1ef1:\u00a0<\/span><\/p>\n<p><span style=\"font-weight: 400\">&#8211; Grab khuy\u1ebfn kh\u00edch b\u1ea1n s\u1eed d\u1ee5ng xe m\u00e1y khi \u0111\u1ebfn tham gia ch\u01b0\u01a1ng tr\u00ecnh v\u00e0 g\u1eedi xe thu\u1eadn ti\u1ec7n t\u1ea1i t\u1ea7ng h\u1ea7m c\u1ee7a t\u00f2a nh\u00e0.<\/span><\/p>\n<p><span style=\"font-weight: 400\">&#8211; N\u1ebfu b\u1ea1n \u0111\u1ebfn b\u1eb1ng \u00f4 t\u00f4, vui l\u00f2ng g\u1eedi xe t\u1ea1i:<\/span><\/p>\n<ul>\n<li style=\"font-weight: 400\"><span style=\"font-weight: 400\">T\u00f2a nh\u00e0 Parkson CT plaza (02 Tr\u01b0\u1eddng S\u01a1n). Sau \u0111\u00f3, \u0111i b\u1ed9 \u0111\u1ebfn \u0111\u1ecba \u0111i\u1ec3m t\u1ed5 ch\u1ee9c c\u00e1ch 300m.\u00a0<\/span><\/li>\n<li style=\"font-weight: 400\"><span style=\"font-weight: 400\">Khu c\u0103n h\u1ed9 Airport Plaza (Ng\u00e3 t\u01b0 H\u1ed3ng H\u00e0 v\u00e0 B\u1ea1ch \u0110\u1eb1ng)<\/span><\/li>\n<\/ul>\n<p><img loading=\"lazy\" decoding=\"async\" width=\"2093\" height=\"963\" class=\"alignnone size-full wp-image-48600 aligncenter\" src=\"https:\/\/assets.grab.com\/wp-content\/uploads\/sites\/11\/2019\/10\/14141214\/cafe-2.png\" alt=\"\" srcset=\"https:\/\/assets.grab.com\/wp-content\/uploads\/sites\/11\/2019\/10\/14141214\/cafe-2.png 2093w, https:\/\/assets.grab.com\/wp-content\/uploads\/sites\/11\/2019\/10\/14141214\/cafe-2-250x115.png 250w, https:\/\/assets.grab.com\/wp-content\/uploads\/sites\/11\/2019\/10\/14141214\/cafe-2-768x353.png 768w, https:\/\/assets.grab.com\/wp-content\/uploads\/sites\/11\/2019\/10\/14141214\/cafe-2-700x322.png 700w, https:\/\/assets.grab.com\/wp-content\/uploads\/sites\/11\/2019\/10\/14141214\/cafe-2-120x55.png 120w\" sizes=\"(max-width: 2093px) 100vw, 2093px\" \/><\/p>\n<p>&nbsp;<\/p>\n<p><b>5. L\u01afU \u00dd KH\u00c1C:<\/b><\/p>\n<p><span style=\"font-weight: 400\">&#8211; \u0110\u1ec3 \u0111\u1ea3m b\u1ea3o kh\u00f4ng \u1ea3nh h\u01b0\u1edfng ch\u01b0\u01a1ng tr\u00ecnh, Grab xin t\u1eeb ch\u1ed1i cho ph\u00e9p tham gia n\u1ebfu \u0110\u1ed1i t\u00e1c \u0111\u1ebfn tr\u1ec5 qu\u00e1 15 ph\u00fat.\u00a0<\/span><\/p>\n<p><span style=\"font-weight: 400\">&#8211; T\u1ea1i ch\u01b0\u01a1ng tr\u00ecnh, ch\u00fang t\u00f4i c\u00f3 ph\u1ee5c v\u1ee5 ti\u1ec7c nh\u1eb9 n\u00ean b\u1ea1n h\u00e3y tham gia \u0111\u00fang gi\u1edd \u0111\u1ec3 d\u00f9ng ti\u1ec7c v\u00e0 giao l\u01b0u c\u00f9ng \u0111\u1ed3ng nghi\u1ec7p.<\/span><\/p>\n<ul>\n<li style=\"font-weight: 400\"><span style=\"font-weight: 400\"><strong>Bu\u1ed5i 01:<\/strong> b\u00e1nh m\u00ec &amp; c\u00e0 ph\u00ea<\/span><\/li>\n<li style=\"font-weight: 400\"><span style=\"font-weight: 400\"><strong>Bu\u1ed5i 02:<\/strong> b\u00e1nh m\u1eb7n &amp; c\u00e0 ph\u00ea<\/span><\/li>\n<\/ul>\n<p><span style=\"font-weight: 400\">&#8211; B\u1ea1n vui l\u00f2ng tham gia \u0111\u00fang theo th\u1eddi gian \u0111\u00e3 \u0111\u0103ng k\u00fd v\u00e0 \u0111\u01b0\u1ee3c Grab x\u00e1c nh\u1eadn qua tin nh\u1eafn.<\/span><\/p>\n<p><span style=\"font-weight: 400\">&#8211; V\u00ec s\u1ed1 l\u01b0\u1ee3ng c\u00f3 h\u1ea1n n\u00ean Grab s\u1ebd t\u1eeb ch\u1ed1i n\u1ebfu b\u1ea1n kh\u00f4ng thu\u1ed9c danh s\u00e1ch \u0111\u0103ng k\u00fd tr\u01b0\u1edbc \u0111\u00f3.<\/span><\/p>\n<p><span style=\"font-weight: 400\">&#8211; Vui l\u00f2ng kh\u00f4ng l\u00e0m \u1ed3n trong khu v\u1ef1c t\u00f2a nh\u00e0 \u0111\u1ec3 tr\u00e1nh \u1ea3nh h\u01b0\u1edfng \u0111\u1ebfn kh\u00f4ng gian chung.\u00a0<\/span><\/p>\n<p><span style=\"font-weight: 400\">&#8211; Kh\u00f4ng \u0111\u01b0\u1ee3c ph\u00e9p h\u00fat thu\u1ed1c trong khu v\u1ef1c H\u1ed9i tr\u01b0\u1eddng v\u00e0 t\u00f2a nh\u00e0. N\u1ebfu vi ph\u1ea1m, b\u1ea1n s\u1ebd b\u1ecb ph\u1ea1t theo m\u1ee9c quy \u0111\u1ecbnh c\u1ee7a t\u00f2a nh\u00e0.\u00a0<\/span><\/p>\n<p><span style=\"font-weight: 400\">C\u1ea3m \u01a1n b\u1ea1n \u0111\u00e3 h\u1ee3p t\u00e1c v\u00e0 h\u1eb9n g\u1eb7p b\u1ea1n t\u1ea1i ch\u01b0\u01a1ng tr\u00ecnh!<\/span><\/p>\n<p><b>Tr\u00e2n tr\u1ecdng,<\/b><\/p>\n<p><b>\u0110\u1ed9i ng\u0169 Grab<\/b><\/p>","protected":false},"excerpt":{"rendered":"B\u1ea1n th\u00e2n m\u1ebfn,\u00a0 Grab xin th\u00f4ng b\u00e1o \u0111\u1ebfn b\u1ea1n m\u1ed9t s\u1ed1 \u0111i\u1ec3m c\u1ea7n l\u01b0u \u00fd khi tham gia ch\u01b0\u01a1ng tr\u00ecnh h\u1ecdp m\u1eb7t \u201cGrabCar &#8211; C\u00e0 ph\u00ea &amp; K\u1ebft n\u1ed1i\u201d:\u00a0 1. Th\u1eddi gian &amp; \u0111\u1ecba \u0111i\u1ec3m: 2. S\u1ed1 l\u01b0\u1ee3ng tham gia: 50 \u0110\u1ed1i t\u00e1c\/bu\u1ed5i. 3. N\u1ed9i dung ch\u01b0\u01a1ng tr\u00ecnh: 4. \u0110\u1ecba \u0111i\u1ec3m g\u1eedi xe:\u00a0 Do b\u00e3i [&hellip;]","protected":false},"author":489,"featured_media":0,"parent":0,"menu_order":0,"comment_status":"closed","ping_status":"closed","template":"","meta":{"_acf_changed":false,"footnotes":""},"acf":[],"_links":{"self":[{"href":"https:\/\/www.grab.com\/vn\/en\/wp-json\/wp\/v2\/pages\/48597"}],"collection":[{"href":"https:\/\/www.grab.com\/vn\/en\/wp-json\/wp\/v2\/pages"}],"about":[{"href":"https:\/\/www.grab.com\/vn\/en\/wp-json\/wp\/v2\/types\/page"}],"author":[{"embeddable":true,"href":"https:\/\/www.grab.com\/vn\/en\/wp-json\/wp\/v2\/users\/489"}],"replies":[{"embeddable":true,"href":"https:\/\/www.grab.com\/vn\/en\/wp-json\/wp\/v2\/comments?post=48597"}],"version-history":[{"count":6,"href":"https:\/\/www.grab.com\/vn\/en\/wp-json\/wp\/v2\/pages\/48597\/revisions"}],"predecessor-version":[{"id":50988,"href":"https:\/\/www.grab.com\/vn\/en\/wp-json\/wp\/v2\/pages\/48597\/revisions\/50988"}],"wp:attachment":[{"href":"https:\/\/www.grab.com\/vn\/en\/wp-json\/wp\/v2\/media?parent=48597"}],"curies":[{"name":"wp","href":"https:\/\/api.w.org\/{rel}","templated":true}]}}