{"id":47223,"date":"2019-10-01T10:26:31","date_gmt":"2019-10-01T02:26:31","guid":{"rendered":"https:\/\/www.grab.com\/vn\/?page_id=47223"},"modified":"2019-10-01T10:32:38","modified_gmt":"2019-10-01T02:32:38","slug":"grabcar-goc-thong-tin-thang-10-ban-nen-biet","status":"publish","type":"page","link":"https:\/\/www.grab.com\/vn\/en\/grabcar-goc-thong-tin-thang-10-ban-nen-biet\/","title":{"rendered":"[GrabCar] G\u00f3c th\u00f4ng tin th\u00e1ng 10 b\u1ea1n n\u00ean bi\u1ebft"},"content":{"rendered":"<h3><span style=\"color: #339966\">1.C\u1eadp nh\u1eadt B\u1ed9 Quy t\u1eafc \u1ee8ng x\u1eed, \u00e1p d\u1ee5ng t\u1eeb ng\u00e0y 07\/10\/2019<\/span><\/h3>\n<p>Grab xin th\u00f4ng b\u00e1o \u0111\u1ebfn Qu\u00fd \u0110\u1ed1i t\u00e1c n\u1ed9i dung m\u1edbi c\u1ee7a v\u0103n b\u1ea3n\u00a0<strong>Th\u1ecfa thu\u1eadn v\u1ec1 h\u00ecnh th\u1ee9c x\u1eed l\u00fd \u0111\u1ed1i v\u1edbi h\u00e0nh vi vi ph\u1ea1m B\u1ed9 Quy t\u1eafc \u1ee8ng x\u1eed c\u1ee7a \u0110\u1ed1i t\u00e1c T\u00e0i X\u1ebf g\u00e2y \u1ea3nh h\u01b0\u1edfng \u0111\u1ebfn uy t\u00edn v\u00e0 s\u1ef1 ho\u1ea1t \u0111\u1ed9ng b\u00ecnh th\u01b0\u1eddng c\u1ee7a c\u00f4ng ty TNHH Grab<\/strong>, c\u1ee5 th\u1ec3, c\u00e2\u0323p nh\u00e2\u0323t\u00a0<b>\u0111i\u00ea\u0300u 14.1<\/b>\u00a0(thay th\u1ebf \u201c<em>T<\/em><i><em>\u1ef7<\/em>\u00a0l\u1ec7 ho\u00e0n th\u00e0nh cu\u1ed1c xe h\u00e0ng tu\u1ea7n d\u01b0\u1edbi m\u1ed1c 45%\u201d<\/i>\u00a0b\u1eb1ng\u00a0<i>\u201d<\/i><em>T\u1ef7\u00a0l\u1ec7 hu\u1ef7 chuy\u1ebfn xe h\u00e0ng tu\u1ea7n tr\u00ean m\u1ed1c 30%<\/em><i>\u201d<\/i>) v\u00e0\u00a0<b>\u0111i\u1ec1u 14.2<\/b>\u00a0(thay th\u1ebf\u00a0<i>\u201cT\u1ef7 l\u1ec7 ho\u00e0n th\u00e0nh cu\u1ed1c xe h\u00e0ng tu\u1ea7n d\u01b0\u1edbi m\u1ed1c quy \u0111\u1ecbnh \u0111\u1eb7c bi\u1ec7t, m\u00e0 kh\u00f4ng ph\u1ea3i m\u1ed1c quy \u0111\u1ecbnh t\u1ea1i m\u1ee5c 14.1 n\u00eau tr\u00ean\u201d<\/i>\u00a0b\u1eb1ng<i>\u00a0\u201c<\/i><em>T\u1ef7 l\u1ec7 nh\u1eadn chuy\u1ebfn v\u00e0 hu\u1ef7 chuy\u1ebfn h\u00e0ng tu\u1ea7n kh\u00f4ng \u0111\u1ea1t m\u1ed1c quy \u0111\u1ecbnh \u0111\u1eb7c bi\u1ec7t, m\u00e0 kh\u00f4ng ph\u1ea3i m\u1ed1c quy \u0111\u1ecbnh t\u1ea1i m\u1ee5c 14.1 n\u00eau tr\u00ean<\/em><i>\u201d).<\/i><\/p>\n<p>H\u00e3y c\u00f9ng Grab t\u00ecm hi\u1ec3u nh\u1eefng thay \u0111\u1ed5i n\u00e0y <span style=\"color: #339966\"><strong><a style=\"color: #339966\" href=\"https:\/\/www.grab.com\/vn\/en\/blog\/driver\/car\/grabcar-cap-nhat-bo-quy-tac-ung-xu-ap-dung-tu-ngay-07-10-2019\/\">T\u1ea0I \u0110\u00c2Y<\/a> <\/strong><\/span>b\u1ea1n nh\u00e9.<\/p>\n<h3><span style=\"color: #339966\">2. T\u00ecm hi\u1ec3u nhi\u1ec1u h\u01a1n n\u1eefa c\u00e1c kh\u00f3a h\u1ecdc b\u1ed5 \u00edch t\u1ea1i GrabAcademy<\/span><\/h3>\n<p>C\u00f3 nhi\u1ec1u th\u00f4ng tin kh\u00f3a h\u1ecdc b\u1ed5 \u00edch t\u1ea1i GrabAcademy nh\u01b0: h\u01b0\u1edbng d\u1eabn x\u1eed l\u00fd tai n\u1ea1n, c\u00f9ng Grab vui h\u1ecdc ti\u1ebfng Anh t\u1eeb c\u01a1 b\u1ea3n \u0111\u1ebfn n\u00e2ng cao, h\u01b0\u1edbng d\u1eabn l\u00e1i xe an to\u00e0n,\u2026. B\u1ea1n h\u00e3y truy c\u1eadp ngay GrabAcademy theo h\u01b0\u1edbng d\u1eabn b\u00ean d\u01b0\u1edbi nh\u00e9.<\/p>\n<p><img loading=\"lazy\" decoding=\"async\" width=\"1110\" height=\"664\" class=\"size-full wp-image-43653 aligncenter\" src=\"https:\/\/assets.grab.com\/wp-content\/uploads\/sites\/11\/2019\/08\/27171344\/GrabAcademt.png\" alt=\"\" srcset=\"https:\/\/assets.grab.com\/wp-content\/uploads\/sites\/11\/2019\/08\/27171344\/GrabAcademt.png 1110w, https:\/\/assets.grab.com\/wp-content\/uploads\/sites\/11\/2019\/08\/27171344\/GrabAcademt-250x150.png 250w, https:\/\/assets.grab.com\/wp-content\/uploads\/sites\/11\/2019\/08\/27171344\/GrabAcademt-768x459.png 768w, https:\/\/assets.grab.com\/wp-content\/uploads\/sites\/11\/2019\/08\/27171344\/GrabAcademt-700x419.png 700w, https:\/\/assets.grab.com\/wp-content\/uploads\/sites\/11\/2019\/08\/27171344\/GrabAcademt-120x72.png 120w\" sizes=\"(max-width: 1110px) 100vw, 1110px\" \/><\/p>\n<p>&nbsp;<\/p>\n<h3><span style=\"color: #339966\">3. \u0110\u1ed9i c\u1ee9u h\u1ed9 GrabCar 247 t\u1ea1i TP.HCM v\u00e0 H\u00e0 N\u1ed9i<\/span><\/h3>\n<h3>Hotline TP.HCM: 0702 856 761 \u2013 HN: 0706 894 427<img decoding=\"async\" class=\"alignnone size-full wp-image-34826 aligncenter\" src=\"https:\/\/assets.grab.com\/wp-content\/uploads\/sites\/11\/2019\/04\/02145833\/C%E1%BB%A9u-h%E1%BB%99-247.png\" alt=\"\" \/><\/h3>\n<p><b>L\u01b0u \u00fd<\/b><b><i>:<\/i><\/b><\/p>\n<ul>\n<li><i>Khi li\u00ean h\u1ec7 c\u1ee9u h\u1ed9, th\u00e0nh vi\u00ean \u0110\u1ed9i c\u1ee9u h\u1ed9 s\u1ebd c\u1ea7n c\u00e1c th\u00f4ng tin c\u01a1 b\u1ea3n \u0111\u1ec3 x\u00e1c minh s\u1ef1 c\u1ed1, b\u1ea1n vui l\u00f2ng cung c\u1ea5p th\u00f4ng tin \u0111\u1ec3 \u0111\u01b0\u1ee3c h\u1ed7 tr\u1ee3 k\u1ecbp th\u1eddi.<\/i><\/li>\n<li><i>N\u1ebfu c\u00f3 ph\u00e1t sinh c\u00e1c s\u1eeda ch\u1eefa kh\u00e1c (nh\u1eefng h\u01b0 h\u1ecfng n\u1eb7ng h\u01a1n ngo\u00e0i nh\u1eefng c\u1ee9u h\u1ed9 xe c\u01a1 b\u1ea3n, thay th\u1ebf thi\u1ebft b\u1ecb\u2026), b\u1ea1n c\u00f3 th\u1ec3 ch\u1ee7 \u0111\u1ed9ng l\u00e0m vi\u1ec7c v\u1edbi \u0110\u1ed9i c\u1ee9u h\u1ed9 v\u1ec1 c\u00e1c chi ph\u00ed ph\u00e1t sinh n\u1ebfu c\u00f3, Grab kh\u00f4ng can thi\u1ec7p v\u00e0o vi\u1ec7c n\u00e0y.<\/i><\/li>\n<li><i>Khi c\u00f3 nhi\u1ec1u xe g\u1eb7p s\u1ef1 c\u1ed1 c\u00f9ng l\u00fac, \u0110\u1ed9i c\u1ee9u h\u1ed9 s\u1ebd \u01b0u ti\u00ean h\u1ed7 tr\u1ee3 c\u00e1c tr\u01b0\u1eddng h\u1ee3p li\u00ean h\u1ec7 s\u1edbm h\u01a1n.<\/i><\/li>\n<\/ul>\n<h3><span style=\"color: #339966\"><strong>4. T\u00ednh n\u0103ng \u201cR\u00fat ti\u1ec1n si\u00eau nhanh\u201d\u00a0<\/strong><\/span><\/h3>\n<p><img loading=\"lazy\" decoding=\"async\" width=\"1999\" height=\"3612\" class=\"alignnone size-full wp-image-47225 aligncenter\" src=\"https:\/\/assets.grab.com\/wp-content\/uploads\/sites\/11\/2019\/10\/01102436\/RTSN.png\" alt=\"\" srcset=\"https:\/\/assets.grab.com\/wp-content\/uploads\/sites\/11\/2019\/10\/01102436\/RTSN.png 1999w, https:\/\/assets.grab.com\/wp-content\/uploads\/sites\/11\/2019\/10\/01102436\/RTSN-250x452.png 250w, https:\/\/assets.grab.com\/wp-content\/uploads\/sites\/11\/2019\/10\/01102436\/RTSN-768x1388.png 768w, https:\/\/assets.grab.com\/wp-content\/uploads\/sites\/11\/2019\/10\/01102436\/RTSN-700x1265.png 700w, https:\/\/assets.grab.com\/wp-content\/uploads\/sites\/11\/2019\/10\/01102436\/RTSN-120x217.png 120w\" sizes=\"(max-width: 1999px) 100vw, 1999px\" \/><\/p>\n<p>&nbsp;<\/p>","protected":false},"excerpt":{"rendered":"1.C\u1eadp nh\u1eadt B\u1ed9 Quy t\u1eafc \u1ee8ng x\u1eed, \u00e1p d\u1ee5ng t\u1eeb ng\u00e0y 07\/10\/2019 Grab xin th\u00f4ng b\u00e1o \u0111\u1ebfn Qu\u00fd \u0110\u1ed1i t\u00e1c n\u1ed9i dung m\u1edbi c\u1ee7a v\u0103n b\u1ea3n\u00a0Th\u1ecfa thu\u1eadn v\u1ec1 h\u00ecnh th\u1ee9c x\u1eed l\u00fd \u0111\u1ed1i v\u1edbi h\u00e0nh vi vi ph\u1ea1m B\u1ed9 Quy t\u1eafc \u1ee8ng x\u1eed c\u1ee7a \u0110\u1ed1i t\u00e1c T\u00e0i X\u1ebf g\u00e2y \u1ea3nh h\u01b0\u1edfng \u0111\u1ebfn uy t\u00edn v\u00e0 [&hellip;]","protected":false},"author":489,"featured_media":0,"parent":0,"menu_order":0,"comment_status":"closed","ping_status":"closed","template":"","meta":{"_acf_changed":false,"footnotes":""},"acf":[],"_links":{"self":[{"href":"https:\/\/www.grab.com\/vn\/en\/wp-json\/wp\/v2\/pages\/47223"}],"collection":[{"href":"https:\/\/www.grab.com\/vn\/en\/wp-json\/wp\/v2\/pages"}],"about":[{"href":"https:\/\/www.grab.com\/vn\/en\/wp-json\/wp\/v2\/types\/page"}],"author":[{"embeddable":true,"href":"https:\/\/www.grab.com\/vn\/en\/wp-json\/wp\/v2\/users\/489"}],"replies":[{"embeddable":true,"href":"https:\/\/www.grab.com\/vn\/en\/wp-json\/wp\/v2\/comments?post=47223"}],"version-history":[{"count":3,"href":"https:\/\/www.grab.com\/vn\/en\/wp-json\/wp\/v2\/pages\/47223\/revisions"}],"predecessor-version":[{"id":47228,"href":"https:\/\/www.grab.com\/vn\/en\/wp-json\/wp\/v2\/pages\/47223\/revisions\/47228"}],"wp:attachment":[{"href":"https:\/\/www.grab.com\/vn\/en\/wp-json\/wp\/v2\/media?parent=47223"}],"curies":[{"name":"wp","href":"https:\/\/api.w.org\/{rel}","templated":true}]}}