{"id":40643,"date":"2019-07-11T20:02:05","date_gmt":"2019-07-11T12:02:05","guid":{"rendered":"https:\/\/www.grab.com\/vn\/?page_id=40643"},"modified":"2019-07-24T20:27:08","modified_gmt":"2019-07-24T12:27:08","slug":"goi300k","status":"publish","type":"page","link":"https:\/\/www.grab.com\/vn\/en\/goi300k\/","title":{"rendered":"G\u00f3i \u01b0u \u0111\u00e3i CH\u1edaP NHO\u00c1NG \u2013 t\u1ed5ng gi\u00e1 tr\u1ecb l\u00ean \u0111\u1ebfn 300.000\u0111"},"content":{"rendered":"<p><b><img loading=\"lazy\" decoding=\"async\" class=\"aligncenter wp-image-40644 size-full\" src=\"https:\/\/assets.grab.com\/wp-content\/uploads\/sites\/11\/2019\/07\/11195315\/Blog-Header-1920x675-copy-2.png\" alt=\"\" width=\"1920\" height=\"675\" srcset=\"https:\/\/assets.grab.com\/wp-content\/uploads\/sites\/11\/2019\/07\/11195315\/Blog-Header-1920x675-copy-2.png 1920w, https:\/\/assets.grab.com\/wp-content\/uploads\/sites\/11\/2019\/07\/11195315\/Blog-Header-1920x675-copy-2-250x88.png 250w, https:\/\/assets.grab.com\/wp-content\/uploads\/sites\/11\/2019\/07\/11195315\/Blog-Header-1920x675-copy-2-768x270.png 768w, https:\/\/assets.grab.com\/wp-content\/uploads\/sites\/11\/2019\/07\/11195315\/Blog-Header-1920x675-copy-2-700x246.png 700w, https:\/\/assets.grab.com\/wp-content\/uploads\/sites\/11\/2019\/07\/11195315\/Blog-Header-1920x675-copy-2-120x42.png 120w\" sizes=\"(max-width: 1920px) 100vw, 1920px\" \/><\/b><\/p>\n<p><b><br \/>\n<\/b><span style=\"font-weight: 400\"><span style=\"color: #009d3b\"><strong>Grab<\/strong><\/span> t\u1eb7ng kh\u00e1ch h\u00e0ng may m\u1eafn g\u00f3i \u01b0u \u0111\u00e3i <span style=\"color: #f7941e\"><strong>CH\u1edaP NHO\u00c1NG<\/strong><\/span>\u00a0v\u1edbi gi\u00e1 tr\u1ecb l\u00ean \u0111\u1ebfn <span style=\"color: #009d3b\"><strong>300.000\u0111<\/strong><\/span><\/span><span style=\"font-weight: 400\">,<\/span> <span style=\"font-weight: 400\">h\u1ea1<\/span><span style=\"font-weight: 400\">n<\/span> <span style=\"font-weight: 400\">s\u1eed d\u1ee5ng trong 3 ng\u00e0y t\u1eeb <strong>26<\/strong><\/span><strong>\/07<\/strong><span style=\"font-weight: 400\">\u00a0\u0111\u1ebfn<strong>\u00a028<\/strong><\/span><strong>\/<\/strong><b>07\/2019<\/b><span style=\"font-weight: 400\">. Nh\u1eadn \u0111\u01b0\u1ee3c th\u00f4ng b\u00e1o, b\u1ea1n nh\u1edb s\u1eed d\u1ee5ng ngay k\u1ebbo l\u1ee1 nh\u00e9!<\/span><\/p>\n<p><span style=\"text-decoration: underline\"><i><span style=\"font-weight: 400\">Chi ti\u1ebft g\u00f3i \u01b0u \u0111\u00e3i nh\u01b0 sau:<\/span><\/i><\/span><\/p>\n<ul>\n<li>Rewards<strong>\u00a0100<\/strong><b>.000\u0111 x 1<\/b>\u00a0chuy\u1ebfn\u00a0<span style=\"color: #009d3b\"><strong>GrabCar\/\u00a0GrabBike<\/strong><\/span>\u00a0(\u0111\u01b0\u1ee3c g\u1eedi th\u1eb3ng v\u00e0o \u201c<i>My Rewards\/ \u01afu \u0111\u00e3i c\u1ee7a t\u00f4i<\/i>\u201d).<\/li>\n<li>Rewards\u00a0<b>50.000\u0111 x 2<\/b>\u00a0\u0111\u01a1n h\u00e0ng\u00a0<span style=\"color: #009d3b\"><strong>GrabFood<\/strong><\/span>\u00a0(\u0111\u01b0\u1ee3c g\u1eedi th\u1eb3ng v\u00e0o \u201c<i>My Rewards\/ \u01afu \u0111\u00e3i c\u1ee7a t\u00f4i<\/i>\u201d).<\/li>\n<li>Rewards\u00a0<strong>100.000\u0111 x 1<\/strong>\u00a0\u0111\u01a1n h\u00e0ng <span style=\"color: #009d3b\"><strong>GrabExpress<\/strong><\/span>\u00a0 (\u0111\u01b0\u1ee3c g\u1eedi th\u1eb3ng v\u00e0o \u201cMy Rewards\/ \u01afu \u0111\u00e3i c\u1ee7a t\u00f4i\u201d).<\/li>\n<\/ul>\n<p><b>Details:<\/b><\/p>\n<ul>\n<li style=\"font-weight: 400\"><span style=\"font-weight: 400\">\u01afu \u0111\u00e3i ch\u1ec9 \u00e1p d\u1ee5ng khi thanh to\u00e1n tr\u1ef1c ti\u1ebfp qua th\u1ebb ho\u1eb7c V\u00ed \u0111i\u1ec7n t\u1eed <span style=\"color: #0082c8\"><strong>Moca<\/strong><\/span> tr\u00ean \u1ee9ng d\u1ee5ng <span style=\"color: #009d3b\"><strong>Grab.<\/strong><\/span><\/span><\/li>\n<li style=\"font-weight: 400\"><span style=\"font-weight: 400\">G\u00f3i \u01b0u \u0111\u00e3i ch\u1ec9 \u00e1p d\u1ee5ng cho kh\u00e1ch h\u00e0ng nh\u1eadn \u0111\u01b0\u1ee3c th\u00f4ng b\u00e1o.<\/span><\/li>\n<\/ul>\n<table style=\"width: 932px;padding: 15px;height: 1180px\">\n<tbody>\n<tr style=\"height: 92px\">\n<td style=\"width: 286px;border: 1px solid black;height: 10px;padding: 15px\">\u00a0Rewards<\/td>\n<td style=\"width: 10px;border: 1px solid black;height: 10px;padding: 15px;text-align: center\" colspan=\"2\">\u0110i\u1ec1u kho\u1ea3n v\u00e0 \u0111i\u1ec1u ki\u1ec7n \u00e1p d\u1ee5ng<\/td>\n<\/tr>\n<tr style=\"height: 21px\">\n<td style=\"width: 286px;border: 1px solid black;height: 10px;padding: 15px\">Rewards<strong>\u00a0100<\/strong><b>.000\u0111 x 1<\/b>\u00a0chuy\u1ebfn\u00a0<strong>GrabCar\/\u00a0GrabBike<\/strong><\/td>\n<td style=\"width: 10px;border: 1px solid black;height: 10px;padding: 15px;text-align: center\" colspan=\"2\">\n<ul>\n<li style=\"font-weight: 400;text-align: left\"><span style=\"font-weight: 400\">\u01afu \u0111\u00e3i \u0111\u01b0\u1ee3c g\u1eedi tr\u1ef1c ti\u1ebfp \u0111\u1ebfn trang \u201cMy Rewards\/ \u01afu \u0111\u00e3i c\u1ee7a t\u00f4i\u201d tr\u00ean \u1ee9ng d\u1ee5ng Grab. <\/span><\/li>\n<li style=\"font-weight: 400;text-align: left\"><span style=\"font-weight: 400\">Th\u1eddi h\u1ea1n s\u1eed d\u1ee5ng to\u00e0n b\u1ed9 Rewards\/ \u01afu \u0111\u00e3i n\u00e0y l\u00e0 3 ng\u00e0y k\u1ec3 t\u1eeb khi nh\u1eadn \u0111\u01b0\u1ee3c Rewards\/\u01afu \u0111\u00e3i<\/span><span style=\"font-weight: 400\">. <\/span><\/li>\n<li style=\"font-weight: 400;text-align: left\"><span style=\"font-weight: 400\">\u00c1p d\u1ee5ng cho c\u00e1c d\u1ecbch v\u1ee5 GrabCar\/ GrabBike tr\u00ean to\u00e0n qu\u1ed1c.<\/span><\/li>\n<li style=\"font-weight: 400;text-align: left\"><span style=\"font-weight: 400\">\u01afu \u0111\u00e3i kh\u00f4ng bao g\u1ed3m ph\u1ee5 ph\u00ed. B\u1ea1n vui l\u00f2ng thanh to\u00e1n ph\u1ee5 ph\u00ed (n\u1ebfu c\u00f3) cho t\u00e0i x\u1ebf.<\/span><\/li>\n<li style=\"font-weight: 400;text-align: left\"><span style=\"font-weight: 400\">S\u1ed1 l\u01b0\u1ee3t \u01b0u \u0111\u00e3i c\u00f3 gi\u1edbi h\u1ea1n, ch\u01b0\u01a1ng tr\u00ecnh c\u00f3 th\u1ec3 k\u1ebft th\u00fac s\u1edbm h\u01a1n d\u1ef1 ki\u1ebfn m\u00e0 kh\u00f4ng c\u1ea7n th\u00f4ng b\u00e1o tr\u01b0\u1edbc.<\/span><\/li>\n<li style=\"font-weight: 400;text-align: left\"><span style=\"font-weight: 400\">\u01afu \u0111\u00e3i ch\u1ec9 \u00e1p d\u1ee5ng tr\u00ean phi\u00ean b\u1ea3n \u1ee9ng d\u1ee5ng m\u1edbi nh\u1ea5t.<\/span><\/li>\n<li style=\"font-weight: 400;text-align: left\"><span style=\"font-weight: 400\">Ch\u01b0\u01a1ng tr\u00ecnh ch\u1ec9 \u00e1p d\u1ee5ng cho kh\u00e1ch h\u00e0ng nh\u1eadn \u0111\u01b0\u1ee3c th\u00f4ng b\u00e1o.<\/span><\/li>\n<\/ul>\n<\/td>\n<\/tr>\n<tr style=\"height: 21px\">\n<td style=\"width: 286px;border: 1px solid black;height: 53px;padding: 15px\">Rewards\u00a0<b>50.000\u0111 x 2<\/b>\u00a0\u0111\u01a1n h\u00e0ng\u00a0<strong>GrabFood<\/strong><\/td>\n<td style=\"width: 10px;border: 1px solid black;padding: 15px;height: 53px;text-align: left\" colspan=\"2\">\n<ul>\n<li>\u01afu \u0111\u00e3i \u0111\u01b0\u1ee3c g\u1eedi tr\u1ef1c ti\u1ebfp \u0111\u1ebfn trang \u201cMy Rewards\/ \u01afu \u0111\u00e3i c\u1ee7a t\u00f4i\u201d tr\u00ean \u1ee9ng d\u1ee5ng Grab.<\/li>\n<li>Th\u1eddi h\u1ea1n s\u1eed d\u1ee5ng to\u00e0n b\u1ed9 Rewards\/ \u01afu \u0111\u00e3i n\u00e0y l\u00e0 3 ng\u00e0y k\u1ec3 t\u1eeb khi nh\u1eadn \u0111\u01b0\u1ee3c Rewards\/\u01afu \u0111\u00e3i.<\/li>\n<li>\u00c1p d\u1ee5ng cho c\u00e1c d\u1ecbch v\u1ee5 GrabFood tr\u00ean t\u1ea1i Tp. H\u1ed3 Ch\u00ed Minh, H\u00e0 N\u1ed9i v\u00e0 \u0110\u00e0 N\u1eb5ng.<\/li>\n<li>\u01afu \u0111\u00e3i kh\u00f4ng bao g\u1ed3m ph\u1ee5 ph\u00ed. B\u1ea1n vui l\u00f2ng thanh to\u00e1n ph\u1ee5 ph\u00ed (n\u1ebfu c\u00f3) cho t\u00e0i x\u1ebf.<\/li>\n<li>S\u1ed1 l\u01b0\u1ee3t \u01b0u \u0111\u00e3i c\u00f3 gi\u1edbi h\u1ea1n, ch\u01b0\u01a1ng tr\u00ecnh c\u00f3 th\u1ec3 k\u1ebft th\u00fac s\u1edbm h\u01a1n d\u1ef1 ki\u1ebfn m\u00e0 kh\u00f4ng c\u1ea7n th\u00f4ng b\u00e1o tr\u01b0\u1edbc.<\/li>\n<li>Ch\u01b0\u01a1ng tr\u00ecnh ch\u1ec9 \u00e1p d\u1ee5ng cho kh\u00e1ch h\u00e0ng nh\u1eadn \u0111\u01b0\u1ee3c th\u00f4ng b\u00e1o.<\/li>\n<\/ul>\n<\/td>\n<\/tr>\n<tr style=\"height: 21px\">\n<td style=\"width: 286px;border: 1px solid black;height: 73px;padding: 15px\">Rewards\u00a0<strong>100.000\u0111 x 1<\/strong>\u00a0\u0111\u01a1n h\u00e0ng <strong>GrabExpress<\/strong><\/td>\n<td style=\"border: 1px solid black;height: 73px;padding: 15px;text-align: center\" colspan=\"2\">\n<ul>\n<li style=\"font-weight: 400;text-align: left\"><span style=\"font-weight: 400\">\u01afu \u0111\u00e3i \u0111\u01b0\u1ee3c g\u1eedi tr\u1ef1c ti\u1ebfp \u0111\u1ebfn trang \u201cMy Rewards\/ \u01afu \u0111\u00e3i c\u1ee7a t\u00f4i\u201d tr\u00ean \u1ee9ng d\u1ee5ng Grab.<\/span><\/li>\n<li style=\"font-weight: 400;text-align: left\"><span style=\"font-weight: 400\">Th\u1eddi h\u1ea1n s\u1eed d\u1ee5ng to\u00e0n b\u1ed9 Rewards\/ \u01afu \u0111\u00e3i n\u00e0y l\u00e0 3 ng\u00e0y k\u1ec3 t\u1eeb khi nh\u1eadn \u0111\u01b0\u1ee3c Rewards\/\u01afu \u0111\u00e3i<\/span><span style=\"font-weight: 400\">. <\/span><\/li>\n<li style=\"font-weight: 400;text-align: left\"><span style=\"font-weight: 400\">\u00c1p d\u1ee5ng cho c\u00e1c d\u1ecbch v\u1ee5 GrabExpress tr\u00ean t\u1ea1i Tp. H\u1ed3 Ch\u00ed Minh, H\u00e0 N\u1ed9i.<\/span><\/li>\n<li style=\"font-weight: 400;text-align: left\"><span style=\"font-weight: 400\">\u01afu \u0111\u00e3i kh\u00f4ng bao g\u1ed3m ph\u1ee5 ph\u00ed. B\u1ea1n vui l\u00f2ng thanh to\u00e1n ph\u1ee5 ph\u00ed (n\u1ebfu c\u00f3) cho t\u00e0i x\u1ebf.<\/span><\/li>\n<li style=\"font-weight: 400;text-align: left\"><span style=\"font-weight: 400\">S\u1ed1 l\u01b0\u1ee3t \u01b0u \u0111\u00e3i c\u00f3 gi\u1edbi h\u1ea1n, ch\u01b0\u01a1ng tr\u00ecnh c\u00f3 th\u1ec3 k\u1ebft th\u00fac s\u1edbm h\u01a1n d\u1ef1 ki\u1ebfn m\u00e0 kh\u00f4ng c\u1ea7n th\u00f4ng b\u00e1o tr\u01b0\u1edbc.<\/span><\/li>\n<li style=\"font-weight: 400;text-align: left\"><span style=\"font-weight: 400\">Ch\u01b0\u01a1ng tr\u00ecnh ch\u1ec9 \u00e1p d\u1ee5ng cho kh\u00e1ch h\u00e0ng nh\u1eadn \u0111\u01b0\u1ee3c th\u00f4ng b\u00e1o. <\/span><\/li>\n<\/ul>\n<\/td>\n<\/tr>\n<\/tbody>\n<\/table>\n<p><\/p>","protected":false},"excerpt":{"rendered":"Grab t\u1eb7ng kh\u00e1ch h\u00e0ng may m\u1eafn g\u00f3i \u01b0u \u0111\u00e3i CH\u1edaP NHO\u00c1NG\u00a0v\u1edbi gi\u00e1 tr\u1ecb l\u00ean \u0111\u1ebfn 300.000\u0111, h\u1ea1n s\u1eed d\u1ee5ng trong 3 ng\u00e0y t\u1eeb 26\/07\u00a0\u0111\u1ebfn\u00a028\/07\/2019. Nh\u1eadn \u0111\u01b0\u1ee3c th\u00f4ng b\u00e1o, b\u1ea1n nh\u1edb s\u1eed d\u1ee5ng ngay k\u1ebbo l\u1ee1 nh\u00e9! Chi ti\u1ebft g\u00f3i \u01b0u \u0111\u00e3i nh\u01b0 sau: \u01afu \u0111\u00e3i\u00a0100.000\u0111 x 1\u00a0chuy\u1ebfn\u00a0GrabCar\/\u00a0GrabBike\u00a0(\u0111\u01b0\u1ee3c g\u1eedi th\u1eb3ng v\u00e0o \u201cMy Rewards\/ \u01afu \u0111\u00e3i c\u1ee7a [&hellip;]","protected":false},"author":237,"featured_media":0,"parent":0,"menu_order":0,"comment_status":"closed","ping_status":"closed","template":"","meta":{"_acf_changed":false,"footnotes":""},"acf":[],"_links":{"self":[{"href":"https:\/\/www.grab.com\/vn\/en\/wp-json\/wp\/v2\/pages\/40643"}],"collection":[{"href":"https:\/\/www.grab.com\/vn\/en\/wp-json\/wp\/v2\/pages"}],"about":[{"href":"https:\/\/www.grab.com\/vn\/en\/wp-json\/wp\/v2\/types\/page"}],"author":[{"embeddable":true,"href":"https:\/\/www.grab.com\/vn\/en\/wp-json\/wp\/v2\/users\/237"}],"replies":[{"embeddable":true,"href":"https:\/\/www.grab.com\/vn\/en\/wp-json\/wp\/v2\/comments?post=40643"}],"version-history":[{"count":5,"href":"https:\/\/www.grab.com\/vn\/en\/wp-json\/wp\/v2\/pages\/40643\/revisions"}],"predecessor-version":[{"id":40647,"href":"https:\/\/www.grab.com\/vn\/en\/wp-json\/wp\/v2\/pages\/40643\/revisions\/40647"}],"wp:attachment":[{"href":"https:\/\/www.grab.com\/vn\/en\/wp-json\/wp\/v2\/media?parent=40643"}],"curies":[{"name":"wp","href":"https:\/\/api.w.org\/{rel}","templated":true}]}}