{"id":38953,"date":"2019-06-21T14:11:12","date_gmt":"2019-06-21T06:11:12","guid":{"rendered":"https:\/\/www.grab.com\/vn\/?page_id=38953"},"modified":"2019-06-25T19:39:03","modified_gmt":"2019-06-25T11:39:03","slug":"grabcar-goc-thong-tin-ban-nen-biet-thang-07","status":"publish","type":"page","link":"https:\/\/www.grab.com\/vn\/en\/grabcar-goc-thong-tin-ban-nen-biet-thang-07\/","title":{"rendered":"[GrabCar] G\u00f3c th\u00f4ng tin th\u00e1ng 7 b\u1ea1n n\u00ean bi\u1ebft"},"content":{"rendered":"<h3><span style=\"color: #339966\"><strong>1. B\u1ea1n h\u00e3y lu\u00f4n nh\u1edb li\u00ean l\u1ea1c v\u1edbi Kh\u00e1ch h\u00e0ng sau khi nh\u1eadn chuy\u1ebfn xe nh\u00e9!<\/strong><\/span><\/h3>\n<p><span style=\"font-weight: 400;color: #000000\">B\u1ea1n th\u00e2n m\u1ebfn,<\/span><\/p>\n<p><span style=\"color: #000000\"><span style=\"font-weight: 400\">Ch\u1ec9 v\u1edbi <\/span><b>2 GI\u00c2Y<\/b><span style=\"font-weight: 400\"> thao t\u00e1c g\u1eedi \u0111i 1 tin nh\u1eafn c\u00f3 s\u1eb5n trong GrabChat, b\u1ea1n s\u1ebd nh\u1eadn l\u1ea1i nh\u1eefng l\u1ee3i \u00edch kh\u00f4ng ng\u1edd: Kh\u00e1ch h\u00e0ng y\u00ean t\u00e2m r\u1eb1ng b\u1ea1n \u0111ang di chuy\u1ec3n t\u1edbi \u0111\u00f3n v\u00e0 s\u1ebd ki\u00ean nh\u1eabn ch\u1edd \u0111\u1ee3i b\u1ea1n, gi\u00fap vi\u1ec7c \u0111\u00f3n kh\u00e1ch c\u1ee7a b\u1ea1n tr\u1edf n\u00ean thu\u1eadn l\u1ee3i h\u01a1n, t\u1ef7 l\u1ec7 hu\u1ef7 cu\u1ed1c gi\u1ea3m xu\u1ed1ng, t\u1ef7 l\u1ec7 ho\u00e0n th\u00e0nh t\u0103ng cao v\u00e0 d\u1ec5 d\u00e0ng \u0111\u1ea1t \u0111i\u1ec1u ki\u1ec7n nh\u1eadn th\u01b0\u1edfng. <\/span><\/span><\/p>\n<p><span style=\"font-weight: 400;color: #000000\">R\u1ea5t nhi\u1ec1u \u0110\u1ed1i t\u00e1c \u0111\u00e3 ti\u1ebft ki\u1ec7m \u0111\u01b0\u1ee3c chi ph\u00ed li\u00ean l\u1ea1c v\u1edbi Kh\u00e1ch h\u00e0ng nh\u01b0ng v\u1eabn duy tr\u00ec th\u00e0nh t\u00edch ho\u1ea1t \u0111\u1ed9ng t\u1ed1t ch\u1ec9 b\u1eb1ng b\u00ed quy\u1ebft v\u00f4 c\u00f9ng \u0111\u01a1n gi\u1ea3n: s\u1eed d\u1ee5ng GrabChat 2 GI\u00c2Y ho\u1eb7c t\u00ednh n\u0103ng g\u1ecdi \u0111i\u1ec7n mi\u1ec5n ph\u00ed \u0111\u01b0\u1ee3c t\u00edch h\u1ee3p ngay trong \u1ee9ng d\u1ee5ng Grab Driver. <\/span><\/p>\n<p><span style=\"font-weight: 400;color: #000000\">V\u1eady c\u00f2n b\u1ea1n th\u00ec sao? \u0110\u1eebng b\u1ecf qua GrabChat 2 gi\u00e2y v\u00e0 nh\u1eefng l\u1ee3i \u00edch h\u1ea5p d\u1eabn m\u00e0 t\u00ednh n\u0103ng n\u00e0y \u0111em l\u1ea1i cho b\u1ea1n nh\u00e9. Trong tr\u01b0\u1eddng h\u1ee3p b\u1ea1n g\u1eb7p kh\u00f3 kh\u0103n khi s\u1eed d\u1ee5ng t\u00ednh n\u0103ng GrabChat ho\u1eb7c g\u1ecdi \u0111i\u1ec7n mi\u1ec5n ph\u00ed, h\u00e3y g\u1eedi ph\u1ea3n h\u1ed3i ngay cho Grab \u0111\u1ec3 ch\u00fang t\u00f4i c\u00f3 th\u1ec3 h\u1ed7 tr\u1ee3 b\u1ea1n t\u1ed1t h\u01a1n.<\/span><\/p>\n<h3><span style=\"color: #339966\"><strong>2. \u0110\u1ed9i C\u1ee9u H\u1ed9 GrabCar 247 \u1edf TP.HCM v\u00e0 H\u00e0 N\u1ed9i<\/strong><\/span><\/h3>\n<h3 style=\"text-align: center\"><span style=\"color: #339966\">Hotline TP.HCM: 0702 856 761 &#8211; HN: 0706 894 427<\/span><img decoding=\"async\" class=\"alignnone size-full wp-image-34826 aligncenter\" src=\"https:\/\/assets.grab.com\/wp-content\/uploads\/sites\/11\/2019\/04\/02145833\/C%E1%BB%A9u-h%E1%BB%99-247.png\" alt=\"\" \/><\/h3>\n<p><span style=\"color: #339966\"><b>L\u01b0u \u00fd<\/b><b><i>:<\/i><\/b><\/span><\/p>\n<ul>\n<li style=\"font-weight: 400\"><i><span style=\"font-weight: 400\">Khi li\u00ean h\u1ec7 c\u1ee9u h\u1ed9, th\u00e0nh vi\u00ean \u0110\u1ed9i c\u1ee9u h\u1ed9 s\u1ebd c\u1ea7n c\u00e1c th\u00f4ng tin c\u01a1 b\u1ea3n \u0111\u1ec3 x\u00e1c minh s\u1ef1 c\u1ed1, b\u1ea1n vui l\u00f2ng cung c\u1ea5p th\u00f4ng tin \u0111\u1ec3 \u0111\u01b0\u1ee3c h\u1ed7 tr\u1ee3 k\u1ecbp th\u1eddi.<\/span><\/i><\/li>\n<li style=\"font-weight: 400\"><i><span style=\"font-weight: 400\">N\u1ebfu c\u00f3 ph\u00e1t sinh c\u00e1c s\u1eeda ch\u1eefa kh\u00e1c (nh\u1eefng h\u01b0 h\u1ecfng n\u1eb7ng h\u01a1n ngo\u00e0i nh\u1eefng c\u1ee9u h\u1ed9 xe c\u01a1 b\u1ea3n, thay th\u1ebf thi\u1ebft b\u1ecb\u2026), b\u1ea1n c\u00f3 th\u1ec3 ch\u1ee7 \u0111\u1ed9ng l\u00e0m vi\u1ec7c v\u1edbi \u0110\u1ed9i c\u1ee9u h\u1ed9 v\u1ec1 c\u00e1c chi ph\u00ed ph\u00e1t sinh n\u1ebfu c\u00f3, Grab kh\u00f4ng can thi\u1ec7p v\u00e0o vi\u1ec7c n\u00e0y.<\/span><\/i><\/li>\n<li style=\"font-weight: 400\"><i><span style=\"font-weight: 400\">Khi c\u00f3 nhi\u1ec1u xe g\u1eb7p s\u1ef1 c\u1ed1 c\u00f9ng l\u00fac, \u0110\u1ed9i c\u1ee9u h\u1ed9 s\u1ebd \u01b0u ti\u00ean h\u1ed7 tr\u1ee3 c\u00e1c tr\u01b0\u1eddng h\u1ee3p li\u00ean h\u1ec7 s\u1edbm h\u01a1n.<\/span><\/i><\/li>\n<\/ul>\n<p><span style=\"color: #000000\">B\u1ea1n c\u00f3 th\u1ec3 tham kh\u1ea3o \u0111o\u1ea1n Video Clip b\u00ean d\u01b0\u1edbi \u0111\u1ec3 t\u1ef1 c\u1ee9u h\u1ed9 ho\u1eb7c b\u1ea3o v\u1ec7 b\u1ea3n th\u00e2n\u00a0khi g\u1eb7p s\u1ef1 c\u1ed1 v\u1ec1 acquy, h\u1ecfng l\u1ed1p hay nh\u1eefng t\u00ecnh hu\u1ed1ng t\u01b0\u01a1ng t\u1ef1 khi b\u1ecb \u0111e d\u1ecda t\u1eeb k\u1ebb x\u1ea5u. C\u0103n c\u1ee9 t\u1eebng tr\u01b0\u1eddng h\u1ee3p c\u1ee5 th\u1ec3 v\u00e0 d\u1ee5ng c\u1ee5 s\u1eb5n c\u00f3, b\u1ea1n h\u00e3y c\u00e2n nh\u1eafc \u0111\u1ec3 \u0111\u01b0a ra quy\u1ebft \u0111\u1ecbnh ph\u00f9 h\u1ee3p nh\u1ea5t gi\u00fap cho b\u1ea3n th\u00e2n tho\u00e1t kh\u1ecfi s\u1ef1 c\u1ed1 nhanh ch\u00f3ng v\u00e0 an to\u00e0n.<\/span><\/p>\n<p><iframe loading=\"lazy\" width=\"500\" height=\"281\" src=\"https:\/\/www.youtube.com\/embed\/AtM3VBMmLMk?feature=oembed\" frameborder=\"0\" allow=\"accelerometer; autoplay; encrypted-media; gyroscope; picture-in-picture\" allowfullscreen><\/iframe><\/p>\n<h3><span style=\"color: #339966\"><strong>3. Ch\u01b0\u01a1ng tr\u00ecnh &#8220;Chuy\u1ebfn Xe Vui V\u1ebb&#8221; tr\u00ean Radio \u1edf TP.HCM v\u00e0 H\u00e0 N\u1ed9i<\/strong><\/span><\/h3>\n<p><img loading=\"lazy\" decoding=\"async\" width=\"1440\" height=\"507\" class=\"size-full wp-image-38960 alignnone\" src=\"https:\/\/assets.grab.com\/wp-content\/uploads\/sites\/11\/2019\/06\/21141043\/64522971_360239228016145_5116633649696997376_n.jpg\" alt=\"\" srcset=\"https:\/\/assets.grab.com\/wp-content\/uploads\/sites\/11\/2019\/06\/21141043\/64522971_360239228016145_5116633649696997376_n.jpg 1440w, https:\/\/assets.grab.com\/wp-content\/uploads\/sites\/11\/2019\/06\/21141043\/64522971_360239228016145_5116633649696997376_n-250x88.jpg 250w, https:\/\/assets.grab.com\/wp-content\/uploads\/sites\/11\/2019\/06\/21141043\/64522971_360239228016145_5116633649696997376_n-768x270.jpg 768w, https:\/\/assets.grab.com\/wp-content\/uploads\/sites\/11\/2019\/06\/21141043\/64522971_360239228016145_5116633649696997376_n-700x246.jpg 700w, https:\/\/assets.grab.com\/wp-content\/uploads\/sites\/11\/2019\/06\/21141043\/64522971_360239228016145_5116633649696997376_n-120x42.jpg 120w\" sizes=\"(max-width: 1440px) 100vw, 1440px\" \/><\/p>\n<h3><strong><span style=\"color: #339966\">4. Ch\u01b0\u01a1ng tr\u00ecnh \u0110\u1ed9i nh\u00f3m GrabCar t\u1ea1i TP.HCM &#8211; H\u00e0 N\u1ed9i &#8211; \u0110\u00e0 N\u1eb5ng &#8211; Kh\u00e1nh H\u00f2a<\/span><\/strong><\/h3>\n<p><img loading=\"lazy\" decoding=\"async\" width=\"1240\" height=\"600\" class=\"alignnone size-full wp-image-34046\" src=\"https:\/\/assets.grab.com\/wp-content\/uploads\/sites\/11\/2019\/03\/14183421\/LeanPlum-2.jpg\" alt=\"\" srcset=\"https:\/\/assets.grab.com\/wp-content\/uploads\/sites\/11\/2019\/03\/14183421\/LeanPlum-2.jpg 1240w, https:\/\/assets.grab.com\/wp-content\/uploads\/sites\/11\/2019\/03\/14183421\/LeanPlum-2-250x121.jpg 250w, https:\/\/assets.grab.com\/wp-content\/uploads\/sites\/11\/2019\/03\/14183421\/LeanPlum-2-768x372.jpg 768w, https:\/\/assets.grab.com\/wp-content\/uploads\/sites\/11\/2019\/03\/14183421\/LeanPlum-2-700x339.jpg 700w, https:\/\/assets.grab.com\/wp-content\/uploads\/sites\/11\/2019\/03\/14183421\/LeanPlum-2-120x58.jpg 120w\" sizes=\"(max-width: 1240px) 100vw, 1240px\" \/><\/p>\n<table class=\"aligncenter\" width=\"378\">\n<tbody>\n<tr>\n<td><img loading=\"lazy\" decoding=\"async\" width=\"49\" height=\"51\" class=\"alignnone size-full wp-image-22628\" src=\"https:\/\/www.grab.com\/vn\/wp-content\/uploads\/sites\/11\/2018\/06\/image004.gif\" alt=\"\" \/><\/td>\n<td><a href=\"https:\/\/docs.google.com\/forms\/d\/e\/1FAIpQLSeu1yiPSwvjXAx4t8J00s8TOkKAJNaz7sZLU9Tz3cnYujhMdw\/viewform\"><strong><span style=\"color: #000000\">B\u1ea0N \u0110\u0102NG K\u00dd TH\u00c0NH VI\u00caN T\u1ea0I \u0110\u00c2Y<\/span><\/strong><\/a><\/td>\n<\/tr>\n<\/tbody>\n<\/table>\n<table>\n<tbody>\n<tr>\n<td><img loading=\"lazy\" decoding=\"async\" width=\"70\" height=\"55\" class=\"alignnone size-full wp-image-22630\" src=\"https:\/\/www.grab.com\/vn\/wp-content\/uploads\/sites\/11\/2018\/06\/image007.png\" alt=\"\" \/><\/td>\n<td><span style=\"color: #000000\"><strong>Quy\u1ec1n l\u1ee3i khi tham gia v\u00e0o ch\u01b0\u01a1ng tri\u0300nh \u0110\u1ed9i nh\u00f3m<\/strong><\/span><\/td>\n<\/tr>\n<\/tbody>\n<\/table>\n<ul>\n<li><span style=\"color: #000000\">Nh\u1eadn \u0111\u01b0\u1ee3c s\u1ef1 d\u1eabn d\u1eaft, h\u1ed7 tr\u1ee3 nhi\u1ec7t t\u00ecnh t\u1eeb c\u00e1c \u0110\u1ed9i tr\u01b0\u1edfng trong su\u1ed1t qu\u00e1 tr\u00ecnh ho\u1ea1t \u0111\u1ed9ng GrabCar<\/span><\/li>\n<li><span style=\"color: #000000\">Chia s\u1ebb b\u00ed quy\u1ebft ho\u1ea1t \u0111\u1ed9ng hi\u1ec7u qu\u1ea3<\/span><\/li>\n<li><span style=\"color: #000000\">C\u00f3 c\u01a1 h\u1ed9i g\u1eb7p g\u1ee1 v\u00e0 giao l\u01b0u v\u1edbi nh\u1eefng \u0110\u1ed1i t\u00e1c GrabCar trong \u0111\u1ed9i nh\u00f3m kh\u00e1c<\/span><\/li>\n<li><span style=\"color: #000000\">C\u00f3 c\u01a1 h\u1ed9i tham gia v\u00e0o c\u00e1c ho\u1ea1t \u0111\u1ed9ng th\u1ec3 thao, thi\u1ec7n nguy\u1ec7n,\u2026 do Grab ho\u0103\u0323c \u0111\u00f4\u0323i nho\u0301m t\u00f4\u0309 ch\u01b0\u0301c<\/span><\/li>\n<\/ul>\n<p><span style=\"color: #339966\"><strong>H\u00e3y c\u00f9ng Grab x\u00e2y d\u1ef1ng m\u1ed9t C\u1ed9ng \u0111\u1ed3ng \u0110\u1ed1i t\u00e1c GrabCar \u0111o\u00e0n k\u1ebft v\u00e0 v\u1eefng m\u1ea1nh b\u1ea1n nh\u00e9!<\/strong><\/span><\/p>","protected":false},"excerpt":{"rendered":"1. B\u1ea1n h\u00e3y lu\u00f4n nh\u1edb li\u00ean l\u1ea1c v\u1edbi Kh\u00e1ch h\u00e0ng sau khi nh\u1eadn chuy\u1ebfn xe nh\u00e9! B\u1ea1n th\u00e2n m\u1ebfn, Ch\u1ec9 v\u1edbi 2 GI\u00c2Y thao t\u00e1c g\u1eedi \u0111i 1 tin nh\u1eafn c\u00f3 s\u1eb5n trong GrabChat, b\u1ea1n s\u1ebd nh\u1eadn l\u1ea1i nh\u1eefng l\u1ee3i \u00edch kh\u00f4ng ng\u1edd: Kh\u00e1ch h\u00e0ng y\u00ean t\u00e2m r\u1eb1ng b\u1ea1n \u0111ang di chuy\u1ec3n t\u1edbi \u0111\u00f3n v\u00e0 [&hellip;]","protected":false},"author":489,"featured_media":0,"parent":0,"menu_order":0,"comment_status":"closed","ping_status":"closed","template":"","meta":{"_acf_changed":false,"footnotes":""},"acf":[],"_links":{"self":[{"href":"https:\/\/www.grab.com\/vn\/en\/wp-json\/wp\/v2\/pages\/38953"}],"collection":[{"href":"https:\/\/www.grab.com\/vn\/en\/wp-json\/wp\/v2\/pages"}],"about":[{"href":"https:\/\/www.grab.com\/vn\/en\/wp-json\/wp\/v2\/types\/page"}],"author":[{"embeddable":true,"href":"https:\/\/www.grab.com\/vn\/en\/wp-json\/wp\/v2\/users\/489"}],"replies":[{"embeddable":true,"href":"https:\/\/www.grab.com\/vn\/en\/wp-json\/wp\/v2\/comments?post=38953"}],"version-history":[{"count":20,"href":"https:\/\/www.grab.com\/vn\/en\/wp-json\/wp\/v2\/pages\/38953\/revisions"}],"predecessor-version":[{"id":38963,"href":"https:\/\/www.grab.com\/vn\/en\/wp-json\/wp\/v2\/pages\/38953\/revisions\/38963"}],"wp:attachment":[{"href":"https:\/\/www.grab.com\/vn\/en\/wp-json\/wp\/v2\/media?parent=38953"}],"curies":[{"name":"wp","href":"https:\/\/api.w.org\/{rel}","templated":true}]}}