{"id":37158,"date":"2019-05-29T16:56:39","date_gmt":"2019-05-29T08:56:39","guid":{"rendered":"https:\/\/www.grab.com\/vn\/?page_id=37158"},"modified":"2019-05-30T15:37:46","modified_gmt":"2019-05-30T07:37:46","slug":"grabcar-gioi-thieu-ho-so-cua-toi-phien-ban-moi-tien-loi-hon-ro-rang-hon","status":"publish","type":"page","link":"https:\/\/www.grab.com\/vn\/en\/grabcar-gioi-thieu-ho-so-cua-toi-phien-ban-moi-tien-loi-hon-ro-rang-hon\/","title":{"rendered":"[GrabCar] Gi\u1edbi thi\u1ec7u \u201cH\u1ed3 s\u01a1 c\u1ee7a t\u00f4i\u201d phi\u00ean b\u1ea3n m\u1edbi &#8211; Ti\u1ec7n l\u1ee3i h\u01a1n, r\u00f5 r\u00e0ng h\u01a1n"},"content":{"rendered":"<p><span style=\"font-weight: 400;color: #000000\">B\u1ea1n th\u00e2n m\u1ebfn,<\/span><\/p>\n<p><span style=\"font-weight: 400;color: #000000\">Grab xin gi\u01a1\u0301i thi\u00ea\u0323u \u0111\u1ebfn b\u1ea1n giao di\u00ea\u0323n <\/span><span style=\"color: #339966\"><strong>\u201cH\u00f4\u0300 s\u01a1 c\u1ee7a t\u00f4i\u201d<\/strong><\/span><span style=\"font-weight: 400;color: #000000\"> \u0111a\u0303 \u0111\u01b0\u01a1\u0323c c\u00e2\u0323p nh\u00e2\u0323t hoa\u0300n toa\u0300n m\u1edbi. V\u01a1\u0301i c\u00e2\u0323p nh\u00e2\u0323t na\u0300y b\u1ea1n co\u0301 th\u00ea\u0309 ki\u00ea\u0309m tra th\u00f4ng tin ca\u0301 nh\u00e2n, \u0111i\u00ea\u0309m \u0111a\u0301nh gia\u0301 sao, x\u00ea\u0301p h\u1ea1ng \u0110\u1ed1i t\u00e1c m\u00f4\u0323t ca\u0301ch \u0111\u01a1n gia\u0309n va\u0300 chi ti\u1ebft. Ngoa\u0300i ra, b\u1ea1n co\u0300n co\u0301 th\u00ea\u0309 c\u00e2\u0323p nh\u00e2\u0323t ti\u1ebfn \u0111\u1ed9 c\u00f4ng vi\u00ea\u0323c, xem la\u0323i ca\u0301c huy hi..\u00ea\u0323u khen th\u01b0\u01a1\u0309ng va\u0300 nh\u01b0\u0303ng \u0111a\u0301nh gia\u0301 cu\u0309a kha\u0301ch ha\u0300ng v\u00ea\u0300 qua\u0301 tri\u0300nh ho\u1ea1t \u0111\u1ed9ng cu\u0309a mi\u0300nh. <\/span><\/p>\n<p><span style=\"font-weight: 400;color: #000000\">Ch\u00fang t\u00f4i tin r\u1eb1ng v\u1edbi vi\u1ec7c b\u1ea1n c\u00f3 th\u1ec3 nh\u00ecn l\u1ea1i th\u00e0nh t\u00edch ho\u1ea1t \u0111\u1ed9ng c\u00f9ng Grab s\u1ebd gi\u00fap b\u1ea1n ho\u00e0n thi\u1ec7n k\u1ef9 n\u0103ng l\u00e1i xe h\u01a1n n\u1eefa \u0111\u1ec3 cung c\u1ea5p d\u1ecbch v\u1ee5 ch\u1ea5t l\u01b0\u1ee3ng nh\u1ea5t \u0111\u1ebfn v\u1edbi Kh\u00e1ch h\u00e0ng c\u1ee7a m\u00ecnh t\u1eeb \u0111\u00f3 gia t\u0103ng ngu\u1ed3n thu nh\u1eadp cho ch\u00ednh b\u1ea1n. N\u00e0o, truy c\u1eadp <\/span><span style=\"color: #339966\"><strong>\u201cH\u1ed3 s\u01a1 c\u1ee7a t\u00f4i\u201d<\/strong><\/span><span style=\"font-weight: 400;color: #000000\"> ngay n\u00e0o!<\/span><\/p>\n<p><img loading=\"lazy\" decoding=\"async\" width=\"1100\" height=\"783\" class=\"alignnone size-full wp-image-37209\" src=\"https:\/\/assets.grab.com\/wp-content\/uploads\/sites\/11\/2019\/05\/30153723\/Profile_Step_r21.gif\" alt=\"\" \/><\/p>\n<p><span style=\"color: #000000\">M\u1ebfn ch\u00fac b\u1ea1n ho\u1ea1t \u0111\u1ed9ng hi\u1ec7u qu\u1ea3 v\u00e0 an to\u00e0n!<\/span><\/p>\n<p><span style=\"color: #339966\"><strong>Tr\u00e2n tr\u1ecdng<\/strong><\/span><\/p>\n<p><span style=\"color: #339966\"><strong>\u0110\u1ed9i ng\u0169 GrabCar<\/strong><\/span><\/p>","protected":false},"excerpt":{"rendered":"B\u1ea1n th\u00e2n m\u1ebfn, Grab xin gi\u01a1\u0301i thi\u00ea\u0323u \u0111\u1ebfn b\u1ea1n giao di\u00ea\u0323n \u201cH\u00f4\u0300 s\u01a1 c\u1ee7a t\u00f4i\u201d \u0111a\u0303 \u0111\u01b0\u01a1\u0323c c\u00e2\u0323p nh\u00e2\u0323t hoa\u0300n toa\u0300n m\u1edbi. V\u01a1\u0301i c\u00e2\u0323p nh\u00e2\u0323t na\u0300y b\u1ea1n co\u0301 th\u00ea\u0309 ki\u00ea\u0309m tra th\u00f4ng tin ca\u0301 nh\u00e2n, \u0111i\u00ea\u0309m \u0111a\u0301nh gia\u0301 sao, x\u00ea\u0301p h\u1ea1ng \u0110\u1ed1i t\u00e1c m\u00f4\u0323t ca\u0301ch \u0111\u01a1n gia\u0309n va\u0300 chi ti\u1ebft. Ngoa\u0300i ra, b\u1ea1n co\u0300n co\u0301 [&hellip;]","protected":false},"author":489,"featured_media":0,"parent":0,"menu_order":0,"comment_status":"closed","ping_status":"closed","template":"","meta":{"_acf_changed":false,"footnotes":""},"acf":[],"_links":{"self":[{"href":"https:\/\/www.grab.com\/vn\/en\/wp-json\/wp\/v2\/pages\/37158"}],"collection":[{"href":"https:\/\/www.grab.com\/vn\/en\/wp-json\/wp\/v2\/pages"}],"about":[{"href":"https:\/\/www.grab.com\/vn\/en\/wp-json\/wp\/v2\/types\/page"}],"author":[{"embeddable":true,"href":"https:\/\/www.grab.com\/vn\/en\/wp-json\/wp\/v2\/users\/489"}],"replies":[{"embeddable":true,"href":"https:\/\/www.grab.com\/vn\/en\/wp-json\/wp\/v2\/comments?post=37158"}],"version-history":[{"count":1,"href":"https:\/\/www.grab.com\/vn\/en\/wp-json\/wp\/v2\/pages\/37158\/revisions"}],"predecessor-version":[{"id":37160,"href":"https:\/\/www.grab.com\/vn\/en\/wp-json\/wp\/v2\/pages\/37158\/revisions\/37160"}],"wp:attachment":[{"href":"https:\/\/www.grab.com\/vn\/en\/wp-json\/wp\/v2\/media?parent=37158"}],"curies":[{"name":"wp","href":"https:\/\/api.w.org\/{rel}","templated":true}]}}