{"id":37151,"date":"2019-05-29T10:16:15","date_gmt":"2019-05-29T02:16:15","guid":{"rendered":"https:\/\/www.grab.com\/vn\/?page_id=37151"},"modified":"2019-11-08T11:41:52","modified_gmt":"2019-11-08T03:41:52","slug":"grabbenefits-tp-hcm-hn-nhan-uu-dai-that-de-dang-chi-voi-ung-dung-tai-xe-cua-ban","status":"publish","type":"page","link":"https:\/\/www.grab.com\/vn\/en\/grabbenefits-tp-hcm-hn-nhan-uu-dai-that-de-dang-chi-voi-ung-dung-tai-xe-cua-ban\/","title":{"rendered":"[GrabBenefits TP.HCM &#8211; HN &#8211; \u0110N] &#8211; Nh\u1eadn \u01afu \u0111\u00e3i th\u1eadt d\u1ec5 d\u00e0ng ch\u1ec9 v\u1edbi \u1ee9ng d\u1ee5ng T\u00e0i x\u1ebf c\u1ee7a b\u1ea1n"},"content":{"rendered":"<p><strong><span style=\"color: #00ae3f\">B\u1ea1n th\u00e2n m\u00ea\u0301n,<\/span><\/strong><\/p>\n<p><span style=\"font-weight: 400\">Ch\u00fang t\u00f4i lu\u00f4n n\u1ed7 l\u1ef1c \u0111\u1ec3 c\u00e1c \u0110\u1ed1i t\u00e1c T\u00e0i x\u1ebf c\u00f3 th\u1ec3 d\u1ec5 d\u00e0ng nh\u1eadn nh\u1eefng \u01b0u \u0111\u00e3i d\u00e0nh cho m\u00ecnh. V\u1edbi\u00a0<strong><span style=\"color: #00ae3f\">GrabBenefits,\u00a0<\/span><\/strong>\u00a0ch\u1ec9 v\u1edbi m\u1ed9t c\u00fa ch\u1ea1m b\u1ea1n c\u00f3 th\u1ec3 nh\u1eadn ngay \u01b0u \u0111\u00e3i gi\u1ea3m gi\u00e1 t\u01b0\u0300 r\u00e2\u0301t nhi\u00ea\u0300u di\u0323ch vu\u0323 v\u00e0 c\u00e1c quy\u1ec1n l\u1ee3i h\u1ea5p d\u1eabn kh\u00e1c, gi\u00fap b\u1ea1n gi\u1ea3m chi ph\u00ed v\u00e0 l\u00e1i xe thu\u1eadn l\u1ee3i h\u01a1n c\u00f9ng <strong><span style=\"color: #00ae3f\">Grab<\/span><\/strong>. Nh\u1ea5n ch\u1ecdn m\u1ee5c <strong><span style=\"color: #00ae3f\">GrabBenefits<\/span><\/strong>\u00a0trong \u1ee9ng d\u1ee5ng T\u00e0i x\u1ebf\u00a0 \u0111\u1ec3 xem nh\u1eefng \u01b0u \u0111\u00e3i h\u1ea5p d\u1eabn na\u0300o \u0111ang ch\u1edd \u0111\u01a1\u0323i nh\u00e9!<\/span><\/p>\n<p style=\"text-align: center\"><strong><span style=\"color: #00ae3f\">Chi\u0309 v\u01a1\u0301i m\u00f4\u0323t va\u0300i b\u01b0\u1edbc \u0111\u01a1n gia\u0309n b\u1ea1n \u0111a\u0303 co\u0301 th\u00ea\u0309<\/span><\/strong><\/p>\n<p style=\"text-align: center\"><strong><span style=\"color: #00ae3f\">\u00a0<\/span><\/strong><strong><span style=\"color: #00ae3f\">nh\u00e2\u0323n v\u00e0 t\u1eadn h\u01b0\u1edfng \u01b0u \u0111\u00e3i t\u1eeb GrabBenefits.<\/span><\/strong><\/p>\n<p style=\"text-align: center\"><img loading=\"lazy\" decoding=\"async\" width=\"388\" height=\"739\" class=\"alignnone size-full wp-image-36586\" src=\"https:\/\/assets.grab.com\/wp-content\/uploads\/sites\/11\/2019\/05\/14124818\/GrabBenefits_Steps-VN-1.gif\" alt=\"\" \/><\/p>\n<h3 style=\"text-align: center\"><span style=\"color: #00ae3f\">Ti\u00eau ch\u00ed \u0111\u1ec3 x\u1ebfp h\u1ea1ng \u0110\u1ed1i t\u00e1c<\/span><\/h3>\n<ul>\n<li style=\"list-style-type: none\">\n<ul>\n<li><strong>TP. H\u1ed2 CH\u00cd MINH &amp; HN: <\/strong>B\u1ea1n vui l\u00f2ng xem t\u1ea1i \u0111\u01b0\u1eddng d\u1eabn\u00a0<span style=\"color: #0000ff\"><strong><a style=\"color: #0000ff\" href=\"https:\/\/www.grab.com\/vn\/en\/blog\/driver\/car\/grabcar-tp-hcm-hn-cap-nhat-tieu-chi-xep-hang-grabbenefits-nhan-uu-dai-that-de-dang-chi-voi-ung-dung-tai-xe-cua-ban\/\">http:\/\/GrabBenefitHCM<\/a><\/strong><\/span><\/li>\n<li><strong>\u0110\u00c0 N\u1eb4NG:<\/strong> B\u1ea1n vui l\u00f2ng xem t\u1ea1i \u0111\u01b0\u1eddng d\u1eabn <span style=\"color: #0000ff\"><strong><a style=\"color: #0000ff\" href=\"https:\/\/www.grab.com\/vn\/en\/blog\/driver\/car\/grabcar-dn-chinh-thuc-ap-dung-tieu-chi-xep-hang-doi-tac-cho-grabbenefits\/\">http:\/\/GrabBenefitDN<\/a><\/strong><\/span><\/li>\n<\/ul>\n<\/li>\n<\/ul>\n<p>&nbsp;<\/p>","protected":false},"excerpt":{"rendered":"B\u1ea1n th\u00e2n m\u00ea\u0301n, Ch\u00fang t\u00f4i lu\u00f4n n\u1ed7 l\u1ef1c \u0111\u1ec3 c\u00e1c \u0110\u1ed1i t\u00e1c T\u00e0i x\u1ebf c\u00f3 th\u1ec3 d\u1ec5 d\u00e0ng nh\u1eadn nh\u1eefng \u01b0u \u0111\u00e3i d\u00e0nh cho m\u00ecnh. V\u1edbi\u00a0GrabBenefits,\u00a0\u00a0ch\u1ec9 v\u1edbi m\u1ed9t c\u00fa ch\u1ea1m b\u1ea1n c\u00f3 th\u1ec3 nh\u1eadn ngay \u01b0u \u0111\u00e3i gi\u1ea3m gi\u00e1 t\u01b0\u0300 r\u00e2\u0301t nhi\u00ea\u0300u di\u0323ch vu\u0323 v\u00e0 c\u00e1c quy\u1ec1n l\u1ee3i h\u1ea5p d\u1eabn kh\u00e1c, gi\u00fap b\u1ea1n gi\u1ea3m chi [&hellip;]","protected":false},"author":489,"featured_media":0,"parent":0,"menu_order":0,"comment_status":"closed","ping_status":"closed","template":"","meta":{"_acf_changed":false,"footnotes":""},"acf":[],"_links":{"self":[{"href":"https:\/\/www.grab.com\/vn\/en\/wp-json\/wp\/v2\/pages\/37151"}],"collection":[{"href":"https:\/\/www.grab.com\/vn\/en\/wp-json\/wp\/v2\/pages"}],"about":[{"href":"https:\/\/www.grab.com\/vn\/en\/wp-json\/wp\/v2\/types\/page"}],"author":[{"embeddable":true,"href":"https:\/\/www.grab.com\/vn\/en\/wp-json\/wp\/v2\/users\/489"}],"replies":[{"embeddable":true,"href":"https:\/\/www.grab.com\/vn\/en\/wp-json\/wp\/v2\/comments?post=37151"}],"version-history":[{"count":4,"href":"https:\/\/www.grab.com\/vn\/en\/wp-json\/wp\/v2\/pages\/37151\/revisions"}],"predecessor-version":[{"id":50479,"href":"https:\/\/www.grab.com\/vn\/en\/wp-json\/wp\/v2\/pages\/37151\/revisions\/50479"}],"wp:attachment":[{"href":"https:\/\/www.grab.com\/vn\/en\/wp-json\/wp\/v2\/media?parent=37151"}],"curies":[{"name":"wp","href":"https:\/\/api.w.org\/{rel}","templated":true}]}}