{"id":35969,"date":"2019-04-24T08:23:36","date_gmt":"2019-04-24T00:23:36","guid":{"rendered":"https:\/\/www.grab.com\/vn\/?page_id=35969"},"modified":"2019-05-15T14:43:47","modified_gmt":"2019-05-15T06:43:47","slug":"new-driver-training-gb","status":"publish","type":"page","link":"https:\/\/www.grab.com\/vn\/en\/new-driver-training-gb\/","title":{"rendered":"\u0110\u00e0o T\u1ea1o \u0110\u1ed1i T\u00e1c M\u1edbi (GrabBike)"},"content":{"rendered":"<p><img loading=\"lazy\" decoding=\"async\" class=\"alignnone size-full\" src=\"https:\/\/assets.grab.com\/wp-content\/uploads\/sites\/11\/2019\/05\/07174034\/VN-0-Welcome-massage-01.png\" width=\"1334\" height=\"375\" \/><\/p>\n<p><span style=\"color: #000000\">Ch\u00e0o m\u1eebng b\u1ea1n \u0111\u1ebfn v\u1edbi h\u00e0nh tr\u00ecnh h\u1ecdc t\u1eadp d\u00e0nh cho \u0110\u1ed1i t\u00e1c m\u1edbi, \u0111\u01b0\u1ee3c thi\u1ebft k\u1ebf nh\u1eb1m gi\u00fap b\u1ea1n th\u00e0nh c\u00f4ng v\u00e0 kh\u00f4ng ng\u1eebng gia t\u0103ng thu nh\u1eadp!<\/span><\/p>\n<h3><span style=\"color: #000000\"><b>Ch\u01b0\u01a1ng tr\u00ecnh cung c\u1ea5p cho b\u1ea1n 9 ch\u1ee7 \u0111\u1ec1 v\u1edbi c\u00e1c kh\u00eda c\u1ea1nh kh\u00e1c nhau v\u1ec1:<\/b><\/span><\/h3>\n<ol>\n<li>Ph\u00f2ng tr\u00e1nh nguy hi\u1ec3m tr\u00ean \u0111\u01b0\u1eddng<\/li>\n<li>M\u1ed1i nguy hi\u1ec3m khi l\u00e1i xe ban \u0111\u00eam<\/li>\n<li>Ph\u00f2ng tr\u00e1nh h\u00e0nh vi qu\u1ea5y r\u1ed1i<\/li>\n<li>C\u00e1ch ph\u00f2ng tr\u00e1nh m\u1ec7t m\u1ecfi<\/li>\n<li>H\u1ea1n ch\u1ebf hu\u1ef7 chuy\u1ebfn<\/li>\n<li>Ph\u00f2ng tr\u00e1nh thu qu\u00e1 c\u01b0\u1edbc<\/li>\n<li>B\u1ea3o m\u1eadt t\u00e0i kho\u1ea3n \u1ee9ng d\u1ee5ng T\u00e0i x\u1ebf<\/li>\n<li>Ti\u00eau chu\u1ea9n d\u1ecbch v\u1ee5 5 sao<\/li>\n<li>B\u00ed quy\u1ebft ph\u00f2ng tr\u00e1nh m\u1ea5t t\u00e0i s\u1ea3n<\/li>\n<\/ol>\n<p>V\u00f4 c\u00f9ng \u0111\u01a1n gi\u1ea3n &#8211; v\u1edbi m\u1ed7i ch\u1ee7 \u0111\u1ec1 b\u1ea1n ch\u1ec9 m\u1ea5t t\u1ed1i \u0111a 8 ph\u00fat \u0111\u1ec3 ho\u00e0n th\u00e0nh. C\u1ee9 hai tu\u1ea7n m\u1ed9t l\u1ea7n, Grab s\u1ebd g\u1eedi th\u00f4ng b\u00e1o c\u00e1c ch\u1ee7 \u0111\u1ec1 m\u1edbi \u0111\u1ebfn b\u1ea1n \u0111\u01b0\u1ee3c h\u01b0\u1edbng d\u1eabn ngay trong t\u00ednh n\u0103ng GrabAcademy.<\/p>\n<p><span style=\"color: #000000\">T\u00ecm hi\u1ec3u th\u00eam t\u1ea1i GrabAcademy!<\/span><\/p>","protected":false},"excerpt":{"rendered":"Ch\u00e0o m\u1eebng b\u1ea1n \u0111\u1ebfn v\u1edbi h\u00e0nh tr\u00ecnh h\u1ecdc t\u1eadp d\u00e0nh cho \u0110\u1ed1i t\u00e1c m\u1edbi, \u0111\u01b0\u1ee3c thi\u1ebft k\u1ebf nh\u1eb1m gi\u00fap b\u1ea1n th\u00e0nh c\u00f4ng v\u00e0 kh\u00f4ng ng\u1eebng gia t\u0103ng thu nh\u1eadp! Ch\u01b0\u01a1ng tr\u00ecnh cung c\u1ea5p cho b\u1ea1n 9 ch\u1ee7 \u0111\u1ec1 v\u1edbi c\u00e1c kh\u00eda c\u1ea1nh kh\u00e1c nhau v\u1ec1: Ph\u00f2ng tr\u00e1nh nguy hi\u1ec3m tr\u00ean \u0111\u01b0\u1eddng M\u1ed1i nguy hi\u1ec3m khi [&hellip;]","protected":false},"author":523,"featured_media":0,"parent":0,"menu_order":0,"comment_status":"closed","ping_status":"closed","template":"","meta":{"_acf_changed":false,"footnotes":""},"acf":[],"_links":{"self":[{"href":"https:\/\/www.grab.com\/vn\/en\/wp-json\/wp\/v2\/pages\/35969"}],"collection":[{"href":"https:\/\/www.grab.com\/vn\/en\/wp-json\/wp\/v2\/pages"}],"about":[{"href":"https:\/\/www.grab.com\/vn\/en\/wp-json\/wp\/v2\/types\/page"}],"author":[{"embeddable":true,"href":"https:\/\/www.grab.com\/vn\/en\/wp-json\/wp\/v2\/users\/523"}],"replies":[{"embeddable":true,"href":"https:\/\/www.grab.com\/vn\/en\/wp-json\/wp\/v2\/comments?post=35969"}],"version-history":[{"count":1,"href":"https:\/\/www.grab.com\/vn\/en\/wp-json\/wp\/v2\/pages\/35969\/revisions"}],"predecessor-version":[{"id":36279,"href":"https:\/\/www.grab.com\/vn\/en\/wp-json\/wp\/v2\/pages\/35969\/revisions\/36279"}],"wp:attachment":[{"href":"https:\/\/www.grab.com\/vn\/en\/wp-json\/wp\/v2\/media?parent=35969"}],"curies":[{"name":"wp","href":"https:\/\/api.w.org\/{rel}","templated":true}]}}