{"id":34306,"date":"2019-03-20T16:16:09","date_gmt":"2019-03-20T08:16:09","guid":{"rendered":"https:\/\/www.grab.com\/vn\/?page_id=34306"},"modified":"2019-03-29T15:15:07","modified_gmt":"2019-03-29T07:15:07","slug":"grabpay-by-moca-danh-tang-ban-uu-dai-sieu-hap-dan","status":"publish","type":"page","link":"https:\/\/www.grab.com\/vn\/en\/grabpay-by-moca-danh-tang-ban-uu-dai-sieu-hap-dan\/","title":{"rendered":"GrabPay by Moca d\u00e0nh t\u1eb7ng b\u1ea1n \u01b0u \u0111\u00e3i si\u00eau h\u1ea5p d\u1eabn!"},"content":{"rendered":"<p>Grab t\u1eb7ng b\u1ea1n m\u00e3 <span style=\"color: #009d3b\"><strong>TN50<\/strong><\/span> \u01b0u \u0111\u00e3i <strong>50.000\u0111 x 1 chuy\u1ebfn Grab<\/strong>, khi thanh to\u00e1n tr\u1ef1c ti\u1ebfp qua th\u1ebb t\u00edn d\u1ee5ng\/ th\u1ebb ghi n\u1ee3 qu\u1ed1c t\u1ebf ho\u1eb7c b\u1eb1ng V\u00ed \u0111i\u1ec7n t\u1eed <span style=\"color: #009d3b\"><strong>GrabPay by Moca.<\/strong><\/span><\/p>\n<p>\u0110\u1eb7c bi\u1ec7t, khi ho\u00e0n th\u00e0nh 1 chuy\u1ebfn Grab c\u00f3 nh\u1eadp m\u00e3 <span style=\"color: #009d3b\"><strong>TN50<\/strong><\/span>, b\u1ea1n s\u1ebd \u0111\u01b0\u1ee3c <strong>T\u1eb6NG TH\u00caM<\/strong> g\u00f3i \u01b0u \u0111\u00e3i tr\u1ecb gi\u00e1 <strong>180.000\u0111<\/strong>.<\/p>\n<p>Chi ti\u1ebft g\u00f3i \u01b0u \u0111\u00e3i nh\u01b0 sau:<\/p>\n<p>&#8211; \u00a030.000\u0111 x 2 chuy\u1ebfn<span style=\"color: #009d3b\"><strong> GrabCar<\/strong><\/span><\/p>\n<p>&#8211; \u00a030.000\u0111 x 2 chuy\u1ebfn <span style=\"color: #009d3b\"><strong>GrabBike<\/strong><\/span><\/p>\n<p>&#8211; \u00a030.000\u0111 x 2 \u0111\u01a1n h\u00e0ng <span style=\"color: #009d3b\"><strong>GrabFood<\/strong><\/span><\/p>\n<p>G\u00f3i \u01b0u \u0111\u00e3i \u00e1p d\u1ee5ng trong v\u00f2ng 10 ng\u00e0y v\u00e0 s\u1ebd \u0111\u01b0\u1ee3c g\u1eedi t\u1ef1 \u0111\u1ed9ng v\u00e0o trang \u201cMy Rewards\/ \u01afu \u0111\u00e3i c\u1ee7a t\u00f4i&#8221; tr\u00ean \u1ee9ng d\u1ee5ng Grab sau khi kh\u00e1ch h\u00e0ng ho\u00e0n th\u00e0nh chuy\u1ebfn \u0111i c\u00f3 d\u00f9ng m\u00e3 <span style=\"color: #009d3b\"><strong>TN50<\/strong><\/span>.<\/p>\n<p>&#8212;&#8212;&#8212;&#8212;&#8212;&#8212;&#8212;&#8212;&#8212;&#8212;&#8212;&#8212;&#8212;&#8211;<\/p>\n<p>\u0110i\u1ec1u kho\u1ea3n v\u00e0 \u0111i\u1ec1u ki\u1ec7n \u00e1p d\u1ee5ng m\u00e3 <span style=\"color: #ffffff;background-color: #339966\"><strong>TN50<\/strong><\/span>:<\/p>\n<p>&#8211; \u00c1p d\u1ee5ng cho c\u00e1c d\u1ecbch v\u1ee5 Grab (kh\u00f4ng bao g\u1ed3m GrabFood) tr\u00ean to\u00e0n qu\u1ed1c.<\/p>\n<p>&#8211; \u01afu \u0111\u00e3i ch\u1ec9 \u00e1p d\u1ee5ng khi thanh to\u00e1n qua GrabPay by Moca (bao g\u1ed3m thanh to\u00e1n tr\u1ef1c ti\u1ebfp qua th\u1ebb t\u00edn d\u1ee5ng\/ th\u1ebb ghi n\u1ee3 qu\u1ed1c t\u1ebf v\u00e0 V\u00ed GrabPay by Moca).<\/p>\n<p>&#8211; \u01afu \u0111\u00e3i kh\u00f4ng bao g\u1ed3m ph\u1ee5 ph\u00ed. B\u1ea1n vui l\u00f2ng thanh to\u00e1n ph\u1ee5 ph\u00ed (n\u1ebfu c\u00f3) cho t\u00e0i x\u1ebf.<\/p>\n<p>&#8211; S\u1ed1 l\u01b0\u1ee3ng \u01b0u \u0111\u00e3i c\u00f3 h\u1ea1n ch\u01b0\u01a1ng tr\u00ecnh c\u00f3 th\u1ec3 k\u1ebft th\u00fac s\u1edbm h\u01a1n d\u1ef1 ki\u1ebfn.<\/p>\n<p>&#8211; \u01afu \u0111\u00e3i \u00e1p d\u1ee5ng t\u1eeb 19\/03\/2019 &#8211; 15\/04\/2019<\/p>\n<p>&#8211; \u01afu \u0111\u00e3i ch\u1ec9 \u00e1p d\u1ee5ng cho kh\u00e1ch h\u00e0ng nh\u1eadn \u0111\u01b0\u1ee3c th\u00f4ng b\u00e1o.<\/p>\n<p>&#8211; T\u00ecm hi\u1ec3u th\u00eam v\u1ec1 GrabPay by Moca t\u1ea1i \u0111\u00e2y:\u00a0https:\/\/grb.to\/GioiThieuGPM<\/p>\n<p>#TietKiemHonVoiGrabPaybyMoca<\/p>","protected":false},"excerpt":{"rendered":"Grab t\u1eb7ng b\u1ea1n m\u00e3 TN50 \u01b0u \u0111\u00e3i 50.000\u0111 x 1 chuy\u1ebfn Grab, khi thanh to\u00e1n tr\u1ef1c ti\u1ebfp qua th\u1ebb t\u00edn d\u1ee5ng\/ th\u1ebb ghi n\u1ee3 qu\u1ed1c t\u1ebf ho\u1eb7c b\u1eb1ng V\u00ed \u0111i\u1ec7n t\u1eed GrabPay by Moca. \u0110\u1eb7c bi\u1ec7t, khi ho\u00e0n th\u00e0nh 1 chuy\u1ebfn Grab c\u00f3 nh\u1eadp m\u00e3 TN50, b\u1ea1n s\u1ebd \u0111\u01b0\u1ee3c T\u1eb6NG TH\u00caM g\u00f3i \u01b0u \u0111\u00e3i tr\u1ecb [&hellip;]","protected":false},"author":237,"featured_media":0,"parent":0,"menu_order":0,"comment_status":"closed","ping_status":"closed","template":"","meta":{"_acf_changed":false,"footnotes":""},"acf":[],"_links":{"self":[{"href":"https:\/\/www.grab.com\/vn\/en\/wp-json\/wp\/v2\/pages\/34306"}],"collection":[{"href":"https:\/\/www.grab.com\/vn\/en\/wp-json\/wp\/v2\/pages"}],"about":[{"href":"https:\/\/www.grab.com\/vn\/en\/wp-json\/wp\/v2\/types\/page"}],"author":[{"embeddable":true,"href":"https:\/\/www.grab.com\/vn\/en\/wp-json\/wp\/v2\/users\/237"}],"replies":[{"embeddable":true,"href":"https:\/\/www.grab.com\/vn\/en\/wp-json\/wp\/v2\/comments?post=34306"}],"version-history":[{"count":0,"href":"https:\/\/www.grab.com\/vn\/en\/wp-json\/wp\/v2\/pages\/34306\/revisions"}],"wp:attachment":[{"href":"https:\/\/www.grab.com\/vn\/en\/wp-json\/wp\/v2\/media?parent=34306"}],"curies":[{"name":"wp","href":"https:\/\/api.w.org\/{rel}","templated":true}]}}