{"id":34289,"date":"2019-03-20T12:55:31","date_gmt":"2019-03-20T04:55:31","guid":{"rendered":"https:\/\/www.grab.com\/vn\/?page_id=34289"},"modified":"2019-12-27T15:04:14","modified_gmt":"2019-12-27T07:04:14","slug":"vtb1","status":"publish","type":"page","link":"https:\/\/www.grab.com\/vn\/en\/vtb1\/","title":{"rendered":"H\u01b0\u1edbng d\u1eabn kh\u1eafc ph\u1ee5c l\u1ed7i khi k\u00edch ho\u1ea1t V\u00ed \u0111i\u1ec7n t\u1eed Moca tr\u00ean \u1ee9ng d\u1ee5ng Grab"},"content":{"rendered":"<p style=\"text-align: center\"><strong>[VietinBank]\u00a0<\/strong><b> Th\u00f4ng tin th\u1ebb kh\u00f4ng ch\u00ednh x\u00e1c ho\u1eb7c s\u1ed1 \u0111i\u1ec7n tho\u1ea1i t\u00e0i kho\u1ea3n kh\u00f4ng tr\u00f9ng v\u1edbi s\u1ed1 \u0111i\u1ec7n tho\u1ea1i ch\u1ee7 th\u1ebb.<\/b><\/p>\n<p><strong>Nguy\u00ean nh\u00e2n:<\/strong><\/p>\n<ul>\n<li style=\"font-weight: 400\"><span style=\"font-weight: 400\">S\u1ed1 th\u1ebb kh\u00f4ng ch\u00ednh x\u00e1c<\/span><\/li>\n<li style=\"font-weight: 400\"><span style=\"font-weight: 400\">Ng\u00e0y ph\u00e1t h\u00e0nh, t\u00ean tr\u00ean th\u1ebb kh\u00f4ng ch\u00ednh x\u00e1c<\/span><\/li>\n<li style=\"font-weight: 400\"><span style=\"font-weight: 400\">S\u1ed1 CMND kh\u00f4ng tr\u00f9ng v\u1edbi s\u1ed1 CMND \u0111\u0103ng k\u00fd \u1edf ng\u00e2n h\u00e0ng<\/span><\/li>\n<li style=\"font-weight: 400\"><span style=\"font-weight: 400\">S\u1ed1 \u0111i\u1ec7n tho\u1ea1i Moca kh\u00f4ng tr\u00f9ng v\u1edbi s\u1ed1 \u0111i\u1ec7n tho\u1ea1i \u0111\u0103ng k\u00fd \u1edf ng\u00e2n h\u00e0ng<\/span><\/li>\n<\/ul>\n<p><span style=\"font-weight: 400\">H\u00ecnh \u1ea3nh minh h\u1ecda:<\/span><\/p>\n<p><img loading=\"lazy\" decoding=\"async\" class=\"aligncenter wp-image-34290 size-full\" src=\"https:\/\/assets.grab.com\/wp-content\/uploads\/sites\/11\/2019\/03\/20125419\/VTB04.png\" alt=\"\" width=\"561\" height=\"391\" srcset=\"https:\/\/assets.grab.com\/wp-content\/uploads\/sites\/11\/2019\/03\/20125419\/VTB04.png 561w, https:\/\/assets.grab.com\/wp-content\/uploads\/sites\/11\/2019\/03\/20125419\/VTB04-250x174.png 250w, https:\/\/assets.grab.com\/wp-content\/uploads\/sites\/11\/2019\/03\/20125419\/VTB04-120x84.png 120w\" sizes=\"(max-width: 561px) 100vw, 561px\" \/><\/p>\n<p><span style=\"font-weight: 400\">Gi\u1ea3i ph\u00e1p:<\/span><\/p>\n<ul>\n<li style=\"font-weight: 400\"><span style=\"font-weight: 400\">Kh\u00e1ch h\u00e0ng c\u1ea7n ki\u1ec3m tra l\u1ea1i th\u00f4ng tin nh\u1eadp tr\u00ean Grab\/Moca v\u00e0 th\u00f4ng tin tr\u00ean th\u1ebb xem \u0111\u00e3 ch\u00ednh x\u00e1c ch\u01b0a<\/span><\/li>\n<li style=\"font-weight: 400\"><span style=\"font-weight: 400\">Kh\u00e1ch h\u00e0ng c\u1ea7n ki\u1ec3m tra l\u1ea1i s\u1ed1 CMND xem \u0111\u00e3 gi\u1ed1ng v\u1edbi s\u1ed1 \u0111\u0103ng k\u00fd \u1edf ng\u00e2n h\u00e0ng hay ch\u01b0a. Kh\u00e1ch h\u00e0ng c\u00f3 th\u1ec3 li\u00ean k\u1ebft v\u00e0 nh\u1eadp l\u1ea1i s\u1ed1 CMND<\/span><\/li>\n<li style=\"font-weight: 400\"><span style=\"font-weight: 400\">Kh\u00e1ch h\u00e0ng c\u1ea7n ki\u1ec3m tra l\u1ea1i s\u1ed1 \u0111i\u1ec7n tho\u1ea1i t\u00e0i kho\u1ea3n Grab\/Moca c\u00f3 tr\u00f9ng v\u1edbi s\u1ed1 \u0111i\u1ec7n tho\u1ea1i \u0111\u0103ng k\u00fd \u1edf ng\u00e2n h\u00e0ng kh\u00f4ng. L\u01b0u \u00fd: Moca ch\u01b0a h\u1ed7 tr\u1ee3 n\u1ebfu Kh\u00e1ch h\u00e0ng \u0111\u00e3 \u0111\u1ed5i t\u1eeb \u0111\u1ea7u 11 s\u1ed1 sang 10 s\u1ed1 \u1edf ng\u00e2n h\u00e0ng.<\/span><\/li>\n<\/ul>","protected":false},"excerpt":{"rendered":"[VietinBank]\u00a0 Th\u00f4ng tin th\u1ebb kh\u00f4ng ch\u00ednh x\u00e1c ho\u1eb7c s\u1ed1 \u0111i\u1ec7n tho\u1ea1i t\u00e0i kho\u1ea3n kh\u00f4ng tr\u00f9ng v\u1edbi s\u1ed1 \u0111i\u1ec7n tho\u1ea1i ch\u1ee7 th\u1ebb. Nguy\u00ean nh\u00e2n: S\u1ed1 th\u1ebb kh\u00f4ng ch\u00ednh x\u00e1c Ng\u00e0y ph\u00e1t h\u00e0nh, t\u00ean tr\u00ean th\u1ebb kh\u00f4ng ch\u00ednh x\u00e1c S\u1ed1 CMND kh\u00f4ng tr\u00f9ng v\u1edbi s\u1ed1 CMND \u0111\u0103ng k\u00fd \u1edf ng\u00e2n h\u00e0ng S\u1ed1 \u0111i\u1ec7n tho\u1ea1i Moca kh\u00f4ng tr\u00f9ng [&hellip;]","protected":false},"author":237,"featured_media":0,"parent":0,"menu_order":0,"comment_status":"closed","ping_status":"closed","template":"","meta":{"_acf_changed":false,"footnotes":""},"acf":[],"_links":{"self":[{"href":"https:\/\/www.grab.com\/vn\/en\/wp-json\/wp\/v2\/pages\/34289"}],"collection":[{"href":"https:\/\/www.grab.com\/vn\/en\/wp-json\/wp\/v2\/pages"}],"about":[{"href":"https:\/\/www.grab.com\/vn\/en\/wp-json\/wp\/v2\/types\/page"}],"author":[{"embeddable":true,"href":"https:\/\/www.grab.com\/vn\/en\/wp-json\/wp\/v2\/users\/237"}],"replies":[{"embeddable":true,"href":"https:\/\/www.grab.com\/vn\/en\/wp-json\/wp\/v2\/comments?post=34289"}],"version-history":[{"count":2,"href":"https:\/\/www.grab.com\/vn\/en\/wp-json\/wp\/v2\/pages\/34289\/revisions"}],"predecessor-version":[{"id":54480,"href":"https:\/\/www.grab.com\/vn\/en\/wp-json\/wp\/v2\/pages\/34289\/revisions\/54480"}],"wp:attachment":[{"href":"https:\/\/www.grab.com\/vn\/en\/wp-json\/wp\/v2\/media?parent=34289"}],"curies":[{"name":"wp","href":"https:\/\/api.w.org\/{rel}","templated":true}]}}