{"id":34272,"date":"2019-03-20T11:42:58","date_gmt":"2019-03-20T03:42:58","guid":{"rendered":"https:\/\/www.grab.com\/vn\/?page_id=34272"},"modified":"2019-12-27T12:24:35","modified_gmt":"2019-12-27T04:24:35","slug":"vcb4","status":"publish","type":"page","link":"https:\/\/www.grab.com\/vn\/en\/vcb4\/","title":{"rendered":"H\u01b0\u1edbng d\u1eabn kh\u1eafc ph\u1ee5c l\u1ed7i khi k\u00edch ho\u1ea1t V\u00ed \u0111i\u1ec7n t\u1eed Moca tr\u00ean \u1ee9ng d\u1ee5ng Grab"},"content":{"rendered":"<p style=\"text-align: center\"><strong>[Vietcombank]\u00a0<\/strong><b> Giao d\u1ecbch kh\u00f4ng th\u00e0nh c\u00f4ng: T\u00e0i kho\u1ea3n kh\u00f4ng \u0111\u1ee7 s\u1ed1 d\u01b0<\/b><\/p>\n<p><strong>Nguy\u00ean nh\u00e2n: <\/strong><\/p>\n<ul>\n<li style=\"font-weight: 400\"><span style=\"font-weight: 400\">T\u00e0i kho\u1ea3n thanh to\u00e1n m\u1eb7c \u0111\u1ecbnh li\u00ean k\u1ebft v\u1edbi th\u1ebb Vietcombank \u0111ang kh\u00f4ng \u0111\u1ee7 s\u1ed1 d\u01b0 \u0111\u1ec3 giao d\u1ecbch.<\/span><\/li>\n<li style=\"font-weight: 400\"><span style=\"font-weight: 400\">T\u00e0i kho\u1ea3n thanh to\u00e1n m\u1eb7c \u0111\u1ecbnh c\u1ee7a Kh\u00e1ch h\u00e0ng kh\u00f4ng ph\u1ea3i l\u00e0 t\u00e0i kho\u1ea3n VN\u0110<\/span><\/li>\n<\/ul>\n<p><i><span style=\"font-weight: 400\">1 th\u1ebb ATM ho\u1eb7c Debit qu\u1ed1c t\u1ebf lu\u00f4n lu\u00f4n g\u1eafn v\u1edbi m\u1ed9t t\u00e0i kho\u1ea3n ng\u00e2n h\u00e0ng. 1 c\u00e1 nh\u00e2n c\u00f3 th\u1ec3 t\u1ea1o nhi\u1ec1u t\u00e0i kho\u1ea3n ng\u00e2n h\u00e0ng, v\u00ec th\u1ebf t\u00e0i kho\u1ea3n m\u1eb7c \u0111\u1ecbnh g\u1eafn v\u1edbi th\u1ebb s\u1ebd \u0111\u01b0\u1ee3c ch\u1ecdn khi Kh\u00e1ch h\u00e0ng th\u1ef1c hi\u1ec7n thanh to\u00e1n ho\u1eb7c li\u00ean k\u1ebft V\u00ed.<\/span><\/i><\/p>\n<p><i><span style=\"font-weight: 400\">Nhi\u1ec1u Kh\u00e1ch h\u00e0ng ch\u1eafc ch\u1eafn t\u00e0i kho\u1ea3n c\u00f2n ti\u1ec1n nh\u01b0ng ph\u1ea3i ch\u1eafc ch\u1eafn l\u00e0 t\u00e0i kho\u1ea3n c\u00f2n ti\u1ec1n \u0111\u00f3 c\u00f3 \u0111ang l\u00e0 t\u00e0i kho\u1ea3n m\u1eb7c \u0111\u1ecbnh g\u1eafn v\u1edbi th\u1ebb ATM ho\u1eb7c Debit kh\u00f4ng. Kh\u00e1ch h\u00e0ng c\u00f3 th\u1ec3 ki\u1ec3m tra t\u00e0i kho\u1ea3n xem c\u00f2n bao nhi\u00eau ti\u1ec1n v\u00e0 t\u00e0i kho\u1ea3n n\u00e0o \u0111ang \u0111\u01b0\u1ee3c g\u1eafn v\u1edbi v\u00ed v\u1edbi h\u01b0\u1edbng d\u1eabn b\u00ean d\u01b0\u1edbi.<\/span><\/i><\/p>\n<p><span style=\"text-decoration: underline\"><span style=\"font-weight: 400\">H\u00ecnh \u1ea3nh minh h\u1ecda:<\/span><\/span><\/p>\n<p><img loading=\"lazy\" decoding=\"async\" class=\"alignnone wp-image-34273 size-full\" src=\"https:\/\/assets.grab.com\/wp-content\/uploads\/sites\/11\/2019\/03\/20113456\/VCB-51.png\" alt=\"\" width=\"454\" height=\"364\" srcset=\"https:\/\/assets.grab.com\/wp-content\/uploads\/sites\/11\/2019\/03\/20113456\/VCB-51.png 454w, https:\/\/assets.grab.com\/wp-content\/uploads\/sites\/11\/2019\/03\/20113456\/VCB-51-250x200.png 250w, https:\/\/assets.grab.com\/wp-content\/uploads\/sites\/11\/2019\/03\/20113456\/VCB-51-120x96.png 120w\" sizes=\"(max-width: 454px) 100vw, 454px\" \/><\/p>\n<p><strong>Gi\u1ea3i ph\u00e1p: <\/strong><\/p>\n<ol>\n<li style=\"font-weight: 400\"><span style=\"font-weight: 400\">Kh\u00e1ch h\u00e0ng vui l\u00f2ng ki\u1ec3m tra l\u1ea1i \u0111\u1ec3 ch\u1eafc ch\u1eafn l\u00e0 t\u00e0i kho\u1ea3n thanh to\u00e1n c\u1ee7a Kh\u00e1ch h\u00e0ng l\u00e0 t\u00e0i kho\u1ea3n VN\u0110<\/span><\/li>\n<li style=\"font-weight: 400\"><span style=\"font-weight: 400\">Th\u1ebb VCB ch\u1ec9 c\u00f3 m\u1ed9t nh\u01b0ng c\u00f3 th\u1ec3 g\u1eafn v\u1edbi nhi\u1ec1u t\u00e0i kho\u1ea3n Kh\u00e1ch h\u00e0ng. Kh\u00e1ch h\u00e0ng vui l\u00f2ng ki\u1ec3m tra l\u1ea1i \u0111\u1ec3 ch\u1eafc ch\u1eafn l\u00e0 t\u00e0i kho\u1ea3n thanh to\u00e1n \u0111ang li\u00ean k\u1ebft v\u1edbi th\u1ebb \u0111ang c\u00f3 \u0111\u1ee7 ti\u1ec1n \u0111\u1ec3 giao d\u1ecbch.<\/span><\/li>\n<\/ol>\n<h3><b>Ki\u1ec3m tra t\u00e0i kho\u1ea3n thanh to\u00e1n m\u1eb7c \u0111\u1ecbnh g\u1eafn v\u1edbi th\u1ebb tr\u00ean Internet Banking.<\/b><\/h3>\n<ul>\n<li style=\"font-weight: 400\"><span style=\"font-weight: 400\">B\u01b0\u1edbc 1: \u0110\u0103ng nh\u1eadp Internet Banking, \u1edf thanh menu, ch\u1ecdn: Ti\u1ec7n \u00edch gia t\u0103ng \u2192 Thay \u0111\u1ed5i t\u00e0i kho\u1ea3n thanh to\u00e1n ch\u1ec9 \u0111\u1ecbnh<\/span><\/li>\n<li style=\"font-weight: 400\"><span style=\"font-weight: 400\">B\u01b0\u1edbc 2: \u1ede ph\u1ea7n \u201cS\u1ed1 t\u00e0i kho\u1ea3n hi\u1ec7n t\u1ea1i&#8221; l\u00e0 t\u00e0i kho\u1ea3n m\u1eb7c \u0111\u1ecbnh \u0111ang li\u00ean k\u1ebft v\u1edbi th\u1ebb. Kh\u00e1ch h\u00e0ng c\u00f3 th\u1ec3 \u0111\u1ed5i qua t\u00e0i kho\u1ea3n c\u00f3 ti\u1ec1n kh\u00e1c \u1edf m\u00e0n h\u00ecnh n\u00e0y.<\/span><\/li>\n<\/ul>\n<p><img loading=\"lazy\" decoding=\"async\" class=\"aligncenter wp-image-34276 size-full\" src=\"https:\/\/assets.grab.com\/wp-content\/uploads\/sites\/11\/2019\/03\/20114030\/VCB-5_2A.png\" alt=\"\" width=\"404\" height=\"461\" srcset=\"https:\/\/assets.grab.com\/wp-content\/uploads\/sites\/11\/2019\/03\/20114030\/VCB-5_2A.png 404w, https:\/\/assets.grab.com\/wp-content\/uploads\/sites\/11\/2019\/03\/20114030\/VCB-5_2A-250x285.png 250w, https:\/\/assets.grab.com\/wp-content\/uploads\/sites\/11\/2019\/03\/20114030\/VCB-5_2A-120x137.png 120w\" sizes=\"(max-width: 404px) 100vw, 404px\" \/><br \/>\n<img loading=\"lazy\" decoding=\"async\" class=\"aligncenter wp-image-34277 size-full\" src=\"https:\/\/assets.grab.com\/wp-content\/uploads\/sites\/11\/2019\/03\/20114031\/VCB-5_2B.png\" alt=\"\" width=\"815\" height=\"557\" srcset=\"https:\/\/assets.grab.com\/wp-content\/uploads\/sites\/11\/2019\/03\/20114031\/VCB-5_2B.png 815w, https:\/\/assets.grab.com\/wp-content\/uploads\/sites\/11\/2019\/03\/20114031\/VCB-5_2B-250x171.png 250w, https:\/\/assets.grab.com\/wp-content\/uploads\/sites\/11\/2019\/03\/20114031\/VCB-5_2B-768x525.png 768w, https:\/\/assets.grab.com\/wp-content\/uploads\/sites\/11\/2019\/03\/20114031\/VCB-5_2B-700x478.png 700w, https:\/\/assets.grab.com\/wp-content\/uploads\/sites\/11\/2019\/03\/20114031\/VCB-5_2B-120x82.png 120w\" sizes=\"(max-width: 815px) 100vw, 815px\" \/><\/p>","protected":false},"excerpt":{"rendered":"[Vietcombank]\u00a0 Giao d\u1ecbch kh\u00f4ng th\u00e0nh c\u00f4ng: T\u00e0i kho\u1ea3n kh\u00f4ng \u0111\u1ee7 s\u1ed1 d\u01b0 Nguy\u00ean nh\u00e2n: T\u00e0i kho\u1ea3n thanh to\u00e1n m\u1eb7c \u0111\u1ecbnh li\u00ean k\u1ebft v\u1edbi th\u1ebb Vietcombank \u0111ang kh\u00f4ng \u0111\u1ee7 s\u1ed1 d\u01b0 \u0111\u1ec3 giao d\u1ecbch. T\u00e0i kho\u1ea3n thanh to\u00e1n m\u1eb7c \u0111\u1ecbnh c\u1ee7a Kh\u00e1ch h\u00e0ng kh\u00f4ng ph\u1ea3i l\u00e0 t\u00e0i kho\u1ea3n VN\u0110 1 th\u1ebb ATM ho\u1eb7c Debit qu\u1ed1c t\u1ebf [&hellip;]","protected":false},"author":237,"featured_media":0,"parent":0,"menu_order":0,"comment_status":"closed","ping_status":"closed","template":"","meta":{"_acf_changed":false,"footnotes":""},"acf":[],"_links":{"self":[{"href":"https:\/\/www.grab.com\/vn\/en\/wp-json\/wp\/v2\/pages\/34272"}],"collection":[{"href":"https:\/\/www.grab.com\/vn\/en\/wp-json\/wp\/v2\/pages"}],"about":[{"href":"https:\/\/www.grab.com\/vn\/en\/wp-json\/wp\/v2\/types\/page"}],"author":[{"embeddable":true,"href":"https:\/\/www.grab.com\/vn\/en\/wp-json\/wp\/v2\/users\/237"}],"replies":[{"embeddable":true,"href":"https:\/\/www.grab.com\/vn\/en\/wp-json\/wp\/v2\/comments?post=34272"}],"version-history":[{"count":2,"href":"https:\/\/www.grab.com\/vn\/en\/wp-json\/wp\/v2\/pages\/34272\/revisions"}],"predecessor-version":[{"id":46913,"href":"https:\/\/www.grab.com\/vn\/en\/wp-json\/wp\/v2\/pages\/34272\/revisions\/46913"}],"wp:attachment":[{"href":"https:\/\/www.grab.com\/vn\/en\/wp-json\/wp\/v2\/media?parent=34272"}],"curies":[{"name":"wp","href":"https:\/\/api.w.org\/{rel}","templated":true}]}}