{"id":30927,"date":"2019-01-08T01:12:16","date_gmt":"2019-01-07T17:12:16","guid":{"rendered":"https:\/\/www.grab.com\/vn\/?page_id=30927"},"modified":"2019-05-08T20:24:32","modified_gmt":"2019-05-08T12:24:32","slug":"thanh-toan-de-dang-tai-cua-hang-bang-vi-dien-tu-moca-tren-ung-dung-grab","status":"publish","type":"page","link":"https:\/\/www.grab.com\/vn\/en\/thanh-toan-de-dang-tai-cua-hang-bang-vi-dien-tu-moca-tren-ung-dung-grab\/","title":{"rendered":"Tr\u1ea3i nghi\u1ec7m t\u00ednh n\u0103ng thanh to\u00e1n t\u1ea1i c\u1eeda h\u00e0ng v\u1edbi V\u00ed \u0111i\u1ec7n t\u1eed Moca tr\u00ean \u1ee9ng d\u1ee5ng Grab"},"content":{"rendered":"","protected":false},"excerpt":{"rendered":"","protected":false},"author":237,"featured_media":0,"parent":0,"menu_order":0,"comment_status":"closed","ping_status":"closed","template":"tpl\/tpl-page-sections.php","meta":{"_acf_changed":false,"footnotes":""},"acf":[],"_links":{"self":[{"href":"https:\/\/www.grab.com\/vn\/en\/wp-json\/wp\/v2\/pages\/30927"}],"collection":[{"href":"https:\/\/www.grab.com\/vn\/en\/wp-json\/wp\/v2\/pages"}],"about":[{"href":"https:\/\/www.grab.com\/vn\/en\/wp-json\/wp\/v2\/types\/page"}],"author":[{"embeddable":true,"href":"https:\/\/www.grab.com\/vn\/en\/wp-json\/wp\/v2\/users\/237"}],"replies":[{"embeddable":true,"href":"https:\/\/www.grab.com\/vn\/en\/wp-json\/wp\/v2\/comments?post=30927"}],"version-history":[{"count":1,"href":"https:\/\/www.grab.com\/vn\/en\/wp-json\/wp\/v2\/pages\/30927\/revisions"}],"predecessor-version":[{"id":36890,"href":"https:\/\/www.grab.com\/vn\/en\/wp-json\/wp\/v2\/pages\/30927\/revisions\/36890"}],"wp:attachment":[{"href":"https:\/\/www.grab.com\/vn\/en\/wp-json\/wp\/v2\/media?parent=30927"}],"curies":[{"name":"wp","href":"https:\/\/api.w.org\/{rel}","templated":true}]}}