{"id":203369,"date":"2026-04-06T11:54:34","date_gmt":"2026-04-06T03:54:34","guid":{"rendered":"https:\/\/www.grab.com\/vn\/?p=203369"},"modified":"2026-04-06T12:18:25","modified_gmt":"2026-04-06T04:18:25","slug":"capnhat2026","status":"publish","type":"page","link":"https:\/\/www.grab.com\/vn\/en\/capnhat2026\/","title":{"rendered":"Grab 2 b\u00e1nh | C\u1eadp nh\u1eadt \u0111\u1ed1i v\u1edbi d\u1ecbch v\u1ee5 GrabFood v\u00e0 GrabMart t\u1ea1i m\u1ed9t s\u1ed1 khu v\u1ef1c t\u1eeb ng\u00e0y 09\/4\/2026"},"content":{"rendered":"<div data-elementor-type=\"wp-post\" data-elementor-id=\"203369\" class=\"elementor elementor-203369\" data-elementor-post-type=\"page\">\n\t\t\t\t\t\t<section class=\"elementor-section elementor-top-section elementor-element elementor-element-9609c5f elementor-section-boxed elementor-section-height-default elementor-section-height-default\" data-id=\"9609c5f\" data-element_type=\"section\">\n\t\t\t\t\t\t<div class=\"elementor-container elementor-column-gap-default\">\n\t\t\t\t\t<div class=\"elementor-column elementor-col-100 elementor-top-column elementor-element elementor-element-6701a9e\" data-id=\"6701a9e\" data-element_type=\"column\">\n\t\t\t<div class=\"elementor-widget-wrap elementor-element-populated\">\n\t\t\t\t\t\t<div class=\"elementor-element elementor-element-1c14b5a elementor-widget elementor-widget-image\" data-id=\"1c14b5a\" data-element_type=\"widget\" data-widget_type=\"image.default\">\n\t\t\t\t<div class=\"elementor-widget-container\">\n\t\t\t\t\t\t\t\t\t\t\t\t\t<img loading=\"lazy\" decoding=\"async\" width=\"2000\" height=\"667\" src=\"https:\/\/assets.grab.com\/wp-content\/uploads\/sites\/11\/2026\/04\/06115322\/Cap-nhat-grabmart-grabfood-tu-9_4.png\" class=\"attachment-full size-full wp-image-203370\" alt=\"\" srcset=\"https:\/\/assets.grab.com\/wp-content\/uploads\/sites\/11\/2026\/04\/06115322\/Cap-nhat-grabmart-grabfood-tu-9_4.png 2000w, https:\/\/assets.grab.com\/wp-content\/uploads\/sites\/11\/2026\/04\/06115322\/Cap-nhat-grabmart-grabfood-tu-9_4-250x83.png 250w, https:\/\/assets.grab.com\/wp-content\/uploads\/sites\/11\/2026\/04\/06115322\/Cap-nhat-grabmart-grabfood-tu-9_4-700x233.png 700w, https:\/\/assets.grab.com\/wp-content\/uploads\/sites\/11\/2026\/04\/06115322\/Cap-nhat-grabmart-grabfood-tu-9_4-768x256.png 768w, https:\/\/assets.grab.com\/wp-content\/uploads\/sites\/11\/2026\/04\/06115322\/Cap-nhat-grabmart-grabfood-tu-9_4-1536x512.png 1536w, https:\/\/assets.grab.com\/wp-content\/uploads\/sites\/11\/2026\/04\/06115322\/Cap-nhat-grabmart-grabfood-tu-9_4-18x6.png 18w, https:\/\/assets.grab.com\/wp-content\/uploads\/sites\/11\/2026\/04\/06115322\/Cap-nhat-grabmart-grabfood-tu-9_4-120x40.png 120w\" sizes=\"(max-width: 2000px) 100vw, 2000px\" \/>\t\t\t\t\t\t\t\t\t\t\t\t\t<\/div>\n\t\t\t\t<\/div>\n\t\t\t\t<div class=\"elementor-element elementor-element-1c79b7e elementor-widget elementor-widget-text-editor\" data-id=\"1c79b7e\" data-element_type=\"widget\" data-widget_type=\"text-editor.default\">\n\t\t\t\t<div class=\"elementor-widget-container\">\n\t\t\t\t\t\t\t<p dir=\"ltr\" style=\"line-height: 1.2; margin-top: 0pt; margin-bottom: 0pt;\"><span style=\"font-size: 11pt; font-family: 'Proxima Nova',sans-serif; color: #00b14f; background-color: transparent; font-weight: bold; font-style: normal; font-variant: normal; text-decoration: none; vertical-align: baseline; white-space: pre-wrap;\">Qu\u00fd \u0110\u1ed1i t\u00e1c th\u00e2n m\u1ebfn,<\/span><\/p><p dir=\"ltr\" style=\"line-height: 1.2; margin-top: 0pt; margin-bottom: 0pt;\"><span style=\"font-size: 11pt; font-family: 'Proxima Nova',sans-serif; color: #00b14f; background-color: transparent; font-weight: bold; font-style: normal; font-variant: normal; text-decoration: none; vertical-align: baseline; white-space: pre-wrap;\">\u00a0<\/span><\/p><p><span style=\"font-size: 11pt; font-family: 'Proxima Nova', sans-serif; color: #000000; background-color: transparent; font-variant-numeric: normal; font-variant-east-asian: normal; font-variant-alternates: normal; font-variant-position: normal; font-variant-emoji: normal; vertical-align: baseline; white-space-collapse: preserve;\">T\u1eeb ng\u00e0y 09\/4\/2026, Grab tri\u1ec3n khai m\u1ed9t s\u1ed1 <\/span><span style=\"font-size: 11pt; font-family: 'Proxima Nova', sans-serif; color: #00b14f; background-color: transparent; font-weight: bold; font-variant-numeric: normal; font-variant-east-asian: normal; font-variant-alternates: normal; font-variant-position: normal; font-variant-emoji: normal; vertical-align: baseline; white-space-collapse: preserve;\">c\u1eadp nh\u1eadt<\/span><span style=\"font-size: 11pt; font-family: 'Proxima Nova', sans-serif; color: #000000; background-color: transparent; font-variant-numeric: normal; font-variant-east-asian: normal; font-variant-alternates: normal; font-variant-position: normal; font-variant-emoji: normal; vertical-align: baseline; white-space-collapse: preserve;\"> \u0111\u1ed1i v\u1edbi d\u1ecbch v\u1ee5 GrabFood v\u00e0 GrabMart t\u1ea1i c\u00e1c t\u1ec9nh th\u00e0nh c\u00f2n l\u1ea1i tr\u00ean <\/span><span style=\"font-size: 11pt; font-family: 'Proxima Nova', sans-serif; color: #000000; background-color: transparent; font-weight: bold; font-variant-numeric: normal; font-variant-east-asian: normal; font-variant-alternates: normal; font-variant-position: normal; font-variant-emoji: normal; vertical-align: baseline; white-space-collapse: preserve;\">to\u00e0n qu\u1ed1c <\/span><span style=\"font-size: 11pt; font-family: 'Proxima Nova', sans-serif; color: #000000; background-color: transparent; font-variant-numeric: normal; font-variant-east-asian: normal; font-variant-alternates: normal; font-variant-position: normal; font-variant-emoji: normal; vertical-align: baseline; white-space-collapse: preserve;\">(ngo\u1ea1i tr\u1eeb TP. H\u1ed3 Ch\u00ed Minh, H\u00e0 N\u1ed9i, Long An, B\u00ecnh D\u01b0\u01a1ng, \u0110\u1ed3ng Nai, B\u1eafc Ninh, V\u0129nh Ph\u00fac \u0111\u00e3 \u00e1p d\u1ee5ng tr\u01b0\u1edbc \u0111\u00f3), c\u1ee5 th\u1ec3 nh\u01b0 sau:<\/span><\/p>\t\t\t\t\t\t<\/div>\n\t\t\t\t<\/div>\n\t\t\t\t\t<\/div>\n\t\t<\/div>\n\t\t\t\t\t<\/div>\n\t\t<\/section>\n\t\t\t\t<section class=\"elementor-section elementor-top-section elementor-element elementor-element-a56cb5b elementor-section-boxed elementor-section-height-default elementor-section-height-default\" data-id=\"a56cb5b\" data-element_type=\"section\">\n\t\t\t\t\t\t<div class=\"elementor-container elementor-column-gap-default\">\n\t\t\t\t\t<div class=\"elementor-column elementor-col-100 elementor-top-column elementor-element elementor-element-8f52a37\" data-id=\"8f52a37\" data-element_type=\"column\">\n\t\t\t<div class=\"elementor-widget-wrap elementor-element-populated\">\n\t\t\t\t\t\t<div class=\"elementor-element elementor-element-7d58b16 elementor-widget elementor-widget-image\" data-id=\"7d58b16\" data-element_type=\"widget\" data-widget_type=\"image.default\">\n\t\t\t\t<div class=\"elementor-widget-container\">\n\t\t\t\t\t\t\t\t\t\t\t\t\t<img loading=\"lazy\" decoding=\"async\" width=\"2000\" height=\"2299\" src=\"https:\/\/assets.grab.com\/wp-content\/uploads\/sites\/11\/2026\/04\/06115335\/Chi-tiet-cap-nhat.png\" class=\"attachment-full size-full wp-image-203371\" alt=\"\" srcset=\"https:\/\/assets.grab.com\/wp-content\/uploads\/sites\/11\/2026\/04\/06115335\/Chi-tiet-cap-nhat.png 2000w, https:\/\/assets.grab.com\/wp-content\/uploads\/sites\/11\/2026\/04\/06115335\/Chi-tiet-cap-nhat-250x287.png 250w, https:\/\/assets.grab.com\/wp-content\/uploads\/sites\/11\/2026\/04\/06115335\/Chi-tiet-cap-nhat-700x805.png 700w, https:\/\/assets.grab.com\/wp-content\/uploads\/sites\/11\/2026\/04\/06115335\/Chi-tiet-cap-nhat-768x883.png 768w, https:\/\/assets.grab.com\/wp-content\/uploads\/sites\/11\/2026\/04\/06115335\/Chi-tiet-cap-nhat-1336x1536.png 1336w, https:\/\/assets.grab.com\/wp-content\/uploads\/sites\/11\/2026\/04\/06115335\/Chi-tiet-cap-nhat-1782x2048.png 1782w, https:\/\/assets.grab.com\/wp-content\/uploads\/sites\/11\/2026\/04\/06115335\/Chi-tiet-cap-nhat-10x12.png 10w, https:\/\/assets.grab.com\/wp-content\/uploads\/sites\/11\/2026\/04\/06115335\/Chi-tiet-cap-nhat-120x138.png 120w\" sizes=\"(max-width: 2000px) 100vw, 2000px\" \/>\t\t\t\t\t\t\t\t\t\t\t\t\t<\/div>\n\t\t\t\t<\/div>\n\t\t\t\t\t<\/div>\n\t\t<\/div>\n\t\t\t\t\t<\/div>\n\t\t<\/section>\n\t\t\t\t<section class=\"elementor-section elementor-top-section elementor-element elementor-element-a9ee922 elementor-section-boxed elementor-section-height-default elementor-section-height-default\" data-id=\"a9ee922\" data-element_type=\"section\">\n\t\t\t\t\t\t<div class=\"elementor-container elementor-column-gap-default\">\n\t\t\t\t\t<div class=\"elementor-column elementor-col-100 elementor-top-column elementor-element elementor-element-9516815\" data-id=\"9516815\" data-element_type=\"column\">\n\t\t\t<div class=\"elementor-widget-wrap elementor-element-populated\">\n\t\t\t\t\t\t<div class=\"elementor-element elementor-element-7b62837 elementor-widget elementor-widget-text-editor\" data-id=\"7b62837\" data-element_type=\"widget\" data-widget_type=\"text-editor.default\">\n\t\t\t\t<div class=\"elementor-widget-container\">\n\t\t\t\t\t\t\t<p dir=\"ltr\" style=\"line-height: 1.2; margin-top: 0pt; margin-bottom: 0pt;\"><span style=\"font-size: 11pt; font-family: 'Proxima Nova',sans-serif; color: #000000; background-color: transparent; font-weight: bold; font-style: normal; font-variant: normal; text-decoration: none; vertical-align: baseline; white-space: pre-wrap;\">Details: <\/span><span style=\"font-size: 11pt; font-family: 'Proxima Nova',sans-serif; color: #000000; background-color: transparent; font-weight: 400; font-style: normal; font-variant: normal; text-decoration: none; vertical-align: baseline; white-space: pre-wrap;\">Vi\u1ec7c c\u1eadp nh\u1eadt tr\u00ean s\u1ebd <\/span><span style=\"font-size: 11pt; font-family: 'Proxima Nova',sans-serif; color: #00b14f; background-color: transparent; font-weight: bold; font-style: normal; font-variant: normal; text-decoration: none; vertical-align: baseline; white-space: pre-wrap;\">kh\u00f4ng \u1ea3nh h\u01b0\u1edfng<\/span><span style=\"font-size: 11pt; font-family: 'Proxima Nova',sans-serif; color: #000000; background-color: transparent; font-weight: 400; font-style: normal; font-variant: normal; text-decoration: none; vertical-align: baseline; white-space: pre-wrap;\"> \u0111\u1ebfn quy tr\u00ecnh th\u1ef1c hi\u1ec7n chuy\u1ebfn xe v\u00e0 c\u00e1ch th\u1ee9c thu ti\u1ec1n c\u1ee7a \u0110\u1ed1i t\u00e1c.<\/span><\/p><p dir=\"ltr\" style=\"line-height: 1.2; margin-top: 0pt; margin-bottom: 0pt;\"><span style=\"font-size: 11pt; font-family: 'Proxima Nova',sans-serif; color: #000000; background-color: transparent; font-weight: 400; font-style: normal; font-variant: normal; text-decoration: none; vertical-align: baseline; white-space: pre-wrap;\">\u00a0<\/span><\/p><p dir=\"ltr\" style=\"line-height: 1.2; margin-top: 0pt; margin-bottom: 0pt;\"><span style=\"font-size: 11pt; font-family: 'Proxima Nova',sans-serif; color: #000000; background-color: transparent; font-weight: 400; font-style: normal; font-variant: normal; text-decoration: none; vertical-align: baseline; white-space: pre-wrap;\">M\u1ecdi th\u1eafc m\u1eafc \u0110\u1ed1i t\u00e1c vui l\u00f2ng truy c\u1eadp m\u1ee5c <\/span><span style=\"font-size: 11pt; font-family: 'Proxima Nova',sans-serif; color: #00b14f; background-color: transparent; font-weight: bold; font-style: normal; font-variant: normal; text-decoration: none; vertical-align: baseline; white-space: pre-wrap;\">Tr\u1ee3 Gi\u00fap <\/span><span style=\"font-size: 11pt; font-family: 'Proxima Nova',sans-serif; color: #000000; background-color: transparent; font-weight: 400; font-style: normal; font-variant: normal; text-decoration: none; vertical-align: baseline; white-space: pre-wrap;\">tr\u1ef1c ti\u1ebfp tr\u00ean \u1ee9ng d\u1ee5ng Grab Driver \u0111\u1ec3 \u0111\u01b0\u1ee3c h\u1ed7 tr\u1ee3.<\/span><\/p><p dir=\"ltr\" style=\"line-height: 1.2; margin-top: 0pt; margin-bottom: 0pt;\"><span style=\"font-size: 11pt; font-family: 'Proxima Nova',sans-serif; color: #000000; background-color: transparent; font-weight: 400; font-style: normal; font-variant: normal; text-decoration: none; vertical-align: baseline; white-space: pre-wrap;\">\u00a0<\/span><\/p><p dir=\"ltr\" style=\"line-height: 1.2; margin-top: 0pt; margin-bottom: 0pt;\"><span style=\"font-size: 11pt; font-family: 'Proxima Nova',sans-serif; color: #000000; background-color: transparent; font-weight: 400; font-style: normal; font-variant: normal; text-decoration: none; vertical-align: baseline; white-space: pre-wrap;\">M\u1ebfn ch\u00fac \u0110\u1ed1i t\u00e1c ho\u1ea1t \u0111\u1ed9ng hi\u1ec7u qu\u1ea3 v\u00e0 an to\u00e0n.<\/span><\/p><p dir=\"ltr\" style=\"line-height: 1.2; margin-top: 0pt; margin-bottom: 0pt;\"><span style=\"font-size: 11pt; font-family: 'Proxima Nova',sans-serif; color: #000000; background-color: transparent; font-weight: 400; font-style: normal; font-variant: normal; text-decoration: none; vertical-align: baseline; white-space: pre-wrap;\">\u00a0<\/span><\/p><p dir=\"ltr\" style=\"line-height: 1.2; margin-top: 0pt; margin-bottom: 0pt;\"><span style=\"font-size: 11pt; font-family: 'Proxima Nova',sans-serif; color: #00b14f; background-color: transparent; font-weight: bold; font-style: normal; font-variant: normal; text-decoration: none; vertical-align: baseline; white-space: pre-wrap;\">Tr\u00e2n tr\u1ecdng,<\/span><\/p><p dir=\"ltr\" style=\"line-height: 1.2; margin-top: 0pt; margin-bottom: 0pt;\"><span style=\"font-size: 11pt; font-family: 'Proxima Nova',sans-serif; color: #00b14f; background-color: transparent; font-weight: bold; font-style: normal; font-variant: normal; text-decoration: none; vertical-align: baseline; white-space: pre-wrap;\">\u0110\u1ed9i ng\u0169 Grab.<\/span><\/p>\t\t\t\t\t\t<\/div>\n\t\t\t\t<\/div>\n\t\t\t\t\t<\/div>\n\t\t<\/div>\n\t\t\t\t\t<\/div>\n\t\t<\/section>\n\t\t\t\t<\/div>","protected":false},"excerpt":{"rendered":"Qu\u00fd \u0110\u1ed1i t\u00e1c th\u00e2n m\u1ebfn, \u00a0 T\u1eeb ng\u00e0y 09\/4\/2026, Grab tri\u1ec3n khai m\u1ed9t s\u1ed1 c\u1eadp nh\u1eadt \u0111\u1ed1i v\u1edbi d\u1ecbch v\u1ee5 GrabFood v\u00e0 GrabMart t\u1ea1i c\u00e1c t\u1ec9nh th\u00e0nh c\u00f2n l\u1ea1i tr\u00ean to\u00e0n qu\u1ed1c (ngo\u1ea1i tr\u1eeb TP. H\u1ed3 Ch\u00ed Minh, H\u00e0 N\u1ed9i, Long An, B\u00ecnh D\u01b0\u01a1ng, \u0110\u1ed3ng Nai, B\u1eafc Ninh, V\u0129nh Ph\u00fac \u0111\u00e3 \u00e1p d\u1ee5ng tr\u01b0\u1edbc \u0111\u00f3), [&hellip;]","protected":false},"author":1004,"featured_media":0,"parent":0,"menu_order":0,"comment_status":"closed","ping_status":"open","template":"elementor_header_footer","meta":{"_acf_changed":false,"footnotes":""},"acf":[],"_links":{"self":[{"href":"https:\/\/www.grab.com\/vn\/en\/wp-json\/wp\/v2\/pages\/203369"}],"collection":[{"href":"https:\/\/www.grab.com\/vn\/en\/wp-json\/wp\/v2\/pages"}],"about":[{"href":"https:\/\/www.grab.com\/vn\/en\/wp-json\/wp\/v2\/types\/page"}],"author":[{"embeddable":true,"href":"https:\/\/www.grab.com\/vn\/en\/wp-json\/wp\/v2\/users\/1004"}],"replies":[{"embeddable":true,"href":"https:\/\/www.grab.com\/vn\/en\/wp-json\/wp\/v2\/comments?post=203369"}],"version-history":[{"count":8,"href":"https:\/\/www.grab.com\/vn\/en\/wp-json\/wp\/v2\/pages\/203369\/revisions"}],"predecessor-version":[{"id":203379,"href":"https:\/\/www.grab.com\/vn\/en\/wp-json\/wp\/v2\/pages\/203369\/revisions\/203379"}],"wp:attachment":[{"href":"https:\/\/www.grab.com\/vn\/en\/wp-json\/wp\/v2\/media?parent=203369"}],"curies":[{"name":"wp","href":"https:\/\/api.w.org\/{rel}","templated":true}]}}