{"id":185034,"date":"2025-06-02T12:46:25","date_gmt":"2025-06-02T04:46:25","guid":{"rendered":"https:\/\/www.grab.com\/vn\/?page_id=185034"},"modified":"2025-06-02T17:21:46","modified_gmt":"2025-06-02T09:21:46","slug":"capnhat2025_hanoi","status":"publish","type":"page","link":"https:\/\/www.grab.com\/vn\/en\/capnhat2025_hanoi\/","title":{"rendered":"Grab 2 b\u00e1nh | C\u1eadp nh\u1eadt \u0111\u1ed1i v\u1edbi d\u1ecbch v\u1ee5 GrabFood v\u00e0 GrabMart t\u1ea1i H\u00e0 N\u1ed9i, B\u1eafc Ninh v\u00e0 V\u0129nh Ph\u00fac"},"content":{"rendered":"<div data-elementor-type=\"wp-page\" data-elementor-id=\"185034\" class=\"elementor elementor-185034\" data-elementor-post-type=\"page\">\n\t\t\t\t\t\t<section class=\"elementor-section elementor-top-section elementor-element elementor-element-fb4fb34 elementor-section-boxed elementor-section-height-default elementor-section-height-default\" data-id=\"fb4fb34\" data-element_type=\"section\">\n\t\t\t\t\t\t<div class=\"elementor-container elementor-column-gap-default\">\n\t\t\t\t\t<div class=\"elementor-column elementor-col-100 elementor-top-column elementor-element elementor-element-3a0a24f\" data-id=\"3a0a24f\" data-element_type=\"column\">\n\t\t\t<div class=\"elementor-widget-wrap elementor-element-populated\">\n\t\t\t\t\t\t<div class=\"elementor-element elementor-element-7a0fdb1 elementor-widget elementor-widget-image\" data-id=\"7a0fdb1\" data-element_type=\"widget\" data-widget_type=\"image.default\">\n\t\t\t\t<div class=\"elementor-widget-container\">\n\t\t\t\t\t\t\t\t\t\t\t\t\t<img loading=\"lazy\" decoding=\"async\" width=\"2560\" height=\"853\" src=\"https:\/\/assets.grab.com\/wp-content\/uploads\/sites\/11\/2025\/06\/02124702\/cap-nhat-cai-tien-GF-GM-banner-1-scaled.jpg\" class=\"attachment-full size-full wp-image-185036\" alt=\"\" srcset=\"https:\/\/assets.grab.com\/wp-content\/uploads\/sites\/11\/2025\/06\/02124702\/cap-nhat-cai-tien-GF-GM-banner-1-scaled.jpg 2560w, https:\/\/assets.grab.com\/wp-content\/uploads\/sites\/11\/2025\/06\/02124702\/cap-nhat-cai-tien-GF-GM-banner-1-250x83.jpg 250w, https:\/\/assets.grab.com\/wp-content\/uploads\/sites\/11\/2025\/06\/02124702\/cap-nhat-cai-tien-GF-GM-banner-1-700x233.jpg 700w, https:\/\/assets.grab.com\/wp-content\/uploads\/sites\/11\/2025\/06\/02124702\/cap-nhat-cai-tien-GF-GM-banner-1-768x256.jpg 768w, https:\/\/assets.grab.com\/wp-content\/uploads\/sites\/11\/2025\/06\/02124702\/cap-nhat-cai-tien-GF-GM-banner-1-1536x512.jpg 1536w, https:\/\/assets.grab.com\/wp-content\/uploads\/sites\/11\/2025\/06\/02124702\/cap-nhat-cai-tien-GF-GM-banner-1-2048x683.jpg 2048w, https:\/\/assets.grab.com\/wp-content\/uploads\/sites\/11\/2025\/06\/02124702\/cap-nhat-cai-tien-GF-GM-banner-1-18x6.jpg 18w, https:\/\/assets.grab.com\/wp-content\/uploads\/sites\/11\/2025\/06\/02124702\/cap-nhat-cai-tien-GF-GM-banner-1-120x40.jpg 120w\" sizes=\"(max-width: 2560px) 100vw, 2560px\" \/>\t\t\t\t\t\t\t\t\t\t\t\t\t<\/div>\n\t\t\t\t<\/div>\n\t\t\t\t\t<\/div>\n\t\t<\/div>\n\t\t\t\t\t<\/div>\n\t\t<\/section>\n\t\t\t\t<section class=\"elementor-section elementor-top-section elementor-element elementor-element-18e472b elementor-section-boxed elementor-section-height-default elementor-section-height-default\" data-id=\"18e472b\" data-element_type=\"section\">\n\t\t\t\t\t\t<div class=\"elementor-container elementor-column-gap-default\">\n\t\t\t\t\t<div class=\"elementor-column elementor-col-100 elementor-top-column elementor-element elementor-element-6bdc512\" data-id=\"6bdc512\" data-element_type=\"column\">\n\t\t\t<div class=\"elementor-widget-wrap elementor-element-populated\">\n\t\t\t\t\t\t<div class=\"elementor-element elementor-element-0dd54f5 elementor-widget elementor-widget-text-editor\" data-id=\"0dd54f5\" data-element_type=\"widget\" data-widget_type=\"text-editor.default\">\n\t\t\t\t<div class=\"elementor-widget-container\">\n\t\t\t\t\t\t\t<p dir=\"ltr\" style=\"line-height: 1.2; margin-top: 0pt; margin-bottom: 0pt;\"><span style=\"font-size: 11pt; font-family: 'Proxima Nova',sans-serif; color: #00b14f; background-color: transparent; font-weight: bold; font-style: normal; font-variant: normal; text-decoration: none; vertical-align: baseline; white-space: pre-wrap;\">Qu\u00fd \u0110\u1ed1i t\u00e1c th\u00e2n m\u1ebfn,<\/span><\/p><p dir=\"ltr\" style=\"line-height: 1.2; margin-top: 0pt; margin-bottom: 0pt;\"><span style=\"font-size: 11pt; font-family: 'Proxima Nova',sans-serif; color: #00b14f; background-color: transparent; font-weight: bold; font-style: normal; font-variant: normal; text-decoration: none; vertical-align: baseline; white-space: pre-wrap;\">\u00a0<\/span><\/p><p><span style=\"font-size: 11pt; font-family: 'Proxima Nova', sans-serif; color: #000000; background-color: transparent; font-variant-numeric: normal; font-variant-east-asian: normal; font-variant-alternates: normal; font-variant-position: normal; font-variant-emoji: normal; vertical-align: baseline; white-space-collapse: preserve;\">T\u1eeb ng\u00e0y 04\/6\/2025, Grab<\/span> <span style=\"font-size: 11pt; font-family: 'Proxima Nova', sans-serif; color: #000000; background-color: transparent; font-variant-numeric: normal; font-variant-east-asian: normal; font-variant-alternates: normal; font-variant-position: normal; font-variant-emoji: normal; vertical-align: baseline; white-space-collapse: preserve;\">c\u1eadp nh\u1eadt \u0111\u1ed1i v\u1edbi d\u1ecbch v\u1ee5<\/span><span style=\"font-size: 11pt; font-family: 'Proxima Nova', sans-serif; color: #000000; background-color: transparent; font-weight: bold; font-variant-numeric: normal; font-variant-east-asian: normal; font-variant-alternates: normal; font-variant-position: normal; font-variant-emoji: normal; vertical-align: baseline; white-space-collapse: preserve;\"> GrabFood v\u00e0 GrabMart <\/span><span style=\"font-size: 11pt; font-family: 'Proxima Nova', sans-serif; color: #000000; background-color: transparent; font-variant-numeric: normal; font-variant-east-asian: normal; font-variant-alternates: normal; font-variant-position: normal; font-variant-emoji: normal; vertical-align: baseline; white-space-collapse: preserve;\">t\u1ea1i H\u00e0 N\u1ed9i, B\u1eafc Ninh v\u00e0 V\u0129nh Ph\u00fac, c\u1ee5 th\u1ec3 nh\u01b0 sau:<\/span><\/p>\t\t\t\t\t\t<\/div>\n\t\t\t\t<\/div>\n\t\t\t\t\t<\/div>\n\t\t<\/div>\n\t\t\t\t\t<\/div>\n\t\t<\/section>\n\t\t\t\t<section class=\"elementor-section elementor-top-section elementor-element elementor-element-9233c88 elementor-section-boxed elementor-section-height-default elementor-section-height-default\" data-id=\"9233c88\" data-element_type=\"section\">\n\t\t\t\t\t\t<div class=\"elementor-container elementor-column-gap-default\">\n\t\t\t\t\t<div class=\"elementor-column elementor-col-100 elementor-top-column elementor-element elementor-element-853aef9\" data-id=\"853aef9\" data-element_type=\"column\">\n\t\t\t<div class=\"elementor-widget-wrap elementor-element-populated\">\n\t\t\t\t\t\t<div class=\"elementor-element elementor-element-9a6aeb7 elementor-widget elementor-widget-image\" data-id=\"9a6aeb7\" data-element_type=\"widget\" data-widget_type=\"image.default\">\n\t\t\t\t<div class=\"elementor-widget-container\">\n\t\t\t\t\t\t\t\t\t\t\t\t\t<img loading=\"lazy\" decoding=\"async\" width=\"3066\" height=\"2750\" src=\"https:\/\/assets.grab.com\/wp-content\/uploads\/sites\/11\/2025\/05\/15113142\/Dong-Dong-18.png\" class=\"attachment-full size-full wp-image-184345\" alt=\"\" srcset=\"https:\/\/assets.grab.com\/wp-content\/uploads\/sites\/11\/2025\/05\/15113142\/Dong-Dong-18.png 3066w, https:\/\/assets.grab.com\/wp-content\/uploads\/sites\/11\/2025\/05\/15113142\/Dong-Dong-18-250x224.png 250w, https:\/\/assets.grab.com\/wp-content\/uploads\/sites\/11\/2025\/05\/15113142\/Dong-Dong-18-700x628.png 700w, https:\/\/assets.grab.com\/wp-content\/uploads\/sites\/11\/2025\/05\/15113142\/Dong-Dong-18-768x689.png 768w, https:\/\/assets.grab.com\/wp-content\/uploads\/sites\/11\/2025\/05\/15113142\/Dong-Dong-18-1536x1378.png 1536w, https:\/\/assets.grab.com\/wp-content\/uploads\/sites\/11\/2025\/05\/15113142\/Dong-Dong-18-2048x1837.png 2048w, https:\/\/assets.grab.com\/wp-content\/uploads\/sites\/11\/2025\/05\/15113142\/Dong-Dong-18-13x12.png 13w, https:\/\/assets.grab.com\/wp-content\/uploads\/sites\/11\/2025\/05\/15113142\/Dong-Dong-18-120x108.png 120w\" sizes=\"(max-width: 3066px) 100vw, 3066px\" \/>\t\t\t\t\t\t\t\t\t\t\t\t\t<\/div>\n\t\t\t\t<\/div>\n\t\t\t\t\t<\/div>\n\t\t<\/div>\n\t\t\t\t\t<\/div>\n\t\t<\/section>\n\t\t\t\t<section class=\"elementor-section elementor-top-section elementor-element elementor-element-0bc1556 elementor-section-boxed elementor-section-height-default elementor-section-height-default\" data-id=\"0bc1556\" data-element_type=\"section\">\n\t\t\t\t\t\t<div class=\"elementor-container elementor-column-gap-default\">\n\t\t\t\t\t<div class=\"elementor-column elementor-col-100 elementor-top-column elementor-element elementor-element-f00616b\" data-id=\"f00616b\" data-element_type=\"column\">\n\t\t\t<div class=\"elementor-widget-wrap elementor-element-populated\">\n\t\t\t\t\t\t<div class=\"elementor-element elementor-element-d03a26f elementor-widget elementor-widget-text-editor\" data-id=\"d03a26f\" data-element_type=\"widget\" data-widget_type=\"text-editor.default\">\n\t\t\t\t<div class=\"elementor-widget-container\">\n\t\t\t\t\t\t\t<p dir=\"ltr\" style=\"line-height: 1.2; margin-top: 0pt; margin-bottom: 0pt;\"><span style=\"font-size: 11pt; font-family: 'Proxima Nova',sans-serif; color: #000000; background-color: transparent; font-weight: bold; font-style: normal; font-variant: normal; text-decoration: none; vertical-align: baseline; white-space: pre-wrap;\">Details:<\/span><\/p><ul style=\"margin-top: 0; margin-bottom: 0; padding-inline-start: 48px;\"><li dir=\"ltr\" style=\"list-style-type: disc; font-size: 11pt; font-family: 'Proxima Nova',sans-serif; color: #000000; background-color: transparent; font-weight: 400; font-style: normal; font-variant: normal; text-decoration: none; vertical-align: baseline; white-space: pre;\" aria-level=\"1\"><p dir=\"ltr\" style=\"line-height: 1.2; margin-top: 0pt; margin-bottom: 0pt;\" role=\"presentation\"><span style=\"font-size: 11pt; font-family: 'Proxima Nova',sans-serif; color: #000000; background-color: transparent; font-weight: 400; font-style: normal; font-variant: normal; text-decoration: none; vertical-align: baseline; white-space: pre-wrap;\">Vi\u1ec7c c\u1eadp nh\u1eadt tr\u00ean s\u1ebd <\/span><span style=\"font-size: 11pt; font-family: 'Proxima Nova',sans-serif; color: #000000; background-color: transparent; font-weight: bold; font-style: normal; font-variant: normal; text-decoration: none; vertical-align: baseline; white-space: pre-wrap;\">kh\u00f4ng \u1ea3nh h\u01b0\u1edfng<\/span><span style=\"font-size: 11pt; font-family: 'Proxima Nova',sans-serif; color: #000000; background-color: transparent; font-weight: 400; font-style: normal; font-variant: normal; text-decoration: none; vertical-align: baseline; white-space: pre-wrap;\"> \u0111\u1ebfn quy tr\u00ecnh th\u1ef1c hi\u1ec7n chuy\u1ebfn xe v\u00e0 c\u00e1ch th\u1ee9c thu ti\u1ec1n c\u1ee7a \u0110\u1ed1i t\u00e1c.<\/span><\/p><\/li><\/ul><div><span style=\"color: #000000; font-family: Proxima Nova, sans-serif;\"><span style=\"font-size: 14.6667px; white-space-collapse: preserve;\">\u00a0<\/span><\/span><\/div><p dir=\"ltr\" style=\"line-height: 1.38; margin-top: 0pt; margin-bottom: 0pt;\"><span style=\"font-size: 11pt; font-family: 'Proxima Nova',sans-serif; color: #000000; background-color: transparent; font-weight: 400; font-style: normal; font-variant: normal; text-decoration: none; vertical-align: baseline; white-space: pre-wrap;\">M\u1ecdi th\u1eafc m\u1eafc \u0110\u1ed1i t\u00e1c vui l\u00f2ng truy c\u1eadp m\u1ee5c <\/span><span style=\"font-size: 11pt; font-family: 'Proxima Nova',sans-serif; color: #00b14f; background-color: transparent; font-weight: bold; font-style: normal; font-variant: normal; text-decoration: none; vertical-align: baseline; white-space: pre-wrap;\">Tr\u1ee3 Gi\u00fap <\/span><span style=\"font-size: 11pt; font-family: 'Proxima Nova',sans-serif; color: #000000; background-color: transparent; font-weight: 400; font-style: normal; font-variant: normal; text-decoration: none; vertical-align: baseline; white-space: pre-wrap;\">tr\u1ef1c ti\u1ebfp tr\u00ean \u1ee9ng d\u1ee5ng Grab Driver \u0111\u1ec3 \u0111\u01b0\u1ee3c h\u1ed7 tr\u1ee3.<\/span><\/p><p dir=\"ltr\" style=\"line-height: 1.38; margin-top: 0pt; margin-bottom: 0pt;\"><span style=\"font-size: 11pt; font-family: 'Proxima Nova',sans-serif; color: #000000; background-color: transparent; font-weight: 400; font-style: normal; font-variant: normal; text-decoration: none; vertical-align: baseline; white-space: pre-wrap;\">\u00a0<\/span><\/p><p dir=\"ltr\" style=\"line-height: 1.38; margin-top: 0pt; margin-bottom: 0pt;\"><span style=\"font-size: 11pt; font-family: 'Proxima Nova',sans-serif; color: #000000; background-color: transparent; font-weight: 400; font-style: normal; font-variant: normal; text-decoration: none; vertical-align: baseline; white-space: pre-wrap;\">M\u1ebfn ch\u00fac \u0110\u1ed1i t\u00e1c ho\u1ea1t \u0111\u1ed9ng hi\u1ec7u qu\u1ea3 v\u00e0 an to\u00e0n.<\/span><\/p><p dir=\"ltr\" style=\"line-height: 1.38; margin-top: 0pt; margin-bottom: 0pt;\"><span style=\"font-size: 11pt; font-family: 'Proxima Nova',sans-serif; color: #000000; background-color: transparent; font-weight: 400; font-style: normal; font-variant: normal; text-decoration: none; vertical-align: baseline; white-space: pre-wrap;\">\u00a0<\/span><\/p><p dir=\"ltr\" style=\"line-height: 1.38; margin-top: 0pt; margin-bottom: 0pt;\"><span style=\"font-size: 11pt; font-family: 'Proxima Nova',sans-serif; color: #00b14f; background-color: transparent; font-weight: bold; font-style: normal; font-variant: normal; text-decoration: none; vertical-align: baseline; white-space: pre-wrap;\">Tr\u00e2n tr\u1ecdng,<\/span><\/p><p dir=\"ltr\" style=\"line-height: 1.38; margin-top: 0pt; margin-bottom: 0pt;\"><span style=\"font-size: 11pt; font-family: 'Proxima Nova',sans-serif; color: #00b14f; background-color: transparent; font-weight: bold; font-style: normal; font-variant: normal; text-decoration: none; vertical-align: baseline; white-space: pre-wrap;\">\u0110\u1ed9i ng\u0169 Grab.<\/span><\/p>\t\t\t\t\t\t<\/div>\n\t\t\t\t<\/div>\n\t\t\t\t\t<\/div>\n\t\t<\/div>\n\t\t\t\t\t<\/div>\n\t\t<\/section>\n\t\t\t\t<\/div>","protected":false},"excerpt":{"rendered":"Qu\u00fd \u0110\u1ed1i t\u00e1c th\u00e2n m\u1ebfn, T\u1eeb ng\u00e0y 04\/6\/2025, Grab c\u1eadp nh\u1eadt \u0111\u1ed1i v\u1edbi d\u1ecbch v\u1ee5 GrabFood v\u00e0 GrabMart t\u1ea1i H\u00e0 N\u1ed9i, B\u1eafc Ninh v\u00e0 V\u0129nh Ph\u00fac, c\u1ee5 th\u1ec3 nh\u01b0 sau: L\u01b0u \u00fd: Vi\u1ec7c c\u1eadp nh\u1eadt tr\u00ean s\u1ebd kh\u00f4ng \u1ea3nh h\u01b0\u1edfng \u0111\u1ebfn quy tr\u00ecnh th\u1ef1c hi\u1ec7n chuy\u1ebfn xe v\u00e0 c\u00e1ch th\u1ee9c thu ti\u1ec1n c\u1ee7a \u0110\u1ed1i t\u00e1c. [&hellip;]","protected":false},"author":1004,"featured_media":0,"parent":0,"menu_order":0,"comment_status":"closed","ping_status":"closed","template":"elementor_header_footer","meta":{"_acf_changed":false,"footnotes":""},"acf":[],"_links":{"self":[{"href":"https:\/\/www.grab.com\/vn\/en\/wp-json\/wp\/v2\/pages\/185034"}],"collection":[{"href":"https:\/\/www.grab.com\/vn\/en\/wp-json\/wp\/v2\/pages"}],"about":[{"href":"https:\/\/www.grab.com\/vn\/en\/wp-json\/wp\/v2\/types\/page"}],"author":[{"embeddable":true,"href":"https:\/\/www.grab.com\/vn\/en\/wp-json\/wp\/v2\/users\/1004"}],"replies":[{"embeddable":true,"href":"https:\/\/www.grab.com\/vn\/en\/wp-json\/wp\/v2\/comments?post=185034"}],"version-history":[{"count":6,"href":"https:\/\/www.grab.com\/vn\/en\/wp-json\/wp\/v2\/pages\/185034\/revisions"}],"predecessor-version":[{"id":185060,"href":"https:\/\/www.grab.com\/vn\/en\/wp-json\/wp\/v2\/pages\/185034\/revisions\/185060"}],"wp:attachment":[{"href":"https:\/\/www.grab.com\/vn\/en\/wp-json\/wp\/v2\/media?parent=185034"}],"curies":[{"name":"wp","href":"https:\/\/api.w.org\/{rel}","templated":true}]}}