{"id":174998,"date":"2024-10-24T16:44:12","date_gmt":"2024-10-24T08:44:12","guid":{"rendered":"https:\/\/www.grab.com\/vn\/?page_id=174998"},"modified":"2024-10-24T16:48:26","modified_gmt":"2024-10-24T08:48:26","slug":"dieu-kien-dieu-khoan-su-dung-uu-dai-dat-truoc-chuyen-xe","status":"publish","type":"page","link":"https:\/\/www.grab.com\/vn\/en\/dieu-kien-dieu-khoan-su-dung-uu-dai-dat-truoc-chuyen-xe\/","title":{"rendered":"\u0110i\u1ec1u ki\u1ec7n &#038; \u0111i\u1ec1u kho\u1ea3n s\u1eed d\u1ee5ng \u01b0u \u0111\u00e3i \u0110\u1eb7t tr\u01b0\u1edbc chuy\u1ebfn xe"},"content":{"rendered":"<div data-elementor-type=\"wp-page\" data-elementor-id=\"174998\" class=\"elementor elementor-174998\" data-elementor-post-type=\"page\">\n\t\t\t\t\t\t<section class=\"elementor-section elementor-top-section elementor-element elementor-element-43c2e621 elementor-section-boxed elementor-section-height-default elementor-section-height-default\" data-id=\"43c2e621\" data-element_type=\"section\">\n\t\t\t\t\t\t<div class=\"elementor-container elementor-column-gap-default\">\n\t\t\t\t\t<div class=\"elementor-column elementor-col-100 elementor-top-column elementor-element elementor-element-49d4338d\" data-id=\"49d4338d\" data-element_type=\"column\">\n\t\t\t<div class=\"elementor-widget-wrap elementor-element-populated\">\n\t\t\t\t\t\t<div class=\"elementor-element elementor-element-5403199c elementor-widget elementor-widget-text-editor\" data-id=\"5403199c\" data-element_type=\"widget\" data-widget_type=\"text-editor.default\">\n\t\t\t\t<div class=\"elementor-widget-container\">\n\t\t\t\t\t\t\t<p><b style=\"color: #00ae3f; font-family: var(--gr21-main-font-family, 'Inter', sans-serif); font-size: 32px;\">\u0110\u1eb7t tr\u01b0\u1edbc chuy\u1ebfn xe, an t\u00e2m t\u1edbi s\u00e2n bay \u0111\u00fang gi\u1edd<\/b><\/p><p><span style=\"font-size: 22px;\">V\u1edbi mong mu\u1ed1n gi\u00fap ng\u01b0\u1eddi d\u00f9ng c\u00f3 th\u1ec3 ch\u1ee7 \u0111\u1ed9ng l\u00ean k\u1ebf ho\u1ea1ch di chuy\u1ec3n ph\u00f9 h\u1ee3p v\u1edbi l\u1ecbch tr\u00ecnh c\u00e1 nh\u00e2n, Grab tri\u1ec3n khai th\u1eed nghi\u1ec7m t\u00ednh n\u0103ng \u201c\u0110\u1eb7t tr\u01b0\u1edbc chuy\u1ebfn xe\u201d.<\/span><\/p><p><span style=\"font-size: 22px;\">T\u00ecm hi\u1ec3u th\u00f4ng tin chi ti\u1ebft t\u1ea1i <a href=\"https:\/\/www.grab.com\/vn\/en\/blog\/trien-khai-thu-nghiem-tinh-nang-dat-truoc-chuyen-xe\/\">\u0111\u00e2y<\/a>.<\/span><\/p><p><span style=\"font-size: 22px;\">\u0110\u1ec3 \u0111\u1ea3m b\u1ea3o chuy\u1ebfn \u0111i c\u1ee7a ng\u01b0\u1eddi d\u00f9ng \u0111\u01b0\u1ee3c th\u1ef1c hi\u1ec7n \u0111\u00fang gi\u1edd, h\u1ec7 th\u1ed1ng s\u1ebd \u01b0u ti\u00ean t\u00ecm \u0110\u1ed1i t\u00e1c T\u00e0i x\u1ebf v\u00e0o khung gi\u1edd m\u00e0 ng\u01b0\u1eddi d\u00f9ng \u0111\u00e3 \u0111\u1eb7t tr\u01b0\u1edbc. <strong>Trong tr\u01b0\u1eddng h\u1ee3p kh\u00f4ng c\u00f3 \u0110\u1ed1i t\u00e1c T\u00e0i x\u1ebf nh\u1eadn chuy\u1ebfn, Grab s\u1ebd g\u1eedi \u0111\u1ebfn ng\u01b0\u1eddi d\u00f9ng m\u1ed9t m\u00e3 \u01b0u \u0111\u00e3i v\u1edbi gi\u00e1 tr\u1ecb 100.000\u0111* cho c\u00e1c d\u1ecbch v\u1ee5 di chuy\u1ec3n ti\u1ebfp theo.<\/strong><\/span><\/p><p><span style=\"font-size: 22px;\">\u0110i\u1ec1u ki\u1ec7n v\u00e0 \u0111i\u1ec1u kho\u1ea3n s\u1eed d\u1ee5ng:<\/span><\/p><ul><li><span style=\"font-size: 22px;\">\u01afu \u0111\u00e3i 100.000\u0111 cho d\u1ecbch v\u1ee5 di chuy\u1ec3n ti\u1ebfp theo<\/span><\/li><li><span style=\"font-size: 22px;\">\u00c1p d\u1ee5ng cho c\u00e1c d\u1ecbch v\u1ee5 GrabBike, GrabBike Ti\u1ebft Ki\u1ec7m, GrabBike Plus, GrabCar, GrabCar Ti\u1ebft Ki\u1ec7m, GrabCar Plus<\/span><\/li><li><span style=\"font-size: 22px;\">\u00c1p d\u1ee5ng cho m\u1ecdi h\u00ecnh th\u1ee9c thanh to\u00e1n<\/span><\/li><li><span style=\"font-size: 22px;\">Kh\u00f4ng s\u1eed d\u1ee5ng c\u00f9ng v\u1edbi c\u00e1c khuy\u1ebfn m\u00e3i kh\u00e1c c\u1ee7a Grab.<\/span><\/li><li><span style=\"font-size: 22px;\">Ch\u1ec9 \u00e1p d\u1ee5ng cho ng\u01b0\u1eddi d\u00f9ng nh\u1eadn \u0111\u01b0\u1ee3c th\u00f4ng b\u00e1o.<\/span><\/li><li><span style=\"font-size: 22px;\">Ch\u1ec9 \u00e1p d\u1ee5ng v\u1edbi phi\u00ean b\u1ea3n app m\u1edbi nh\u1ea5t.<\/span><\/li><li><span style=\"font-size: 22px;\">M\u00e3 khuy\u1ebfn m\u1ea1i kh\u00f4ng c\u00f3 gi\u00e1 tr\u1ecb quy \u0111\u1ed5i th\u00e0nh ti\u1ec1n m\u1eb7t d\u01b0\u1edbi b\u1ea5t k\u1ef3 h\u00ecnh th\u1ee9c n\u00e0o.<\/span><\/li><li><span style=\"font-size: 22px;\">M\u00e3 khuy\u1ebfn m\u00e3i kh\u00f4ng bao g\u1ed3m Ph\u1ee5 Ph\u00ed. Ng\u01b0\u1eddi d\u00f9ng vui l\u00f2ng thanh to\u00e1n ph\u1ee5 ph\u00ed (n\u1ebfu c\u00f3) v\u1edbi \u0110\u1ed1i t\u00e1c t\u00e0i x\u1ebf<\/span><\/li><\/ul>\t\t\t\t\t\t<\/div>\n\t\t\t\t<\/div>\n\t\t\t\t\t<\/div>\n\t\t<\/div>\n\t\t\t\t\t<\/div>\n\t\t<\/section>\n\t\t\t\t<\/div>","protected":false},"excerpt":{"rendered":"\u0110\u1eb7t tr\u01b0\u1edbc chuy\u1ebfn xe, an t\u00e2m t\u1edbi s\u00e2n bay \u0111\u00fang gi\u1edd V\u1edbi mong mu\u1ed1n gi\u00fap ng\u01b0\u1eddi d\u00f9ng c\u00f3 th\u1ec3 ch\u1ee7 \u0111\u1ed9ng l\u00ean k\u1ebf ho\u1ea1ch di chuy\u1ec3n ph\u00f9 h\u1ee3p v\u1edbi l\u1ecbch tr\u00ecnh c\u00e1 nh\u00e2n, Grab tri\u1ec3n khai th\u1eed nghi\u1ec7m t\u00ednh n\u0103ng \u201c\u0110\u1eb7t tr\u01b0\u1edbc chuy\u1ebfn xe\u201d. T\u00ecm hi\u1ec3u th\u00f4ng tin chi ti\u1ebft t\u1ea1i \u0111\u00e2y. \u0110\u1ec3 \u0111\u1ea3m b\u1ea3o [&hellip;]","protected":false},"author":1160,"featured_media":175000,"parent":0,"menu_order":0,"comment_status":"closed","ping_status":"closed","template":"","meta":{"_acf_changed":false,"footnotes":""},"acf":[],"_links":{"self":[{"href":"https:\/\/www.grab.com\/vn\/en\/wp-json\/wp\/v2\/pages\/174998"}],"collection":[{"href":"https:\/\/www.grab.com\/vn\/en\/wp-json\/wp\/v2\/pages"}],"about":[{"href":"https:\/\/www.grab.com\/vn\/en\/wp-json\/wp\/v2\/types\/page"}],"author":[{"embeddable":true,"href":"https:\/\/www.grab.com\/vn\/en\/wp-json\/wp\/v2\/users\/1160"}],"replies":[{"embeddable":true,"href":"https:\/\/www.grab.com\/vn\/en\/wp-json\/wp\/v2\/comments?post=174998"}],"version-history":[{"count":13,"href":"https:\/\/www.grab.com\/vn\/en\/wp-json\/wp\/v2\/pages\/174998\/revisions"}],"predecessor-version":[{"id":175013,"href":"https:\/\/www.grab.com\/vn\/en\/wp-json\/wp\/v2\/pages\/174998\/revisions\/175013"}],"wp:featuredmedia":[{"embeddable":true,"href":"https:\/\/www.grab.com\/vn\/en\/wp-json\/wp\/v2\/media\/175000"}],"wp:attachment":[{"href":"https:\/\/www.grab.com\/vn\/en\/wp-json\/wp\/v2\/media?parent=174998"}],"curies":[{"name":"wp","href":"https:\/\/api.w.org\/{rel}","templated":true}]}}