{"id":16530,"date":"2017-10-27T11:18:14","date_gmt":"2017-10-27T03:18:14","guid":{"rendered":"https:\/\/www.grab.com\/vn\/?page_id=16530"},"modified":"2017-11-24T15:45:21","modified_gmt":"2017-11-24T07:45:21","slug":"grabcar-hcm-thuong-doanh-thu-binh-quan","status":"publish","type":"page","link":"https:\/\/www.grab.com\/vn\/en\/grabcar-hcm-thuong-doanh-thu-binh-quan\/","title":{"rendered":"[GrabCar HCM] Th\u01b0\u1edfng \u0111\u1ea3m b\u1ea3o doanh thu b\u00ecnh qu\u00e2n"},"content":{"rendered":"<p><span style=\"color: #000000\"><strong>Th\u01b0\u1edfng \u0110\u1ea3m B\u1ea3o Doanh Thu B\u00ecnh Qu\u00e2n<\/strong> <span style=\"font-weight: 400\">&#8211; Ch\u01b0\u01a1ng tr\u00ecnh n\u00e0y v\u1edbi m\u1ee5c \u0111\u00edch h\u1ed7 tr\u1ee3 \u0110\u1ed1i t\u00e1c c\u00f3 th\u1ec3 <\/span><strong>GIA T\u0102NG M\u1ee8C THU NH\u1eacP V\u1edaI VI\u1ec6C GRAB \u0110\u1ea2M B\u1ea2O DOANH THU B\u00ccNH QU\u00c2N CHO T\u1eeaNG CU\u1ed0C XE TRONG NG\u00c0Y. <\/strong><span style=\"font-weight: 400\">Theo \u0111\u00f3 n\u1ebfu nh\u01b0 b\u00ecnh qu\u00e2n doanh thu c\u1ee7a c\u00e1c cu\u1ed1c trong ng\u00e0y b\u00e9 h\u01a1n m\u1ee9c \u0111\u1ea3m b\u1ea3o doanh thu b\u00ecnh qu\u00e2n, th\u00ec \u0111\u1ed1i t\u00e1c s\u1ebd \u0111\u01b0\u1ee3c GRAB th\u01b0\u1edfng ph\u1ea7n ch\u00eanh l\u1ec7ch \u0111\u1ec3 \u0111\u1ea1t \u0111\u01b0\u1ee3c m\u1ee9c doanh thu b\u00ecnh qu\u00e2n do ch\u01b0\u01a1ng tr\u00ecnh \u0111\u1ea3m b\u1ea3o.<\/span><\/span><\/p>\n<p><span style=\"color: #000000\"><span style=\"font-weight: 400\">V\u00ed d\u1ee5: M\u1ed9t ch\u01b0\u01a1ng tr\u00ecnh <\/span><strong>Th\u01b0\u1edfng \u0110\u1ea3m B\u1ea3o Doanh Thu B\u00ecnh Qu\u00e2n<\/strong> <span style=\"font-weight: 400\">v\u1edbi n\u1ed9i dung nh\u01b0 sau:<\/span><\/span><\/p>\n<p><span style=\"font-weight: 400;color: #000000\">Grab s\u1ebd th\u01b0\u1edfng cho \u0110T kho\u1ea3n ch\u00eanh l\u1ec7ch \u0111\u1ec3 \u0111\u1ea3m b\u1ea3o DOANH THU B\u00ccNH QU\u00c2N CHO M\u1ed6I CU\u1ed0C \u0111\u1ea1t 70.000 VND\/cu\u1ed1c.<\/span><\/p>\n<table style=\"height: 227px\" border=\"1\" width=\"901\">\n<tbody>\n<tr>\n<td style=\"background-color: #00953a\" colspan=\"3\">\n<p style=\"text-align: center\"><strong><span style=\"color: #ffffff\">T\u1ea5t c\u1ea3 c\u00e1c ng\u00e0y t\u1eeb Th\u1ee9 2 \u0111\u1ebfn CN<\/span><\/strong><\/p>\n<\/td>\n<\/tr>\n<tr style=\"background-color: #82e0aa\">\n<td style=\"height: 40px;background-color: #82e0aa\">\n<p style=\"text-align: center\"><strong>Khung gi\u1edd<\/strong><\/p>\n<\/td>\n<td style=\"height: 30px\">\n<p style=\"text-align: center\"><strong>S\u1ed1 cu\u1ed1c xe t\u1ed1i thi\u1ec3u<\/strong><\/p>\n<\/td>\n<td>\n<p style=\"text-align: center\"><strong>\u0110\u1ea3m b\u1ea3o DOANH THU <\/strong><\/p>\n<p style=\"text-align: center\"><strong>B\u00ccNH QU\u00c2N CHO M\u1ed6I CU\u1ed0C<\/strong><\/p>\n<\/td>\n<\/tr>\n<tr style=\"background-color: #abebc6\">\n<td>\n<p style=\"text-align: center\"><strong>Kh\u00f4ng gi\u1edbi h\u1ea1n khung gi\u1edd<\/strong><\/p>\n<\/td>\n<td>\n<p style=\"text-align: center\"><strong>\u2265 10 cu\u1ed1c<\/strong><\/p>\n<\/td>\n<td>\n<p style=\"text-align: center\"><strong>70.000 VND\/cu\u1ed1c<\/strong><\/p>\n<\/td>\n<\/tr>\n<\/tbody>\n<\/table>\n<p><strong><i>\u0110i\u1ec1u ki\u1ec7n:<\/i><\/strong><i> AR \u2265 85%; CR \u2264 20%; C\u00e1c cu\u1ed1c xe ph\u1ea3i b\u1eaft \u0111\u1ea7u v\u00e0 k\u1ebft th\u00fac trong \u0111\u1ecba ph\u1eadn Th\u00e0nh ph\u1ed1 HCM \u0111\u1ec3 \u0111\u01b0\u1ee3c t\u00ednh th\u01b0\u1edfng<\/i><\/p>\n<p><strong>C\u00e1ch t\u00ednh th\u01b0\u1edfng:<\/strong><\/p>\n<table style=\"height: 127px\" border=\"1\" width=\"903\">\n<tbody>\n<tr style=\"background-color: #00953a\">\n<td colspan=\"2\">\n<p style=\"text-align: center\"><strong><span style=\"color: #ffffff\">N\u1ebfu \u0110\u1ed1i T\u00e1c Th\u1ecfa<\/span><\/strong><\/p>\n<\/td>\n<td style=\"text-align: center\"><strong><span style=\"color: #ffffff\"> Th\u00ec T\u1ed5ng Doanh Thu \u0110\u1ea3m B\u1ea3o<\/span><\/strong><\/td>\n<\/tr>\n<tr style=\"background-color: #82e0aa\">\n<td style=\"text-align: center\"><strong>T\u1ed5ng s\u1ed1 cu\u1ed1c \u2265 10<\/strong><\/td>\n<td style=\"text-align: center\"><strong>Doanh Thu B\u00ecnh Qu\u00e2n &lt; 70,000 VND<\/strong><\/td>\n<td>\n<p style=\"text-align: center\"><strong>= T\u1ed5ng s\u1ed1 cu\u1ed1c x 70,000 VND<\/strong><\/p>\n<\/td>\n<\/tr>\n<\/tbody>\n<\/table>\n<p><span style=\"color: #000000\"><i>V\u00ed d\u1ee5 tr\u01b0\u1eddng h\u1ee3p 4 \u0111\u1ed1i t\u00e1c sau:<\/i><\/span><\/p>\n<table border=\"1\">\n<tbody>\n<tr style=\"background-color: #00953a\">\n<td style=\"text-align: center\"><\/td>\n<td style=\"text-align: center\"><strong><span style=\"color: #ffffff\">S\u1ed1 cu\u1ed1c ho\u00e0nh th\u00e0nh<\/span><\/strong><\/td>\n<td style=\"text-align: center\"><strong><span style=\"color: #ffffff\">T\u1ed5ng doanh thu tr\u00ean app<\/span><\/strong><\/td>\n<td style=\"text-align: center\"><strong><span style=\"color: #ffffff\">Doanh Thu B\u00ecnh Qu\u00e2n Cho M\u1ed7i Cu\u1ed1c<\/span><\/strong><\/td>\n<td style=\"text-align: center\"><strong><span style=\"color: #ffffff\">\u00c1p d\u1ee5ng ch\u01b0\u01a1ng tr\u00ecnh th\u01b0\u1edfng<\/span><\/strong><\/td>\n<td style=\"text-align: center\"><strong><span style=\"color: #ffffff\">T\u1ed5ng doanh thu \u0110\u1ea3m B\u1ea3o<\/span><\/strong><\/td>\n<td style=\"text-align: center\"><strong><span style=\"color: #ffffff\">Th\u01b0\u1edfng<\/span><\/strong><\/td>\n<\/tr>\n<tr>\n<td>\n<p style=\"text-align: center\"><span style=\"font-weight: 400;color: #000000\">\u0110\u1ed1i T\u00e1c A<\/span><\/p>\n<\/td>\n<td style=\"text-align: center\"><span style=\"font-weight: 400;color: #000000\">9 (ch\u01b0a \u0111\u1ea1t)<\/span><\/td>\n<td style=\"text-align: center\"><span style=\"font-weight: 400;color: #000000\">360,000 <\/span><\/td>\n<td style=\"text-align: center\"><span style=\"font-weight: 400;color: #000000\">40,000<\/span><\/td>\n<td style=\"text-align: center\"><span style=\"font-weight: 400;color: #000000\">KH\u00d4NG<\/span><\/td>\n<td style=\"text-align: center\"><span style=\"font-weight: 400;color: #000000\">360,000 VND<\/span><\/td>\n<td>\n<p style=\"text-align: center\"><span style=\"font-weight: 400;color: #000000\">0 VND<\/span><\/p>\n<\/td>\n<\/tr>\n<tr>\n<td>\n<p style=\"text-align: center\"><span style=\"font-weight: 400;color: #000000\">\u0110\u1ed1i T\u00e1c B<\/span><\/p>\n<\/td>\n<td style=\"text-align: center\"><span style=\"font-weight: 400;color: #000000\">10<\/span><\/td>\n<td style=\"text-align: center\"><span style=\"font-weight: 400;color: #000000\">400,000<\/span><\/td>\n<td style=\"text-align: center\"><span style=\"font-weight: 400;color: #000000\">40,000<\/span><\/td>\n<td style=\"text-align: center\"><span style=\"font-weight: 400;color: #000000\">C\u00d3<\/span><\/td>\n<td style=\"text-align: center\"><span style=\"font-weight: 400;color: #000000\">700,000 VND<\/span><\/td>\n<td>\n<p style=\"text-align: center\"><span style=\"font-weight: 400;color: #000000\">300,000 VND<\/span><\/p>\n<\/td>\n<\/tr>\n<tr>\n<td>\n<p style=\"text-align: center\"><span style=\"font-weight: 400;color: #000000\">\u0110\u1ed1i T\u00e1c C<\/span><\/p>\n<\/td>\n<td style=\"text-align: center\"><span style=\"font-weight: 400;color: #000000\">20<\/span><\/td>\n<td style=\"text-align: center\"><span style=\"font-weight: 400;color: #000000\">800,000<\/span><\/td>\n<td style=\"text-align: center\"><span style=\"font-weight: 400;color: #000000\">40,000<\/span><\/td>\n<td>\n<p style=\"text-align: center\"><span style=\"font-weight: 400;color: #000000\">C\u00d3<\/span><\/p>\n<\/td>\n<td>\n<p style=\"text-align: center\"><span style=\"font-weight: 400;color: #000000\">1,400,000 VND<\/span><\/p>\n<\/td>\n<td>\n<p style=\"text-align: center\"><span style=\"font-weight: 400;color: #000000\">600,000 VND<\/span><\/p>\n<\/td>\n<\/tr>\n<tr>\n<td style=\"text-align: center\"><span style=\"font-weight: 400;color: #000000\">\u0110\u1ed1i T\u00e1c D<\/span><\/td>\n<td style=\"text-align: center\"><span style=\"font-weight: 400;color: #000000\">20<\/span><\/td>\n<td style=\"text-align: center\"><span style=\"font-weight: 400;color: #000000\">1,500,000<\/span><\/td>\n<td style=\"text-align: center\">\n<p><span style=\"font-weight: 400;color: #000000\">75,000<\/span><\/p>\n<p><span style=\"font-weight: 400;color: #000000\">(H\u01a1n m\u1ee9c \u0111.b\u1ea3o)<\/span><\/td>\n<td style=\"text-align: center\"><span style=\"font-weight: 400;color: #000000\">KH\u00d4NG<\/span><\/td>\n<td style=\"text-align: center\"><span style=\"font-weight: 400;color: #000000\">1,500,000 VND<\/span><\/td>\n<td>\n<p style=\"text-align: center\"><span style=\"font-weight: 400;color: #000000\">0 VND<\/span><\/p>\n<\/td>\n<\/tr>\n<\/tbody>\n<\/table>\n<h1><span style=\"color: #000000\">H\u1eceI \u0110\u00c1P<\/span><\/h1>\n<table border=\"1\">\n<tbody>\n<tr style=\"background-color: #00953a\">\n<td>\n<p style=\"text-align: center\"><strong><span style=\"color: #ffffff\">H\u1eceI<\/span><\/strong><\/p>\n<\/td>\n<td>\n<p style=\"text-align: center\"><strong><span style=\"color: #ffffff\">\u0110\u00c1P<\/span><\/strong><\/p>\n<\/td>\n<\/tr>\n<tr>\n<td><span style=\"font-weight: 400;color: #000000\">Ch\u01b0\u01a1ng tr\u00ecnh n\u00e0y \u1ea3nh h\u01b0\u1edfng ra sao \u0111\u1ebfn thu nh\u1eadp c\u1ee7a t\u00f4i?<\/span><\/td>\n<td><span style=\"font-weight: 400;color: #000000\">\u0110\u1ed1i t\u00e1c c\u00f3 th\u1ec3 \u0111\u1ea3m b\u1ea3o m\u1ee9c thu nh\u1eadp c\u1ee7a m\u00ecnh khi t\u00edch c\u1ef1c nh\u1eadn chuy\u1ebfn \u0111\u1ec3 \u0111\u1ea1t b\u1eb1ng ho\u1eb7c nhi\u1ec1u h\u01a1n s\u1ed1 cu\u1ed1c \u0111\u1ea3m b\u1ea3o c\u1ee7a ch\u01b0\u01a1ng tr\u00ecnh. GRAB s\u1ebd th\u01b0\u1edfng th\u00eam ph\u1ea7n ch\u00eanh l\u1ec7ch cho t\u1ea5t c\u1ea3 c\u00e1c cu\u1ed1c \u0111\u1ec3 \u0111\u1ea3m b\u1ea3o Doanh Thu B\u00ecnh Qu\u00e2n m\u1ed7i cu\u1ed1c \u0111\u1ea1t m\u1ee9c \u0111\u1ea3m b\u1ea3o Doanh Thu B\u00ecnh Qu\u00e2n c\u1ee7a ch\u01b0\u01a1ng tr\u00ecnh.<\/span><\/td>\n<\/tr>\n<tr>\n<td><span style=\"color: #000000\"><span style=\"font-weight: 400\">B\u00ean c\u1ea1nh ch\u01b0\u01a1ng tr\u00ecnh <strong>\u201c<\/strong><\/span><strong>Th\u01b0\u1edfng \u0111\u1ea3m b\u1ea3o Doanh Thu B\u00ecnh Qu\u00e2n<\/strong><span style=\"font-weight: 400\"><strong>\u201d,<\/strong> t\u00f4i c\u00f3 th\u1ec3 ti\u1ebfp t\u1ee5c \u0111\u01b0\u1ee3c h\u01b0\u1edfng nh\u1eefng ch\u01b0\u01a1ng tr\u00ecnh th\u01b0\u1edfng kh\u00e1c kh\u00f4ng?<\/span><\/span><\/td>\n<td><span style=\"font-weight: 400;color: #000000\">C\u00f3. Ngo\u00e0i ch\u01b0\u01a1ng tr\u00ecnh th\u01b0\u1edfng n\u00e0y, \u0111\u1ed1i t\u00e1c c\u00f2n \u0111\u01b0\u1ee3c h\u01b0\u1edfng nh\u1eefng ch\u01b0\u01a1ng tr\u00ecnh kh\u00e1c nh\u01b0 m\u00f4 t\u1ea3 \u1edf tr\u00ean bao g\u1ed3m: Ch\u01b0\u01a1ng tr\u00ecnh th\u01b0\u1edfng gi\u1edd cao \u0111i\u1ec3m v\u00e0 Ch\u01b0\u01a1ng tr\u00ecnh th\u01b0\u1edfng ph\u00ed s\u1eed d\u1ee5ng GrabShare. Chi ti\u1ebft c\u00e1c ch\u01b0\u01a1ng tr\u00ecnh th\u01b0\u1edfng m\u00e0 Qu\u00fd \u0110\u1ed1i T\u00e1c \u0111\u01b0\u1ee3c h\u01b0\u1edfng, xin vui l\u00f2ng c\u1eadp nh\u1eadt m\u1ee5c th\u01b0\u1edfng trong \u1ee9ng d\u1ee5ng.<\/span><\/td>\n<\/tr>\n<tr>\n<td><span style=\"color: #000000\"><span style=\"font-weight: 400\">\u201c<\/span><strong>Th\u01b0\u1edfng \u0111\u1ea3m b\u1ea3o Doanh Thu B\u00ecnh Qu\u00e2n<\/strong><span style=\"font-weight: 400\">\u201d \u00e1p d\u1ee5ng cho nh\u1eefng khu v\u1ef1c n\u00e0o?<\/span><\/span><\/td>\n<td><span style=\"font-weight: 400;color: #000000\">\u0110\u01b0\u1ee3c \u00e1p d\u1ee5ng trong \u0111\u1ecba ph\u1eadn Th\u00e0nh ph\u1ed1 quy \u0111\u1ecbnh c\u1ee7a ch\u01b0\u01a1ng tr\u00ecnh.<\/span><\/td>\n<\/tr>\n<tr>\n<td><span style=\"color: #000000\"><strong>\u201cTh\u01b0\u1edfng \u0111\u1ea3m b\u1ea3o Doanh Thu B\u00ecnh Qu\u00e2n<\/strong><span style=\"font-weight: 400\"><strong>\u201d<\/strong> \u00e1p d\u1ee5ng cho d\u1ecbch v\u1ee5 n\u00e0o?<\/span><\/span><\/td>\n<td><span style=\"color: #000000\"><span style=\"font-weight: 400\">\u00c1p d\u1ee5ng cho GrabCar (4 ch\u1ed7 v\u00e0 7 ch\u1ed7) v\u00e0 GrabShare, GCPlus \u0111ang ho\u1ea1t <\/span><span style=\"font-weight: 400\">\u0111\u1ed9ng t\u1ea1i Th\u00e0nh Ph\u1ed1 \u00e1p d\u1ee5ng ctr\u00ecnh.<\/span><\/span><\/td>\n<\/tr>\n<tr>\n<td><span style=\"color: #000000\"><strong>\u201cTh\u01b0\u1edfng \u0111\u1ea3m b\u1ea3o Doanh Thu B\u00ecnh Qu\u00e2n<\/strong><span style=\"font-weight: 400\"><strong>\u201d<\/strong> \u00e1p d\u1ee5ng cho khung gi\u1edd n\u00e0o?<\/span><\/span><\/td>\n<td><span style=\"font-weight: 400;color: #000000\">Ch\u01b0\u01a1ng tr\u00ecnh kh\u00f4ng gi\u1edbi h\u1ea1n khung gi\u1edd, \u00c1p d\u1ee5ng cho 24 gi\u1edd m\u1ed7i ng\u00e0y.<\/span><\/td>\n<\/tr>\n<tr>\n<td><span style=\"font-weight: 400;color: #000000\">N\u1ebfu \u0110T \u0111\u00e3 ho\u00e0n th\u00e0nh tr\u00ean 10 cu\u1ed1c nh\u01b0ng b\u00ecnh qu\u00e2n doanh thu cho m\u1ed7i cu\u1ed1c l\u1edbn h\u01a1n 70.000 VN\u0110 th\u00ec \u0110T c\u00f3 n\u1eb1m trong ch\u01b0\u01a1ng tr\u00ecnh th\u01b0\u1edfng n\u00e0y?<\/span><\/td>\n<td><span style=\"font-weight: 400;color: #000000\">Kh\u00f4ng, do doanh thu b\u00ecnh qu\u00e2n c\u1ee7a \u0110T \u0111\u00e3 cao h\u1edbn m\u1ee9c \u0111\u1ea3m b\u1ea3o c\u1ee7a C.tr\u00ecnh n\u00ean t\u1ed5ng doanh thu ng\u00e0y h\u00f4m \u0111\u00f3 c\u1ee7a \u0111\u1ed1i t\u00e1c s\u1ebd kh\u00f4ng thay \u0111\u1ed5i (Xem v\u00ed d\u1ee5 tr\u01b0\u1eddng h\u1ee3p c\u1ee7a \u0110T D \u1edf tr\u00ean)<\/span><\/td>\n<\/tr>\n<\/tbody>\n<\/table>\n<p style=\"text-align: center\"><strong><a href=\"https:\/\/www.grab.com\/vn\/en\/grabcar-thu-vien-chuong-trinh-thuong\/\"><span style=\"color: #ff0000\">QUAY L\u1ea0I TH\u01af VI\u1ec6N CH\u01af\u01a0NG TR\u00ccNH TH\u01af\u1edeNG<\/span><\/a><\/strong><\/p>\n<p><strong><span style=\"color: #00953a\">Tr\u00e2n tr\u1ecdng,<\/span><\/strong><\/p>\n<p><strong><span style=\"color: #00953a\">\u0110\u1ed8I NG\u0168 GRABCAR.<\/span><\/strong><\/p>","protected":false},"excerpt":{"rendered":"Th\u01b0\u1edfng \u0110\u1ea3m B\u1ea3o Doanh Thu B\u00ecnh Qu\u00e2n &#8211; Ch\u01b0\u01a1ng tr\u00ecnh n\u00e0y v\u1edbi m\u1ee5c \u0111\u00edch h\u1ed7 tr\u1ee3 \u0110\u1ed1i t\u00e1c c\u00f3 th\u1ec3 GIA T\u0102NG M\u1ee8C THU NH\u1eacP V\u1edaI VI\u1ec6C GRAB \u0110\u1ea2M B\u1ea2O DOANH THU B\u00ccNH QU\u00c2N CHO T\u1eeaNG CU\u1ed0C XE TRONG NG\u00c0Y. Theo \u0111\u00f3 n\u1ebfu nh\u01b0 b\u00ecnh qu\u00e2n doanh thu c\u1ee7a c\u00e1c cu\u1ed1c trong ng\u00e0y b\u00e9 h\u01a1n [&hellip;]","protected":false},"author":592,"featured_media":0,"parent":0,"menu_order":0,"comment_status":"closed","ping_status":"closed","template":"","meta":{"_acf_changed":false,"footnotes":""},"acf":[],"_links":{"self":[{"href":"https:\/\/www.grab.com\/vn\/en\/wp-json\/wp\/v2\/pages\/16530"}],"collection":[{"href":"https:\/\/www.grab.com\/vn\/en\/wp-json\/wp\/v2\/pages"}],"about":[{"href":"https:\/\/www.grab.com\/vn\/en\/wp-json\/wp\/v2\/types\/page"}],"author":[{"embeddable":true,"href":"https:\/\/www.grab.com\/vn\/en\/wp-json\/wp\/v2\/users\/592"}],"replies":[{"embeddable":true,"href":"https:\/\/www.grab.com\/vn\/en\/wp-json\/wp\/v2\/comments?post=16530"}],"version-history":[{"count":1,"href":"https:\/\/www.grab.com\/vn\/en\/wp-json\/wp\/v2\/pages\/16530\/revisions"}],"predecessor-version":[{"id":20472,"href":"https:\/\/www.grab.com\/vn\/en\/wp-json\/wp\/v2\/pages\/16530\/revisions\/20472"}],"wp:attachment":[{"href":"https:\/\/www.grab.com\/vn\/en\/wp-json\/wp\/v2\/media?parent=16530"}],"curies":[{"name":"wp","href":"https:\/\/api.w.org\/{rel}","templated":true}]}}