{"id":159747,"date":"2023-12-21T18:15:47","date_gmt":"2023-12-21T10:15:47","guid":{"rendered":"https:\/\/www.grab.com\/vn\/?page_id=159747"},"modified":"2023-12-21T19:37:43","modified_gmt":"2023-12-21T11:37:43","slug":"choi-game-grabbot-grabbot-santa-2","status":"publish","type":"page","link":"https:\/\/www.grab.com\/vn\/en\/choi-game-grabbot-grabbot-santa-2\/","title":{"rendered":"CH\u01a0I GAME GRABBOT: GRABBOT SANTA"},"content":{"rendered":"<div data-elementor-type=\"wp-page\" data-elementor-id=\"159747\" class=\"elementor elementor-159747\" data-elementor-post-type=\"page\">\n\t\t\t\t\t\t<section class=\"elementor-section elementor-top-section elementor-element elementor-element-98d06c elementor-section-boxed elementor-section-height-default elementor-section-height-default\" data-id=\"98d06c\" data-element_type=\"section\">\n\t\t\t\t\t\t<div class=\"elementor-container elementor-column-gap-default\">\n\t\t\t\t\t<div class=\"elementor-column elementor-col-100 elementor-top-column elementor-element elementor-element-3083c20b\" data-id=\"3083c20b\" data-element_type=\"column\">\n\t\t\t<div class=\"elementor-widget-wrap elementor-element-populated\">\n\t\t\t\t\t\t<div class=\"elementor-element elementor-element-2bf4b79 elementor-widget elementor-widget-image\" data-id=\"2bf4b79\" data-element_type=\"widget\" data-widget_type=\"image.default\">\n\t\t\t\t<div class=\"elementor-widget-container\">\n\t\t\t\t\t\t\t\t\t\t\t\t\t<img loading=\"lazy\" decoding=\"async\" width=\"589\" height=\"589\" src=\"https:\/\/assets.grab.com\/wp-content\/uploads\/sites\/11\/2023\/12\/21184734\/939a3db3-21f2-430e-8a40-b93edcd78c06-2.png\" class=\"attachment-large size-large wp-image-159740\" alt=\"\" srcset=\"https:\/\/assets.grab.com\/wp-content\/uploads\/sites\/11\/2023\/12\/21184734\/939a3db3-21f2-430e-8a40-b93edcd78c06-2.png 589w, https:\/\/assets.grab.com\/wp-content\/uploads\/sites\/11\/2023\/12\/21184734\/939a3db3-21f2-430e-8a40-b93edcd78c06-2-250x250.png 250w, https:\/\/assets.grab.com\/wp-content\/uploads\/sites\/11\/2023\/12\/21184734\/939a3db3-21f2-430e-8a40-b93edcd78c06-2-150x150.png 150w, https:\/\/assets.grab.com\/wp-content\/uploads\/sites\/11\/2023\/12\/21184734\/939a3db3-21f2-430e-8a40-b93edcd78c06-2-12x12.png 12w, https:\/\/assets.grab.com\/wp-content\/uploads\/sites\/11\/2023\/12\/21184734\/939a3db3-21f2-430e-8a40-b93edcd78c06-2-120x120.png 120w\" sizes=\"(max-width: 589px) 100vw, 589px\" \/>\t\t\t\t\t\t\t\t\t\t\t\t\t<\/div>\n\t\t\t\t<\/div>\n\t\t\t\t<div class=\"elementor-element elementor-element-3aa79a86 elementor-widget elementor-widget-text-editor\" data-id=\"3aa79a86\" data-element_type=\"widget\" data-widget_type=\"text-editor.default\">\n\t\t\t\t<div class=\"elementor-widget-container\">\n\t\t\t\t\t\t\t<p><strong>1. TH\u1edcI GIAN DI\u1ec4N RA CH\u01af\u01a0NG TR\u00ccNH:<\/strong><\/p><p>T\u1eeb ng\u00e0y 22\/12\/2023 \u0111\u1ebfn h\u1ebft ng\u00e0y 30\/12\/2023 ho\u1eb7c \u0111\u1ebfn khi h\u1ebft s\u1ed1 l\u01b0\u1ee3ng qu\u00e0 t\u1eb7ng.<\/p><p><strong>2. C\u00c1CH THAM GIA:<\/strong><\/p><p>\ud83e\udde9 <strong>B\u01b0\u1edbc 1:<\/strong> G\u1eedi tin nh\u1eafn ri\u00eang cho fanpage Grab tr\u00ean Facebook (https:\/\/www.m.me\/GrabVN) v\u1edbi c\u00fa ph\u00e1p \u201cGrabBot Santa\u201d.<\/p><p>\ud83e\udde9 <strong>B\u01b0\u1edbc 2:<\/strong> Th\u1ef1c hi\u1ec7n theo h\u01b0\u1edbng d\u1eabn t\u1eeb chatbot c\u1ee7a Grab (g\u1ecdi t\u00ean l\u00e0 \u201cGrabBot\u201d) \u0111\u1ec3 c\u00f3 c\u01a1 h\u1ed9i nh\u1eadn \u0111\u01b0\u1ee3c qu\u00e0 t\u1eb7ng t\u1eeb ch\u01b0\u01a1ng tr\u00ecnh.\u00a0G\u1eedi l\u1eddi nh\u1eafn \u0111\u1ebfn GrabBot Santa b\u1eb1ng c\u00e1ch b\u00ecnh lu\u1eadn v\u00e0o <strong>b\u00e0i vi\u1ebft<\/strong>. N\u1ed9i dung b\u00ecnh lu\u1eadn c\u00f3 th\u1ec3 l\u00e0 1 trong c\u00e1c n\u1ed9i dung sau \u0111\u00e2y:<\/p><ul><li>\u00a0\u0110i\u1ec1u khi\u1ebfn b\u1ea1n tin d\u00f9ng Grab trong n\u0103m qua?<\/li><li>Ch\u01b0\u01a1ng tr\u00ecnh \u01b0u \u0111\u00e3i m\u00e0 b\u1ea1n mu\u1ed1n Grab duy tr\u00ec trong n\u0103m t\u1edbi?<\/li><li>Tag 1 ng\u01b0\u1eddi b\u1ea1n v\u00e0o <strong>b\u00e0i vi\u1ebft<\/strong> v\u00e0 g\u1eedi l\u1eddi ch\u00fac Gi\u00e1ng Sinh c\u00f9ng Grab<\/li><\/ul><p><strong>3. QU\u00c0 T\u1eb6NG<\/strong><\/p><p>Khi m\u1edf qu\u00e0 theo h\u01b0\u1edbng d\u1eabn c\u1ee7a GrabBot, ng\u01b0\u1eddi tham gia c\u00f3 th\u1ec3 nh\u1eadn \u0111\u01b0\u1ee3c ng\u1eabu nhi\u00ean 1 trong c\u00e1c ph\u1ea7n qu\u00e0 nh\u01b0 sau:<\/p><p>\ud83c\udf81 \u01afu \u0111\u00e3i GrabFood c\u00f3 gi\u00e1 tr\u1ecb ng\u1eabu nhi\u00ean t\u1eeb 5.000\u0111 \u0111\u1ebfn 50.000\u0111 (c\u00f3 th\u1ec3 \u00e1p d\u1ee5ng \u0111\u1ed3ng th\u1eddi v\u1edbi c\u00e1c \u01b0u \u0111\u00e3i kh\u00e1c cho c\u00f9ng 1 \u0111\u01a1n h\u00e0ng)<\/p><p>\ud83c\udf81 \u01afu \u0111\u00e3i GrabBike\/GrabCar c\u00f3 gi\u00e1 tr\u1ecb ng\u1eabu nhi\u00ean t\u1eeb 5.000\u0111 \u0111\u1ebfn 50.000\u0111<\/p><p>\ud83c\udf81 2 th\u00e1ng s\u1eed d\u1ee5ng G\u00f3i h\u1ed9i vi\u00ean GrabUnlimited mi\u1ec5n ph\u00ed*<\/p><p><strong>3. \u0110I\u1ec0U KHO\u1ea2N V\u00c0 \u0110I\u1ec0U KI\u1ec6N<\/strong><\/p><ul><li>Ng\u01b0\u1eddi tham gia vui l\u00f2ng th\u1ef1c hi\u1ec7n \u0111\u00fang th\u1ec3 l\u1ec7 \u0111\u01b0\u1ee3c n\u00eau r\u00f5 t\u1ea1i trang blog n\u00e0y, c\u0169ng nh\u01b0 th\u1ef1c hi\u1ec7n theo h\u01b0\u1edbng d\u1eabn c\u1ee7a GrabBot v\u00e0 nh\u00e2n vi\u00ean h\u1ed7 tr\u1ee3 c\u1ee7a Grab tr\u00ean fanpage (g\u1ecdi t\u1eaft l\u00e0 \u201cadmin\u201d) t\u1ea1i t\u1eebng th\u1eddi \u0111i\u1ec3m. Grab kh\u00f4ng ch\u1ecbu tr\u00e1ch nhi\u1ec7m v\u00e0 s\u1ebd t\u1eeb ch\u1ed1i h\u1ed7 tr\u1ee3 b\u1ea5t k\u1ef3 khi\u1ebfu n\u1ea1i v\u1ec1 tro\u0300 ch\u01a1i n\u1ebfu ng\u01b0\u1eddi tham gia kh\u00f4ng th\u1ef1c hi\u1ec7n \u0111\u00fang th\u1ec3 l\u1ec7.<\/li><li>Ng\u01b0\u1eddi tham gia vui l\u00f2ng ch\u1ec9 s\u1eed d\u1ee5ng duy nh\u1ea5t 1 t\u00e0i kho\u1ea3n Facebook\/t\u00e0i kho\u1ea3n Grab ch\u00ednh ch\u1ee7 \u0111\u1ec3 tham gia ch\u01b0\u01a1ng tr\u00ecnh. C\u0103n c\u1ee9 v\u00e0o th\u00f4ng tin t\u00e0i kho\u1ea3n Facebook m\u00e0 ng\u01b0\u1eddi tham gia c\u00f4ng khai tr\u00ean trang c\u00e1 nh\u00e2n, l\u1ecbch s\u1eed tham gia ch\u01b0\u01a1ng tr\u00ecnh, l\u1ecbch s\u1eed s\u1eed d\u1ee5ng t\u00e0i kho\u1ea3n Grab tr\u00ean thi\u1ebft b\u1ecb di \u0111\u1ed9ng m\u00e0 ng\u01b0\u1eddi tham gia cung c\u1ea5p cho Grab\u2026 Grab c\u00f3 quy\u1ec1n r\u00e0 so\u00e1t v\u00e0 t\u1eeb ch\u1ed1i h\u1ed7 tr\u1ee3 tham gia ch\u01b0\u01a1ng tr\u00ecnh\/t\u1eeb ch\u1ed1i trao ho\u1eb7c thu h\u1ed3i qu\u00e0 t\u1eb7ng n\u1ebfu nghi ng\u1edd gian l\u1eadn, \u0111\u1ed3ng th\u1eddi, c\u00f3 bi\u1ec7n ph\u00e1p x\u1eed l\u00fd t\u00e0i kho\u1ea3n ng\u01b0\u1eddi d\u00f9ng theo Quy ch\u1ebf ho\u1ea1t \u0111\u1ed9ng v\u00e0 \u0110i\u1ec1u kho\u1ea3n s\u1eed d\u1ee5ng d\u1ecbch v\u1ee5 Grab \u0111\u01b0\u1ee3c n\u00eau r\u00f5 t\u1ea1i https:\/\/www.grab.com\/vn\/terms-wip\/.<\/li><li>(*) GrabUnlimited l\u00e0 G\u00f3i h\u1ed9i vi\u00ean Grab gi\u00fap ng\u01b0\u1eddi d\u00f9ng c\u00f3 th\u1ec3 ti\u1ebft ki\u1ec7m \u0111\u1ebfn 2.000.000 \u0111\u1ed3ng\/th\u00e1ng v\u00e0 h\u01b0\u1edfng nhi\u1ec1u \u0111\u1eb7c quy\u1ec1n khi d\u00f9ng Grab m\u1ed7i th\u00e1ng. Khi tham gia ch\u01b0\u01a1ng tr\u00ecnh, ng\u01b0\u1eddi tham gia c\u00f3 th\u1ec3 nh\u1eadn \u0111\u01b0\u1ee3c ph\u1ea7n qu\u00e0 l\u00e0 c\u01a1 h\u1ed9i s\u1eed d\u1ee5ng G\u00f3i h\u1ed9i vi\u00ean GrabUnlimited mi\u1ec5n ph\u00ed 2 th\u00e1ng \u0111\u1ea7u ti\u00ean (ch\u1ec9 \u00e1p d\u1ee5ng cho ng\u01b0\u1eddi d\u00f9ng ch\u01b0a t\u1eebng \u0111\u0103ng k\u00fd s\u1eed d\u1ee5ng G\u00f3i h\u1ed9i vi\u00ean GrabUnlimited tr\u01b0\u1edbc \u0111\u00f3). Ng\u01b0\u1eddi tham gia c\u00f3 th\u1ec3 t\u00ecm hi\u1ec3u th\u00eam th\u00f4ng tin v\u1ec1 G\u00f3i h\u1ed9i vi\u00ean GrabUnlimited t\u1ea1i https:\/\/grb.to\/GoiHoiVienGrabUnlimited v\u00e0 g\u1eedi tin nh\u1eafn ri\u00eang cho fanpage ch\u00ednh th\u1ee9c c\u1ee7a Grab tr\u00ean Facebook (https:\/\/www.m.me\/GrabVN) v\u1edbi c\u00fa ph\u00e1p \u201cG\u1eb7p admin\u201d n\u1ebfu c\u00f3 th\u1eafc m\u1eafc ho\u1eb7c g\u1eb7p v\u1ea5n \u0111\u1ec1 trong vi\u1ec7c \u0111\u0103ng k\u00fd G\u00f3i h\u1ed9i vi\u00ean GrabUnlimited.<\/li><li>N\u1ed9i dung b\u00ecnh lu\u1eadn tham gia ch\u01b0\u01a1ng tr\u00ecnh h\u1ee3p l\u1ec7 l\u00e0 b\u00ecnh lu\u1eadn kh\u00f4ng qua ch\u1ec9nh s\u1eeda.<\/li><li>Ng\u01b0\u1eddi tham gia vui l\u00f2ng c\u00e2n nh\u1eafc v\u00e0 ch\u1ee7 \u0111\u1ed9ng \u1ea9n, l\u00e0m m\u1edd ho\u1eb7c kh\u00f4ng chia s\u1ebb ph\u1ea7n n\u1ed9i dung b\u00ecnh lu\u1eadn tham gia ch\u01b0\u01a1ng tr\u00ecnh c\u00f3 ch\u1ee9a th\u00f4ng tin c\u00f3 th\u1ec3 \u1ea3nh h\u01b0\u1edfng \u0111\u1ebfn t\u00ednh b\u1ea3o m\u1eadt c\u00e1 nh\u00e2n, bao g\u1ed3m nh\u01b0ng kh\u00f4ng gi\u1edbi h\u1ea1n c\u00e1c m\u00e3 \u01b0u \u0111\u00e3i nh\u1eadn \u0111\u01b0\u1ee3c, s\u1ed1 \u0111i\u1ec7n tho\u1ea1i, email,\u2026 Grab kh\u00f4ng ch\u1ecbu tr\u00e1ch nhi\u1ec7m cho b\u1ea5t k\u1ef3 v\u1ea5n \u0111\u1ec1 ph\u00e1t sinh n\u1ebfu ng\u01b0\u1eddi d\u00f9ng kh\u00f4ng th\u1ef1c hi\u1ec7n \u0111i\u1ec1u n\u00e0y.<\/li><li>N\u1ed9i dung b\u00ecnh lu\u1eadn tham gia ch\u01b0\u01a1ng tr\u00ecnh kh\u00f4ng \u0111\u01b0\u1ee3c s\u1eed d\u1ee5ng nh\u1eefng t\u1eeb ng\u1eef, h\u00ecnh \u1ea3nh v\u00e0 th\u00f4ng tin kh\u00f4ng l\u00e0nh m\u1ea1nh v\u00e0\/ho\u1eb7c mang h\u00ecnh \u1ea3nh, n\u1ed9i dung c\u00f3 y\u1ebfu t\u1ed1 ch\u00ednh tr\u1ecb, t\u00f4n gi\u00e1o, ph\u1ea3i ph\u00f9 h\u1ee3p v\u1edbi thu\u1ea7n phong m\u1ef9 t\u1ee5c v\u00e0 ph\u00e1p lu\u1eadt Vi\u1ec7t Nam.<\/li><li>N\u1ed9i dung b\u00ecnh lu\u1eadn tham gia ch\u01b0\u01a1ng tr\u00ecnh ph\u1ea3i thu\u1ed9c quy\u1ec1n s\u1edf h\u1eefu c\u1ee7a ng\u01b0\u1eddi tham gia. Grab s\u1ebd kh\u00f4ng c\u00f4ng nh\u1eadn nh\u1eefng n\u1ed9i dung \u0111\u01b0\u1ee3c sao ch\u00e9p t\u1eeb b\u1ea5t k\u1ef3 ngu\u1ed3n\/c\u00e1 nh\u00e2n\/t\u1ed5 ch\u1ee9c kh\u00e1c v\u00e0 Grab \u0111\u01b0\u1ee3c mi\u1ec5n tr\u1eeb m\u1ecdi tr\u00e1ch nhi\u1ec7m trong tr\u01b0\u1eddng h\u1ee3p ng\u01b0\u1eddi tham gia vi ph\u1ea1m \u0111i\u1ec1u n\u00e0y.<\/li><li>Ng\u01b0\u1eddi tham gia t\u1ef1 ch\u1ecbu tr\u00e1ch nhi\u1ec7m v\u1ec1 n\u1ed9i dung b\u00ecnh lu\u1eadn tham gia ch\u01b0\u01a1ng tr\u00ecnh v\u00e0 c\u00f3 ngh\u0129a v\u1ee5 t\u1ef1 gi\u1ea3i quy\u1ebft m\u1ecdi tranh ch\u1ea5p, khi\u1ebfu n\u1ea1i, khi\u1ebfu ki\u1ec7n, \u0111\u00f2i b\u1ed3i th\u01b0\u1eddng t\u1eeb b\u1ea5t c\u1ee9 b\u00ean th\u1ee9 ba n\u00e0o trong tr\u01b0\u1eddng h\u1ee3p c\u00f3 ph\u00e1t sinh.<\/li><li>Nh\u1eefng n\u1ed9i dung b\u00ecnh lu\u1eadn tham gia ch\u01b0\u01a1ng tr\u00ecnh s\u1eed d\u1ee5ng c\u00e1c c\u00f4ng c\u1ee5 t\u0103ng t\u01b0\u01a1ng t\u00e1c, chia s\u1ebb v\u00e0 b\u00ecnh lu\u1eadn (like, share, comment) \u0111\u01b0\u1ee3c xem l\u00e0 h\u00e0nh vi gian l\u1eadn v\u00e0 c\u00f3 th\u1ec3 b\u1ecb Grab h\u1ee7y k\u1ebft qu\u1ea3 tr\u00fang qu\u00e0 m\u00e0 kh\u00f4ng c\u1ea7n b\u00e1o tr\u01b0\u1edbc.<\/li><li>S\u1ed1 l\u01b0\u1ee3ng qu\u00e0 t\u1eb7ng c\u00f3 gi\u1edbi h\u1ea1n. Trong tr\u01b0\u1eddng h\u1ee3p h\u1ebft s\u1ed1 l\u01b0\u1ee3ng qu\u00e0 t\u1eb7ng ban \u0111\u1ea7u, Grab s\u1ebd thay th\u1ebf b\u1eb1ng m\u1ed9t d\u1ea1ng qu\u00e0 t\u1eb7ng kh\u00e1c ho\u1eb7c k\u1ebft th\u00fac ch\u01b0\u01a1ng tr\u00ecnh s\u1edbm h\u01a1n d\u1ef1 ki\u1ebfn m\u00e0 kh\u00f4ng c\u1ea7n th\u00f4ng b\u00e1o tr\u01b0\u1edbc. Ng\u01b0\u1eddi tham gia c\u00f3 th\u1ec3 \u0111\u01b0\u1ee3c x\u00e1c nh\u1eadn th\u00f4ng tin n\u00e0y b\u1edfi admin sau khi cu\u1ed9c tr\u00f2 chuy\u1ec7n \u0111\u01b0\u1ee3c GrabBot chuy\u1ec3n \u0111\u1ebfn admin.<\/li><li>S\u1ed1 l\u01b0\u1ee3ng v\u00e0 th\u1eddi h\u1ea1n s\u1eed d\u1ee5ng c\u00e1c m\u00e3 \u01b0u \u0111\u00e3i t\u1eeb ch\u01b0\u01a1ng tr\u00ecnh c\u00f3 gi\u1edbi h\u1ea1n. Ng\u01b0\u1eddi tham gia vui l\u00f2ng ch\u1ee7 \u0111\u1ed9ng nh\u1eadp m\u00e3 \u01b0u \u0111\u00e3i tr\u00ean \u1ee9ng d\u1ee5ng \u0111\u1ec3 ki\u1ec3m tra \u0111i\u1ec1u ki\u1ec7n s\u1eed d\u1ee5ng v\u00e0\/ho\u1eb7c s\u1eed d\u1ee5ng m\u00e3 \u01b0u \u0111\u00e3i trong th\u1eddi gian s\u1edbm nh\u1ea5t c\u00f3 th\u1ec3. N\u1ebfu s\u1ed1 l\u01b0\u1ee3t quy \u0111\u1ed5i \u01b0u \u0111\u00e3i c\u1ee7a ng\u01b0\u1eddi d\u00f9ng tr\u00ean to\u00e0n h\u1ec7 th\u1ed1ng v\u01b0\u1ee3t m\u1ee9c gi\u1edbi h\u1ea1n trong ng\u00e0y\/to\u00e0n ch\u01b0\u01a1ng tr\u00ecnh, Grab c\u00f3 th\u1ec3 s\u1ebd t\u1ea1m ng\u1eebng k\u00edch ho\u1ea1t \u01b0u \u0111\u00e3i m\u00e0 kh\u00f4ng c\u1ea7n th\u00f4ng b\u00e1o tr\u01b0\u1edbc.<\/li><li>Ng\u01b0\u1eddi tham gia vui l\u00f2ng l\u01b0u \u00fd r\u1eb1ng th\u00f4ng tin v\u1ec1 ph\u1ea7n qu\u00e0 m\u00e0 GrabBot \u0111\u01b0a ra s\u1ebd mang t\u00ednh ch\u1ea5t tham kh\u1ea3o. Vi\u1ec7c g\u1eedi t\u1eb7ng \u01b0u \u0111\u00e3i cho ng\u01b0\u1eddi tham gia s\u1ebd do admin quy\u1ebft \u0111\u1ecbnh cu\u1ed1i c\u00f9ng, c\u0103n c\u1ee9 v\u00e0o k\u1ebft qu\u1ea3 ki\u1ec3m tra th\u00f4ng tin ng\u01b0\u1eddi tham gia, x\u00e1c minh ch\u00ednh ch\u1ee7 t\u00e0i kho\u1ea3n ng\u01b0\u1eddi d\u00f9ng Grab v\u00e0 s\u1ed1 l\u01b0\u1ee3ng \u01b0u \u0111\u00e3i \u0111\u01b0\u1ee3c gi\u1edbi h\u1ea1n trong ng\u00e0y\/to\u00e0n ch\u01b0\u01a1ng tr\u00ecnh.<\/li><li>B\u1eb1ng c\u00e1ch tham gia tr\u00f2 ch\u01a1i, ng\u01b0\u1eddi tham gia hi\u1ec3u v\u00e0 \u0111\u1ed3ng \u00fd r\u1eb1ng \u0111\u00e2y l\u00e0 ch\u01b0\u01a1ng tr\u00ecnh m\u00e0 Grab t\u1ed5 ch\u1ee9c nh\u1eb1m m\u1ee5c \u0111\u00edch cung c\u1ea5p th\u00eam th\u00f4ng tin v\u1ec1 ch\u01b0\u01a1ng tr\u00ecnh \u01b0u \u0111\u00e3i cho ng\u01b0\u1eddi d\u00f9ng, khuy\u1ebfn kh\u00edch ng\u01b0\u1eddi d\u00f9ng s\u1eed d\u1ee5ng GrabBot v\u00e0 g\u1eedi t\u1eb7ng \u01b0u \u0111\u00e3i ho\u00e0n to\u00e0n ng\u1eabu nhi\u00ean cho ng\u01b0\u1eddi d\u00f9ng. Theo \u0111\u00f3, ng\u01b0\u1eddi tham gia ho\u00e0n to\u00e0n kh\u00f4ng m\u1ea5t b\u1ea5t k\u1ef3 kho\u1ea3n ph\u00ed n\u00e0o \u0111\u1ec3 tham gia v\u00e0 ch\u1ec9 c\u1ea7n th\u1ef1c hi\u1ec7n theo h\u01b0\u1edbng d\u1eabn c\u1ee7a Grab th\u00f4ng qua GrabBot, admin v\u00e0 trang blog n\u00e0y. Grab c\u00f3 quy\u1ec3n quy\u1ebft \u0111\u1ecbnh cu\u1ed1i c\u00f9ng v\u00e0 s\u1ebd t\u1eeb ch\u1ed1i h\u1ed7 tr\u1ee3 m\u1ecdi y\u00eau c\u1ea7u khi\u1ebfu n\u1ea1i bao g\u1ed3m nh\u01b0ng kh\u00f4ng gi\u1edbi h\u1ea1n c\u00e1ch th\u1ee9c tham gia, k\u1ebft qu\u1ea3 trao qu\u00e0, \u0111\u1ed5i tr\u1ea3 ho\u1eb7c b\u1ed3i ho\u00e0n c\u00e1c \u01b0u \u0111\u00e3i m\u00e0 ng\u01b0\u1eddi tham gia may m\u1eafn nh\u1eadn \u0111\u01b0\u1ee3c t\u1eeb ch\u01b0\u01a1ng tr\u00ecnh.<\/li><li>Ng\u01b0\u1eddi tham gia ph\u1ea3i quy \u0111\u1ed5i\/s\u1eed d\u1ee5ng t\u1ea5t c\u1ea3 ph\u1ea7n qu\u00e0 nh\u1eadn \u0111\u01b0\u1ee3c t\u1eeb ch\u01b0\u01a1ng tr\u00ecnh trong th\u1eddi h\u1ea1n \u0111\u01b0\u1ee3c th\u00f4ng b\u00e1o b\u1edfi Grab. M\u1ecdi ph\u1ea7n qu\u00e0 kh\u00f4ng \u0111\u01b0\u1ee3c quy \u0111\u1ed5i\/s\u1eed d\u1ee5ng trong th\u1eddi gian n\u00e0y s\u1ebd \u0111\u01b0\u1ee3c thu h\u1ed3i ho\u1eb7c h\u00ecnh th\u1ee9c kh\u00e1c theo to\u00e0n quy\u1ec1n quy\u1ebft \u0111\u1ecbnh c\u1ee7a Grab ho\u1eb7c theo quy \u0111\u1ecbnh c\u1ee7a ph\u00e1p lu\u1eadt hi\u1ec7n h\u00e0nh. Grab s\u1ebd kh\u00f4ng gi\u1ea3i quy\u1ebft b\u1ea5t k\u00ec khi\u1ebfu n\u1ea1i ho\u1eb7c y\u00eau c\u1ea7u b\u1ed3i th\u01b0\u1eddng n\u00e0o li\u00ean quan \u0111\u1ebfn tr\u01b0\u1eddng h\u1ee3p n\u00e0y.<\/li><li>T\u1ea5t c\u1ea3 c\u00e1c ph\u1ea7n qu\u00e0 \u0111\u1ec1u kh\u00f4ng c\u00f3 gi\u00e1 tr\u1ecb chuy\u1ec3n nh\u01b0\u1ee3ng v\u00e0 kh\u00f4ng \u0111\u01b0\u1ee3c quy \u0111\u1ed5i th\u00e0nh ti\u1ec1n m\u1eb7t ho\u1eb7c c\u00e1c h\u00ecnh th\u1ee9c kh\u00e1c.<\/li><li>Grab s\u1ebd kh\u00f4ng ch\u1ecbu tr\u00e1ch nhi\u1ec7m cho b\u1ea5t k\u1ef3 khi\u1ebfu n\u1ea1i n\u00e0o c\u1ee7a ng\u01b0\u1eddi tham gia ho\u1eb7c y\u00eau c\u1ea7u c\u1ee7a b\u00ean th\u1ee9 ba ho\u1eb7c t\u1ed5n th\u1ea5t n\u00e0o li\u00ean quan \u0111\u1ebfn ho\u1eb7c ph\u00e1t sinh t\u1eeb vi\u1ec7c ng\u01b0\u1eddi tham gia kh\u00f4ng tu\u00e2n th\u1ee7 b\u1ea5t k\u1ef3 \u0111i\u1ec1u kho\u1ea3n v\u00e0 \u0111i\u1ec1u ki\u1ec7n n\u00e0o c\u1ee7a th\u1ec3 l\u1ec7 ch\u01b0\u01a1ng tr\u00ecnh ho\u1eb7c vi ph\u1ea1m quy \u0111\u1ecbnh c\u1ee7a ph\u00e1p lu\u1eadt, bao g\u1ed3m nh\u01b0ng kh\u00f4ng gi\u1edbi h\u1ea1n, s\u1ef1 s\u1ee5t gi\u1ea3m l\u1ee3i nhu\u1eadn, m\u1ea5t k\u1ef3 v\u1ecdng, thi\u1ec7t h\u1ea1i mang t\u00ednh gi\u00e1n ti\u1ebfp, tr\u1ef1c ti\u1ebfp.<\/li><li>Trong m\u1ecdi tr\u01b0\u1eddng h\u1ee3p, Grab c\u00f3 to\u00e0n quy\u1ec1n quy\u1ebft \u0111\u1ecbnh ng\u01b0\u1eddi tr\u00fang qu\u00e0, thay th\u1ebf c\u00e1c ph\u1ea7n qu\u00e0 tr\u00ean b\u1eb1ng c\u00e1c ph\u1ea7n qu\u00e0 kh\u00e1c c\u00f3 gi\u00e1 tr\u1ecb t\u01b0\u01a1ng \u0111\u01b0\u01a1ng trong tr\u01b0\u1eddng h\u1ee3p ph\u1ea7n qu\u00e0 ban \u0111\u1ea7u kh\u00f4ng c\u00f3 s\u1eb5n, b\u1ea5t h\u1ee3p ph\u00e1p ho\u1eb7c kh\u00f4ng kh\u1ea3 thi. C\u00e1c n\u1ed9i dung \u0111\u01b0\u1ee3c thay \u0111\u1ed5i n\u00e0y s\u1ebd m\u1eb7c nhi\u00ean c\u00f3 hi\u1ec7u l\u1ef1c v\u00e0 \u0111\u01b0\u1ee3c \u00e1p d\u1ee5ng \u0111\u1ec3 \u0111i\u1ec1u ch\u1ec9nh c\u00e1c v\u1ea5n \u0111\u1ec1 li\u00ean quan \u0111\u1ebfn ch\u01b0\u01a1ng tr\u00ecnh.<\/li><li>V\u1edbi m\u1ecdi th\u1eafc m\u1eafc v\u1ec1 ch\u01b0\u01a1ng tr\u00ecnh, ng\u01b0\u1eddi tham gia vui l\u00f2ng ch\u1ee7 \u0111\u1ed9ng g\u1eedi tin nh\u1eafn ri\u00eang cho fanpage ch\u00ednh th\u1ee9c c\u1ee7a Grab tr\u00ean Facebook (https:\/\/www.m.me\/GrabVN) v\u1edbi c\u00fa ph\u00e1p \u201cH\u1ed7 tr\u1ee3 game GrabBot\u201d. Grab s\u1ebd t\u1eeb ch\u1ed1i m\u1ecdi y\u00eau c\u1ea7u h\u1ed7 tr\u1ee3 ho\u1eb7c khi\u1ebfu n\u1ea1i n\u1ebfu ng\u01b0\u1eddi tham gia kh\u00f4ng li\u00ean h\u1ec7 Grab theo ph\u01b0\u01a1ng th\u1ee9c n\u00e0y trong th\u1eddi gian di\u1ec5n ra ch\u01b0\u01a1ng tr\u00ecnh ho\u1eb7c qu\u00e1 24 gi\u1edd k\u1ec3 t\u1eeb th\u1eddi \u0111i\u1ec3m ph\u00e1t sinh s\u1ef1 vi\u1ec7c.<\/li><\/ul>\t\t\t\t\t\t<\/div>\n\t\t\t\t<\/div>\n\t\t\t\t\t<\/div>\n\t\t<\/div>\n\t\t\t\t\t<\/div>\n\t\t<\/section>\n\t\t\t\t<section class=\"elementor-section elementor-top-section elementor-element elementor-element-343cec1 elementor-section-boxed elementor-section-height-default elementor-section-height-default\" data-id=\"343cec1\" data-element_type=\"section\">\n\t\t\t\t\t\t<div class=\"elementor-container elementor-column-gap-default\">\n\t\t\t\t\t<div class=\"elementor-column elementor-col-100 elementor-top-column elementor-element elementor-element-270aade\" data-id=\"270aade\" data-element_type=\"column\">\n\t\t\t<div class=\"elementor-widget-wrap elementor-element-populated\">\n\t\t\t\t\t\t<div class=\"elementor-element elementor-element-32ec584 elementor-align-center elementor-widget elementor-widget-button\" data-id=\"32ec584\" data-element_type=\"widget\" data-widget_type=\"button.default\">\n\t\t\t\t<div class=\"elementor-widget-container\">\n\t\t\t\t\t<div class=\"elementor-button-wrapper\">\n\t\t\t<a class=\"elementor-button elementor-button-link elementor-size-xl\" href=\"#\">\n\t\t\t\t\t\t<span class=\"elementor-button-content-wrapper\">\n\t\t\t\t\t\t<span class=\"elementor-button-text\">Tham gia ngay                                                                                                                                                                                                                                                <\/span>\n\t\t<\/span>\n\t\t\t\t\t<\/a>\n\t\t<\/div>\n\t\t\t\t<\/div>\n\t\t\t\t<\/div>\n\t\t\t\t\t<\/div>\n\t\t<\/div>\n\t\t\t\t\t<\/div>\n\t\t<\/section>\n\t\t\t\t<\/div>","protected":false},"excerpt":{"rendered":"1. TH\u1edcI GIAN DI\u1ec4N RA CH\u01af\u01a0NG TR\u00ccNH: T\u1eeb ng\u00e0y 22\/12\/2023 \u0111\u1ebfn h\u1ebft ng\u00e0y 30\/12\/2023 ho\u1eb7c \u0111\u1ebfn khi h\u1ebft s\u1ed1 l\u01b0\u1ee3ng qu\u00e0 t\u1eb7ng. 2. C\u00c1CH THAM GIA: \ud83e\udde9 B\u01b0\u1edbc 1: G\u1eedi tin nh\u1eafn ri\u00eang cho fanpage Grab tr\u00ean Facebook (https:\/\/www.m.me\/GrabVN) v\u1edbi c\u00fa ph\u00e1p \u201cGrabBot Santa\u201d. \ud83e\udde9 B\u01b0\u1edbc 2: Th\u1ef1c hi\u1ec7n theo h\u01b0\u1edbng d\u1eabn t\u1eeb chatbot c\u1ee7a [&hellip;]","protected":false},"author":1667,"featured_media":0,"parent":0,"menu_order":0,"comment_status":"closed","ping_status":"closed","template":"","meta":{"_acf_changed":false,"footnotes":""},"acf":[],"_links":{"self":[{"href":"https:\/\/www.grab.com\/vn\/en\/wp-json\/wp\/v2\/pages\/159747"}],"collection":[{"href":"https:\/\/www.grab.com\/vn\/en\/wp-json\/wp\/v2\/pages"}],"about":[{"href":"https:\/\/www.grab.com\/vn\/en\/wp-json\/wp\/v2\/types\/page"}],"author":[{"embeddable":true,"href":"https:\/\/www.grab.com\/vn\/en\/wp-json\/wp\/v2\/users\/1667"}],"replies":[{"embeddable":true,"href":"https:\/\/www.grab.com\/vn\/en\/wp-json\/wp\/v2\/comments?post=159747"}],"version-history":[{"count":8,"href":"https:\/\/www.grab.com\/vn\/en\/wp-json\/wp\/v2\/pages\/159747\/revisions"}],"predecessor-version":[{"id":159756,"href":"https:\/\/www.grab.com\/vn\/en\/wp-json\/wp\/v2\/pages\/159747\/revisions\/159756"}],"wp:attachment":[{"href":"https:\/\/www.grab.com\/vn\/en\/wp-json\/wp\/v2\/media?parent=159747"}],"curies":[{"name":"wp","href":"https:\/\/api.w.org\/{rel}","templated":true}]}}