{"id":158432,"date":"2023-11-29T14:41:08","date_gmt":"2023-11-29T06:41:08","guid":{"rendered":"https:\/\/www.grab.com\/vn\/?page_id=158432"},"modified":"2023-12-20T10:43:18","modified_gmt":"2023-12-20T02:43:18","slug":"food-and-grocery-trends-report-2023","status":"publish","type":"page","link":"https:\/\/www.grab.com\/vn\/en\/food-and-grocery-trends-report-2023\/","title":{"rendered":"Food &amp; Grocery Trends Report 2023"},"content":{"rendered":"<div data-elementor-type=\"wp-post\" data-elementor-id=\"158432\" class=\"elementor elementor-158432\" data-elementor-post-type=\"page\">\n\t\t\t\t\t\t<section class=\"elementor-section elementor-top-section elementor-element elementor-element-c98400d elementor-section-boxed elementor-section-height-default elementor-section-height-default\" data-id=\"c98400d\" data-element_type=\"section\">\n\t\t\t\t\t\t<div class=\"elementor-container elementor-column-gap-default\">\n\t\t\t\t\t<div class=\"elementor-column elementor-col-100 elementor-top-column elementor-element elementor-element-6cfd377\" data-id=\"6cfd377\" data-element_type=\"column\">\n\t\t\t<div class=\"elementor-widget-wrap elementor-element-populated\">\n\t\t\t\t\t\t<div class=\"elementor-element elementor-element-1166d3b elementor-widget elementor-widget-heading\" data-id=\"1166d3b\" data-element_type=\"widget\" data-widget_type=\"heading.default\">\n\t\t\t\t<div class=\"elementor-widget-container\">\n\t\t\t<h2 class=\"elementor-heading-title elementor-size-default\"><b>C\u00f3 g\u00ec \u201chot\u201d trong B\u00e1o c\u00e1o\n<br>Xu h\u01b0\u1edbng \u0110\u1eb7t m\u00f3n \u0103n v\u00e0 \u0110i ch\u1ee3 online t\u1ea1i Vi\u1ec7t Nam n\u0103m 2023?\n<\/b><\/h2>\t\t<\/div>\n\t\t\t\t<\/div>\n\t\t\t\t<div class=\"elementor-element elementor-element-756155a elementor-widget elementor-widget-image\" data-id=\"756155a\" data-element_type=\"widget\" data-widget_type=\"image.default\">\n\t\t\t\t<div class=\"elementor-widget-container\">\n\t\t\t\t\t\t\t\t\t\t\t\t\t<img decoding=\"async\" src=\"https:\/\/assets.grab.com\/wp-content\/uploads\/sites\/11\/2023\/12\/08091101\/VN-Page-Banner.png\" title=\"VN Page Banner\" alt=\"VN Page Banner\" loading=\"lazy\" \/>\t\t\t\t\t\t\t\t\t\t\t\t\t<\/div>\n\t\t\t\t<\/div>\n\t\t\t\t\t<\/div>\n\t\t<\/div>\n\t\t\t\t\t<\/div>\n\t\t<\/section>\n\t\t\t\t<section class=\"elementor-section elementor-top-section elementor-element elementor-element-50c64ce elementor-section-boxed elementor-section-height-default elementor-section-height-default\" data-id=\"50c64ce\" data-element_type=\"section\">\n\t\t\t\t\t\t<div class=\"elementor-container elementor-column-gap-default\">\n\t\t\t\t\t<div class=\"elementor-column elementor-col-100 elementor-top-column elementor-element elementor-element-0017e9b\" data-id=\"0017e9b\" data-element_type=\"column\">\n\t\t\t<div class=\"elementor-widget-wrap elementor-element-populated\">\n\t\t\t\t\t\t<div class=\"elementor-element elementor-element-17871a6 elementor-widget elementor-widget-spacer\" data-id=\"17871a6\" data-element_type=\"widget\" data-widget_type=\"spacer.default\">\n\t\t\t\t<div class=\"elementor-widget-container\">\n\t\t\t\t\t<div class=\"elementor-spacer\">\n\t\t\t<div class=\"elementor-spacer-inner\"><\/div>\n\t\t<\/div>\n\t\t\t\t<\/div>\n\t\t\t\t<\/div>\n\t\t\t\t<div class=\"elementor-element elementor-element-c4ce612 elementor-widget elementor-widget-text-editor\" data-id=\"c4ce612\" data-element_type=\"widget\" data-widget_type=\"text-editor.default\">\n\t\t\t\t<div class=\"elementor-widget-container\">\n\t\t\t\t\t\t\t<p><span>Gi\u1ea3i m\u00e3 nh\u1eefng th\u00f3i quen &amp; h\u00e0nh vi ti\u00eau d\u00f9ng m\u1edbi th\u00f4ng qua c\u00e1ch ng\u01b0\u1eddi d\u00f9ng t\u00ecm ki\u1ebfm, kh\u00e1m ph\u00e1 v\u00e0 mua s\u1eafm tr\u00ean c\u00e1c \u1ee9ng d\u1ee5ng giao nh\u1eadn.<\/span><\/p><p><span style=\"font-weight: 400\">T\u1ea3i v\u1ec1 b\u1ea3n b\u00e1o c\u00e1o mi\u1ec5n ph\u00ed ngay \u0111\u1ec3 n\u1eafm b\u1eaft nh\u1eefng th\u00f4ng tin v\u00e0 c\u01a1 h\u1ed9i m\u1edbi, t\u1eeb \u0111\u00f3 x\u00e2y d\u1ef1ng chi\u1ebfn l\u01b0\u1ee3c kinh doanh cho n\u0103m 2024. <\/span><\/p>\t\t\t\t\t\t<\/div>\n\t\t\t\t<\/div>\n\t\t\t\t\t<\/div>\n\t\t<\/div>\n\t\t\t\t\t<\/div>\n\t\t<\/section>\n\t\t\t\t<section class=\"elementor-section elementor-top-section elementor-element elementor-element-3c0c8a7 elementor-section-boxed elementor-section-height-default elementor-section-height-default\" data-id=\"3c0c8a7\" data-element_type=\"section\">\n\t\t\t\t\t\t<div class=\"elementor-container elementor-column-gap-no\">\n\t\t\t\t\t<div class=\"elementor-column elementor-col-100 elementor-top-column elementor-element elementor-element-13baf33\" data-id=\"13baf33\" data-element_type=\"column\">\n\t\t\t<div class=\"elementor-widget-wrap elementor-element-populated\">\n\t\t\t\t\t\t<section class=\"elementor-section elementor-inner-section elementor-element elementor-element-596fcbb elementor-section-boxed elementor-section-height-default elementor-section-height-default\" data-id=\"596fcbb\" data-element_type=\"section\">\n\t\t\t\t\t\t<div class=\"elementor-container elementor-column-gap-default\">\n\t\t\t\t\t<div class=\"elementor-column elementor-col-50 elementor-inner-column elementor-element elementor-element-e6c552f\" data-id=\"e6c552f\" data-element_type=\"column\">\n\t\t\t<div class=\"elementor-widget-wrap elementor-element-populated\">\n\t\t\t\t\t\t<div class=\"elementor-element elementor-element-293c876 elementor-align-left elementor-widget elementor-widget-button\" data-id=\"293c876\" data-element_type=\"widget\" data-widget_type=\"button.default\">\n\t\t\t\t<div class=\"elementor-widget-container\">\n\t\t\t\t\t<div class=\"elementor-button-wrapper\">\n\t\t\t<a class=\"elementor-button elementor-button-link elementor-size-md\" href=\"https:\/\/assets.grab.com\/wp-content\/uploads\/media\/si\/reports\/2023\/Delivery-Trends-Report-2023-VN.pdf\">\n\t\t\t\t\t\t<span class=\"elementor-button-content-wrapper\">\n\t\t\t\t\t\t<span class=\"elementor-button-text\">T\u1ea3i b\u00e1o c\u00e1o<\/span>\n\t\t<\/span>\n\t\t\t\t\t<\/a>\n\t\t<\/div>\n\t\t\t\t<\/div>\n\t\t\t\t<\/div>\n\t\t\t\t\t<\/div>\n\t\t<\/div>\n\t\t\t\t<div class=\"elementor-column elementor-col-50 elementor-inner-column elementor-element elementor-element-f4b22c9\" data-id=\"f4b22c9\" data-element_type=\"column\">\n\t\t\t<div class=\"elementor-widget-wrap\">\n\t\t\t\t\t\t\t<\/div>\n\t\t<\/div>\n\t\t\t\t\t<\/div>\n\t\t<\/section>\n\t\t\t\t\t<\/div>\n\t\t<\/div>\n\t\t\t\t\t<\/div>\n\t\t<\/section>\n\t\t\t\t<section class=\"elementor-section elementor-top-section elementor-element elementor-element-aaefcf8 elementor-section-boxed elementor-section-height-default elementor-section-height-default\" data-id=\"aaefcf8\" data-element_type=\"section\">\n\t\t\t\t\t\t<div class=\"elementor-container elementor-column-gap-default\">\n\t\t\t\t\t<div class=\"elementor-column elementor-col-100 elementor-top-column elementor-element elementor-element-b41591d\" data-id=\"b41591d\" data-element_type=\"column\">\n\t\t\t<div class=\"elementor-widget-wrap elementor-element-populated\">\n\t\t\t\t\t\t<div class=\"elementor-element elementor-element-23e94c7 elementor-widget elementor-widget-spacer\" data-id=\"23e94c7\" data-element_type=\"widget\" data-widget_type=\"spacer.default\">\n\t\t\t\t<div class=\"elementor-widget-container\">\n\t\t\t\t\t<div class=\"elementor-spacer\">\n\t\t\t<div class=\"elementor-spacer-inner\"><\/div>\n\t\t<\/div>\n\t\t\t\t<\/div>\n\t\t\t\t<\/div>\n\t\t\t\t\t<\/div>\n\t\t<\/div>\n\t\t\t\t\t<\/div>\n\t\t<\/section>\n\t\t\t\t<\/div>","protected":false},"excerpt":{"rendered":"C\u00f3 g\u00ec \u201chot\u201d trong B\u00e1o c\u00e1o Xu h\u01b0\u1edbng \u0110\u1eb7t m\u00f3n \u0103n v\u00e0 \u0110i ch\u1ee3 online t\u1ea1i Vi\u1ec7t Nam n\u0103m 2023? Gi\u1ea3i m\u00e3 nh\u1eefng th\u00f3i quen &amp; h\u00e0nh vi ti\u00eau d\u00f9ng m\u1edbi th\u00f4ng qua c\u00e1ch ng\u01b0\u1eddi d\u00f9ng t\u00ecm ki\u1ebfm, kh\u00e1m ph\u00e1 v\u00e0 mua s\u1eafm tr\u00ean c\u00e1c \u1ee9ng d\u1ee5ng giao nh\u1eadn. T\u1ea3i v\u1ec1 b\u1ea3n b\u00e1o c\u00e1o mi\u1ec5n [&hellip;]","protected":false},"author":825,"featured_media":159054,"parent":0,"menu_order":0,"comment_status":"closed","ping_status":"closed","template":"elementor_header_footer","meta":{"_acf_changed":false,"footnotes":""},"acf":[],"_links":{"self":[{"href":"https:\/\/www.grab.com\/vn\/en\/wp-json\/wp\/v2\/pages\/158432"}],"collection":[{"href":"https:\/\/www.grab.com\/vn\/en\/wp-json\/wp\/v2\/pages"}],"about":[{"href":"https:\/\/www.grab.com\/vn\/en\/wp-json\/wp\/v2\/types\/page"}],"author":[{"embeddable":true,"href":"https:\/\/www.grab.com\/vn\/en\/wp-json\/wp\/v2\/users\/825"}],"replies":[{"embeddable":true,"href":"https:\/\/www.grab.com\/vn\/en\/wp-json\/wp\/v2\/comments?post=158432"}],"version-history":[{"count":14,"href":"https:\/\/www.grab.com\/vn\/en\/wp-json\/wp\/v2\/pages\/158432\/revisions"}],"predecessor-version":[{"id":159549,"href":"https:\/\/www.grab.com\/vn\/en\/wp-json\/wp\/v2\/pages\/158432\/revisions\/159549"}],"wp:featuredmedia":[{"embeddable":true,"href":"https:\/\/www.grab.com\/vn\/en\/wp-json\/wp\/v2\/media\/159054"}],"wp:attachment":[{"href":"https:\/\/www.grab.com\/vn\/en\/wp-json\/wp\/v2\/media?parent=158432"}],"curies":[{"name":"wp","href":"https:\/\/api.w.org\/{rel}","templated":true}]}}