{"id":15762,"date":"2017-10-09T23:18:35","date_gmt":"2017-10-09T15:18:35","guid":{"rendered":"https:\/\/www.grab.com\/vn\/?page_id=15762"},"modified":"2017-11-25T10:06:28","modified_gmt":"2017-11-25T02:06:28","slug":"grabcar-chuong-trinh-thuong-grabshare","status":"publish","type":"page","link":"https:\/\/www.grab.com\/vn\/en\/grabcar-chuong-trinh-thuong-grabshare\/","title":{"rendered":"[GrabCar HN] Ch\u01b0\u01a1ng tr\u00ecnh th\u01b0\u1edfng GrabShare"},"content":{"rendered":"<p><strong><span style=\"color: #000000\">Th\u01b0\u1edfng GrabShare<\/span><\/strong> <span style=\"font-weight: 400\">&#8211; <span style=\"color: #000000\">Ch\u01b0\u01a1ng tr\u00ecnh n\u00e0y m\u1ee5c \u0111\u00edch h\u1ed7 tr\u1ee3 \u0110\u1ed1i t\u00e1c c\u00f3 th\u1ec3 <\/span><\/span><span style=\"color: #000000\"><strong>GIA T\u0102NG M\u1ee8C THU NH\u1eacP KHI T\u00cdCH C\u1ef0C NH\u1eacN V\u00c0 HO\u00c0N T\u1ea4T C\u00c1C CU\u1ed0C GRABSHARE<\/strong><span style=\"font-weight: 400\"><strong>. <\/strong>Theo \u0111\u00f3 n\u1ebfu \u0110\u1ed1i t\u00e1c ho\u00e0n t\u1ea5t m\u1ed9t cu\u1ed1c GrabShare cho d\u00f9 cu\u1ed1c \u0111\u00f3 c\u00f3 \u0111\u01b0\u1ee3c gh\u00e9p chung hay kh\u00f4ng th\u00ec \u0111\u1ec1u \u0111\u01b0\u1ee3c Grab ho\u00e0n l\u1ea1i m\u1ed9t ph\u1ea7n <span style=\"color: #000000\">gi\u00e1 c\u01b0\u1edbc cu\u1ed1c xe<\/span>. <\/span><\/span><\/p>\n<p><span style=\"color: #000000\"><span style=\"font-weight: 400\">M\u1ed9t ch\u01b0\u01a1ng tr\u00ecnh <\/span><strong>Th\u01b0\u1edfng GrabShare<\/strong> <span style=\"font-weight: 400\">v\u1edbi n\u1ed9i dung nh\u01b0 sau:<\/span><\/span><\/p>\n<table style=\"height: 90px\" border=\"1\" width=\"812\">\n<tbody>\n<tr>\n<td style=\"width: 400px;background-color: #00953a;text-align: center\"><strong><span style=\"color: #ffffff\">\u0110i\u1ec1u ki\u1ec7n th\u01b0\u1edfng<\/span><\/strong><\/td>\n<td style=\"background-color: #00953a;text-align: center\"><strong><span style=\"color: #ffffff\">Th\u01b0\u1edfng\u00a0gi\u00e1 c\u01b0\u1edbc cu\u1ed1c xe<\/span><\/strong><\/td>\n<\/tr>\n<tr>\n<td><span style=\"color: #000000\">Chuy\u1ebfn GrabShare ch\u1ec9 c\u00f3 01 cu\u1ed1c xe<\/span><\/td>\n<td style=\"text-align: center\"><span style=\"color: #000000\">20%\u00a0<\/span><\/td>\n<\/tr>\n<tr>\n<td><span style=\"color: #000000\">Chuy\u1ebfn GrabShare c\u00f3 02 cu\u1ed1c xe gh\u00e9p chung<\/span><\/td>\n<td style=\"text-align: center\"><span style=\"color: #000000\">\u00a010%<\/span><\/td>\n<\/tr>\n<\/tbody>\n<\/table>\n<p><span style=\"color: #000000\">Gi\u00e1 c\u01b0\u1edbc cu\u1ed1c xe: l\u00e0 gi\u00e1 c\u01b0\u1edbc kh\u00f4ng bao g\u1ed3m ph\u00ed c\u1ea7u \u0111\u01b0\u1eddng v\u00e0 c\u00e1c lo\u1ea1i ph\u00ed kh\u00e1c.<\/span><\/p>\n<p><span style=\"color: #000000\">V\u00ed d\u1ee5:\u00a0gi\u00e1 c\u01b0\u1edbc cu\u1ed1c xe l\u00e0 100K (kh\u00f4ng bao g\u1ed3m ph\u00ed c\u1ea7u \u0111\u01b0\u1eddng v\u00e0 c\u00e1c lo\u1ea1i ph\u00ed kh\u00e1c) th\u00ec ti\u1ec1n th\u01b0\u1edfng cho:<\/span><\/p>\n<ul>\n<li><span style=\"color: #000000\">Chuy\u1ebfn GrabShare ch\u1ec9 c\u00f3 01 cu\u1ed1c xe l\u00e0: 100K x 20% = 20K.<\/span><\/li>\n<li><span style=\"color: #000000\">Chuy\u1ebfn GrabShare c\u00f3 02 cu\u1ed1c xe gh\u00e9p chung l\u00e0: 100K x 10% = 10K.<\/span><\/li>\n<\/ul>\n<h1><strong><span style=\"color: #000000\">H\u1ecfi \u0110\u00e1p<\/span><\/strong><\/h1>\n<table style=\"border-color: #000000\" border=\"1\">\n<tbody>\n<tr>\n<td style=\"background-color: #00953a\">\n<p style=\"text-align: center\"><strong><span style=\"color: #ffffff\">H\u1eceI<\/span><\/strong><\/p>\n<\/td>\n<td style=\"background-color: #00953a\">\n<p style=\"text-align: center\"><strong><span style=\"color: #ffffff\">\u0110\u00c1P<\/span><\/strong><\/p>\n<\/td>\n<\/tr>\n<tr>\n<td><span style=\"font-weight: 400;color: #000000\">Ch\u01b0\u01a1ng tr\u00ecnh n\u00e0y \u1ea3nh h\u01b0\u1edfng ra sao \u0111\u1ebfn thu nh\u1eadp c\u1ee7a t\u00f4i?<\/span><\/td>\n<td><span style=\"font-weight: 400;color: #000000\">\u0110\u1ed1i t\u00e1c c\u00f3 th\u1ec3 \u0111\u1ea3m b\u1ea3o m\u1ee9c thu nh\u1eadp c\u1ee7a m\u00ecnh khi t\u00edch c\u1ef1c nh\u1eadn v\u00e0 ho\u00e0nh th\u00e0nh chuy\u1ebfn GrabShare. GRAB s\u1ebd ho\u00e0n l\u1ea1i m\u1ed9t ph\u1ea7n ph\u00ed s\u1eed d\u1ee5ng \u1ee9ng d\u1ee5ng cho \u0110\u1ed1i t\u00e1c.<\/span><\/td>\n<\/tr>\n<tr>\n<td><span style=\"font-weight: 400;color: #000000\">B\u00ean c\u1ea1nh ch\u01b0\u01a1ng tr\u00ecnh \u201cTh\u01b0\u1edfng GrabShare\u201d, t\u00f4i c\u00f3 th\u1ec3 ti\u1ebfp t\u1ee5c \u0111\u01b0\u1ee3c h\u01b0\u1edfng nh\u1eefng ch\u01b0\u01a1ng tr\u00ecnh th\u01b0\u1edfng kh\u00e1c kh\u00f4ng?<\/span><\/td>\n<td><span style=\"font-weight: 400;color: #000000\">C\u00f3. Ngo\u00e0i ch\u01b0\u01a1ng tr\u00ecnh th\u01b0\u1edfng n\u00e0y, \u0111\u1ed1i t\u00e1c c\u00f2n \u0111\u01b0\u1ee3c h\u01b0\u1edfng nh\u1eefng ch\u01b0\u01a1ng tr\u00ecnh kh\u00e1c. Chi ti\u1ebft c\u00e1c ch\u01b0\u01a1ng tr\u00ecnh th\u01b0\u1edfng m\u00e0 Qu\u00fd \u0110\u1ed1i T\u00e1c \u0111\u01b0\u1ee3c h\u01b0\u1edfng, xin vui l\u00f2ng c\u1eadp nh\u1eadt m\u1ee5c th\u01b0\u1edfng trong \u1ee9ng d\u1ee5ng.<\/span><\/td>\n<\/tr>\n<tr>\n<td><span style=\"font-weight: 400;color: #000000\">\u201c\u201cTh\u01b0\u1edfng GrabShare\u201d \u00e1p d\u1ee5ng cho nh\u1eefng khu v\u1ef1c n\u00e0o?<\/span><\/td>\n<td><span style=\"font-weight: 400;color: #000000\">\u0110\u01b0\u1ee3c \u00e1p d\u1ee5ng v\u1edbi nh\u1eefng cu\u1ed1c xe c\u00f3 \u0111i\u1ec3m \u0111\u00f3n trong \u0111\u1ecba ph\u1eadn H\u00e0 N\u1ed9i v\u00e0 \u0111i\u1ec3m tr\u1ea3 kh\u00e1ch c\u00f3 th\u1ec3 thu\u1ed9c H\u00e0 N\u1ed9i ho\u1eb7c t\u1ec9nh\/th\u00e0nh kh\u00e1c.\u00a0<\/span><\/td>\n<\/tr>\n<tr>\n<td><span style=\"font-weight: 400;color: #000000\">L\u00e0m th\u1ebf n\u00e0o \u0111\u1ec3 t\u00f4i c\u00f3 th\u1ec3 tham gia ch\u01b0\u01a1ng tr\u00ecnh \u201cTh\u01b0\u1edfng GrabShare\u201d?<\/span><\/td>\n<td><span style=\"font-weight: 400;color: #000000\">\u0110\u1ed1i m\u1edbi c\u1ea7n tham gia \u0111\u00e0o t\u1ea1o GrabShare v\u00e0 ho\u00e0n th\u00e0nh s\u1ed1 cu\u1ed1c t\u1ed1i thi\u1ec3u (\u0111\u01b0\u1ee3c quy \u0111\u1ecbnh t\u1ea1i m\u1ed7i th\u1eddi \u0111i\u1ec3m) \u0111\u1ec3 c\u00f3 th\u1ec3 tham gia v\u00e0o c.tr\u00ecnh GrabShare<\/span><\/td>\n<\/tr>\n<tr>\n<td><span style=\"font-weight: 400;color: #000000\">C\u00e1c cu\u1ed1c GrabShare c\u00f3 \u0111\u01b0\u1ee3c t\u00ednh v\u00e0o nh\u1eefng ch\u01b0\u01a1ng tr\u00ecnh th\u01b0\u1edfng hi\u1ec7n h\u00e0nh c\u1ee7a GrabCar hay kh\u00f4ng?<\/span><\/td>\n<td><span style=\"font-weight: 400;color: #000000\">C\u00e1c cu\u1ed1c xe GrabShare v\u1eabn \u0111\u01b0\u1ee3c t\u00ednh v\u00e0o nh\u1eefng ch\u01b0\u01a1ng tr\u00ecnh th\u01b0\u1edfng kh\u00e1c c\u1ee7a GrabCar.<\/span><\/td>\n<\/tr>\n<tr>\n<td><span style=\"font-weight: 400;color: #000000\">Vi\u1ec7c kh\u00f4ng nh\u1eadn v\u00e0 h\u1ee7y chuy\u1ebfn GrabShare c\u00f3 \u1ea3nh h\u01b0\u1edfng \u0111\u1ebfn t\u1ef7 l\u1ec7 ch\u1ea5p nh\u1eadn v\u00e0 h\u1ee7y chuy\u1ebfn c\u1ee7a GrabCar kh\u00f4ng?<\/span><\/td>\n<td><span style=\"font-weight: 400;color: #000000\">C\u00f3. Do \u0111\u00f3 \u0110T c\u1ea7n t\u00edch c\u1ef1c nh\u1eadn chuy\u1ebfn v\u00e0 h\u1ea1n ch\u1ebf h\u1ee7y chuy\u1ebfn \u0111\u1ec3 c\u00f3 th\u1ec3 tham gia \u0111\u01b0\u1ee3c t\u1ea5t c\u1ea3 c\u00e1c ch\u01b0\u01a1ng tr\u00ecnh th\u01b0\u1edfng c\u1ee7a Grab<\/span><\/td>\n<\/tr>\n<\/tbody>\n<\/table>\n<p style=\"text-align: center\"><a href=\"https:\/\/www.grab.com\/vn\/en\/grabcar-thu-vien-chuong-trinh-thuong\/\"><strong><span style=\"color: #ff0000\">QUAY L\u1ea0I TH\u01af VI\u1ec6N CH\u01af\u01a0NG TR\u00ccNH TH\u01af\u1edeNG<\/span><\/strong><\/a><\/p>\n<p><strong><span style=\"color: #00953a\">Tr\u00e2n tr\u1ecdng,<\/span><\/strong><\/p>\n<p><strong><span style=\"color: #00953a\">\u0110\u1ed9i ng\u0169 GrabCar.<\/span><\/strong><\/p>","protected":false},"excerpt":{"rendered":"Th\u01b0\u1edfng GrabShare &#8211; Ch\u01b0\u01a1ng tr\u00ecnh n\u00e0y m\u1ee5c \u0111\u00edch h\u1ed7 tr\u1ee3 \u0110\u1ed1i t\u00e1c c\u00f3 th\u1ec3 GIA T\u0102NG M\u1ee8C THU NH\u1eacP KHI T\u00cdCH C\u1ef0C NH\u1eacN V\u00c0 HO\u00c0N T\u1ea4T C\u00c1C CU\u1ed0C GRABSHARE. Theo \u0111\u00f3 n\u1ebfu \u0110\u1ed1i t\u00e1c ho\u00e0n t\u1ea5t m\u1ed9t cu\u1ed1c GrabShare cho d\u00f9 cu\u1ed1c \u0111\u00f3 c\u00f3 \u0111\u01b0\u1ee3c gh\u00e9p chung hay kh\u00f4ng th\u00ec \u0111\u1ec1u \u0111\u01b0\u1ee3c Grab ho\u00e0n l\u1ea1i [&hellip;]","protected":false},"author":592,"featured_media":0,"parent":0,"menu_order":0,"comment_status":"closed","ping_status":"closed","template":"","meta":{"_acf_changed":false,"footnotes":""},"acf":[],"_links":{"self":[{"href":"https:\/\/www.grab.com\/vn\/en\/wp-json\/wp\/v2\/pages\/15762"}],"collection":[{"href":"https:\/\/www.grab.com\/vn\/en\/wp-json\/wp\/v2\/pages"}],"about":[{"href":"https:\/\/www.grab.com\/vn\/en\/wp-json\/wp\/v2\/types\/page"}],"author":[{"embeddable":true,"href":"https:\/\/www.grab.com\/vn\/en\/wp-json\/wp\/v2\/users\/592"}],"replies":[{"embeddable":true,"href":"https:\/\/www.grab.com\/vn\/en\/wp-json\/wp\/v2\/comments?post=15762"}],"version-history":[{"count":2,"href":"https:\/\/www.grab.com\/vn\/en\/wp-json\/wp\/v2\/pages\/15762\/revisions"}],"predecessor-version":[{"id":20476,"href":"https:\/\/www.grab.com\/vn\/en\/wp-json\/wp\/v2\/pages\/15762\/revisions\/20476"}],"wp:attachment":[{"href":"https:\/\/www.grab.com\/vn\/en\/wp-json\/wp\/v2\/media?parent=15762"}],"curies":[{"name":"wp","href":"https:\/\/api.w.org\/{rel}","templated":true}]}}