{"id":15740,"date":"2017-10-09T20:30:56","date_gmt":"2017-10-09T12:30:56","guid":{"rendered":"https:\/\/www.grab.com\/vn\/?page_id=15740"},"modified":"2017-10-10T09:48:58","modified_gmt":"2017-10-10T01:48:58","slug":"grabcar-thuong-nhan-gia-gio-cao-diem","status":"publish","type":"page","link":"https:\/\/www.grab.com\/vn\/en\/grabcar-thuong-nhan-gia-gio-cao-diem\/","title":{"rendered":"[GrabCar] Th\u01b0\u1edfng Nh\u00e2n Gi\u00e1 Gi\u1edd Cao \u0110i\u1ec3m"},"content":{"rendered":"<p><span style=\"color: #000000\"><strong>Th\u01b0\u1edfng Nh\u00e2n Gi\u00e1 Gi\u1edd Cao \u0110i\u1ec3m <\/strong><span style=\"font-weight: 400\">&#8211; Ch\u01b0\u01a1ng tr\u00ecnh n\u00e0y v\u1edbi m\u1ee5c \u0111\u00edch h\u1ed7 tr\u1ee3 \u0110\u1ed1i t\u00e1c c\u00f3 th\u1ec3 <\/span><strong>GIA T\u0102NG M\u1ee8C THU NH\u1eacP V\u1edaI VI\u1ec6C GRAB \u0110\u1ea2M B\u1ea2O NH\u00c2N GI\u00c1 CHO T\u1eeaNG CU\u1ed0C XE.<\/strong> <span style=\"font-weight: 400\">N\u1ebfu cu\u1ed1c xe c\u00f3 h\u1ec7 s\u1ed1 nh\u00e2n gi\u00e1 (tr\u00ean gi\u00e1 c\u01b0\u1edbc) th\u1ea5p h\u01a1n m\u1ee9c \u0111\u1ea3m b\u1ea3o, GRAB s\u1ebd th\u01b0\u1edfng cho \u0111\u1ed1i t\u00e1c kho\u1ea3n ch\u00eanh l\u1ec7ch. <\/span><\/span><\/p>\n<h2><strong><span style=\"color: #000000\">V\u00ed d\u1ee5<\/span><\/strong><\/h2>\n<p><span style=\"color: #000000\"><span style=\"font-weight: 400\">M\u1ed9t ch\u01b0\u01a1ng tr\u00ecnh <\/span><strong>Th\u01b0\u1edfng Nh\u00e2n Gi\u00e1 Gi\u1edd Cao \u0110i\u1ec3m<\/strong> <span style=\"font-weight: 400\">v\u1edbi m\u00f4 t\u1ea3 chi ti\u1ebft nh\u01b0 sau:<\/span><\/span><\/p>\n<p><span style=\"color: #000000\"><img loading=\"lazy\" decoding=\"async\" class=\"aligncenter wp-image-15783 size-full\" src=\"https:\/\/www.grab.com\/vn\/wp-content\/uploads\/sites\/11\/2017\/10\/Screen-Shot-2017-10-10-at-8.45.10-AM.png\" alt=\"\" width=\"623\" height=\"145\" srcset=\"https:\/\/www.grab.com\/vn\/wp-content\/uploads\/sites\/11\/2017\/10\/Screen-Shot-2017-10-10-at-8.45.10-AM.png 623w, https:\/\/www.grab.com\/vn\/wp-content\/uploads\/sites\/11\/2017\/10\/Screen-Shot-2017-10-10-at-8.45.10-AM-250x58.png 250w, https:\/\/www.grab.com\/vn\/wp-content\/uploads\/sites\/11\/2017\/10\/Screen-Shot-2017-10-10-at-8.45.10-AM-120x28.png 120w\" sizes=\"(max-width: 623px) 100vw, 623px\" \/><\/span><\/p>\n<p><span style=\"font-weight: 400;color: #000000\">V\u1edbi 2 cu\u1ed1c xe th\u1ecfa c.trinh th\u01b0\u1edfng nh\u01b0 sau:<\/span><\/p>\n<ul>\n<li><span style=\"color: #000000\"><span style=\"font-weight: 400\">Cu\u1ed1c 1 \u2013 Cu\u1ed1c xe t\u1ea1i khu v\u1ef1c <\/span><strong>A<\/strong><span style=\"font-weight: 400\"> ho\u00e0n th\u00e0nh trong khung gi\u1edd t\u1eeb <\/span><strong>6h30 \u2013 7h30 s\u00e1ng s\u1ebd c\u00f3 h\u1ec7 s\u1ed1 nh\u00e2n l\u00e0 1.2<\/strong><\/span><\/li>\n<\/ul>\n<ul>\n<li><span style=\"color: #000000\"><i>Cu\u1ed1c 2 &#8211;<\/i> Cu\u1ed1c xe t\u1ea1i khu v\u1ef1c<strong> B <\/strong>ho\u00e0n th\u00e0nh trong khung gi\u1edd t\u1eeb<strong> <span style=\"color: #000000\">6h30 \u2013 7h30 s\u00e1ng s\u1ebd c\u00f3 h\u1ec7 s\u1ed1 nh\u00e2n l\u00e0 1.4<\/span><\/strong><\/span><\/li>\n<\/ul>\n<p><span style=\"color: #000000\"><strong>C\u00e1ch t\u00ednh th\u01b0\u1edfng:<\/strong> <span style=\"font-weight: 400\">Gi\u00e1 th\u00f4ng th\u01b0\u1eddng x H\u1ec7 s\u1ed1 nh\u00e2n &#8211; Gi\u00e1 cu\u1ed1i c\u00f9ng = Th\u01b0\u1edfng.<\/span><\/span><\/p>\n<p><span style=\"color: #000000\"><img loading=\"lazy\" decoding=\"async\" class=\"aligncenter wp-image-15744 size-full\" src=\"https:\/\/www.grab.com\/vn\/wp-content\/uploads\/sites\/11\/2017\/10\/Screen-Shot-2017-10-09-at-7.25.18-PM.png\" alt=\"\" width=\"910\" height=\"199\" srcset=\"https:\/\/www.grab.com\/vn\/wp-content\/uploads\/sites\/11\/2017\/10\/Screen-Shot-2017-10-09-at-7.25.18-PM.png 910w, https:\/\/www.grab.com\/vn\/wp-content\/uploads\/sites\/11\/2017\/10\/Screen-Shot-2017-10-09-at-7.25.18-PM-250x55.png 250w, https:\/\/www.grab.com\/vn\/wp-content\/uploads\/sites\/11\/2017\/10\/Screen-Shot-2017-10-09-at-7.25.18-PM-768x168.png 768w, https:\/\/www.grab.com\/vn\/wp-content\/uploads\/sites\/11\/2017\/10\/Screen-Shot-2017-10-09-at-7.25.18-PM-700x153.png 700w, https:\/\/www.grab.com\/vn\/wp-content\/uploads\/sites\/11\/2017\/10\/Screen-Shot-2017-10-09-at-7.25.18-PM-120x26.png 120w\" sizes=\"(max-width: 910px) 100vw, 910px\" \/><\/span><\/p>\n<h1><strong><span style=\"color: #000000\">H\u1ecfi \u0110\u00e1p<\/span><\/strong><\/h1>\n<table style=\"border-color: #000000\" border=\"1\">\n<tbody>\n<tr>\n<td style=\"background-color: #00953a\">\n<p style=\"text-align: center\"><strong><span style=\"color: #ffffff\">H\u1eceI<\/span><\/strong><\/p>\n<\/td>\n<td style=\"background-color: #00953a\">\n<p style=\"text-align: center\"><strong><span style=\"color: #ffffff\">\u0110\u00c1P<\/span><\/strong><\/p>\n<\/td>\n<\/tr>\n<tr>\n<td><span style=\"font-weight: 400;color: #000000\">Ch\u01b0\u01a1ng tr\u00ecnh n\u00e0y \u1ea3nh h\u01b0\u1edfng ra sao \u0111\u1ebfn thu nh\u1eadp c\u1ee7a t\u00f4i?<\/span><\/td>\n<td><span style=\"font-weight: 400;color: #000000\">\u0110\u1ed1i t\u00e1c c\u00f3 th\u1ec3 gia t\u0103ng m\u1ee9c thu nh\u1eadp c\u1ee7a m\u00ecnh khi t\u00edch c\u1ef1c ho\u1ea1t \u0111\u1ed9ng trong khung gi\u1edd cao \u0111i\u1ec3m v\u1edbi vi\u1ec7c GRAB \u0111\u1ea3m b\u1ea3o nh\u00e2n gi\u00e1 cho t\u1ea5t c\u1ea3 c\u00e1c cu\u1ed1c xe ho\u00e0n t\u1ea5t trong khung gi\u1edd quy \u0111\u1ecbnh c\u1ee7a ch\u01b0\u01a1ng tr\u00ecnh.<\/span><\/td>\n<\/tr>\n<tr>\n<td><span style=\"font-weight: 400;color: #000000\">B\u00ean c\u1ea1nh \u201cTh\u01b0\u1edfng nh\u00e2n gi\u00e1 gi\u1edd cao \u0111i\u1ec3m\u201d, t\u00f4i c\u00f3 th\u1ec3 ti\u1ebfp t\u1ee5c \u0111\u01b0\u1ee3c h\u01b0\u1edfng nh\u1eefng ch\u01b0\u01a1ng tr\u00ecnh th\u01b0\u1edfng kh\u00e1c kh\u00f4ng?<\/span><\/td>\n<td><span style=\"font-weight: 400;color: #000000\">C\u00f3. Ngo\u00e0i ch\u01b0\u01a1ng tr\u00ecnh th\u01b0\u1edfng n\u00e0y, \u0111\u1ed1i t\u00e1c c\u00f2n \u0111\u01b0\u1ee3c h\u01b0\u1edfng nh\u1eefng ch\u01b0\u01a1ng tr\u00ecnh kh\u00e1c. Chi ti\u1ebft c\u00e1c ch\u01b0\u01a1ng tr\u00ecnh th\u01b0\u1edfng m\u00e0 Qu\u00fd \u0110\u1ed1i T\u00e1c \u0111\u01b0\u1ee3c h\u01b0\u1edfng, xin vui l\u00f2ng c\u1eadp nh\u1eadt m\u1ee5c th\u01b0\u1edfng trong \u1ee9ng d\u1ee5ng.<\/span><\/td>\n<\/tr>\n<tr>\n<td><span style=\"font-weight: 400;color: #000000\">\u201c\u201cTh\u01b0\u1edfng nh\u00e2n gi\u00e1 gi\u1edd cao \u0111i\u1ec3m\u201d \u00e1p d\u1ee5ng cho nh\u1eefng khu v\u1ef1c n\u00e0o?<\/span><\/td>\n<td><span style=\"font-weight: 400;color: #000000\">Ch\u01b0\u01a1ng tr\u00ecnh \u0111\u01b0\u1ee3c \u00e1p d\u1ee5ng cho c\u00e1c khu v\u1ef1c kh\u00e1c nhau. Theo \u0111\u00f3 t\u1ef7 l\u1ec7 nh\u00e2n gi\u00e1 \u0111\u01b0\u1ee3c t\u00ednh tr\u00ean \u0111\u1ecba \u0111i\u1ec3m \u0111\u00f3n, v\u1edbi r\u00e0ng bu\u1ed9c cu\u1ed1c xe ph\u1ea3i \u0111\u01b0\u1ee3c k\u1ebft th\u00fac trong \u0111\u1ecba ph\u1eadn Th\u00e0nh ph\u1ed1 \u0111ang \u00e1p d\u1ee5ng ch\u01b0\u01a1ng tr\u00ecnh.<\/span><\/td>\n<\/tr>\n<tr>\n<td><span style=\"font-weight: 400;color: #000000\">\u201c\u201cTh\u01b0\u1edfng nh\u00e2n gi\u00e1 gi\u1edd cao \u0111i\u1ec3m\u201d \u00e1p d\u1ee5ng cho d\u1ecbch v\u1ee5 n\u00e0o?<\/span><\/td>\n<td><span style=\"color: #000000\"><span style=\"font-weight: 400\">\u00c1p d\u1ee5ng cho GrabCar (4 ch\u1ed7 v\u00e0 7 ch\u1ed7) v\u00e0 GrabShare, GCPlus \u0111ang ho\u1ea1t \u0111\u1ed9ng t\u1ea1i <\/span><span style=\"font-weight: 400\">Th\u00e0nh Ph\u1ed1 \u00e1p d\u1ee5ng ctr\u00ecnh<\/span><span style=\"font-weight: 400\">.<\/span><\/span><\/td>\n<\/tr>\n<tr>\n<td><span style=\"font-weight: 400;color: #000000\">L\u00e0m th\u1ebf n\u00e0o \u0111\u1ec3 t\u00f4i c\u00f3 th\u1ec3 h\u01b0\u1edfng t\u1ed1i \u0111a ch\u01b0\u01a1ng tr\u00ecnh th\u01b0\u1edfng n\u00e0y?<\/span><\/td>\n<td><span style=\"font-weight: 400;color: #000000\">R\u1ea5t \u0111\u01a1n gi\u1ea3n, \u0110\u1ed1i t\u00e1c c\u00e0ng t\u00edch c\u1ef1c ho\u1ea1t \u0111\u1ed9ng \u0111\u1ec3 \u0111\u01b0\u1ee3c h\u01b0\u1edfng m\u1ee9c nh\u00e2n gi\u00e1 tr\u00ean t\u1ea5t c\u1ea3 c\u00e1c cu\u1ed1c ho\u00e0n t\u1ea5t trong khung gi\u1edd quy \u0111\u1ecbnh c\u1ee7a ch\u01b0\u01a1ng tr\u00ecnh.<\/span><\/td>\n<\/tr>\n<tr>\n<td><span style=\"font-weight: 400;color: #000000\">N\u1ebfu cu\u1ed1c xe \u0111\u01b0\u1ee3c \u0111\u1eb7t t\u1eeb t\u1ec9nh\/th\u00e0nh ph\u1ed1 kh\u00e1c v\u00e0 c\u00f3 \u0111i\u1ec3m \u0111\u1ebfn thu\u1ed9c \u0111\u1ecba ph\u1eadn th\u00e0nh ph\u1ed1 \u0111ang \u00e1p d\u1ee5ng c.tr\u00ecnh th\u00ec c\u00f3 \u0111\u1ee7 \u0111i\u1ec1u ki\u1ec7n t\u00ednh th\u01b0\u1edfng hay kh\u00f4ng?<\/span><\/td>\n<td><span style=\"font-weight: 400;color: #000000\">Kh\u00f4ng. Cu\u1ed1c xe h\u1ee3p l\u1ec7 ph\u1ea3i c\u00f3 \u0111i\u1ec3m \u0111\u00f3n n\u1eb1m trong khu v\u1ef1c quy \u0111\u1ecbnh c\u1ee7a ch\u01b0\u01a1ng tr\u00ecnh v\u00e0 ph\u1ea3i \u0111\u01b0\u1ee3c k\u1ebft th\u00fac trong \u0111\u1ecba ph\u1eadn Th\u00e0nh ph\u1ed1 \u0111ang \u00e1p d\u1ee5ng ch\u01b0\u01a1ng tr\u00ecnh.<\/span><\/td>\n<\/tr>\n<tr>\n<td><span style=\"font-weight: 400;color: #000000\">T\u1ea1i sao cu\u1ed1c xe t\u1ea1i khu v\u1ef1c A v\u00e0o s\u00e1ng c\u1ee7a t\u00f4i kh\u00f4ng \u0111\u01b0\u1ee3c tr\u1ea3 th\u01b0\u1edfng 1.2x nh\u01b0ng CT \u0111\u1ec1 c\u1eadp (m\u1eb7c d\u00f9 t\u1ef7 l\u1ec7 AR &amp; CR \u0111\u1ec1u \u0111\u1ea1t y\u00eau c\u1ea7u)?<\/span><\/td>\n<td><span style=\"font-weight: 400;color: #000000\">C\u00f3 th\u1ec3 l\u00fac \u0111\u00f3 cu\u1ed1c xe \u0111ang c\u00f3 h\u1ec7 s\u1ed1 nh\u00e2n gi\u00e1 cao (&gt;1.2x) h\u01a1n m\u1ee9c \u0111\u1ea3m b\u1ea3o (1.2x). Nh\u01b0 v\u1eady, \u0110T \u0111ang \u0111\u01b0\u1ee3c h\u01b0\u1edfng l\u1ee3i nhi\u1ec1u h\u01a1n so v\u1edbi m\u1ee9c gi\u00e1 th\u00f4ng th\u01b0\u1eddng v\u00e0 m\u1ee9c gi\u00e1 \u0111\u1ea3m b\u1ea3o gi\u1edd cao \u0111i\u1ec3m<\/span><\/td>\n<\/tr>\n<\/tbody>\n<\/table>\n<p style=\"text-align: center\"><a href=\"https:\/\/www.grab.com\/vn\/en\/grabcar-thu-vien-chuong-trinh-thuong\/\"><strong><span style=\"color: #ff0000\">QUAY L\u1ea0I TH\u01af VI\u1ec6N CH\u01af\u01a0NG TR\u00ccNH TH\u01af\u1edeNG<\/span><\/strong><\/a><\/p>\n<p><strong><span style=\"color: #00953a\">Tr\u00e2n tr\u1ecdng,<\/span><\/strong><\/p>\n<p><strong><span style=\"color: #00953a\">\u0110\u1ed9i ng\u0169 GrabCar.<\/span><\/strong><\/p>","protected":false},"excerpt":{"rendered":"Th\u01b0\u1edfng Nh\u00e2n Gi\u00e1 Gi\u1edd Cao \u0110i\u1ec3m &#8211; Ch\u01b0\u01a1ng tr\u00ecnh n\u00e0y v\u1edbi m\u1ee5c \u0111\u00edch h\u1ed7 tr\u1ee3 \u0110\u1ed1i t\u00e1c c\u00f3 th\u1ec3 GIA T\u0102NG M\u1ee8C THU NH\u1eacP V\u1edaI VI\u1ec6C GRAB \u0110\u1ea2M B\u1ea2O NH\u00c2N GI\u00c1 CHO T\u1eeaNG CU\u1ed0C XE. N\u1ebfu cu\u1ed1c xe c\u00f3 h\u1ec7 s\u1ed1 nh\u00e2n gi\u00e1 (tr\u00ean gi\u00e1 c\u01b0\u1edbc) th\u1ea5p h\u01a1n m\u1ee9c \u0111\u1ea3m b\u1ea3o, GRAB s\u1ebd th\u01b0\u1edfng cho [&hellip;]","protected":false},"author":592,"featured_media":0,"parent":0,"menu_order":0,"comment_status":"closed","ping_status":"closed","template":"","meta":{"_acf_changed":false,"footnotes":""},"acf":[],"_links":{"self":[{"href":"https:\/\/www.grab.com\/vn\/en\/wp-json\/wp\/v2\/pages\/15740"}],"collection":[{"href":"https:\/\/www.grab.com\/vn\/en\/wp-json\/wp\/v2\/pages"}],"about":[{"href":"https:\/\/www.grab.com\/vn\/en\/wp-json\/wp\/v2\/types\/page"}],"author":[{"embeddable":true,"href":"https:\/\/www.grab.com\/vn\/en\/wp-json\/wp\/v2\/users\/592"}],"replies":[{"embeddable":true,"href":"https:\/\/www.grab.com\/vn\/en\/wp-json\/wp\/v2\/comments?post=15740"}],"version-history":[{"count":3,"href":"https:\/\/www.grab.com\/vn\/en\/wp-json\/wp\/v2\/pages\/15740\/revisions"}],"predecessor-version":[{"id":16480,"href":"https:\/\/www.grab.com\/vn\/en\/wp-json\/wp\/v2\/pages\/15740\/revisions\/16480"}],"wp:attachment":[{"href":"https:\/\/www.grab.com\/vn\/en\/wp-json\/wp\/v2\/media?parent=15740"}],"curies":[{"name":"wp","href":"https:\/\/api.w.org\/{rel}","templated":true}]}}