{"id":15733,"date":"2017-10-09T20:15:38","date_gmt":"2017-10-09T12:15:38","guid":{"rendered":"https:\/\/www.grab.com\/vn\/?page_id=15733"},"modified":"2017-11-01T10:12:56","modified_gmt":"2017-11-01T02:12:56","slug":"thuong-phi-su-dung-ung-dung-theo-khung-gio","status":"publish","type":"page","link":"https:\/\/www.grab.com\/vn\/en\/thuong-phi-su-dung-ung-dung-theo-khung-gio\/","title":{"rendered":"[GrabCar] Th\u01b0\u1edfng gi\u00e1 c\u01b0\u1edbc cu\u1ed1c xe theo khung gi\u1edd"},"content":{"rendered":"<p><span style=\"color: #000000\"><strong>Th\u01b0\u1edfng GI\u00c1 C\u01af\u1edaC cu\u1ed1c xe Theo Khung Gi\u1edd <\/strong>\u2013 Ch\u01b0\u01a1ng tr\u00ecnh n\u00e0y v\u1edbi m\u1ee5c \u0111\u00edch h\u1ed7 tr\u1ee3 \u0110\u1ed1i t\u00e1c c\u00f3 th\u1ec3 <strong>GIA T\u0102NG M\u1ee8C THU NH\u1eacP TH\u00d4NG QUA H\u00ccNH TH\u1ee8C TH\u01af\u1edeNG M\u1ed8T PH\u1ea6N GI\u00c1 C\u01af\u1edaC CU\u1ed0C XE<\/strong> (*) khi \u0110\u1ed1i t\u00e1c ho\u1ea1t \u0111\u1ed9ng t\u00edch c\u1ef1c trong nh\u1eefng khung gi\u1edd cao \u0111i\u1ec3m do ch\u01b0\u01a1ng tr\u00ecnh quy \u0111\u1ecbnh.<\/span><\/p>\n<p><span style=\"color: #000000\">(*)GI\u00c1 C\u01af\u1edaC cu\u1ed1c xe: L\u00e0 gi\u00e1 c\u01b0\u1edbc ch\u01b0a bao g\u1ed3m ph\u00ed c\u1ea7u \u0111\u01b0\u1eddng v\u00e0 c\u00e1c lo\u1ea1i kh\u00e1c.<\/span><\/p>\n<p><span style=\"color: #000000\">Grab th\u01b0\u1edfng 6% GI\u00c1 C\u01af\u1edaC CU\u1ed0C XE n\u1ebfu \u0110\u1ed1i t\u00e1c \u0111\u1ea1t ch\u1ec9 ti\u00eau s\u1ed1 cu\u1ed1c xe trong t\u1eebng khung gi\u1edd ho\u1ea1t \u0111\u1ed9ng. C\u00e1c cu\u1ed1c xe ph\u1ea3i k\u1ebft th\u00fac trong \u0111\u1ecba ph\u1eadn TP HCM \u0111\u1ec3 \u0111\u01b0\u1ee3c t\u00ednh th\u01b0\u1edfng.\u00a0<\/span><\/p>\n<table style=\"height: 78px\" border=\"1\" width=\"893\">\n<tbody>\n<tr>\n<th style=\"background-color: #00953a;text-align: center;vertical-align: middle\" colspan=\"3\"><span style=\"color: #ffffff\"><strong>T\u1ea4T C\u1ea2 C\u00c1C NG\u00c0Y T\u1eea TH\u1ee8 2 \u0110\u1ebeN CH\u1ee6 NH\u1eacT<\/strong><\/span><\/th>\n<\/tr>\n<tr>\n<td style=\"text-align: center\"><span style=\"color: #000000\"><strong>Khung gi\u1edd<\/strong><\/span><\/td>\n<td style=\"text-align: center\"><strong><span style=\"color: #000000\">S\u1ed1 cu\u1ed1c xe t\u1ed1i thi\u1ec3u<\/span><\/strong><\/td>\n<td style=\"text-align: center\"><strong><span style=\"color: #000000\">Th\u01b0\u1edfng gi\u00e1 c\u01b0\u1edbc cu\u1ed1c xe<\/span><\/strong><\/td>\n<\/tr>\n<tr>\n<td style=\"text-align: center\"><span style=\"color: #000000\">S\u00e1ng 07:00 &#8211; 08:59<\/span><\/td>\n<td style=\"text-align: center\"><span style=\"color: #000000\">3<\/span><\/td>\n<td style=\"text-align: center\" rowspan=\"3\"><span style=\"color: #000000\">Th\u01b0\u1edfng 6% gi\u00e1 c\u01b0\u1edbc cu\u1ed1c xe<\/span><\/td>\n<\/tr>\n<tr>\n<td style=\"text-align: center\"><span style=\"color: #000000\">Tr\u01b0a 11:00 &#8211; 12:59<\/span><\/td>\n<td style=\"text-align: center\"><span style=\"color: #000000\">3<\/span><\/td>\n<\/tr>\n<tr>\n<td style=\"text-align: center\"><span style=\"color: #000000\">Chi\u1ec1u t\u1ed1i 17:00 &#8211; 19:59<\/span><\/td>\n<td style=\"text-align: center\"><span style=\"color: #000000\">3<\/span><\/td>\n<\/tr>\n<\/tbody>\n<\/table>\n<p><span style=\"color: #000000\"><strong>V\u00ed d\u1ee5: <\/strong>C\u00f3 2 \u0110\u1ed1i t\u00e1c ho\u1ea1t \u0111\u1ed9ng trong khung gi\u1edd 07:00 &#8211; 08:59.<\/span><\/p>\n<ul>\n<li><span style=\"color: #000000\">\u0110\u1ed1i t\u00e1c A \u0111\u1ea1t 2 cu\u1ed1c xe v\u1edbi t\u1ed5ng c\u01b0\u1edbc ph\u00ed (ch\u01b0a bao g\u1ed3m ph\u00ed c\u1ea7u \u0111\u01b0\u1eddng v\u00e0 c\u00e1c lo\u1ea1i kh\u00e1c) l\u00e0 150K,<\/span><\/li>\n<li><span style=\"color: #000000\">\u00a0\u0110\u1ed1i t\u00e1c B \u0111\u1ea1t 3 cu\u1ed1c xe v\u1edbi t\u1ed5ng c\u01b0\u1edbc ph\u00ed (ch\u01b0a bao g\u1ed3m ph\u00ed c\u1ea7u \u0111\u01b0\u1eddng v\u00e0 c\u00e1c lo\u1ea1i kh\u00e1c) l\u00e0 140K,<\/span><\/li>\n<\/ul>\n<p><span style=\"color: #000000\">V\u1eady s\u1ed1 ti\u1ec1n th\u01b0\u1edfng t\u1eeb ch\u01b0\u01a1ng tr\u00ecnh Th\u01b0\u1edfng gi\u00e1 c\u01b0\u1edbc cu\u1ed1c xe nh\u01b0 sau:<\/span><\/p>\n<table style=\"height: 7px\" border=\"1\" width=\"886\">\n<tbody>\n<tr style=\"background-color: #00953a\">\n<td style=\"width: 177px;background-color: #00953a\"><\/td>\n<td style=\"width: 177px;text-align: center;vertical-align: middle\"><strong><span style=\"color: #ffffff\">S\u1ed1 cu\u1ed1c xe<\/span><\/strong><\/td>\n<td style=\"width: 177px;text-align: center\"><strong><span style=\"color: #ffffff\">T\u1ed5ng c\u01b0\u1edbc ph\u00ed (ch\u01b0a bao g\u1ed3m ph\u00ed c\u1ea7u \u0111\u01b0\u1eddng v\u00e0 c\u00e1c lo\u1ea1i kh\u00e1c)<\/span><\/strong><\/td>\n<td style=\"width: 177px;text-align: center\"><strong><span style=\"color: #ffffff\">Th\u01b0\u1edfng gi\u00e1 c\u01b0\u1edbc cu\u1ed1c xe<\/span><\/strong><\/td>\n<td style=\"width: 177px;text-align: center\"><strong><span style=\"color: #ffffff\">Ti\u1ec1n th\u01b0\u1edfng<\/span><\/strong><\/td>\n<\/tr>\n<tr>\n<td style=\"text-align: center\">\u0110T A<\/td>\n<td style=\"text-align: center\">2<\/td>\n<td style=\"text-align: center\">150.000<\/td>\n<td style=\"text-align: center\">6%<\/td>\n<td>\n<p style=\"text-align: center\"><span style=\"color: #000000\">NA<\/span><\/p>\n<p style=\"text-align: center\"><span style=\"color: #000000\">\u0110i\u1ec1u ki\u1ec7n 3 cu\u1ed1c<\/span><\/p>\n<\/td>\n<\/tr>\n<tr>\n<td style=\"text-align: center\">\u0110T B<\/td>\n<td style=\"text-align: center\">3<\/td>\n<td style=\"text-align: center\">140.000<\/td>\n<td style=\"text-align: center\">6%<\/td>\n<td style=\"text-align: center\">8.400<\/td>\n<\/tr>\n<\/tbody>\n<\/table>\n<h1><strong><span style=\"color: #000000\">H\u1ecfi \u0110\u00e1p<\/span><\/strong><\/h1>\n<table style=\"border-color: #000000\" border=\"1\">\n<tbody>\n<tr>\n<td style=\"background-color: #00953a\">\n<p style=\"text-align: center\"><span style=\"color: #ffffff\"><strong>H\u1eceI<\/strong><\/span><\/p>\n<\/td>\n<td style=\"background-color: #00953a\">\n<p style=\"text-align: center\"><strong><span style=\"color: #ffffff\">\u0110\u00c1P<\/span><\/strong><\/p>\n<\/td>\n<\/tr>\n<tr>\n<td><span style=\"font-weight: 400;color: #000000\">Ch\u01b0\u01a1ng tr\u00ecnh n\u00e0y \u1ea3nh h\u01b0\u1edfng ra sao \u0111\u1ebfn thu nh\u1eadp c\u1ee7a t\u00f4i?<\/span><\/td>\n<td><span style=\"font-weight: 400;color: #000000\">Thu nh\u1eadp c\u1ee7a \u0110\u1ed1i t\u00e1c s\u1ebd gia t\u0103ng \u0111\u00e1ng k\u1ec3 cho nh\u1eefng cu\u1ed1c ho\u00e0n th\u00e0nh trong khung gi\u1edd c\u1ee7a c.tr\u00ecnh.<\/span><\/td>\n<\/tr>\n<tr>\n<td><span style=\"font-weight: 400;color: #000000\">N\u1ebfu s\u1ed1 cu\u1ed1c xe ho\u00e0n th\u00e0nh c\u1ee7a t\u00f4i th\u1ea5p h\u01a1n m\u1ee9c t\u1ed1i thi\u1ec3u th\u00ec sao?<\/span><\/td>\n<td><span style=\"font-weight: 400;color: #000000\">\u0110\u1ed1i t\u00e1c s\u1ebd kh\u00f4ng \u0111\u01b0\u1ee3c th\u01b0\u1edfng. Vi\u1ec7c \u0111\u00e1p \u1ee9ng \u0111\u1ea7y \u0111\u1ee7 c\u00e1c \u0111i\u1ec1u ki\u1ec7n n\u00eau tr\u00ean l\u00e0 b\u1eaft bu\u1ed9c.<\/span><\/td>\n<\/tr>\n<tr>\n<td><span style=\"color: #000000\">T\u00f4i c\u1ea7n \u0111i\u1ec1u ki\u1ec7n g\u00ec \u0111\u1ec3 h\u01b0\u1edfng ch\u01b0\u01a1ng tr\u00ecnh \u201cTh\u01b0\u1edfng Gi\u00e1 c\u01b0\u1edbc cu\u1ed1c xe khung gi\u1edd\u201d?<\/span><\/td>\n<td><span style=\"font-weight: 400;color: #000000\">\u0110\u1ed1i t\u00e1c c\u1ea7n ch\u00fa \u00fd duy tr\u00ec t\u1ec9 l\u1ec7 ch\u1ea5p nh\u1eadn chuy\u1ebfn v\u00e0 h\u1ee7y chuy\u1ebfn trong ng\u00e0y theo \u0111i\u1ec1u ki\u1ec7n c\u1ee7a Ch\u01b0\u01a1ng tr\u00ecnh. Ngo\u00e0i ra C\u00e1c cu\u1ed1c xe ph\u1ea3i k\u1ebft th\u00fac trong \u0111\u1ecba ph\u1eadn Th\u00e0nh ph\u1ed1 \u0111ang \u00e1p d\u1ee5ng<\/span><\/td>\n<\/tr>\n<tr>\n<td><span style=\"font-weight: 400;color: #000000\">Ch\u01b0\u01a1ng tr\u00ecnh th\u01b0\u1edfng n\u00e0y \u00e1p d\u1ee5ng cho nh\u1eefng d\u1ecbch v\u1ee5 n\u00e0o?<\/span><\/td>\n<td><span style=\"color: #000000\"><span style=\"font-weight: 400\">\u00c1p d\u1ee5ng cho GrabCar (4 ch\u1ed7 v\u00e0 7 ch\u1ed7) v\u00e0 GrabShare, GCPlus \u0111ang ho\u1ea1t \u0111\u1ed9ng t\u1ea1i <\/span><span style=\"font-weight: 400\">Th\u00e0nh Ph\u1ed1 \u00e1p d\u1ee5ng ctr\u00ecnh<\/span><span style=\"font-weight: 400\">.<\/span><\/span><\/td>\n<\/tr>\n<tr>\n<td><span style=\"font-weight: 400;color: #000000\">L\u00e0m th\u1ebf n\u00e0o \u0111\u1ec3 t\u00f4i c\u00f3 th\u1ec3 \u0111\u1ea1t m\u1ee9c thu nh\u1eadp t\u1ed1i \u0111a c\u00f3 th\u1ec3?<\/span><\/td>\n<td><span style=\"font-weight: 400;color: #000000\">R\u1ea5t \u0111\u01a1n gi\u1ea3n: \u0110\u1ed1i t\u00e1c ho\u00e0n th\u00e0nh c\u00e0ng nhi\u1ec1u cu\u1ed1c xe th\u00ec thu nh\u1eadp s\u1ebd c\u00e0ng gia t\u0103ng. N\u00f3i c\u00e1ch kh\u00e1c, thu nh\u1eadp c\u1ee7a \u0110\u1ed1i t\u00e1c t\u1ec9 l\u1ec7 thu\u1eadn v\u1edbi s\u1ed1 cu\u1ed1c xe m\u00e0 \u0110\u1ed1i t\u00e1c ho\u00e0n th\u00e0nh.<\/span><\/td>\n<\/tr>\n<\/tbody>\n<\/table>\n<p style=\"text-align: center\"><strong><a href=\"https:\/\/www.grab.com\/vn\/en\/grabcar-thu-vien-chuong-trinh-thuong\/\"><span style=\"color: #ff0000\">QUAY L\u1ea0I TH\u01af VI\u1ec6N CH\u01af\u01a0NG TR\u00ccNH TH\u01af\u1edeNG<\/span><\/a><\/strong><\/p>\n<p><strong><span style=\"color: #00953a\">Tr\u00e2n tr\u1ecdng,\u00a0<\/span><\/strong><\/p>\n<p><strong><span style=\"color: #00953a\">\u0110\u1ed9i ng\u0169 GrabCar.<\/span><\/strong><\/p>","protected":false},"excerpt":{"rendered":"Th\u01b0\u1edfng GI\u00c1 C\u01af\u1edaC cu\u1ed1c xe Theo Khung Gi\u1edd \u2013 Ch\u01b0\u01a1ng tr\u00ecnh n\u00e0y v\u1edbi m\u1ee5c \u0111\u00edch h\u1ed7 tr\u1ee3 \u0110\u1ed1i t\u00e1c c\u00f3 th\u1ec3 GIA T\u0102NG M\u1ee8C THU NH\u1eacP TH\u00d4NG QUA H\u00ccNH TH\u1ee8C TH\u01af\u1edeNG M\u1ed8T PH\u1ea6N GI\u00c1 C\u01af\u1edaC CU\u1ed0C XE (*) khi \u0110\u1ed1i t\u00e1c ho\u1ea1t \u0111\u1ed9ng t\u00edch c\u1ef1c trong nh\u1eefng khung gi\u1edd cao \u0111i\u1ec3m do ch\u01b0\u01a1ng tr\u00ecnh quy [&hellip;]","protected":false},"author":592,"featured_media":0,"parent":0,"menu_order":0,"comment_status":"closed","ping_status":"closed","template":"","meta":{"_acf_changed":false,"footnotes":""},"acf":[],"_links":{"self":[{"href":"https:\/\/www.grab.com\/vn\/en\/wp-json\/wp\/v2\/pages\/15733"}],"collection":[{"href":"https:\/\/www.grab.com\/vn\/en\/wp-json\/wp\/v2\/pages"}],"about":[{"href":"https:\/\/www.grab.com\/vn\/en\/wp-json\/wp\/v2\/types\/page"}],"author":[{"embeddable":true,"href":"https:\/\/www.grab.com\/vn\/en\/wp-json\/wp\/v2\/users\/592"}],"replies":[{"embeddable":true,"href":"https:\/\/www.grab.com\/vn\/en\/wp-json\/wp\/v2\/comments?post=15733"}],"version-history":[{"count":3,"href":"https:\/\/www.grab.com\/vn\/en\/wp-json\/wp\/v2\/pages\/15733\/revisions"}],"predecessor-version":[{"id":16606,"href":"https:\/\/www.grab.com\/vn\/en\/wp-json\/wp\/v2\/pages\/15733\/revisions\/16606"}],"wp:attachment":[{"href":"https:\/\/www.grab.com\/vn\/en\/wp-json\/wp\/v2\/media?parent=15733"}],"curies":[{"name":"wp","href":"https:\/\/api.w.org\/{rel}","templated":true}]}}