{"id":157241,"date":"2023-11-02T14:36:11","date_gmt":"2023-11-02T06:36:11","guid":{"rendered":"https:\/\/www.grab.com\/vn\/?page_id=157241"},"modified":"2023-12-05T16:40:33","modified_gmt":"2023-12-05T08:40:33","slug":"uu-dai-di-chuyen-den-quan-nhau","status":"publish","type":"page","link":"https:\/\/www.grab.com\/vn\/en\/uu-dai-di-chuyen-den-quan-nhau\/","title":{"rendered":"\u01afu \u0111\u00e3i di chuy\u1ec3n \u0111\u1ebfn qu\u00e1n nh\u1eadu"},"content":{"rendered":"<p><img loading=\"lazy\" decoding=\"async\" width=\"1200\" height=\"600\" class=\"size-full wp-image-157243 aligncenter\" src=\"https:\/\/assets.grab.com\/wp-content\/uploads\/sites\/11\/2023\/11\/02145708\/1200x600_.jpg\" alt=\"\" srcset=\"https:\/\/assets.grab.com\/wp-content\/uploads\/sites\/11\/2023\/11\/02145708\/1200x600_.jpg 1200w, https:\/\/assets.grab.com\/wp-content\/uploads\/sites\/11\/2023\/11\/02145708\/1200x600_-250x125.jpg 250w, https:\/\/assets.grab.com\/wp-content\/uploads\/sites\/11\/2023\/11\/02145708\/1200x600_-700x350.jpg 700w, https:\/\/assets.grab.com\/wp-content\/uploads\/sites\/11\/2023\/11\/02145708\/1200x600_-768x384.jpg 768w, https:\/\/assets.grab.com\/wp-content\/uploads\/sites\/11\/2023\/11\/02145708\/1200x600_-18x9.jpg 18w, https:\/\/assets.grab.com\/wp-content\/uploads\/sites\/11\/2023\/11\/02145708\/1200x600_-120x60.jpg 120w\" sizes=\"(max-width: 1200px) 100vw, 1200px\" \/><\/p>\n<p>&nbsp;<\/p>\n<p>\ud83d\ude0d\u00a0Tr\u1eddi g\u1ea7n cu\u1ed1i n\u0103m m\u00e1t m\u1ebb, th\u1eddi ti\u1ebft tuy\u1ec7t v\u1eddi nh\u01b0 th\u1ebf n\u00e0y nhanh nhanh tranh th\u1ee7 l\u00ean k\u00e8o h\u1eb9n h\u00f2 nhau th\u00f4i anh ch\u1ecb m\u00ecnh \u01a1i!<br \/>\n\ud83d\udc9a\u00a0T\u1ed1i nh\u1eafn tin h\u1eb9n v\u00e0i ng\u01b0\u1eddi b\u1ea1n \u0111i u\u1ed1ng m\u1ea5y ly th\u00e2n m\u1eadt \u201cc\u1eadp nh\u1eadt\u201d t\u00ecnh h\u00ecnh cu\u1ed9c s\u1ed1ng, khuya \u0111\u1eb7t m\u1ed9t chuy\u1ebfn an to\u00e0n v\u1ec1 t\u1eadn c\u1eeda nh\u00e0, k\u1ebft th\u00fac m\u1ed9t ng\u00e0y vui v\u1ebb.<br \/>\n\u2705 Grab g\u1eedi b\u1ea1n m\u00e3 \u01b0u \u0111\u00e3i di chuy\u1ec3n nha.<\/p>\n<p><strong>\ud83d\udccc Chi ti\u1ebft \u0111i\u1ec1u ki\u1ec7n \u0111i\u1ec1u kho\u1ea3n \u00e1p d\u1ee5ng m\u00e3 \u01b0u \u0111\u00e3i:\u00a0<\/strong><br \/>\n\ud83d\udc9a\u00a0<strong>M\u00e3 \u01b0u \u0111\u00e3i KHOERE<\/strong><\/p>\n<ul>\n<li>M\u00e3 \u01b0u \u0111\u00e3i gi\u1ea3m 20% t\u1ed1i \u0111a 30.000\u0111 \u00e1p d\u1ee5ng v\u1edbi t\u1ea5t c\u1ea3 c\u00e1c d\u1ecbch v\u1ee5 GrabBike, GrabBike Plus, GrabCar v\u00e0 GrabCar Plus.<\/li>\n<li>\u00c1p d\u1ee5ng m\u1ecdi ph\u01b0\u01a1ng th\u1ee9c thanh to\u00e1n.<\/li>\n<li>\u01afu \u0111\u00e3i \u00e1p d\u1ee5ng cho m\u1ed9t s\u1ed1 \u0111i\u1ec3m \u0111\u00f3n v\u00e0 tr\u1ea3 kh\u00e1ch nh\u1ea5t \u0111\u1ecbnh thu\u1ed9c ch\u01b0\u01a1ng tr\u00ecnh &#8220;U\u1ed1ng m\u1ea5y ly c\u0169ng \u0111i Grab cho kh\u1ecfe&#8221;.<\/li>\n<li>\u01afu \u0111\u00e3i kh\u00f4ng bao g\u1ed3m ph\u1ee5 ph\u00ed, ng\u01b0\u1eddi d\u00f9ng vui l\u00f2ng thanh to\u00e1n ph\u1ee5 ph\u00ed (n\u1ebfu c\u00f3) v\u1edbi \u0110\u1ed1i t\u00e1c t\u00e0i x\u1ebf.<\/li>\n<li>\u00a0M\u1ed7i t\u00e0i kho\u1ea3n Grab \u0111\u01b0\u1ee3c s\u1eed d\u1ee5ng 02 l\u1ea7n su\u1ed1t th\u1eddi gian di\u1ec5n ra ch\u01b0\u01a1ng tr\u00ecnh.<\/li>\n<li>Ch\u1ec9 \u00e1p d\u1ee5ng v\u1edbi phi\u00ean b\u1ea3n \u1ee9ng d\u1ee5ng m\u1edbi nh\u1ea5t.<\/li>\n<li>Ng\u00e0y k\u1ebft th\u00fac \u01b0u \u0111\u00e3i: 31\/01\/2024<\/li>\n<\/ul>\n<p>\ud83d\udc9a\u00a0\u00a0<strong>M\u00e3 \u01b0u \u0111\u00e3i KHOERE30<\/strong><\/p>\n<ul>\n<li>M\u00e3 \u01b0u \u0111\u00e3i gi\u1ea3m 30% t\u1ed1i \u0111a 50.000\u0111 \u00e1p d\u1ee5ng v\u1edbi t\u1ea5t c\u1ea3 c\u00e1c d\u1ecbch v\u1ee5 GrabBike, GrabBike Plus, GrabCar v\u00e0 GrabCar Plus.<\/li>\n<li>\u00c1p d\u1ee5ng m\u1ecdi ph\u01b0\u01a1ng th\u1ee9c thanh to\u00e1n.<\/li>\n<li>\u01afu \u0111\u00e3i \u00e1p d\u1ee5ng cho m\u1ed9t s\u1ed1 \u0111i\u1ec3m \u0111\u00f3n v\u00e0 tr\u1ea3 kh\u00e1ch nh\u1ea5t \u0111\u1ecbnh thu\u1ed9c ch\u01b0\u01a1ng tr\u00ecnh &#8220;U\u1ed1ng m\u1ea5y ly c\u0169ng \u0111i Grab cho kh\u1ecfe&#8221;.<\/li>\n<li>\u01afu \u0111\u00e3i kh\u00f4ng bao g\u1ed3m ph\u1ee5 ph\u00ed, ng\u01b0\u1eddi d\u00f9ng vui l\u00f2ng thanh to\u00e1n ph\u1ee5 ph\u00ed (n\u1ebfu c\u00f3) v\u1edbi \u0110\u1ed1i t\u00e1c t\u00e0i x\u1ebf.<\/li>\n<li>\u00a0M\u1ed7i t\u00e0i kho\u1ea3n Grab \u0111\u01b0\u1ee3c s\u1eed d\u1ee5ng 02 l\u1ea7n su\u1ed1t th\u1eddi gian di\u1ec5n ra ch\u01b0\u01a1ng tr\u00ecnh.<\/li>\n<li>Ch\u1ec9 \u00e1p d\u1ee5ng v\u1edbi phi\u00ean b\u1ea3n \u1ee9ng d\u1ee5ng m\u1edbi nh\u1ea5t.<\/li>\n<li>Ng\u00e0y k\u1ebft th\u00fac \u01b0u \u0111\u00e3i: 31\/01\/2024<\/li>\n<\/ul>\n<p>&nbsp;<\/p>\n<p>&nbsp;<\/p>","protected":false},"excerpt":{"rendered":"&nbsp; \ud83d\ude0d\u00a0Tr\u1eddi g\u1ea7n cu\u1ed1i n\u0103m m\u00e1t m\u1ebb, th\u1eddi ti\u1ebft tuy\u1ec7t v\u1eddi nh\u01b0 th\u1ebf n\u00e0y nhanh nhanh tranh th\u1ee7 l\u00ean k\u00e8o h\u1eb9n h\u00f2 nhau th\u00f4i anh ch\u1ecb m\u00ecnh \u01a1i! \ud83d\udc9a\u00a0T\u1ed1i nh\u1eafn tin h\u1eb9n v\u00e0i ng\u01b0\u1eddi b\u1ea1n \u0111i u\u1ed1ng m\u1ea5y ly th\u00e2n m\u1eadt \u201cc\u1eadp nh\u1eadt\u201d t\u00ecnh h\u00ecnh cu\u1ed9c s\u1ed1ng, khuya \u0111\u1eb7t m\u1ed9t chuy\u1ebfn an to\u00e0n v\u1ec1 t\u1eadn [&hellip;]","protected":false},"author":1428,"featured_media":0,"parent":0,"menu_order":0,"comment_status":"closed","ping_status":"closed","template":"","meta":{"_acf_changed":false,"footnotes":""},"acf":[],"_links":{"self":[{"href":"https:\/\/www.grab.com\/vn\/en\/wp-json\/wp\/v2\/pages\/157241"}],"collection":[{"href":"https:\/\/www.grab.com\/vn\/en\/wp-json\/wp\/v2\/pages"}],"about":[{"href":"https:\/\/www.grab.com\/vn\/en\/wp-json\/wp\/v2\/types\/page"}],"author":[{"embeddable":true,"href":"https:\/\/www.grab.com\/vn\/en\/wp-json\/wp\/v2\/users\/1428"}],"replies":[{"embeddable":true,"href":"https:\/\/www.grab.com\/vn\/en\/wp-json\/wp\/v2\/comments?post=157241"}],"version-history":[{"count":5,"href":"https:\/\/www.grab.com\/vn\/en\/wp-json\/wp\/v2\/pages\/157241\/revisions"}],"predecessor-version":[{"id":158978,"href":"https:\/\/www.grab.com\/vn\/en\/wp-json\/wp\/v2\/pages\/157241\/revisions\/158978"}],"wp:attachment":[{"href":"https:\/\/www.grab.com\/vn\/en\/wp-json\/wp\/v2\/media?parent=157241"}],"curies":[{"name":"wp","href":"https:\/\/api.w.org\/{rel}","templated":true}]}}