{"id":154749,"date":"2023-09-08T16:38:58","date_gmt":"2023-09-08T08:38:58","guid":{"rendered":"https:\/\/www.grab.com\/vn\/?page_id=154749"},"modified":"2023-09-09T00:10:10","modified_gmt":"2023-09-08T16:10:10","slug":"ghep-doi-bay-nua-gia","status":"publish","type":"page","link":"https:\/\/www.grab.com\/vn\/en\/ghep-doi-bay-nua-gia\/","title":{"rendered":"Gh\u00e9p \u0111\u00f4i c\u00f9ng Grab, nh\u1eadn ngay \u01b0u \u0111\u00e3i 40.000\u0111"},"content":{"rendered":"<div data-elementor-type=\"wp-page\" data-elementor-id=\"154749\" class=\"elementor elementor-154749\" data-elementor-post-type=\"page\">\n\t\t\t\t\t\t<section class=\"elementor-section elementor-top-section elementor-element elementor-element-28ac4a90 elementor-section-boxed elementor-section-height-default elementor-section-height-default\" data-id=\"28ac4a90\" data-element_type=\"section\">\n\t\t\t\t\t\t<div class=\"elementor-container elementor-column-gap-default\">\n\t\t\t\t\t<div class=\"elementor-column elementor-col-100 elementor-top-column elementor-element elementor-element-4b19a6a7\" data-id=\"4b19a6a7\" data-element_type=\"column\">\n\t\t\t<div class=\"elementor-widget-wrap elementor-element-populated\">\n\t\t\t\t\t\t<div class=\"elementor-element elementor-element-3feea2b1 elementor-widget elementor-widget-text-editor\" data-id=\"3feea2b1\" data-element_type=\"widget\" data-widget_type=\"text-editor.default\">\n\t\t\t\t<div class=\"elementor-widget-container\">\n\t\t\t\t\t\t\t<img loading=\"lazy\" decoding=\"async\" width=\"1200\" height=\"600\" class=\"alignnone size-full wp-image-154750\" src=\"https:\/\/assets.grab.com\/wp-content\/uploads\/sites\/11\/2023\/09\/08163805\/1200x600_GB_GRABBAORE-1-1.jpg\" alt=\"\" srcset=\"https:\/\/assets.grab.com\/wp-content\/uploads\/sites\/11\/2023\/09\/08163805\/1200x600_GB_GRABBAORE-1-1.jpg 1200w, https:\/\/assets.grab.com\/wp-content\/uploads\/sites\/11\/2023\/09\/08163805\/1200x600_GB_GRABBAORE-1-1-250x125.jpg 250w, https:\/\/assets.grab.com\/wp-content\/uploads\/sites\/11\/2023\/09\/08163805\/1200x600_GB_GRABBAORE-1-1-700x350.jpg 700w, https:\/\/assets.grab.com\/wp-content\/uploads\/sites\/11\/2023\/09\/08163805\/1200x600_GB_GRABBAORE-1-1-768x384.jpg 768w, https:\/\/assets.grab.com\/wp-content\/uploads\/sites\/11\/2023\/09\/08163805\/1200x600_GB_GRABBAORE-1-1-18x9.jpg 18w, https:\/\/assets.grab.com\/wp-content\/uploads\/sites\/11\/2023\/09\/08163805\/1200x600_GB_GRABBAORE-1-1-120x60.jpg 120w\" sizes=\"(max-width: 1200px) 100vw, 1200px\" \/>\n\n<br><span style=\"font-weight: 400;color: #000000\">\u0110\u1eebng b\u1ecf l\u1ee1 c\u01a1 h\u1ed9i tham gia ch\u01b0\u01a1ng tr\u00ecnh <span style=\"color: #00b14f\"><strong>&#8220;Gh\u00e9p \u0111\u00f4i bay n\u1eeda gi\u00e1&#8221;<\/strong><\/span> c\u00f9ng Grab \u0111\u1ec3 nh\u1eadn \u0111\u01b0\u1ee3c m\u00e3 \u01b0u \u0111\u00e3i tr\u1ecb gi\u00e1 40.000\u0111. <br>\n\n<br><span style=\"font-weight: 400;color: #000000\">Th\u1ec3 l\u1ec7 ch\u01b0\u01a1ng tr\u00ecnh nh\u01b0 sau:\n<br>&#8211; Ch\u1ee5p h\u00ecnh gh\u00e9p \u0111\u00f4i c\u00f9ng mascot &#8220;\u0110i Grab Bao R\u1ebb&#8221; c\u1ee7a Grab\n<br>&#8211; \u0110\u0103ng t\u1ea3i t\u1ea5m h\u00ecnh l\u00ean t\u00e0i kho\u1ea3n Facebook\/Instgram c\u00f9ng hashtag <span style=\"color: #00b14f\"><strong>#DiGrabBaoRe #GrabBikeEconomy #GrabCarEconomy<\/strong><\/span>\n<br>&#8211; Nh\u1eadn ngay m\u00e3 \u01b0u \u0111\u00e3i di chuy\u1ec3n t\u1eeb Grab tr\u1ecb gi\u00e1 40.000\u0111\n\n<br><br>B\u1ea1n c\u00f3 th\u1ec3 tham gia ch\u01b0\u01a1ng tr\u00ecnh t\u1ea1i c\u00e1c \u0111\u1ecba \u0111i\u1ec3m sau:\n\n<br><br>Th\u00e0nh ph\u1ed1 H\u1ed3 Ch\u00ed Minh\n<br>&#8211; Th\u1ee9 B\u1ea3y (09\/09) v\u00e0 Ch\u1ee7 Nh\u1eadt (09\/09): V\u1ea1n H\u1ea1nh Mall, 11 S\u01b0 V\u1ea1n H\u1ea1nh, Ph\u01b0\u1eddng 12, Qu\u1eadn 10\n<br>&#8211; Th\u1ee9 S\u00e1u (15\/09): T\u00f2a nh\u00e0 Bitexco, 2 H\u1ea3i Tri\u1ec1u, B\u1ebfn Ngh\u00e9, Qu\u1eadn 1\n<br>&#8211; Th\u1ee9 B\u1ea3y (16\/09): Lotte Mart, 469 Nguy\u1ec5n H\u1eefu Th\u1ecd, T\u00e2n H\u01b0ng, Qu\u1eadn 7 v\u00e0 ch\u1ee3 B\u1ebfn Th\u00e0nh\n<br>&#8211; Ch\u1ee7 Nh\u1eadt (17\/09): V\u1ea1n H\u1ea1nh Mall, 11 S\u01b0 V\u1ea1n H\u1ea1nh, Ph\u01b0\u1eddng 12, Qu\u1eadn 10\n\n<br><br>B\u00ecnh D\u01b0\u01a1ng<br>\n&#8211; Th\u1ee9 B\u1ea3y (09\/09): Ph\u1ed1 \u0111i b\u1ed9 B\u1ea1ch \u0110\u1eb1ng v\u00e0 Ng\u00e3 S\u00e1u Th\u1ee7 D\u1ea7u M\u1ed9t<br>\n&#8211; Ch\u1ee7 Nh\u1eadt (10\/09): Ch\u1ee3 \u0111\u00eam B\u1ea1ch \u0110\u1eb1ng<br>\n&#8211; Th\u1ee9 B\u1ea3y (16\/09): Ph\u1ed1 \u0111i \u0111\u1ed9 B\u1ea1ch \u0110\u1eb1ng v\u00e0 Ng\u00e3 S\u00e1u Th\u1ee7 D\u1ea7u M\u1ed9t<br>\n&#8211; Ch\u1ee7 Nh\u1eadt (17\/09): Ch\u1ee3 \u0111\u00eam B\u1ea1ch \u0110\u1eb1ng<br>\n\n<br><br>\u0110\u1ed3ng Nai<br>\n&#8211; Th\u1ee9 B\u1ea3y (09\/09): C\u00f4ng vi\u00ean D\u01b0\u01a1ng T\u1eed Giang v\u00e0 C\u00f4ng vi\u00ean Nguy\u1ec5n V\u0103n Tr\u1ecb<br>\n&#8211; Ch\u1ee7 Nh\u1eadt (10\/09): Qu\u1ea3ng tr\u01b0\u1eddng t\u1ec9nh \u0110\u1ed3ng Nai v\u00e0 C\u00f4ng vi\u00ean Tam Hi\u1ec7p<br>\n&#8211; Th\u1ee9 B\u1ea3y (16\/09): C\u00f4ng vi\u00ean D\u01b0\u01a1ng T\u1eed Giang v\u00e0 C\u00f4ng vi\u00ean Nguy\u1ec5n V\u0103n Tr\u1ecb<br>\n&#8211; Ch\u1ee7 Nh\u1eadt (17\/09): Qu\u1ea3ng tr\u01b0\u1eddng t\u1ec9nh \u0110\u1ed3ng Nai v\u00e0 C\u00f4ng vi\u00ean Tam Hi\u1ec7p\n\n<br><br>H\u00e0 N\u1ed9i<br>\n&#8211; Th\u1ee9 S\u00e1u (22\/09): C\u00f4ng vi\u00ean Ngh\u0129a \u0110\u00f4 v\u00e0 Ph\u1ed1 \u0111i b\u1ed9 H\u1ed3 G\u01b0\u01a1m<br>\n&#8211; Th\u1ee9 B\u1ea3y (23\/09): C\u00f4ng vi\u00ean Th\u1ed1ng Nh\u1ea5t v\u00e0 Ph\u1ed1 \u0111i b\u1ed9 H\u1ed3 G\u01b0\u01a1m<br>\n&#8211; Ch\u1ee7 Nh\u1eadt (24\/09): C\u00f4ng vi\u00ean C\u1ea7u Gi\u1ea5y v\u00e0 V\u01b0\u1eddn hoa Lenin<br>\n&#8211; Th\u1ee9 S\u00e1u (29\/09): C\u00f4ng vi\u00ean Ngh\u0129a \u0110\u00f4 v\u00e0 Ph\u1ed1 \u0111i b\u1ed9 H\u1ed3 G\u01b0\u01a1m<br>\n&#8211; Th\u1ee9 B\u1ea3y (30\/09): C\u00f4ng vi\u00ean Th\u1ed1ng Nh\u1ea5t v\u00e0 Ph\u1ed1 \u0111i b\u1ed9 H\u1ed3 G\u01b0\u01a1m<br>\n&#8211; Ch\u1ee7 Nh\u1eadt (01\/10): C\u00f4ng vi\u00ean C\u1ea7u Gi\u1ea5y v\u00e0 V\u01b0\u1eddn hoa Lenin<br>\n\n<br>\u0110\u00e0 N\u1eb5ng<br>\n&#8211; Th\u1ee9 B\u1ea3y (23\/09): C\u00f4ng vi\u00ean 29\/3 v\u00e0 C\u00f4ng vi\u00ean b\u1edd \u0111\u00f4ng C\u1ea7u R\u1ed3ng<br>\n&#8211; Ch\u1ee7 Nh\u1eadt (24\/09): C\u00f4ng vi\u00ean Apec v\u00e0 C\u00f4ng vi\u00ean B\u1ea1ch \u0110\u1eb1ng<br>\n&#8211; Th\u1ee9 B\u1ea3y (30\/09): C\u00f4ng vi\u00ean 29\/3 v\u00e0 C\u00f4ng vi\u00ean b\u1edd \u0111\u00f4ng C\u1ea7u R\u1ed3ng<br>\n&#8211; Ch\u1ee7 Nh\u1eadt (01\/10): C\u00f4ng vi\u00ean Apec v\u00e0 C\u00f4ng vi\u00ean B\u1ea1ch \u0110\u1eb1ng<br>\n\n<br>Nha Trang<br>\n&#8211; Th\u1ee9 B\u1ea3y (23\/09): B\u00e3i bi\u1ec3n H\u00f2n Ch\u1ed3ng v\u00e0 B\u00e3i bi\u1ec3n \u0110\u1eb7ng T\u1ea5t<br>\n&#8211; Ch\u1ee7 Nh\u1eadt (24\/09): Qu\u1ea3ng tr\u01b0\u1eddng 2\/4 v\u00e0 B\u1ea3i bi\u1ec3n Tr\u1ea7n Ph\u00fa<br>\n&#8211; Th\u1ee9 B\u1ea3y (30\/09): B\u00e3i bi\u1ec3n H\u00f2n Ch\u1ed3ng v\u00e0 B\u00e3i bi\u1ec3n \u0110\u1eb7ng T\u1ea5t<br>\n&#8211; Ch\u1ee7 Nh\u1eadt (01\/10): Qu\u1ea3ng tr\u01b0\u1eddng 2\/4 v\u00e0 B\u1ea3i bi\u1ec3n Tr\u1ea7n Ph\u00fa<br>\n\n\n\n\n\n\t\t\t\t\t\t<\/div>\n\t\t\t\t<\/div>\n\t\t\t\t\t<\/div>\n\t\t<\/div>\n\t\t\t\t\t<\/div>\n\t\t<\/section>\n\t\t\t\t<\/div>","protected":false},"excerpt":{"rendered":"\u0110\u1eebng b\u1ecf l\u1ee1 c\u01a1 h\u1ed9i tham gia ch\u01b0\u01a1ng tr\u00ecnh &#8220;Gh\u00e9p \u0111\u00f4i bay n\u1eeda gi\u00e1&#8221; c\u00f9ng Grab \u0111\u1ec3 nh\u1eadn \u0111\u01b0\u1ee3c m\u00e3 \u01b0u \u0111\u00e3i tr\u1ecb gi\u00e1 40.000\u0111. Th\u1ec3 l\u1ec7 ch\u01b0\u01a1ng tr\u00ecnh nh\u01b0 sau: &#8211; Ch\u1ee5p h\u00ecnh gh\u00e9p \u0111\u00f4i c\u00f9ng mascot &#8220;\u0110i Grab Bao R\u1ebb&#8221; c\u1ee7a Grab &#8211; \u0110\u0103ng t\u1ea3i t\u1ea5m h\u00ecnh l\u00ean t\u00e0i kho\u1ea3n Facebook\/Instgram c\u00f9ng hashtag [&hellip;]","protected":false},"author":1428,"featured_media":0,"parent":0,"menu_order":0,"comment_status":"closed","ping_status":"closed","template":"","meta":{"_acf_changed":false,"footnotes":""},"acf":[],"_links":{"self":[{"href":"https:\/\/www.grab.com\/vn\/en\/wp-json\/wp\/v2\/pages\/154749"}],"collection":[{"href":"https:\/\/www.grab.com\/vn\/en\/wp-json\/wp\/v2\/pages"}],"about":[{"href":"https:\/\/www.grab.com\/vn\/en\/wp-json\/wp\/v2\/types\/page"}],"author":[{"embeddable":true,"href":"https:\/\/www.grab.com\/vn\/en\/wp-json\/wp\/v2\/users\/1428"}],"replies":[{"embeddable":true,"href":"https:\/\/www.grab.com\/vn\/en\/wp-json\/wp\/v2\/comments?post=154749"}],"version-history":[{"count":4,"href":"https:\/\/www.grab.com\/vn\/en\/wp-json\/wp\/v2\/pages\/154749\/revisions"}],"predecessor-version":[{"id":154867,"href":"https:\/\/www.grab.com\/vn\/en\/wp-json\/wp\/v2\/pages\/154749\/revisions\/154867"}],"wp:attachment":[{"href":"https:\/\/www.grab.com\/vn\/en\/wp-json\/wp\/v2\/media?parent=154749"}],"curies":[{"name":"wp","href":"https:\/\/api.w.org\/{rel}","templated":true}]}}