{"id":153811,"date":"2023-08-30T14:57:47","date_gmt":"2023-08-30T06:57:47","guid":{"rendered":"https:\/\/www.grab.com\/vn\/?page_id=153811"},"modified":"2023-09-11T11:29:39","modified_gmt":"2023-09-11T03:29:39","slug":"thu-thach-di-grab-bao-re-nhan-qua-bao-da-2","status":"publish","type":"page","link":"https:\/\/www.grab.com\/vn\/en\/thu-thach-di-grab-bao-re-nhan-qua-bao-da-2\/","title":{"rendered":"Th\u1eed th\u00e1ch &#8220;\u0110i Grab bao r\u1ebb, nh\u1eadn qu\u00e0 bao \u0111\u00e3&#8221;"},"content":{"rendered":"<p><img loading=\"lazy\" decoding=\"async\" width=\"1280\" height=\"800\" class=\"alignnone size-full wp-image-154910\" src=\"https:\/\/assets.grab.com\/wp-content\/uploads\/sites\/11\/2023\/09\/11112755\/1280x800-3.jpg\" alt=\"\" srcset=\"https:\/\/assets.grab.com\/wp-content\/uploads\/sites\/11\/2023\/09\/11112755\/1280x800-3.jpg 1280w, https:\/\/assets.grab.com\/wp-content\/uploads\/sites\/11\/2023\/09\/11112755\/1280x800-3-250x156.jpg 250w, https:\/\/assets.grab.com\/wp-content\/uploads\/sites\/11\/2023\/09\/11112755\/1280x800-3-700x438.jpg 700w, https:\/\/assets.grab.com\/wp-content\/uploads\/sites\/11\/2023\/09\/11112755\/1280x800-3-768x480.jpg 768w, https:\/\/assets.grab.com\/wp-content\/uploads\/sites\/11\/2023\/09\/11112755\/1280x800-3-18x12.jpg 18w, https:\/\/assets.grab.com\/wp-content\/uploads\/sites\/11\/2023\/09\/11112755\/1280x800-3-120x75.jpg 120w\" sizes=\"(max-width: 1280px) 100vw, 1280px\" \/><\/p>\n<p><span style=\"font-weight: 400\">\ud83d\ude19 S\u00e1ng s\u1edbm \u0111\u1eb7t Grab \u0111\u00f3n \u0111\u01b0a v\u1eeba nh\u1eb9 v\u00ed l\u1ea1i v\u1eeba c\u00f3 c\u01a1 h\u1ed9i tr\u00fang m\u00e1y l\u1ecdc kh\u00f4ng kh\u00ed Dyson Purifier, qu\u00e1 l\u00e0 h\u1eddi \u0111i!<\/span><\/p>\n<p><span style=\"font-weight: 400\">\ud83c\udf89 Ch\u1ec9 c\u1ea7n tham gia Th\u1eed th\u00e1ch \u0110i Grab Bao R\u1ebb, b\u1ea1n nh\u1eadn ngay nhi\u1ec1u ph\u1ea7n qu\u00e0 h\u1ea5p d\u1eabn v\u00e0 c\u01a1 h\u1ed9i rinh m\u00e1y l\u1ecdc kh\u00f4ng kh\u00ed Dyson v\u1ec1 nh\u00e0! Th\u1eed th\u00e1ch g\u1ed3m 2 c\u1ea5p \u0111\u1ed9 ph\u1ea3i \u201cv\u01b0\u1ee3t qua&#8221;:<\/span><\/p>\n<p><b>\u2705 C\u1ea5p \u0111\u1ed9 1: <\/b><span style=\"font-weight: 400\">Ho\u00e0n th\u00e0nh 01 chuy\u1ebfn xe GrabBike\/ GrabCar c\u00f3 c\u01b0\u1edbc ph\u00ed t\u1eeb 30.000\u0111 (sau khi \u0111\u00e3 \u00e1p d\u1ee5ng \u01b0u \u0111\u00e3i n\u1ebfu c\u00f3), nh\u1eadn ngay 01 m\u00e3 \u01b0u \u0111\u00e3i ti\u1ec1n \u0111i\u1ec7n tr\u1ecb gi\u00e1 20.000\u0111.\u00a0<\/span><\/p>\n<p><b>\u2705 C\u1ea5p \u0111\u1ed9 2: <\/b><span style=\"font-weight: 400\">Ho\u00e0n th\u00e0nh ti\u1ebfp 15 chuy\u1ebfn xe GrabBike\/ GrabCar c\u00f3 c\u01b0\u1edbc ph\u00ed t\u1eeb 30.000\u0111 (sau khi \u0111\u00e3 \u00e1p d\u1ee5ng \u01b0u \u0111\u00e3i n\u1ebfu c\u00f3), nh\u1eadn ngay 01 M\u00e1y l\u1ecdc kh\u00f4ng kh\u00ed Dyson Purifier Cool TP07.\u00a0<\/span><\/p>\n<p><span style=\"font-weight: 400\">\u2757 Ch\u1ec9 c\u00f3 3 gi\u1ea3i th\u01b0\u1edfng m\u00e1y l\u1ecdc kh\u00f4ng kh\u00ed Dyson Purifier Cool TP07 d\u00e0nh cho 3 ng\u01b0\u1eddi ch\u01a1i ho\u00e0n th\u00e0nh c\u1ea5p \u0111\u1ed9 2 s\u1edbm nh\u1ea5t, nhanh tay tham gia rinh qu\u00e0 keo h\u1ebft b\u1ea1n nha!<\/span><\/p>\n<p><span style=\"font-weight: 400\">\ud83d\udc49 \u0110\u1eb7t Grab \u0111\u00f3n li\u1ec1n!<\/span><\/p>\n<p>&nbsp;<\/p>\n<p><span style=\"font-weight: 400\">#GrabBike #GrabCar #DiGrabBaoRe<\/span><\/p>","protected":false},"excerpt":{"rendered":"\ud83d\ude19 S\u00e1ng s\u1edbm \u0111\u1eb7t Grab \u0111\u00f3n \u0111\u01b0a v\u1eeba nh\u1eb9 v\u00ed l\u1ea1i v\u1eeba c\u00f3 c\u01a1 h\u1ed9i tr\u00fang m\u00e1y l\u1ecdc kh\u00f4ng kh\u00ed Dyson Purifier, qu\u00e1 l\u00e0 h\u1eddi \u0111i! \ud83c\udf89 Ch\u1ec9 c\u1ea7n tham gia Th\u1eed th\u00e1ch \u0110i Grab Bao R\u1ebb, b\u1ea1n nh\u1eadn ngay nhi\u1ec1u ph\u1ea7n qu\u00e0 h\u1ea5p d\u1eabn v\u00e0 c\u01a1 h\u1ed9i rinh m\u00e1y l\u1ecdc kh\u00f4ng kh\u00ed Dyson v\u1ec1 [&hellip;]","protected":false},"author":1428,"featured_media":0,"parent":0,"menu_order":0,"comment_status":"closed","ping_status":"closed","template":"","meta":{"_acf_changed":false,"footnotes":""},"acf":[],"_links":{"self":[{"href":"https:\/\/www.grab.com\/vn\/en\/wp-json\/wp\/v2\/pages\/153811"}],"collection":[{"href":"https:\/\/www.grab.com\/vn\/en\/wp-json\/wp\/v2\/pages"}],"about":[{"href":"https:\/\/www.grab.com\/vn\/en\/wp-json\/wp\/v2\/types\/page"}],"author":[{"embeddable":true,"href":"https:\/\/www.grab.com\/vn\/en\/wp-json\/wp\/v2\/users\/1428"}],"replies":[{"embeddable":true,"href":"https:\/\/www.grab.com\/vn\/en\/wp-json\/wp\/v2\/comments?post=153811"}],"version-history":[{"count":3,"href":"https:\/\/www.grab.com\/vn\/en\/wp-json\/wp\/v2\/pages\/153811\/revisions"}],"predecessor-version":[{"id":154911,"href":"https:\/\/www.grab.com\/vn\/en\/wp-json\/wp\/v2\/pages\/153811\/revisions\/154911"}],"wp:attachment":[{"href":"https:\/\/www.grab.com\/vn\/en\/wp-json\/wp\/v2\/media?parent=153811"}],"curies":[{"name":"wp","href":"https:\/\/api.w.org\/{rel}","templated":true}]}}