{"id":151596,"date":"2023-07-20T12:08:31","date_gmt":"2023-07-20T04:08:31","guid":{"rendered":"https:\/\/www.grab.com\/vn\/?page_id=151596"},"modified":"2023-07-21T14:06:15","modified_gmt":"2023-07-21T06:06:15","slug":"chuong-trinh-uu-dai-cho-tan-sinh-vien-nam-2023","status":"publish","type":"page","link":"https:\/\/www.grab.com\/vn\/en\/chuong-trinh-uu-dai-cho-tan-sinh-vien-nam-2023\/","title":{"rendered":"Ch\u01b0\u01a1ng tr\u00ecnh \u01b0u \u0111\u00e3i cho t\u00e2n sinh vi\u00ean n\u0103m 2023"},"content":{"rendered":"","protected":false},"excerpt":{"rendered":"","protected":false},"author":1407,"featured_media":0,"parent":0,"menu_order":0,"comment_status":"closed","ping_status":"closed","template":"","meta":{"_acf_changed":false,"footnotes":""},"acf":[],"_links":{"self":[{"href":"https:\/\/www.grab.com\/vn\/en\/wp-json\/wp\/v2\/pages\/151596"}],"collection":[{"href":"https:\/\/www.grab.com\/vn\/en\/wp-json\/wp\/v2\/pages"}],"about":[{"href":"https:\/\/www.grab.com\/vn\/en\/wp-json\/wp\/v2\/types\/page"}],"author":[{"embeddable":true,"href":"https:\/\/www.grab.com\/vn\/en\/wp-json\/wp\/v2\/users\/1407"}],"replies":[{"embeddable":true,"href":"https:\/\/www.grab.com\/vn\/en\/wp-json\/wp\/v2\/comments?post=151596"}],"version-history":[{"count":18,"href":"https:\/\/www.grab.com\/vn\/en\/wp-json\/wp\/v2\/pages\/151596\/revisions"}],"predecessor-version":[{"id":151676,"href":"https:\/\/www.grab.com\/vn\/en\/wp-json\/wp\/v2\/pages\/151596\/revisions\/151676"}],"wp:attachment":[{"href":"https:\/\/www.grab.com\/vn\/en\/wp-json\/wp\/v2\/media?parent=151596"}],"curies":[{"name":"wp","href":"https:\/\/api.w.org\/{rel}","templated":true}]}}