{"id":151420,"date":"2023-07-17T11:39:22","date_gmt":"2023-07-17T03:39:22","guid":{"rendered":"https:\/\/www.grab.com\/vn\/?page_id=151420"},"modified":"2023-07-17T11:39:22","modified_gmt":"2023-07-17T03:39:22","slug":"macong","status":"publish","type":"page","link":"https:\/\/www.grab.com\/vn\/en\/macong\/","title":{"rendered":"H\u01b0\u1edbng d\u1eabn s\u1eed d\u1ee5ng M\u00e3 C\u1ed9ng (Plus Code) thay th\u1ebf cho \u0111\u1ecba \u0111i\u1ec3m"},"content":{"rendered":"<div style=\"width: 388px;\" class=\"wp-video\"><!--[if lt IE 9]><script>document.createElement('video');<\/script><![endif]-->\n<video class=\"wp-video-shortcode\" id=\"video-151420-1\" width=\"388\" height=\"690\" loop=\"1\" autoplay=\"1\" preload=\"metadata\" controls=\"controls\"><source type=\"video\/mp4\" src=\"https:\/\/assets.grab.com\/wp-content\/uploads\/sites\/11\/2023\/07\/14172632\/Howtouse_Pluscode1080x1920-2.mp4?_=1\" \/><a href=\"https:\/\/assets.grab.com\/wp-content\/uploads\/sites\/11\/2023\/07\/14172632\/Howtouse_Pluscode1080x1920-2.mp4\">https:\/\/assets.grab.com\/wp-content\/uploads\/sites\/11\/2023\/07\/14172632\/Howtouse_Pluscode1080x1920-2.mp4<\/a><\/video><\/div>\n<p>&nbsp;<\/p>\n<p><b>H\u01b0\u1edbng d\u1eabn s\u1eed d\u1ee5ng M\u00e3 C\u1ed9ng (Plus Code) thay th\u1ebf cho \u0111\u1ecba \u0111i\u1ec3m<\/b><\/p>\n<p><span style=\"font-weight: 400\">Gi\u1edd \u0111\u00e2y, b\u1ea1n c\u00f3 th\u1ec3 s\u1eed d\u1ee5ng M\u00e3 C\u1ed9ng \u0111\u1ec3 x\u00e1c \u0111\u1ecbnh v\u1ecb tr\u00ed v\u00e0 chia s\u1ebb m\u1ed9t \u0111\u1ecba \u0111i\u1ec3m c\u1ee5 th\u1ec3 tr\u00ean \u1ee9ng d\u1ee5ng Grab m\u1ed9t c\u00e1ch hi\u1ec7u qu\u1ea3. Khi b\u1ea1n kh\u00f4ng th\u1ec3 t\u00ecm th\u1ea5y m\u1ed9t \u0111\u1ecba ch\u1ec9 tr\u00ean \u1ee9ng d\u1ee5ng Grab, M\u00e3 C\u1ed9ng l\u00e0 m\u1ed9t t\u00ednh n\u0103ng tuy\u1ec7t v\u1eddi \u0111\u1ec3 x\u00e1c \u0111\u1ecbnh ch\u00ednh x\u00e1c \u0111\u1ecba \u0111i\u1ec3m \u0111\u00f3.<\/span><\/p>\n<p><b>M\u00e3 C\u1ed9ng l\u00e0 g\u00ec?<\/b><\/p>\n<p><span style=\"font-weight: 400\">M\u00e3 C\u1ed9ng l\u00e0 \u0111\u1ecba ch\u1ec9 k\u1ef9 thu\u1eadt s\u1ed1 \u0111\u01a1n gi\u1ea3n, ho\u1ea1t \u0111\u1ed9ng t\u01b0\u01a1ng t\u1ef1 nh\u01b0 m\u1ed9t \u0111\u1ecba ch\u1ec9 th\u00f4ng th\u01b0\u1eddng v\u00e0 c\u00f3 th\u1ec3 d\u1ec5 d\u00e0ng t\u00ecm th\u1ea5y tr\u00ean Google Maps. M\u1ed9t v\u00ed d\u1ee5 \u0111\u1ecbnh d\u1ea1ng c\u1ee7a M\u00e3 C\u1ed9ng l\u00e0 \u201cAABB+AB1\u201d, c\u00f3 th\u1ec3 chia s\u1ebb tr\u1ef1c ti\u1ebfp \u0111\u1ebfn \u1ee8ng d\u1ee5ng Grab \u0111\u1ec3 x\u00e1c \u0111\u1ecbnh ch\u00ednh x\u00e1c v\u1ecb tr\u00ed b\u1ea1n \u0111ang c\u1ea7n t\u00ecm.<\/span><\/p>\n<p><span style=\"font-weight: 400\">L\u00e0m th\u1ebf n\u00e0o \u0111\u1ec3 t\u00ecm \u0111\u1ecba \u0111i\u1ec3m b\u1eb1ng M\u00e3 C\u1ed9ng?<\/span><\/p>\n<p><span style=\"font-weight: 400\">\u2705<\/span><span style=\"font-weight: 400\">Vui l\u00f2ng tham kh\u1ea3o c\u00e1c h\u01b0\u1edbng d\u1eabn l\u1ea5y M\u00e3 C\u1ed9ng c\u1ee7a m\u1ed9t \u0111\u1ecba \u0111i\u1ec3m <\/span><a href=\"https:\/\/support.google.com\/maps\/answer\/7047426?co=GENIE.Platform%3DiOS&amp;oco=1\"><span style=\"font-weight: 400\">here<\/span><\/a><span style=\"font-weight: 400\">.<\/span><\/p>\n<p><span style=\"font-weight: 400\">\u2705<\/span><span style=\"font-weight: 400\">Sao ch\u00e9p v\u00e0 d\u00e1n M\u00e3 C\u1ed9ng v\u00e0o \u00f4 t\u00ecm ki\u1ebfm \u0111\u1ecba ch\u1ec9 trong \u1ee9ng d\u1ee5ng Grab, t\u01b0\u01a1ng t\u1ef1 nh\u01b0 c\u00e1ch b\u1ea1n nh\u1eadp \u0111\u1ecba ch\u1ec9 truy\u1ec1n th\u1ed1ng.<\/span><span style=\"font-weight: 400\"><br \/>\n<\/span><span style=\"font-weight: 400\">\u2705<\/span><span style=\"font-weight: 400\">Sau khi d\u00e1n M\u00e3 C\u1ed9ng v\u00e0o \u00f4 t\u00ecm ki\u1ebfm, ch\u1ecdn \u0111\u1ecba \u0111i\u1ec3m hi\u1ec3n th\u1ecb M\u00e3 C\u1ed9ng t\u01b0\u01a1ng \u1ee9ng trong \u1ee9ng d\u1ee5ng Grab.<\/span><\/p>\n<p><i><span style=\"font-weight: 400\">L\u01b0u \u00fd: N\u1ebfu b\u1ea1n c\u1ea7n h\u1ed7 tr\u1ee3 s\u1eed d\u1ee5ng M\u00e3 C\u1ed9ng, h\u00e3y th\u00f4ng b\u00e1o \u0111\u1ebfn ch\u00fang t\u00f4i <\/span><\/i><a href=\"https:\/\/help.grab.com\/passenger\/vi-vn\/4406169651737\"><i><span style=\"font-weight: 400\">here<\/span><\/i><\/a><i><span style=\"font-weight: 400\"> \u0111\u1ec3 \u0111\u01b0\u1ee3c h\u1ed7 tr\u1ee3 k\u1ecbp th\u1eddi<\/span><\/i><\/p>","protected":false},"excerpt":{"rendered":"&nbsp; H\u01b0\u1edbng d\u1eabn s\u1eed d\u1ee5ng M\u00e3 C\u1ed9ng (Plus Code) thay th\u1ebf cho \u0111\u1ecba \u0111i\u1ec3m Gi\u1edd \u0111\u00e2y, b\u1ea1n c\u00f3 th\u1ec3 s\u1eed d\u1ee5ng M\u00e3 C\u1ed9ng \u0111\u1ec3 x\u00e1c \u0111\u1ecbnh v\u1ecb tr\u00ed v\u00e0 chia s\u1ebb m\u1ed9t \u0111\u1ecba \u0111i\u1ec3m c\u1ee5 th\u1ec3 tr\u00ean \u1ee9ng d\u1ee5ng Grab m\u1ed9t c\u00e1ch hi\u1ec7u qu\u1ea3. Khi b\u1ea1n kh\u00f4ng th\u1ec3 t\u00ecm th\u1ea5y m\u1ed9t \u0111\u1ecba ch\u1ec9 tr\u00ean \u1ee9ng [&hellip;]","protected":false},"author":1427,"featured_media":0,"parent":0,"menu_order":0,"comment_status":"closed","ping_status":"closed","template":"","meta":{"_acf_changed":false,"footnotes":""},"acf":[],"_links":{"self":[{"href":"https:\/\/www.grab.com\/vn\/en\/wp-json\/wp\/v2\/pages\/151420"}],"collection":[{"href":"https:\/\/www.grab.com\/vn\/en\/wp-json\/wp\/v2\/pages"}],"about":[{"href":"https:\/\/www.grab.com\/vn\/en\/wp-json\/wp\/v2\/types\/page"}],"author":[{"embeddable":true,"href":"https:\/\/www.grab.com\/vn\/en\/wp-json\/wp\/v2\/users\/1427"}],"replies":[{"embeddable":true,"href":"https:\/\/www.grab.com\/vn\/en\/wp-json\/wp\/v2\/comments?post=151420"}],"version-history":[{"count":1,"href":"https:\/\/www.grab.com\/vn\/en\/wp-json\/wp\/v2\/pages\/151420\/revisions"}],"predecessor-version":[{"id":151421,"href":"https:\/\/www.grab.com\/vn\/en\/wp-json\/wp\/v2\/pages\/151420\/revisions\/151421"}],"wp:attachment":[{"href":"https:\/\/www.grab.com\/vn\/en\/wp-json\/wp\/v2\/media?parent=151420"}],"curies":[{"name":"wp","href":"https:\/\/api.w.org\/{rel}","templated":true}]}}