{"id":149547,"date":"2023-07-01T08:37:38","date_gmt":"2023-07-01T00:37:38","guid":{"rendered":"https:\/\/www.grab.com\/vn\/?page_id=149547"},"modified":"2023-07-01T08:37:38","modified_gmt":"2023-07-01T00:37:38","slug":"149547-2","status":"publish","type":"page","link":"https:\/\/www.grab.com\/vn\/en\/149547-2\/","title":{"rendered":""},"content":{"rendered":"<ol>\n<li style=\"font-weight: 400\"><span style=\"font-weight: 400\">C\u00e1c d\u1ecbch v\u1ee5 GrabCar t\u1ea1i TP. H\u1ed3 Ch\u00ed Minh v\u00e0 H\u00e0 N\u1ed9i<\/span><\/li>\n<\/ol>\n<table dir=\"ltr\" style=\"width: 1001px\" border=\"1\" cellspacing=\"0\" cellpadding=\"0\">\n<colgroup>\n<col width=\"100\" \/>\n<col width=\"100\" \/>\n<col width=\"100\" \/>\n<col width=\"100\" \/>\n<col width=\"100\" \/><\/colgroup>\n<tbody>\n<tr>\n<td style=\"width: 100px\" colspan=\"1\" rowspan=\"2\" data-sheets-value=\"{&quot;1&quot;:2,&quot;2&quot;:&quot;Th\u00e0nh Ph\u1ed1\/ T\u1ec9nh&quot;}\">\n<div>Th\u00e0nh Ph\u1ed1\/ T\u1ec9nh<\/div>\n<\/td>\n<td style=\"width: 199px\" colspan=\"1\" rowspan=\"2\" data-sheets-value=\"{&quot;1&quot;:2,&quot;2&quot;:&quot;D\u1ecbch v\u1ee5&quot;}\">\n<div>For cheaper fare, using<\/div>\n<\/td>\n<td style=\"width: 702px\" colspan=\"3\" rowspan=\"1\" data-sheets-value=\"{&quot;1&quot;:2,&quot;2&quot;:&quot;Gi\u00e1 c\u01b0\u1edbc&quot;}\">Gi\u00e1 c\u01b0\u1edbc<\/td>\n<\/tr>\n<tr>\n<td style=\"width: 145px\" data-sheets-value=\"{&quot;1&quot;:2,&quot;2&quot;:&quot;Gi\u00e1 c\u01b0\u1edbc t\u1ed1i thi\u1ec3u 2km \u0111\u1ea7u ti\u00ean&quot;}\">Gi\u00e1 c\u01b0\u1edbc t\u1ed1i thi\u1ec3u 2km \u0111\u1ea7u ti\u00ean<\/td>\n<td style=\"width: 297px\" data-sheets-value=\"{&quot;1&quot;:2,&quot;2&quot;:&quot;Gi\u00e1 c\u01b0\u1edbc m\u1ed7i km ti\u1ebfp theo&quot;}\">Gi\u00e1 c\u01b0\u1edbc m\u1ed7i km ti\u1ebfp theo<\/td>\n<td style=\"width: 260px\" data-sheets-value=\"{&quot;1&quot;:2,&quot;2&quot;:&quot;Gi\u00e1 c\u01b0\u1edbc t\u00ednh theo th\u1eddi gian di chuy\u1ec3n (sau 2km \u0111\u1ea7u ti\u00ean)&quot;}\">Gi\u00e1 c\u01b0\u1edbc t\u00ednh theo th\u1eddi gian di chuy\u1ec3n (sau 2km \u0111\u1ea7u ti\u00ean)<\/td>\n<\/tr>\n<tr>\n<td style=\"width: 100px\" colspan=\"1\" rowspan=\"5\" data-sheets-value=\"{&quot;1&quot;:2,&quot;2&quot;:&quot;H\u00e0 N\u1ed9i&quot;}\">\n<div>H\u00e0 N\u1ed9i<\/div>\n<\/td>\n<td style=\"width: 199px\" data-sheets-value=\"{&quot;1&quot;:2,&quot;2&quot;:&quot;GrabCar 4 ch\u1ed7&quot;}\">GrabCar 4 ch\u1ed7<\/td>\n<td style=\"width: 145px\" data-sheets-value=\"{&quot;1&quot;:3,&quot;3&quot;:28.473}\">28.473<\/td>\n<td style=\"width: 297px\" data-sheets-value=\"{&quot;1&quot;:3,&quot;3&quot;:9.818}\">9.818<\/td>\n<td style=\"width: 260px\" data-sheets-value=\"{&quot;1&quot;:3,&quot;3&quot;:442}\">442<\/td>\n<\/tr>\n<tr>\n<td style=\"width: 199px\" data-sheets-value=\"{&quot;1&quot;:2,&quot;2&quot;:&quot;GrabCar 7 ch\u1ed7&quot;}\">GrabCar 7 ch\u1ed7<\/td>\n<td style=\"width: 145px\" data-sheets-value=\"{&quot;1&quot;:3,&quot;3&quot;:33.382}\">33.382<\/td>\n<td style=\"width: 297px\" data-sheets-value=\"{&quot;1&quot;:3,&quot;3&quot;:12.764}\">12.764<\/td>\n<td style=\"width: 260px\" data-sheets-value=\"{&quot;1&quot;:3,&quot;3&quot;:540}\">540<\/td>\n<\/tr>\n<tr>\n<td style=\"width: 199px\" data-sheets-value=\"{&quot;1&quot;:2,&quot;2&quot;:&quot;GrabCar Doanh Nghi\u1ec7p&quot;}\">GrabCar Doanh Nghi\u1ec7p<\/td>\n<td style=\"width: 145px\" data-sheets-value=\"{&quot;1&quot;:3,&quot;3&quot;:28.473}\">28.473<\/td>\n<td style=\"width: 297px\" data-sheets-value=\"{&quot;1&quot;:3,&quot;3&quot;:10.996}\">10.996<\/td>\n<td style=\"width: 260px\" data-sheets-value=\"{&quot;1&quot;:3,&quot;3&quot;:422}\">422<\/td>\n<\/tr>\n<tr>\n<td style=\"width: 199px\" data-sheets-value=\"{&quot;1&quot;:2,&quot;2&quot;:&quot;GrabCar Economy&quot;}\">GrabCar Economy<\/td>\n<td style=\"width: 145px\" data-sheets-value=\"{&quot;1&quot;:3,&quot;3&quot;:26.215}\">26.215<\/td>\n<td style=\"width: 297px\" data-sheets-value=\"{&quot;1&quot;:3,&quot;3&quot;:8.935}\">8.935<\/td>\n<td style=\"width: 260px\" data-sheets-value=\"{&quot;1&quot;:3,&quot;3&quot;:363}\">363<\/td>\n<\/tr>\n<tr>\n<td style=\"width: 199px\" data-sheets-value=\"{&quot;1&quot;:2,&quot;2&quot;:&quot;GrabCar Plus&quot;}\">GrabCar Plus<\/td>\n<td style=\"width: 145px\" data-sheets-value=\"{&quot;1&quot;:3,&quot;3&quot;:33.578}\">33.578<\/td>\n<td style=\"width: 297px\" data-sheets-value=\"{&quot;1&quot;:3,&quot;3&quot;:12.371}\">12.371<\/td>\n<td style=\"width: 260px\" data-sheets-value=\"{&quot;1&quot;:3,&quot;3&quot;:520}\">520<\/td>\n<\/tr>\n<tr>\n<td style=\"width: 100px\" colspan=\"1\" rowspan=\"5\" data-sheets-value=\"{&quot;1&quot;:2,&quot;2&quot;:&quot;Tp. H\u1ed3 Ch\u00ed Minh&quot;}\">\n<div>Tp. H\u1ed3 Ch\u00ed Minh<\/div>\n<\/td>\n<td style=\"width: 199px\" data-sheets-value=\"{&quot;1&quot;:2,&quot;2&quot;:&quot;GrabCar 4 ch\u1ed7&quot;}\">GrabCar 4 ch\u1ed7<\/td>\n<td style=\"width: 145px\" data-sheets-value=\"{&quot;1&quot;:3,&quot;3&quot;:28.473}\">28.473<\/td>\n<td style=\"width: 297px\" data-sheets-value=\"{&quot;1&quot;:3,&quot;3&quot;:9.818}\">9.818<\/td>\n<td style=\"width: 260px\" data-sheets-value=\"{&quot;1&quot;:3,&quot;3&quot;:442}\">442<\/td>\n<\/tr>\n<tr>\n<td style=\"width: 199px\" data-sheets-value=\"{&quot;1&quot;:2,&quot;2&quot;:&quot;GrabCar 7 ch\u1ed7&quot;}\">GrabCar 7 ch\u1ed7<\/td>\n<td style=\"width: 145px\" data-sheets-value=\"{&quot;1&quot;:3,&quot;3&quot;:33.382}\">33.382<\/td>\n<td style=\"width: 297px\" data-sheets-value=\"{&quot;1&quot;:3,&quot;3&quot;:12.764}\">12.764<\/td>\n<td style=\"width: 260px\" data-sheets-value=\"{&quot;1&quot;:3,&quot;3&quot;:540}\">540<\/td>\n<\/tr>\n<tr>\n<td style=\"width: 199px\" data-sheets-value=\"{&quot;1&quot;:2,&quot;2&quot;:&quot;GrabCar Doanh Nghi\u1ec7p&quot;}\">GrabCar Doanh Nghi\u1ec7p<\/td>\n<td style=\"width: 145px\" data-sheets-value=\"{&quot;1&quot;:3,&quot;3&quot;:28.473}\">28.473<\/td>\n<td style=\"width: 297px\" data-sheets-value=\"{&quot;1&quot;:3,&quot;3&quot;:10.996}\">10.996<\/td>\n<td style=\"width: 260px\" data-sheets-value=\"{&quot;1&quot;:3,&quot;3&quot;:422}\">422<\/td>\n<\/tr>\n<tr>\n<td style=\"width: 199px\" data-sheets-value=\"{&quot;1&quot;:2,&quot;2&quot;:&quot;GrabCar Economy&quot;}\">GrabCar Economy<\/td>\n<td style=\"width: 145px\" data-sheets-value=\"{&quot;1&quot;:3,&quot;3&quot;:26.215}\">26.215<\/td>\n<td style=\"width: 297px\" data-sheets-value=\"{&quot;1&quot;:3,&quot;3&quot;:8.935}\">8.935<\/td>\n<td style=\"width: 260px\" data-sheets-value=\"{&quot;1&quot;:3,&quot;3&quot;:363}\">363<\/td>\n<\/tr>\n<tr>\n<td style=\"width: 199px\" data-sheets-value=\"{&quot;1&quot;:2,&quot;2&quot;:&quot;GrabCar Plus&quot;}\">GrabCar Plus<\/td>\n<td style=\"width: 145px\" data-sheets-value=\"{&quot;1&quot;:3,&quot;3&quot;:33.578}\">33.578<\/td>\n<td style=\"width: 297px\" data-sheets-value=\"{&quot;1&quot;:3,&quot;3&quot;:12.371}\">12.371<\/td>\n<td style=\"width: 260px\" data-sheets-value=\"{&quot;1&quot;:3,&quot;3&quot;:520}\">520<\/td>\n<\/tr>\n<\/tbody>\n<\/table>\n<p><\/p>","protected":false},"excerpt":{"rendered":"C\u00e1c d\u1ecbch v\u1ee5 GrabCar t\u1ea1i TP. H\u1ed3 Ch\u00ed Minh v\u00e0 H\u00e0 N\u1ed9i Th\u00e0nh Ph\u1ed1\/ T\u1ec9nh D\u1ecbch v\u1ee5 Gi\u00e1 c\u01b0\u1edbc Gi\u00e1 c\u01b0\u1edbc t\u1ed1i thi\u1ec3u 2km \u0111\u1ea7u ti\u00ean Gi\u00e1 c\u01b0\u1edbc m\u1ed7i km ti\u1ebfp theo Gi\u00e1 c\u01b0\u1edbc t\u00ednh theo th\u1eddi gian di chuy\u1ec3n (sau 2km \u0111\u1ea7u ti\u00ean) H\u00e0 N\u1ed9i GrabCar 4 ch\u1ed7 28.473 9.818 442 GrabCar 7 ch\u1ed7 [&hellip;]","protected":false},"author":1427,"featured_media":0,"parent":0,"menu_order":0,"comment_status":"closed","ping_status":"closed","template":"","meta":{"_acf_changed":false,"footnotes":""},"acf":[],"_links":{"self":[{"href":"https:\/\/www.grab.com\/vn\/en\/wp-json\/wp\/v2\/pages\/149547"}],"collection":[{"href":"https:\/\/www.grab.com\/vn\/en\/wp-json\/wp\/v2\/pages"}],"about":[{"href":"https:\/\/www.grab.com\/vn\/en\/wp-json\/wp\/v2\/types\/page"}],"author":[{"embeddable":true,"href":"https:\/\/www.grab.com\/vn\/en\/wp-json\/wp\/v2\/users\/1427"}],"replies":[{"embeddable":true,"href":"https:\/\/www.grab.com\/vn\/en\/wp-json\/wp\/v2\/comments?post=149547"}],"version-history":[{"count":2,"href":"https:\/\/www.grab.com\/vn\/en\/wp-json\/wp\/v2\/pages\/149547\/revisions"}],"predecessor-version":[{"id":149631,"href":"https:\/\/www.grab.com\/vn\/en\/wp-json\/wp\/v2\/pages\/149547\/revisions\/149631"}],"wp:attachment":[{"href":"https:\/\/www.grab.com\/vn\/en\/wp-json\/wp\/v2\/media?parent=149547"}],"curies":[{"name":"wp","href":"https:\/\/api.w.org\/{rel}","templated":true}]}}