{"id":149451,"date":"2023-06-30T11:49:45","date_gmt":"2023-06-30T03:49:45","guid":{"rendered":"https:\/\/www.grab.com\/vn\/?page_id=149451"},"modified":"2023-06-30T11:49:45","modified_gmt":"2023-06-30T03:49:45","slug":"di-1-nhan-them-4-uu-dai","status":"publish","type":"page","link":"https:\/\/www.grab.com\/vn\/en\/di-1-nhan-them-4-uu-dai\/","title":{"rendered":"\u0110i 1 nh\u1eadn th\u00eam 4 \u01b0u \u0111\u00e3i"},"content":{"rendered":"<ul>\n<li>\u0110i 1 chuy\u1ebfn xe c\u00f9ng Grab nh\u1eadn th\u00eam 4 \u01b0u \u0111\u00e3i gi\u1ea3m t\u1ed1i \u0111a 30.000\u0111.<\/li>\n<li>D\u00e0nh cho ng\u01b0\u1eddi d\u00f9ng kh\u00f4ng s\u1eed d\u1ee5ng d\u1ecbch v\u1ee5 GrabBike\/GrabCar trong th\u1eddi gian 1 th\u00e1ng g\u1ea7n \u0111\u00e2y.<\/li>\n<li>Ch\u1ec9 \u00e1p d\u1ee5ng cho ng\u01b0\u1eddi d\u00f9ng \u0111\u01b0\u1ee3c hi\u1ec3n th\u1ecb \u01b0u \u0111\u00e3i.<\/li>\n<li>Ch\u1ec9 \u00e1p d\u1ee5ng v\u1edbi phi\u00ean b\u1ea3n \u1ee9ng d\u1ee5ng m\u1edbi nh\u1ea5t.<\/li>\n<li>\u00c1p d\u1ee5ng v\u1edbi m\u1ecdi ph\u01b0\u01a1ng th\u1ee9c thanh to\u00e1n.<\/li>\n<\/ul>\n<p>&nbsp;<\/p>","protected":false},"excerpt":{"rendered":"\u0110i 1 chuy\u1ebfn xe c\u00f9ng Grab nh\u1eadn th\u00eam 4 \u01b0u \u0111\u00e3i gi\u1ea3m t\u1ed1i \u0111a 30.000\u0111. D\u00e0nh cho ng\u01b0\u1eddi d\u00f9ng kh\u00f4ng s\u1eed d\u1ee5ng d\u1ecbch v\u1ee5 GrabBike\/GrabCar trong th\u1eddi gian 1 th\u00e1ng g\u1ea7n \u0111\u00e2y. Ch\u1ec9 \u00e1p d\u1ee5ng cho ng\u01b0\u1eddi d\u00f9ng \u0111\u01b0\u1ee3c hi\u1ec3n th\u1ecb \u01b0u \u0111\u00e3i. Ch\u1ec9 \u00e1p d\u1ee5ng v\u1edbi phi\u00ean b\u1ea3n \u1ee9ng d\u1ee5ng m\u1edbi nh\u1ea5t. \u00c1p d\u1ee5ng [&hellip;]","protected":false},"author":1427,"featured_media":0,"parent":0,"menu_order":0,"comment_status":"closed","ping_status":"closed","template":"","meta":{"_acf_changed":false,"footnotes":""},"acf":[],"_links":{"self":[{"href":"https:\/\/www.grab.com\/vn\/en\/wp-json\/wp\/v2\/pages\/149451"}],"collection":[{"href":"https:\/\/www.grab.com\/vn\/en\/wp-json\/wp\/v2\/pages"}],"about":[{"href":"https:\/\/www.grab.com\/vn\/en\/wp-json\/wp\/v2\/types\/page"}],"author":[{"embeddable":true,"href":"https:\/\/www.grab.com\/vn\/en\/wp-json\/wp\/v2\/users\/1427"}],"replies":[{"embeddable":true,"href":"https:\/\/www.grab.com\/vn\/en\/wp-json\/wp\/v2\/comments?post=149451"}],"version-history":[{"count":1,"href":"https:\/\/www.grab.com\/vn\/en\/wp-json\/wp\/v2\/pages\/149451\/revisions"}],"predecessor-version":[{"id":149452,"href":"https:\/\/www.grab.com\/vn\/en\/wp-json\/wp\/v2\/pages\/149451\/revisions\/149452"}],"wp:attachment":[{"href":"https:\/\/www.grab.com\/vn\/en\/wp-json\/wp\/v2\/media?parent=149451"}],"curies":[{"name":"wp","href":"https:\/\/api.w.org\/{rel}","templated":true}]}}