{"id":149097,"date":"2023-06-22T12:26:17","date_gmt":"2023-06-22T04:26:17","guid":{"rendered":"https:\/\/www.grab.com\/vn\/?page_id=149097"},"modified":"2023-06-22T16:47:29","modified_gmt":"2023-06-22T08:47:29","slug":"shopping-season-2023-grab-tung-deal-dinh","status":"publish","type":"page","link":"https:\/\/www.grab.com\/vn\/en\/shopping-season-2023-grab-tung-deal-dinh\/","title":{"rendered":"Shopping Season 2023, Grab tung deal \u0111\u1ec9nh"},"content":{"rendered":"<p><img loading=\"lazy\" decoding=\"async\" width=\"1200\" height=\"600\" class=\"alignnone size-full wp-image-149104\" src=\"https:\/\/assets.grab.com\/wp-content\/uploads\/sites\/11\/2023\/06\/22124019\/WhatsApp-Image-2023-06-22-at-11.39.02.jpeg\" alt=\"\" srcset=\"https:\/\/assets.grab.com\/wp-content\/uploads\/sites\/11\/2023\/06\/22124019\/WhatsApp-Image-2023-06-22-at-11.39.02.jpeg 1200w, https:\/\/assets.grab.com\/wp-content\/uploads\/sites\/11\/2023\/06\/22124019\/WhatsApp-Image-2023-06-22-at-11.39.02-250x125.jpeg 250w, https:\/\/assets.grab.com\/wp-content\/uploads\/sites\/11\/2023\/06\/22124019\/WhatsApp-Image-2023-06-22-at-11.39.02-700x350.jpeg 700w, https:\/\/assets.grab.com\/wp-content\/uploads\/sites\/11\/2023\/06\/22124019\/WhatsApp-Image-2023-06-22-at-11.39.02-768x384.jpeg 768w, https:\/\/assets.grab.com\/wp-content\/uploads\/sites\/11\/2023\/06\/22124019\/WhatsApp-Image-2023-06-22-at-11.39.02-120x60.jpeg 120w\" sizes=\"(max-width: 1200px) 100vw, 1200px\" \/><\/p>\n<p>Shopping Season 2023, Grab \u201ctung\u201d deal \u0111\u1ec9nh<\/p>\n<p>\ud83d\udd25 H\u01b0\u1edfng \u1ee9ng m\u00f9a mua s\u1eafm h\u00e8 s\u00f4i \u0111\u1ed9ng, Grab \u201ctung&#8221; nhi\u1ec1u deal \u0111\u1ec9nh ti\u1ebfp s\u1ee9c anh ch\u1ecb em s\u0103n sale nhi\u1ec7t t\u00ecnh.<br \/>\n\ud83d\udc9a Ch\u1ec9 c\u1ea7n nh\u1eadp m\u00e3 SHOPPINGSEASON23 nh\u1eadn ngay c\u00e1c \u01b0u \u0111\u00e3i<br \/>\n\ud83d\ude97\ud83d\udef5\u01afu \u0111\u00e3i gi\u1ea3m 45% t\u1ed1i \u0111a 15.000\u0111 cho m\u1ed7i chuy\u1ebfn xe GrabBike\/ GrabCar. K\u1ebft th\u00fac chuy\u1ebfn xe, nh\u1eadn th\u00eam 07 \u01b0u \u0111\u00e3i gi\u1ea3m 45% t\u1ed1i \u0111a 15.000\u0111.<br \/>\n\ud83c\udf5c \u01afu \u0111\u00e3i gi\u1ea3m th\u00eam 10.000\u0111 cho \u0111\u01a1n h\u00e0ng GrabFood t\u1eeb 100.000\u0111<br \/>\n\ud83d\uded2 \u01afu \u0111\u00e3i gi\u1ea3m th\u00eam 10.000\u0111 cho \u0111\u01a1n h\u00e0ng GrabMart t\u1eeb 200.000\u0111<br \/>\n\ud83d\udce6 \u0110\u1ed3ng gi\u00e1 25.000\u0111 cho \u0111\u01a1n h\u00e0ng t\u1eeb 50.000\u0111 cho d\u1ecbch v\u1ee5 GrabExpress Ti\u1ebft Ki\u1ec7m<\/p>\n<p>\ud83d\udc49 \u0110\u1eb7t Grab ngay!<\/p>\n<p>&nbsp;<\/p>\n<p><strong>\u0110i\u1ec1u ki\u1ec7n \u0111i\u1ec1u kho\u1ea3n \u00e1p d\u1ee5ng<\/strong><\/p>\n<p><span style=\"text-decoration: underline\"><strong>\u01afu \u0111\u00e3i t\u1eeb GrabBike, GrabCar<\/strong><\/span><\/p>\n<p>&#8211; Nh\u1eadn ngay 7 \u01b0u \u0111\u00e3i 45% (T\u1ed1i \u0111a 15.000\u0111) \u00e1p d\u1ee5ng trong m\u1ecdi khung gi\u1edd v\u00e0 c\u00f3 th\u1eddi h\u1ea1n s\u1eed d\u1ee5ng trong 03 ng\u00e0y sau khi ho\u00e0n th\u00e0nh chuy\u1ebfn xe<br \/>\n&#8211; \u00c1p d\u1ee5ng cho d\u1ecbch v\u1ee5 GrabBike, GrabBike Plus, GrabBike Economy, GrabCar, GrabCar Plus, GrabCar Economy<br \/>\n&#8211; \u00c1p d\u1ee5ng cho khung gi\u1edd 6h-9h t\u1eeb th\u1ee9 hai \u0111\u1ebfn th\u1ee9 s\u00e1u<br \/>\n&#8211; Kh\u00f4ng th\u1ec3 \u0111\u1ed3ng th\u1eddi \u00e1p d\u1ee5ng v\u1edbi c\u00e1c m\u00e3 khuy\u1ebfn m\u00e3i kh\u00e1c.<br \/>\n&#8211; \u00c1p d\u1ee5ng t\u1ea1i H\u1ed3 Ch\u00ed Minh v\u00e0 H\u00e0 N\u1ed9i.<br \/>\n&#8211; \u01afu \u0111\u00e3i kh\u00f4ng bao g\u1ed3m ph\u1ee5 ph\u00ed, ng\u01b0\u1eddi d\u00f9ng vui l\u00f2ng thanh to\u00e1n ph\u1ea7n ph\u1ee5 ph\u00ed n\u00e0y v\u1edbi t\u00e0i x\u1ebf<br \/>\n&#8211; M\u1ed7i ng\u01b0\u1eddi d\u00f9ng \u0111\u01b0\u1ee3c s\u1eed d\u1ee5ng \u01b0u \u0111\u00e3i t\u1ed1i \u0111a 1 l\u1ea7n.<br \/>\n&#8211; S\u1ed1 l\u01b0\u1ee3ng \u01b0u \u0111\u00e3i gi\u1edbi h\u1ea1n m\u1ed7i ng\u00e0y.<\/p>\n<p><span style=\"text-decoration: underline\"><strong>\u01afu \u0111\u00e3i t\u1eeb GrabFood<\/strong><\/span><\/p>\n<p>&#8211; \u00c1p d\u1ee5ng cho c\u00e1c c\u1eeda h\u00e0ng c\u00f3 hi\u1ec3n th\u1ecb \u01b0u \u0111\u00e3i tr\u00ean GrabFood.<br \/>\n&#8211; C\u00f3 th\u1ec3 \u0111\u1ed3ng th\u1eddi \u00e1p d\u1ee5ng v\u1edbi c\u00e1c m\u00e3 khuy\u1ebfn m\u00e3i kh\u00e1c.<br \/>\n&#8211; Ch\u1ec9 \u00e1p d\u1ee5ng tr\u00ean gi\u00e1 tr\u1ecb \u0111\u01a1n h\u00e0ng, kh\u00f4ng \u00e1p d\u1ee5ng tr\u00ean ph\u00ed giao h\u00e0ng.<br \/>\n&#8211; M\u1ed7i ng\u01b0\u1eddi d\u00f9ng \u0111\u01b0\u1ee3c s\u1eed d\u1ee5ng \u01b0u \u0111\u00e3i t\u1ed1i \u0111a 1 l\u1ea7n\/ng\u00e0y.<br \/>\n&#8211; S\u1ed1 l\u01b0\u1ee3ng \u01b0u \u0111\u00e3i gi\u1edbi h\u1ea1n m\u1ed7i ng\u00e0y.<br \/>\n&#8211; \u01afu \u0111\u00e3i kh\u00f4ng \u00e1p d\u1ee5ng cho \u0111\u01a1n h\u00e0ng l\u1ea5y t\u1ea1i qu\u00e1n.<\/p>\n<p>&nbsp;<\/p>\n<p><span style=\"text-decoration: underline\"><strong>\u01afu \u0111\u00e3i t\u1eeb GrabMart<\/strong><\/span><\/p>\n<p>&#8211; \u00c1p d\u1ee5ng cho c\u00e1c c\u1eeda h\u00e0ng c\u00f3 hi\u1ec3n th\u1ecb \u01b0u \u0111\u00e3i tr\u00ean GrabMart.<br \/>\n&#8211; C\u00f3 th\u1ec3 \u0111\u1ed3ng th\u1eddi \u00e1p d\u1ee5ng v\u1edbi c\u00e1c m\u00e3 khuy\u1ebfn m\u00e3i kh\u00e1c.<br \/>\n&#8211; Ch\u1ec9 \u00e1p d\u1ee5ng tr\u00ean gi\u00e1 tr\u1ecb \u0111\u01a1n h\u00e0ng, kh\u00f4ng \u00e1p d\u1ee5ng tr\u00ean ph\u00ed giao h\u00e0ng.<br \/>\n&#8211; M\u1ed7i ng\u01b0\u1eddi d\u00f9ng \u0111\u01b0\u1ee3c s\u1eed d\u1ee5ng \u01b0u \u0111\u00e3i t\u1ed1i \u0111a 1 l\u1ea7n\/ng\u00e0y.<br \/>\n&#8211; S\u1ed1 l\u01b0\u1ee3ng \u01b0u \u0111\u00e3i gi\u1edbi h\u1ea1n m\u1ed7i ng\u00e0y.<br \/>\n&#8211; \u01afu \u0111\u00e3i kh\u00f4ng \u00e1p d\u1ee5ng cho \u0111\u01a1n h\u00e0ng l\u1ea5y t\u1ea1i qu\u00e1n.<\/p>\n<p>&nbsp;<\/p>\n<p><span style=\"text-decoration: underline\"><strong>\u01afu \u0111\u00e3i t\u1eeb GrabExpress<\/strong><\/span><\/p>\n<p>&#8211; \u00c1p d\u1ee5ng cho d\u1ecbch v\u1ee5 GrabExpress Ti\u1ebft Ki\u1ec7m<br \/>\n&#8211; V\u1edbi c\u00e1c chuy\u1ebfn xe c\u00f3 c\u01b0\u1edbc ph\u00ed t\u1eeb 51.000\u0111 tr\u1edf l\u00ean, \u01b0u \u0111\u00e3i t\u1ed1i \u0111a 25.000\u0111<br \/>\n&#8211; Kh\u00f4ng th\u1ec3 \u0111\u1ed3ng th\u1eddi \u00e1p d\u1ee5ng v\u1edbi c\u00e1c m\u00e3 khuy\u1ebfn m\u00e3i kh\u00e1c.<br \/>\n&#8211; \u00c1p d\u1ee5ng t\u1ea1i H\u1ed3 Ch\u00ed Minh v\u00e0 H\u00e0 N\u1ed9i.<br \/>\n&#8211; \u01afu \u0111\u00e3i kh\u00f4ng bao g\u1ed3m ph\u1ee5 ph\u00ed, ng\u01b0\u1eddi d\u00f9ng vui l\u00f2ng thanh to\u00e1n ph\u1ea7n ph\u1ee5 ph\u00ed n\u00e0y v\u1edbi t\u00e0i x\u1ebf<br \/>\n&#8211; M\u1ed7i ng\u01b0\u1eddi d\u00f9ng \u0111\u01b0\u1ee3c s\u1eed d\u1ee5ng \u01b0u \u0111\u00e3i t\u1ed1i \u0111a 1 l\u1ea7n.<br \/>\n&#8211; S\u1ed1 l\u01b0\u1ee3ng \u01b0u \u0111\u00e3i gi\u1edbi h\u1ea1n m\u1ed7i ng\u00e0y.<\/p>\n<p>&nbsp;<\/p>","protected":false},"excerpt":{"rendered":"Shopping Season 2023, Grab \u201ctung\u201d deal \u0111\u1ec9nh \ud83d\udd25 H\u01b0\u1edfng \u1ee9ng m\u00f9a mua s\u1eafm h\u00e8 s\u00f4i \u0111\u1ed9ng, Grab \u201ctung&#8221; nhi\u1ec1u deal \u0111\u1ec9nh ti\u1ebfp s\u1ee9c anh ch\u1ecb em s\u0103n sale nhi\u1ec7t t\u00ecnh. \ud83d\udc9a Ch\u1ec9 c\u1ea7n nh\u1eadp m\u00e3 SHOPPINGSEASON23 nh\u1eadn ngay c\u00e1c \u01b0u \u0111\u00e3i \ud83d\ude97\ud83d\udef5\u01afu \u0111\u00e3i gi\u1ea3m 45% t\u1ed1i \u0111a 15.000\u0111 cho m\u1ed7i chuy\u1ebfn xe GrabBike\/ GrabCar. K\u1ebft [&hellip;]","protected":false},"author":1407,"featured_media":0,"parent":0,"menu_order":0,"comment_status":"closed","ping_status":"closed","template":"","meta":{"_acf_changed":false,"footnotes":""},"acf":[],"_links":{"self":[{"href":"https:\/\/www.grab.com\/vn\/en\/wp-json\/wp\/v2\/pages\/149097"}],"collection":[{"href":"https:\/\/www.grab.com\/vn\/en\/wp-json\/wp\/v2\/pages"}],"about":[{"href":"https:\/\/www.grab.com\/vn\/en\/wp-json\/wp\/v2\/types\/page"}],"author":[{"embeddable":true,"href":"https:\/\/www.grab.com\/vn\/en\/wp-json\/wp\/v2\/users\/1407"}],"replies":[{"embeddable":true,"href":"https:\/\/www.grab.com\/vn\/en\/wp-json\/wp\/v2\/comments?post=149097"}],"version-history":[{"count":8,"href":"https:\/\/www.grab.com\/vn\/en\/wp-json\/wp\/v2\/pages\/149097\/revisions"}],"predecessor-version":[{"id":149141,"href":"https:\/\/www.grab.com\/vn\/en\/wp-json\/wp\/v2\/pages\/149097\/revisions\/149141"}],"wp:attachment":[{"href":"https:\/\/www.grab.com\/vn\/en\/wp-json\/wp\/v2\/media?parent=149097"}],"curies":[{"name":"wp","href":"https:\/\/api.w.org\/{rel}","templated":true}]}}