{"id":148833,"date":"2023-06-19T18:51:09","date_gmt":"2023-06-19T10:51:09","guid":{"rendered":"https:\/\/www.grab.com\/vn\/?page_id=148833"},"modified":"2023-06-19T18:59:54","modified_gmt":"2023-06-19T10:59:54","slug":"ting-ting-luong-ve-grab-dai-deal-he-cuc-dinh","status":"publish","type":"page","link":"https:\/\/www.grab.com\/vn\/en\/ting-ting-luong-ve-grab-dai-deal-he-cuc-dinh\/","title":{"rendered":"Ting ting l\u01b0\u01a1ng v\u1ec1, Grab \u0111\u00e3i deal h\u00e8 c\u1ef1c \u0111\u1ec9nh"},"content":{"rendered":"<p><img loading=\"lazy\" decoding=\"async\" width=\"1200\" height=\"600\" class=\"alignnone size-full wp-image-148840\" src=\"https:\/\/assets.grab.com\/wp-content\/uploads\/sites\/11\/2023\/06\/19185557\/1200x600_OG_Payweek_1006-1.jpg\" alt=\"\" srcset=\"https:\/\/assets.grab.com\/wp-content\/uploads\/sites\/11\/2023\/06\/19185557\/1200x600_OG_Payweek_1006-1.jpg 1200w, https:\/\/assets.grab.com\/wp-content\/uploads\/sites\/11\/2023\/06\/19185557\/1200x600_OG_Payweek_1006-1-250x125.jpg 250w, https:\/\/assets.grab.com\/wp-content\/uploads\/sites\/11\/2023\/06\/19185557\/1200x600_OG_Payweek_1006-1-700x350.jpg 700w, https:\/\/assets.grab.com\/wp-content\/uploads\/sites\/11\/2023\/06\/19185557\/1200x600_OG_Payweek_1006-1-768x384.jpg 768w, https:\/\/assets.grab.com\/wp-content\/uploads\/sites\/11\/2023\/06\/19185557\/1200x600_OG_Payweek_1006-1-120x60.jpg 120w\" sizes=\"(max-width: 1200px) 100vw, 1200px\" \/><\/p>\n<p>\u26a1 C\u1ea3 th\u00e1ng c\u00e0y cu\u1ed1c, ch\u1ec9 ch\u1edd ti\u1ebfng \u201cting ting&#8221; l\u01b0\u01a1ng v\u1ec1 xua tan bao m\u1ec7t m\u1ecfi.<\/p>\n<p>&nbsp;<\/p>\n<p>\ud83c\udf31 Th\u1eddi kh\u1eafc chi\u1ec1u chu\u1ed9ng b\u1ea3n th\u00e2n \u0111\u00e3 t\u1edbi, m\u1edf Grab h\u01b0\u1edfng deal h\u00e8 t\u1eeb Grab li\u1ec1n nha!<br \/>\n\u203c V\u00f4 v\u00e0n deal \u0111\u1ec9nh t\u1eeb \u0103n u\u1ed1ng, mua s\u1eafm cho t\u1edbi di chuy\u1ec3n ch\u1edd b\u1ea1n \u201ciu&#8221; kh\u00e1m ph\u00e1 n\u00e8!<\/p>\n<p>\ud83d\ude97 Nh\u1eadp m\u00e3 <strong>SIEURE<\/strong>, nh\u1eadn ngay \u01b0u \u0111\u00e3i 20% cho chuy\u1ebfn GrabBike ho\u1eb7c GrabCar trong khung 10:00 t\u1edbi 13:00 m\u1ed7i ng\u00e0y. Nh\u1eadn th\u00eam \u01b0u \u0111\u00e3i 40% t\u1ed1i \u0111a 50.000\u0111 sau chuy\u1ebfn xe tr\u01b0a, \u00e1p d\u1ee5ng cho chuy\u1ebfn xe ti\u1ebfp theo trong ng\u00e0y.<br \/>\n\ud83c\udf5c \u01afu \u0111\u00e3i gi\u1ea3m 50.000\u0111 cho \u0111\u01a1n GrabFood t\u1eeb 100.000\u0111.<br \/>\n\ud83d\uded2 \u01afu \u0111\u00e3i v\u1eadn chuy\u1ec3n 50% v\u00e0 freeship khi \u0111i ch\u1ee3 tr\u00ean GrabMart.<br \/>\n\ud83d\udc9a Combo \u01b0u \u0111\u00e3i tr\u1ecb gi\u00e1 65.00\u0111 khi l\u1ea7n \u0111\u1ea7u li\u00ean k\u1ebft v\u00ed ZaloPay v\u00e0o Grab. Li\u00ean k\u1ebft ngay: <a href=\"https:\/\/grb.to\/LienKetZaloPay\">https:\/\/grb.to\/LienKetZaloPay<\/a><br \/>\n\u2728 Combo \u01b0u \u0111\u00e3i tr\u1ecb gi\u00e1 65.00\u0111 khi l\u1ea7n \u0111\u1ea7u li\u00ean k\u1ebft th\u1ebb ng\u00e2n h\u00e0ng v\u00e0o Grab.<\/p>\n<p>\ud83d\udc49 M\u1edf Grab v\u00e0 t\u1eadn h\u01b0\u1edfng ng\u00e0y l\u01b0\u01a1ng v\u1ec1 ngay!<\/p>\n<p>&nbsp;<\/p>\n<p>\ud83d\udccc Xem chi ti\u1ebft ch\u01b0\u01a1ng tr\u00ecnh t\u1ea1i \u0111\u00e2y:<\/p>\n<p><strong>\u0110i\u1ec1u ki\u1ec7n \u0111i\u1ec1u kho\u1ea3n \u00e1p d\u1ee5ng \u01b0u \u0111\u00e3i GrabBike, GrabCar:<\/strong><\/p>\n<p>\u2705 \u01afu \u0111\u00e3i 20% t\u1ed1i \u0111a 50.000\u0111 \u00e1p d\u1ee5ng trong khung gi\u1edd 10:00 \u2013 13:00.<br \/>\n\u2705 Sau khi s\u1eed d\u1ee5ng m\u00e3 \u01b0u \u0111\u00e3i, ng\u01b0\u1eddi d\u00f9ng \u0111\u01b0\u1ee3c t\u1eb7ng th\u00eam 01 m\u00e3 \u01b0u \u0111\u00e3i gi\u1ea3m 40% t\u1ed1i \u0111a 50.000\u0111 s\u1eed d\u1ee5ng trong ng\u00e0y.<br \/>\n\u2705 \u00c1p d\u1ee5ng d\u1ecbch v\u1ee5 GrabCar, GrabCar Plus, GrabCar Doanh Nghi\u1ec7p, GrabCar Economy, GrabBike, GrabBike Plus, GrabBike Economy cho c\u00e1c m\u00e3 \u01b0u \u0111\u00e3i.<br \/>\n\u2705 M\u1ed7i ng\u01b0\u1eddi d\u00f9ng c\u00f3 c\u01a1 h\u1ed9i nh\u1eadn \u0111\u01b0\u1ee3c 01 \u01b0u \u0111\u00e3i m\u1ed7i ng\u00e0y, 10 \u01b0u \u0111\u00e3i trong su\u1ed1t th\u1eddi gian di\u1ec5n ra ch\u01b0\u01a1ng tr\u00ecnh.<br \/>\n\u2705 \u01afu \u0111\u00e3i \u00e1p d\u1ee5ng t\u1ea1i khu v\u1ef1c th\u00e0nh ph\u1ed1 H\u00e0 N\u1ed9i.<br \/>\n\u2705 \u00c1p d\u1ee5ng \u0111\u1ebfn h\u1ebft 30\/06\/2023.<\/p>\n<p>&nbsp;<\/p>\n<p><strong>\u0110i\u1ec1u ki\u1ec7n \u0111i\u1ec1u kho\u1ea3n \u00e1p d\u1ee5ng \u01b0u \u0111\u00e3i GrabFood:<\/strong><br \/>\n\u01afu \u0111\u00e3i 50.000\u0111 ch\u01a1 \u0111\u01a1n h\u00e0ng t\u1eeb 100.000\u0111.<br \/>\n\u00c1p d\u1ee5ng cho c\u00e1c c\u1eeda h\u00e0ng c\u00f3 hi\u1ec3n th\u1ecb \u01b0u \u0111\u00e3i tr\u00ean GrabFood.<br \/>\nCh\u1ec9 \u00e1p d\u1ee5ng tr\u00ean gi\u00e1 tr\u1ecb \u0111\u01a1n h\u00e0ng, kh\u00f4ng \u00e1p d\u1ee5ng tr\u00ean ph\u00ed giao h\u00e0ng.<br \/>\nS\u1ed1 l\u01b0\u1ee3ng \u01b0u \u0111\u00e3i gi\u1edbi h\u1ea1n m\u1ed7i ng\u00e0y.<br \/>\n\u0110\u01b0\u1ee3c \u00e1p d\u1ee5ng \u0111\u1ed3ng th\u1eddi v\u1edbi c\u00e1c \u01b0u \u0111\u00e3i kh\u00e1c.<br \/>\n\u01afu \u0111\u00e3i kh\u00f4ng \u00e1p d\u1ee5ng cho \u0111\u01a1n h\u00e0ng l\u1ea5y t\u1ea1i qu\u00e1n.<\/p>\n<p>&nbsp;<\/p>\n<p><strong>\u0110i\u1ec1u ki\u1ec7n \u0111i\u1ec1u kho\u1ea3n \u00e1p d\u1ee5ng \u01b0u \u0111\u00e3i ZaloPay: <\/strong><a href=\"https:\/\/grb.to\/LienKetThe\">https:\/\/grb.to\/LienKetThe<\/a><\/p>\n<p>&nbsp;<\/p>\n<p><strong>\u0110i\u1ec1u ki\u1ec7n \u0111i\u1ec1u kho\u1ea3n \u00e1p d\u1ee5ng \u01b0u \u0111\u00e3i GrabMart:<\/strong><\/p>\n<p>&nbsp;<\/p>","protected":false},"excerpt":{"rendered":"\u26a1 C\u1ea3 th\u00e1ng c\u00e0y cu\u1ed1c, ch\u1ec9 ch\u1edd ti\u1ebfng \u201cting ting&#8221; l\u01b0\u01a1ng v\u1ec1 xua tan bao m\u1ec7t m\u1ecfi. &nbsp; \ud83c\udf31 Th\u1eddi kh\u1eafc chi\u1ec1u chu\u1ed9ng b\u1ea3n th\u00e2n \u0111\u00e3 t\u1edbi, m\u1edf Grab h\u01b0\u1edfng deal h\u00e8 t\u1eeb Grab li\u1ec1n nha! \u203c V\u00f4 v\u00e0n deal \u0111\u1ec9nh t\u1eeb \u0103n u\u1ed1ng, mua s\u1eafm cho t\u1edbi di chuy\u1ec3n ch\u1edd b\u1ea1n \u201ciu&#8221; kh\u00e1m ph\u00e1 [&hellip;]","protected":false},"author":1407,"featured_media":0,"parent":0,"menu_order":0,"comment_status":"closed","ping_status":"closed","template":"","meta":{"_acf_changed":false,"footnotes":""},"acf":[],"_links":{"self":[{"href":"https:\/\/www.grab.com\/vn\/en\/wp-json\/wp\/v2\/pages\/148833"}],"collection":[{"href":"https:\/\/www.grab.com\/vn\/en\/wp-json\/wp\/v2\/pages"}],"about":[{"href":"https:\/\/www.grab.com\/vn\/en\/wp-json\/wp\/v2\/types\/page"}],"author":[{"embeddable":true,"href":"https:\/\/www.grab.com\/vn\/en\/wp-json\/wp\/v2\/users\/1407"}],"replies":[{"embeddable":true,"href":"https:\/\/www.grab.com\/vn\/en\/wp-json\/wp\/v2\/comments?post=148833"}],"version-history":[{"count":6,"href":"https:\/\/www.grab.com\/vn\/en\/wp-json\/wp\/v2\/pages\/148833\/revisions"}],"predecessor-version":[{"id":148844,"href":"https:\/\/www.grab.com\/vn\/en\/wp-json\/wp\/v2\/pages\/148833\/revisions\/148844"}],"wp:attachment":[{"href":"https:\/\/www.grab.com\/vn\/en\/wp-json\/wp\/v2\/media?parent=148833"}],"curies":[{"name":"wp","href":"https:\/\/api.w.org\/{rel}","templated":true}]}}