{"id":147429,"date":"2023-06-06T21:09:11","date_gmt":"2023-06-06T13:09:11","guid":{"rendered":"https:\/\/www.grab.com\/vn\/?page_id=147429"},"modified":"2023-06-08T14:59:05","modified_gmt":"2023-06-08T06:59:05","slug":"grabbike-economy-grabcar-economy","status":"publish","type":"page","link":"https:\/\/www.grab.com\/vn\/en\/grabbike-economy-grabcar-economy\/","title":{"rendered":"GrabBike Economy &amp; GrabCar Economy"},"content":{"rendered":"<p><img loading=\"lazy\" decoding=\"async\" width=\"1200\" height=\"1200\" class=\"size-full wp-image-147428 aligncenter\" src=\"https:\/\/assets.grab.com\/wp-content\/uploads\/sites\/11\/2023\/06\/06210627\/GrabBC_Eco_Ver2_1200x1200_06062023.jpg\" alt=\"\" srcset=\"https:\/\/assets.grab.com\/wp-content\/uploads\/sites\/11\/2023\/06\/06210627\/GrabBC_Eco_Ver2_1200x1200_06062023.jpg 1200w, https:\/\/assets.grab.com\/wp-content\/uploads\/sites\/11\/2023\/06\/06210627\/GrabBC_Eco_Ver2_1200x1200_06062023-250x250.jpg 250w, https:\/\/assets.grab.com\/wp-content\/uploads\/sites\/11\/2023\/06\/06210627\/GrabBC_Eco_Ver2_1200x1200_06062023-700x700.jpg 700w, https:\/\/assets.grab.com\/wp-content\/uploads\/sites\/11\/2023\/06\/06210627\/GrabBC_Eco_Ver2_1200x1200_06062023-150x150.jpg 150w, https:\/\/assets.grab.com\/wp-content\/uploads\/sites\/11\/2023\/06\/06210627\/GrabBC_Eco_Ver2_1200x1200_06062023-768x768.jpg 768w, https:\/\/assets.grab.com\/wp-content\/uploads\/sites\/11\/2023\/06\/06210627\/GrabBC_Eco_Ver2_1200x1200_06062023-120x120.jpg 120w\" sizes=\"(max-width: 1200px) 100vw, 1200px\" \/><\/p>\n<p>Grab tri\u1ec3n khai th\u1eed nghi\u1ec7m d\u1ecbch v\u1ee5 GrabBike Economy v\u00e0 GrabCar Economy t\u1ea1i TP. H\u00e0 N\u1ed9i v\u00e0 TP. H\u1ed3 Ch\u00ed Minh, t\u1ec9nh B\u00ecnh D\u01b0\u01a1ng v\u00e0 t\u1ec9nh \u0110\u1ed3ng Nai trong khung gi\u1edd nh\u1ea5t \u0111\u1ecbnh, v\u1edbi mong mu\u1ed1n mang l\u1ea1i tr\u1ea3i nghi\u1ec7m d\u1ecbch v\u1ee5 ti\u1ebft ki\u1ec7m h\u01a1n cho ng\u01b0\u1eddi d\u00f9ng.<\/p>\n<p>Khung gi\u1edd ho\u1ea1t \u0111\u1ed9ng: 6:00-16:00 m\u1ed7i ng\u00e0y<\/p>\n<p><b>Details:<\/b><\/p>\n<ul>\n<li style=\"font-weight: 400\">GrabBike Economy &amp; GrabCar Economy la\u0300 di\u0323ch vu\u0323 th\u1eed nghi\u1ec7m da\u0300nh cho ng\u01b0\u1eddi d\u00f9ng co\u0301 nhu c\u00e2\u0300u di chuy\u00ea\u0309n b\u1eb1ng GrabBike v\u1edbi m\u01b0\u0301c phi\u0301 ti\u00ea\u0301t ki\u00ea\u0323m l\u00ean \u0111\u1ebfn 10% so v\u01a1\u0301i d\u1ecbch v\u1ee5 GrabBike th\u00f4ng th\u01b0\u01a1\u0300ng.<\/li>\n<li style=\"font-weight: 400\">Ri\u00eang d\u1ecbch v\u1ee5 GrabCar Economy ch\u1ec9 \u00e1p d\u1ee5ng v\u1edbi qu\u1ea3ng \u0111\u01b0\u1eddng d\u01b0\u1edbi 25km.<\/li>\n<li style=\"font-weight: 400\"><span style=\"font-weight: 400\">C\u01b0\u1edbc ph\u00ed GrabCar Economy hi\u1ec3n th\u1ecb tr\u00ean \u1ee9ng d\u1ee5ng Grab <\/span><b>ch\u01b0a bao g\u1ed3m<\/b><span style=\"font-weight: 400\"> l\u1ec7 ph\u00ed c\u1ea7u \u0111\u01b0\u1eddng, ph\u00ed ra v\u00e0o s\u00e2n bay v\u00e0 c\u00e1c lo\u1ea1i ph\u1ee5 ph\u00ed (n\u1ebfu c\u00f3). Vui l\u00f2ng tham kh\u1ea3o th\u00eam th\u00f4ng tin chi ti\u1ebft t\u1ea1i <\/span><a href=\"https:\/\/www.grab.com\/vn\/en\/blog\/bang-thong-tin-cac-dich-vu-tren-ung-dung-grab\/\"><span style=\"font-weight: 400\">\u0111\u00e2y<\/span><\/a><\/li>\n<li style=\"font-weight: 400\">Trong tr\u01b0\u1eddng h\u1ee3p ng\u01b0\u1eddi d\u00f9ng quy\u1ebft \u0111\u1ecbnh xu\u1ed1ng xe tr\u01b0\u1edbc khi \u0111\u1ebfn \u0111i\u1ec3m \u0111\u1ebfn \u0111\u00e3 \u0111\u1eb7t tr\u00ean \u1ee9ng d\u1ee5ng, <b>100% c\u01b0\u1edbc ph\u00ed chuy\u1ebfn xe<\/b> s\u1ebd \u0111\u01b0\u1ee3c \u00e1p d\u1ee5ng.<\/li>\n<\/ul>","protected":false},"excerpt":{"rendered":"Grab tri\u1ec3n khai th\u1eed nghi\u1ec7m d\u1ecbch v\u1ee5 GrabBike Economy v\u00e0 GrabCar Economy t\u1ea1i TP. H\u00e0 N\u1ed9i v\u00e0 TP. H\u1ed3 Ch\u00ed Minh, t\u1ec9nh B\u00ecnh D\u01b0\u01a1ng v\u00e0 t\u1ec9nh \u0110\u1ed3ng Nai trong khung gi\u1edd nh\u1ea5t \u0111\u1ecbnh, v\u1edbi mong mu\u1ed1n mang l\u1ea1i tr\u1ea3i nghi\u1ec7m d\u1ecbch v\u1ee5 ti\u1ebft ki\u1ec7m h\u01a1n cho ng\u01b0\u1eddi d\u00f9ng. Khung gi\u1edd ho\u1ea1t \u0111\u1ed9ng: 6:00-16:00 m\u1ed7i ng\u00e0y [&hellip;]","protected":false},"author":1427,"featured_media":0,"parent":0,"menu_order":0,"comment_status":"closed","ping_status":"closed","template":"","meta":{"_acf_changed":false,"footnotes":""},"acf":[],"_links":{"self":[{"href":"https:\/\/www.grab.com\/vn\/en\/wp-json\/wp\/v2\/pages\/147429"}],"collection":[{"href":"https:\/\/www.grab.com\/vn\/en\/wp-json\/wp\/v2\/pages"}],"about":[{"href":"https:\/\/www.grab.com\/vn\/en\/wp-json\/wp\/v2\/types\/page"}],"author":[{"embeddable":true,"href":"https:\/\/www.grab.com\/vn\/en\/wp-json\/wp\/v2\/users\/1427"}],"replies":[{"embeddable":true,"href":"https:\/\/www.grab.com\/vn\/en\/wp-json\/wp\/v2\/comments?post=147429"}],"version-history":[{"count":6,"href":"https:\/\/www.grab.com\/vn\/en\/wp-json\/wp\/v2\/pages\/147429\/revisions"}],"predecessor-version":[{"id":147696,"href":"https:\/\/www.grab.com\/vn\/en\/wp-json\/wp\/v2\/pages\/147429\/revisions\/147696"}],"wp:attachment":[{"href":"https:\/\/www.grab.com\/vn\/en\/wp-json\/wp\/v2\/media?parent=147429"}],"curies":[{"name":"wp","href":"https:\/\/api.w.org\/{rel}","templated":true}]}}