{"id":146415,"date":"2023-05-22T16:19:36","date_gmt":"2023-05-22T08:19:36","guid":{"rendered":"https:\/\/www.grab.com\/vn\/?page_id=146415"},"modified":"2023-05-22T18:05:25","modified_gmt":"2023-05-22T10:05:25","slug":"sang-di-grab-tiet-kiem-dong-gia-15k","status":"publish","type":"page","link":"https:\/\/www.grab.com\/vn\/en\/sang-di-grab-tiet-kiem-dong-gia-15k\/","title":{"rendered":"S\u00e1ng \u0111i Grab ti\u1ebft ki\u1ec7m \u0111\u1ed3ng gi\u00e1 15.000\u0111"},"content":{"rendered":"<p><img loading=\"lazy\" decoding=\"async\" class=\"alignnone wp-image-146416 size-full\" src=\"https:\/\/assets.grab.com\/wp-content\/uploads\/sites\/11\/2023\/05\/22161649\/1200x600_GB_1805.jpg\" alt=\"\" width=\"2000\" height=\"1000\" srcset=\"https:\/\/assets.grab.com\/wp-content\/uploads\/sites\/11\/2023\/05\/22161649\/1200x600_GB_1805.jpg 2000w, https:\/\/assets.grab.com\/wp-content\/uploads\/sites\/11\/2023\/05\/22161649\/1200x600_GB_1805-250x125.jpg 250w, https:\/\/assets.grab.com\/wp-content\/uploads\/sites\/11\/2023\/05\/22161649\/1200x600_GB_1805-700x350.jpg 700w, https:\/\/assets.grab.com\/wp-content\/uploads\/sites\/11\/2023\/05\/22161649\/1200x600_GB_1805-768x384.jpg 768w, https:\/\/assets.grab.com\/wp-content\/uploads\/sites\/11\/2023\/05\/22161649\/1200x600_GB_1805-1536x768.jpg 1536w, https:\/\/assets.grab.com\/wp-content\/uploads\/sites\/11\/2023\/05\/22161649\/1200x600_GB_1805-120x60.jpg 120w\" sizes=\"(max-width: 2000px) 100vw, 2000px\" \/><\/p>\n<p>\ud83e\udd75 Th\u1eddi ti\u1ebft th\u00ec kh\u1eafc nghi\u1ec7t, \u0111\u01b0\u1eddng x\u00e1 th\u00ec \u0111\u00f4ng l\u00fac. S\u00e1ng \u0111\u1eb7t Grab \u0111i l\u00e0m l\u00e0 \u201cchu\u1ea9n b\u00e0i\u201d, v\u1eeba ti\u1ec7n l\u1ee3i v\u1eeba ti\u1ebft ki\u1ec7m. \u0110\u1ed3ng gi\u00e1 15.000\u0111 t\u1eeb 6:00 &#8211; 9:00, t\u1eb7ng th\u00eam 14 chuy\u1ebfn \u0111\u1ed3ng gi\u00e1 15.000\u0111.<\/p>\n<p>\u27a1\ufe0f \u0110\u1eb7t Grab ngay!<\/p>\n<p>&nbsp;<\/p>\n<p><strong>\u0110i\u1ec1u ki\u1ec7n \u0111i\u1ec1u kho\u1ea3n \u00e1p d\u1ee5ng:<\/strong><\/p>\n<ul>\n<li>\u00c1p d\u1ee5ng cho m\u1ecdi h\u00ecnh th\u1ee9c thanh to\u00e1n<\/li>\n<li>Ch\u1ec9 \u00e1p d\u1ee5ng t\u1ea1i Th\u00e0nh ph\u1ed1 H\u1ed3 Ch\u00ed Minh v\u00e0 H\u00e0 N\u1ed9i.<\/li>\n<li>Ch\u1ec9 \u00e1p d\u1ee5ng cho phi\u00ean b\u1ea3n \u1ee9ng d\u1ee5ng m\u1edbi nh\u1ea5t<\/li>\n<\/ul>\n<p>&nbsp;<\/p>","protected":false},"excerpt":{"rendered":"\ud83e\udd75 Th\u1eddi ti\u1ebft th\u00ec kh\u1eafc nghi\u1ec7t, \u0111\u01b0\u1eddng x\u00e1 th\u00ec \u0111\u00f4ng l\u00fac. S\u00e1ng \u0111\u1eb7t Grab \u0111i l\u00e0m l\u00e0 \u201cchu\u1ea9n b\u00e0i\u201d, v\u1eeba ti\u1ec7n l\u1ee3i v\u1eeba ti\u1ebft ki\u1ec7m. \u0110\u1ed3ng gi\u00e1 15.000\u0111 t\u1eeb 6:00 &#8211; 9:00, t\u1eb7ng th\u00eam 14 chuy\u1ebfn \u0111\u1ed3ng gi\u00e1 15.000\u0111. \u27a1\ufe0f \u0110\u1eb7t Grab ngay! &nbsp; \u0110i\u1ec1u ki\u1ec7n \u0111i\u1ec1u kho\u1ea3n \u00e1p d\u1ee5ng: \u00c1p d\u1ee5ng cho m\u1ecdi h\u00ecnh [&hellip;]","protected":false},"author":1407,"featured_media":0,"parent":0,"menu_order":0,"comment_status":"closed","ping_status":"closed","template":"","meta":{"_acf_changed":false,"footnotes":""},"acf":[],"_links":{"self":[{"href":"https:\/\/www.grab.com\/vn\/en\/wp-json\/wp\/v2\/pages\/146415"}],"collection":[{"href":"https:\/\/www.grab.com\/vn\/en\/wp-json\/wp\/v2\/pages"}],"about":[{"href":"https:\/\/www.grab.com\/vn\/en\/wp-json\/wp\/v2\/types\/page"}],"author":[{"embeddable":true,"href":"https:\/\/www.grab.com\/vn\/en\/wp-json\/wp\/v2\/users\/1407"}],"replies":[{"embeddable":true,"href":"https:\/\/www.grab.com\/vn\/en\/wp-json\/wp\/v2\/comments?post=146415"}],"version-history":[{"count":4,"href":"https:\/\/www.grab.com\/vn\/en\/wp-json\/wp\/v2\/pages\/146415\/revisions"}],"predecessor-version":[{"id":146421,"href":"https:\/\/www.grab.com\/vn\/en\/wp-json\/wp\/v2\/pages\/146415\/revisions\/146421"}],"wp:attachment":[{"href":"https:\/\/www.grab.com\/vn\/en\/wp-json\/wp\/v2\/media?parent=146415"}],"curies":[{"name":"wp","href":"https:\/\/api.w.org\/{rel}","templated":true}]}}