{"id":146214,"date":"2023-05-16T16:40:55","date_gmt":"2023-05-16T08:40:55","guid":{"rendered":"https:\/\/www.grab.com\/vn\/?page_id=146214"},"modified":"2023-05-16T16:44:44","modified_gmt":"2023-05-16T08:44:44","slug":"ting-ting-luong-ve-grab-gop-deal-thich-me-2","status":"publish","type":"page","link":"https:\/\/www.grab.com\/vn\/en\/ting-ting-luong-ve-grab-gop-deal-thich-me-2\/","title":{"rendered":"\ud83c\udf89 Ting ting l\u01b0\u01a1ng v\u1ec1, Grab g\u00f3p deal th\u00edch m\u00ea"},"content":{"rendered":"<p>\u26a1 Ch\u1edd m\u00e3i c\u0169ng t\u1edbi l\u00fac l\u01b0\u01a1ng v\u1ec1! C\u1ea3 th\u00e1ng v\u01b0\u1ee3t n\u1eafng n\u00f3ng ch\u00e1y da, ch\u0103m ch\u1ec9 c\u00e0y cu\u1ed1c, gi\u1edd l\u00e0 l\u00fac chi\u1ec1u chu\u1ed9ng b\u1ea3n th\u00e2n anh ch\u1ecb em \u01a1i!<\/p>\n<p>\ud83c\udf31 Xua tan \u0111i c\u00e1i n\u00f3ng gay g\u1eaft c\u1ee7a m\u00f9a h\u00e8, Grab tung \u0111\u1ee7 deal c\u1ef1c \u201ccool&#8221; cho b\u1ea1n iu tha h\u1ed3 \u0103n u\u1ed1ng r\u1ed3i mua s\u1eafm, di chuy\u1ec3n tho\u1ea3i m\u00e1i n\u00e8.<\/p>\n<p>\ud83d\ude97 \u01afu \u0111\u00e3i di chuy\u1ec3n 15% t\u1ed1i \u0111a 50.000\u0111 khi nh\u1eadp m\u00e3 LUONGVE cho chuy\u1ebfn GrabBike, GrabCar t\u1eeb 25.000\u0111.<br \/>\n\ud83c\udf5c \u01afu \u0111\u00e3i gi\u1ea3m 50.000\u0111 cho \u0111\u01a1n GrabFood t\u1eeb 100.000\u0111, tha h\u1ed3 t\u1eadn h\u01b0\u1edfng m\u00f3n ngon.<br \/>\n\ud83d\uded2 \u01afu \u0111\u00e3i t\u1edbi 100.000\u0111 cho \u0111\u01a1n h\u00e0ng tr\u00ean GrabMart, \u0111i ch\u1ee3 online si\u00eau ti\u1ec7n l\u1ee3i.<br \/>\n\ud83d\udc9a \u01afu \u0111\u00e3i 65.000\u0111 khi l\u1ea7n \u0111\u1ea7u li\u00ean k\u1ebft v\u00ed ZaloPay v\u00e0o Grab, tr\u1ea3i nghi\u1ec7m thanh to\u00e1n kh\u00f4ng ti\u1ec1n m\u1eb7t. Li\u00ean k\u1ebft ngay: https:\/\/grb.to\/LienKetZaloPay<br \/>\n\u2728 Combo \u01b0u \u0111\u00e3i tr\u1ecb gi\u00e1 300.00\u0111 \u0111\u1eb7t Grab khi l\u1ea7n \u0111\u1ea7u li\u00ean k\u1ebft th\u1ebb ng\u00e2n h\u00e0ng v\u00e0o Grab. Xem chi ti\u1ebft t\u1ea1i: https:\/\/grb.to\/LienKetThe<\/p>\n<p>\ud83d\udc49 T\u1eadn h\u01b0\u1edfng ng\u00e0y l\u01b0\u01a1ng v\u1ec1 \u201cm\u00e1t l\u00f2ng&#8221; c\u00f9ng Grab ngay!<br \/>\n#GrabBike #GrabCar #TingTingluongve<\/p>","protected":false},"excerpt":{"rendered":"\u26a1 Ch\u1edd m\u00e3i c\u0169ng t\u1edbi l\u00fac l\u01b0\u01a1ng v\u1ec1! C\u1ea3 th\u00e1ng v\u01b0\u1ee3t n\u1eafng n\u00f3ng ch\u00e1y da, ch\u0103m ch\u1ec9 c\u00e0y cu\u1ed1c, gi\u1edd l\u00e0 l\u00fac chi\u1ec1u chu\u1ed9ng b\u1ea3n th\u00e2n anh ch\u1ecb em \u01a1i! \ud83c\udf31 Xua tan \u0111i c\u00e1i n\u00f3ng gay g\u1eaft c\u1ee7a m\u00f9a h\u00e8, Grab tung \u0111\u1ee7 deal c\u1ef1c \u201ccool&#8221; cho b\u1ea1n iu tha h\u1ed3 \u0103n u\u1ed1ng r\u1ed3i [&hellip;]","protected":false},"author":1428,"featured_media":0,"parent":0,"menu_order":0,"comment_status":"closed","ping_status":"closed","template":"","meta":{"_acf_changed":false,"footnotes":""},"acf":[],"_links":{"self":[{"href":"https:\/\/www.grab.com\/vn\/en\/wp-json\/wp\/v2\/pages\/146214"}],"collection":[{"href":"https:\/\/www.grab.com\/vn\/en\/wp-json\/wp\/v2\/pages"}],"about":[{"href":"https:\/\/www.grab.com\/vn\/en\/wp-json\/wp\/v2\/types\/page"}],"author":[{"embeddable":true,"href":"https:\/\/www.grab.com\/vn\/en\/wp-json\/wp\/v2\/users\/1428"}],"replies":[{"embeddable":true,"href":"https:\/\/www.grab.com\/vn\/en\/wp-json\/wp\/v2\/comments?post=146214"}],"version-history":[{"count":1,"href":"https:\/\/www.grab.com\/vn\/en\/wp-json\/wp\/v2\/pages\/146214\/revisions"}],"predecessor-version":[{"id":146215,"href":"https:\/\/www.grab.com\/vn\/en\/wp-json\/wp\/v2\/pages\/146214\/revisions\/146215"}],"wp:attachment":[{"href":"https:\/\/www.grab.com\/vn\/en\/wp-json\/wp\/v2\/media?parent=146214"}],"curies":[{"name":"wp","href":"https:\/\/api.w.org\/{rel}","templated":true}]}}