{"id":145744,"date":"2023-05-05T16:41:22","date_gmt":"2023-05-05T08:41:22","guid":{"rendered":"https:\/\/www.grab.com\/vn\/?page_id=145744"},"modified":"2023-05-05T16:41:22","modified_gmt":"2023-05-05T08:41:22","slug":"uudaisaule","status":"publish","type":"page","link":"https:\/\/www.grab.com\/vn\/en\/uudaisaule\/","title":{"rendered":"\u2728 Tr\u1edf l\u1ea1i sau l\u1ec5, Grab \u0111\u00f3n \u0111i l\u00e0m v\u1eeba ti\u1ec7n v\u1eeba h\u1eddi"},"content":{"rendered":"","protected":false},"excerpt":{"rendered":"","protected":false},"author":1427,"featured_media":0,"parent":0,"menu_order":0,"comment_status":"closed","ping_status":"closed","template":"","meta":{"_acf_changed":false,"footnotes":""},"acf":[],"_links":{"self":[{"href":"https:\/\/www.grab.com\/vn\/en\/wp-json\/wp\/v2\/pages\/145744"}],"collection":[{"href":"https:\/\/www.grab.com\/vn\/en\/wp-json\/wp\/v2\/pages"}],"about":[{"href":"https:\/\/www.grab.com\/vn\/en\/wp-json\/wp\/v2\/types\/page"}],"author":[{"embeddable":true,"href":"https:\/\/www.grab.com\/vn\/en\/wp-json\/wp\/v2\/users\/1427"}],"replies":[{"embeddable":true,"href":"https:\/\/www.grab.com\/vn\/en\/wp-json\/wp\/v2\/comments?post=145744"}],"version-history":[{"count":1,"href":"https:\/\/www.grab.com\/vn\/en\/wp-json\/wp\/v2\/pages\/145744\/revisions"}],"predecessor-version":[{"id":145745,"href":"https:\/\/www.grab.com\/vn\/en\/wp-json\/wp\/v2\/pages\/145744\/revisions\/145745"}],"wp:attachment":[{"href":"https:\/\/www.grab.com\/vn\/en\/wp-json\/wp\/v2\/media?parent=145744"}],"curies":[{"name":"wp","href":"https:\/\/api.w.org\/{rel}","templated":true}]}}