{"id":144811,"date":"2023-04-19T12:53:28","date_gmt":"2023-04-19T04:53:28","guid":{"rendered":"https:\/\/www.grab.com\/vn\/?page_id=144811"},"modified":"2023-04-19T12:53:34","modified_gmt":"2023-04-19T04:53:34","slug":"uudailuongve","status":"publish","type":"page","link":"https:\/\/www.grab.com\/vn\/en\/uudailuongve\/","title":{"rendered":"TING TING L\u01af\u01a0NG V\u1ec0! \u0110\u1eb6T GRAB \u0110I VUI SEAGAME"},"content":{"rendered":"<ul>\n<li>15% off 50.000\u0111 min fare from 25K \u00c1p d\u1ee5ng t\u1ea1i H\u1ed3 Ch\u00ed Minh, H\u00e0 N\u1ed9i, \u0110\u00e0 N\u1eb5ng, Kh\u00e1nh H\u00f2a, B\u00ecnh D\u01b0\u01a1ng, \u0110\u1ed3ng Nai, H\u1ea3i Ph\u00f2ng, C\u1ea7n Th\u01a1.<\/li>\n<li>\u00c1p d\u1ee5ng cho d\u1ecbch v\u1ee5 GrabBike\/GrabBike Plus\/ GrabBike Economy v\u00e0 GrabCar\/ GrabCar Plus\/ GrabCar Economy.<\/li>\n<li>\u00c1p d\u1ee5ng m\u1ecdi ph\u01b0\u01a1ng th\u1ee9c thanh to\u00e1n.<\/li>\n<li>\u01afu \u0111\u00e3i kh\u00f4ng bao g\u1ed3m ph\u1ee5 ph\u00ed, ng\u01b0\u1eddi d\u00f9ng vui l\u00f2ng thanh to\u00e1n ph\u1ee5 ph\u00ed (n\u1ebfu c\u00f3) v\u1edbi \u0110\u1ed1i t\u00e1c t\u00e0i x\u1ebf.<\/li>\n<li>M\u1ed7i ng\u01b0\u1eddi d\u00f9ng \u0111\u01b0\u1ee3c s\u1eed d\u1ee5ng 02 l\u1ea7n su\u1ed1t th\u1eddi gian di\u1ec5n ra ch\u01b0\u01a1ng tr\u00ecnh.<\/li>\n<li>Ch\u1ec9 \u00e1p d\u1ee5ng v\u1edbi phi\u00ean b\u1ea3n app m\u1edbi nh\u1ea5t.<\/li>\n<\/ul>","protected":false},"excerpt":{"rendered":"15% off 50.000\u0111 min fare from 25K \u00c1p d\u1ee5ng t\u1ea1i H\u1ed3 Ch\u00ed Minh, H\u00e0 N\u1ed9i, \u0110\u00e0 N\u1eb5ng, Kh\u00e1nh H\u00f2a, B\u00ecnh D\u01b0\u01a1ng, \u0110\u1ed3ng Nai, H\u1ea3i Ph\u00f2ng, C\u1ea7n Th\u01a1. \u00c1p d\u1ee5ng cho d\u1ecbch v\u1ee5 GrabBike\/GrabBike Plus\/ GrabBike Economy v\u00e0 GrabCar\/ GrabCar Plus\/ GrabCar Economy. \u00c1p d\u1ee5ng m\u1ecdi ph\u01b0\u01a1ng th\u1ee9c thanh to\u00e1n. \u01afu \u0111\u00e3i kh\u00f4ng bao g\u1ed3m ph\u1ee5 [&hellip;]","protected":false},"author":1427,"featured_media":0,"parent":0,"menu_order":0,"comment_status":"closed","ping_status":"closed","template":"","meta":{"_acf_changed":false,"footnotes":""},"acf":[],"_links":{"self":[{"href":"https:\/\/www.grab.com\/vn\/en\/wp-json\/wp\/v2\/pages\/144811"}],"collection":[{"href":"https:\/\/www.grab.com\/vn\/en\/wp-json\/wp\/v2\/pages"}],"about":[{"href":"https:\/\/www.grab.com\/vn\/en\/wp-json\/wp\/v2\/types\/page"}],"author":[{"embeddable":true,"href":"https:\/\/www.grab.com\/vn\/en\/wp-json\/wp\/v2\/users\/1427"}],"replies":[{"embeddable":true,"href":"https:\/\/www.grab.com\/vn\/en\/wp-json\/wp\/v2\/comments?post=144811"}],"version-history":[{"count":1,"href":"https:\/\/www.grab.com\/vn\/en\/wp-json\/wp\/v2\/pages\/144811\/revisions"}],"predecessor-version":[{"id":144812,"href":"https:\/\/www.grab.com\/vn\/en\/wp-json\/wp\/v2\/pages\/144811\/revisions\/144812"}],"wp:attachment":[{"href":"https:\/\/www.grab.com\/vn\/en\/wp-json\/wp\/v2\/media?parent=144811"}],"curies":[{"name":"wp","href":"https:\/\/api.w.org\/{rel}","templated":true}]}}