{"id":144549,"date":"2023-04-13T18:50:46","date_gmt":"2023-04-13T10:50:46","guid":{"rendered":"https:\/\/www.grab.com\/vn\/?page_id=144549"},"modified":"2023-04-25T11:59:59","modified_gmt":"2023-04-25T03:59:59","slug":"du-hi-grabcar-thang-voucher-klook","status":"publish","type":"page","link":"https:\/\/www.grab.com\/vn\/en\/du-hi-grabcar-thang-voucher-klook\/","title":{"rendered":"\u0110\u1eb7t GrabCar Plus \u0111i ch\u01a1i l\u1ec5, th\u1eafng combo \u01b0u \u0111\u00e3i t\u1eeb Grab v\u00e0 Klook"},"content":{"rendered":"<p><img loading=\"lazy\" decoding=\"async\" class=\"alignnone wp-image-144551\" src=\"https:\/\/assets.grab.com\/wp-content\/uploads\/sites\/11\/2023\/04\/13184445\/1200x600_GC.png\" alt=\"\" width=\"1500\" height=\"750\" srcset=\"https:\/\/assets.grab.com\/wp-content\/uploads\/sites\/11\/2023\/04\/13184445\/1200x600_GC.png 1200w, https:\/\/assets.grab.com\/wp-content\/uploads\/sites\/11\/2023\/04\/13184445\/1200x600_GC-250x125.png 250w, https:\/\/assets.grab.com\/wp-content\/uploads\/sites\/11\/2023\/04\/13184445\/1200x600_GC-700x350.png 700w, https:\/\/assets.grab.com\/wp-content\/uploads\/sites\/11\/2023\/04\/13184445\/1200x600_GC-768x384.png 768w, https:\/\/assets.grab.com\/wp-content\/uploads\/sites\/11\/2023\/04\/13184445\/1200x600_GC-120x60.png 120w\" sizes=\"(max-width: 1500px) 100vw, 1500px\" \/><\/p>\n<p>\ud83d\udd25 Th\u1eed th\u00e1ch: \u0110\u1eb7t GrabCar Plus \u0111i ch\u01a1i l\u1ec5, th\u1eafng combo \u01b0u \u0111\u00e3i t\u1eeb Grab v\u00e0 Klook<\/p>\n<p>\u2728 L\u1ec5 l\u1edbn t\u1edbi v\u00f9ng \u0111\u1ea5t m\u1edbi vui ch\u01a1i, th\u0103m th\u00fa \u0111\u00e2u c\u0169ng ti\u1ec7n v\u00ec lu\u00f4n c\u00f3 GrabCar Plus ch\u1edf n\u00e8! Xe r\u1ed9ng r\u00e3i ch\u1edf \u0111\u1ee7 c\u1ea3 nh\u00f3m l\u1edbn, t\u1edbi \u0111\u00e2u c\u0169ng an to\u00e0n l\u1ea1i ti\u1ebft ki\u1ec7m.<br \/>\n\ud83d\ude19 Ch\u01b0a h\u1ebft, \u0111\u1eb7t chuy\u1ebfn xe GrabCar Plus \u0111\u1ea7u ti\u00ean, b\u1ea1n t\u1ef1 \u0111\u1ed9ng tham gia Th\u1eed th\u00e1ch \u0111\u1eb7t GrabCar Plus \u0111i ch\u01a1i l\u1ec5 v\u00e0 c\u00f3 c\u01a1 h\u1ed9i th\u1eafng combo \u01b0u \u0111\u00e3i h\u1ea5p d\u1eabn t\u1eeb Grab v\u00e0 Klook.<\/p>\n<p>\ud83c\udf8a Th\u1eed th\u00e1ch si\u00eau d\u1ec5 d\u00e0ng, ai c\u0169ng c\u00f3 c\u01a1 h\u1ed9i chi\u1ebfn th\u1eafng!<br \/>\n\u2705 M\u1ed1c 1: Ho\u00e0n th\u00e0nh 02 chuy\u1ebfn GrabCar ho\u1eb7c GrabCar Plus c\u00f3 c\u01b0\u1edbc ph\u00ed t\u1eeb 30.000\u0111 nh\u1eadn 01 \u01b0u \u0111\u00e3i di chuy\u1ec3n gi\u1ea3m 30% t\u1ed1i \u0111a 50.000\u0111 \u00e1p d\u1ee5ng cho chuy\u1ebfn GrabCar ho\u1eb7c GrabCar Plus ti\u1ebfp theo. V\u00e0 01 \u01b0u \u0111\u00e3i GrabFood mi\u1ec5n ph\u00ed v\u1eadn chuy\u1ebfn 20.000\u0111 \u00e1p d\u1ee5ng cho \u0111\u01a1n h\u00e0ng c\u00f3 gi\u00e1 tr\u1ecb t\u1eeb 50.000\u0111.<br \/>\n\u2705 M\u1ed1c 2: Ho\u00e0n th\u00e0nh ti\u1ebfp 04 chuy\u1ebfn GrabCar ho\u1eb7c GrabCar Plus c\u00f3 c\u01b0\u1edbc ph\u00ed t\u1eeb 30.000\u0111 nh\u1eadn 01 \u01b0u \u0111\u00e3i Klook gi\u1ea3m 12% gi\u1ea3m t\u1ed1i 500.000\u0111 \u00e1p d\u1ee5ng cho \u0111\u01a1n h\u00e0ng tr\u1ea3i nghi\u1ec7m d\u1ecbch v\u1ee5 vui ch\u01a1i c\u00f3 gi\u00e1 tr\u1ecb t\u1eeb 800.000\u0111.<\/p>\n<p>\ud83d\udc9a C\u1ee9 \u0111i l\u00e0 nh\u1eadn qu\u00e0, \u0111\u1ee7 lo\u1ea1i \u01b0u \u0111\u00e3i t\u1eeb di chuy\u1ec3n, \u0103n u\u1ed1ng cho t\u1edbi vui ch\u01a1i.<br \/>\n\ud83d\udc49 \u0110\u1eb7t GrabCar Plus \u0111\u00f3n \u0111\u01b0a ch\u01a1i l\u1ec5 li\u1ec1n nha!<\/p>\n<p>L\u01b0u \u00fd:<br \/>\n\ud83d\udccc Ch\u01b0\u01a1ng tr\u00ecnh \u00e1p d\u1ee5ng t\u1ea1i \u0110\u00e0 N\u1eb5ng, Kh\u00e1nh H\u00f2a, L\u00e2m \u0110\u1ed3ng, Ki\u00ean Giang, V\u0169ng T\u00e0u.<br \/>\n\ud83d\udccc Ch\u01b0\u01a1ng tr\u00ecnh di\u1ec5n ra t\u1eeb 26\/04\/2023 t\u1edbi 05\/05\/2023<\/p>\n<p>#Grab #GrabCar #GrabCarPlus<\/p>","protected":false},"excerpt":{"rendered":"\ud83d\udd25 Th\u1eed th\u00e1ch: \u0110\u1eb7t GrabCar Plus \u0111i ch\u01a1i l\u1ec5, th\u1eafng combo \u01b0u \u0111\u00e3i t\u1eeb Grab v\u00e0 Klook \u2728 L\u1ec5 l\u1edbn t\u1edbi v\u00f9ng \u0111\u1ea5t m\u1edbi vui ch\u01a1i, th\u0103m th\u00fa \u0111\u00e2u c\u0169ng ti\u1ec7n v\u00ec lu\u00f4n c\u00f3 GrabCar Plus ch\u1edf n\u00e8! Xe r\u1ed9ng r\u00e3i ch\u1edf \u0111\u1ee7 c\u1ea3 nh\u00f3m l\u1edbn, t\u1edbi \u0111\u00e2u c\u0169ng an to\u00e0n l\u1ea1i ti\u1ebft ki\u1ec7m. \ud83d\ude19 [&hellip;]","protected":false},"author":1428,"featured_media":0,"parent":0,"menu_order":0,"comment_status":"closed","ping_status":"closed","template":"","meta":{"_acf_changed":false,"footnotes":""},"acf":[],"_links":{"self":[{"href":"https:\/\/www.grab.com\/vn\/en\/wp-json\/wp\/v2\/pages\/144549"}],"collection":[{"href":"https:\/\/www.grab.com\/vn\/en\/wp-json\/wp\/v2\/pages"}],"about":[{"href":"https:\/\/www.grab.com\/vn\/en\/wp-json\/wp\/v2\/types\/page"}],"author":[{"embeddable":true,"href":"https:\/\/www.grab.com\/vn\/en\/wp-json\/wp\/v2\/users\/1428"}],"replies":[{"embeddable":true,"href":"https:\/\/www.grab.com\/vn\/en\/wp-json\/wp\/v2\/comments?post=144549"}],"version-history":[{"count":4,"href":"https:\/\/www.grab.com\/vn\/en\/wp-json\/wp\/v2\/pages\/144549\/revisions"}],"predecessor-version":[{"id":145183,"href":"https:\/\/www.grab.com\/vn\/en\/wp-json\/wp\/v2\/pages\/144549\/revisions\/145183"}],"wp:attachment":[{"href":"https:\/\/www.grab.com\/vn\/en\/wp-json\/wp\/v2\/media?parent=144549"}],"curies":[{"name":"wp","href":"https:\/\/api.w.org\/{rel}","templated":true}]}}