{"id":144405,"date":"2023-04-11T11:43:31","date_gmt":"2023-04-11T03:43:31","guid":{"rendered":"https:\/\/www.grab.com\/vn\/?page_id=144405"},"modified":"2023-04-12T17:08:25","modified_gmt":"2023-04-12T09:08:25","slug":"le-lon-du-hi-grab-chieu-du-y","status":"publish","type":"page","link":"https:\/\/www.grab.com\/vn\/en\/le-lon-du-hi-grab-chieu-du-y\/","title":{"rendered":"L\u1ec5 l\u1edbn du h\u00ed, Grab chi\u1ec1u \u0111\u1ee7 \u00fd"},"content":{"rendered":"<p><img loading=\"lazy\" decoding=\"async\" width=\"2560\" height=\"1707\" class=\"alignnone size-full wp-image-144466\" src=\"https:\/\/assets.grab.com\/wp-content\/uploads\/sites\/11\/2023\/04\/12170808\/cover32_GrabDuHi_1803_2-scaled.jpg\" alt=\"\" srcset=\"https:\/\/assets.grab.com\/wp-content\/uploads\/sites\/11\/2023\/04\/12170808\/cover32_GrabDuHi_1803_2-scaled.jpg 2560w, https:\/\/assets.grab.com\/wp-content\/uploads\/sites\/11\/2023\/04\/12170808\/cover32_GrabDuHi_1803_2-250x167.jpg 250w, https:\/\/assets.grab.com\/wp-content\/uploads\/sites\/11\/2023\/04\/12170808\/cover32_GrabDuHi_1803_2-700x467.jpg 700w, https:\/\/assets.grab.com\/wp-content\/uploads\/sites\/11\/2023\/04\/12170808\/cover32_GrabDuHi_1803_2-768x512.jpg 768w, https:\/\/assets.grab.com\/wp-content\/uploads\/sites\/11\/2023\/04\/12170808\/cover32_GrabDuHi_1803_2-1536x1024.jpg 1536w, https:\/\/assets.grab.com\/wp-content\/uploads\/sites\/11\/2023\/04\/12170808\/cover32_GrabDuHi_1803_2-2048x1365.jpg 2048w, https:\/\/assets.grab.com\/wp-content\/uploads\/sites\/11\/2023\/04\/12170808\/cover32_GrabDuHi_1803_2-120x80.jpg 120w\" sizes=\"(max-width: 2560px) 100vw, 2560px\" \/><\/p>\n<h3><span style=\"font-weight: 400\">\ud83d\ude97\u2728 L\u1ec5 l\u1edbn du h\u00ed, Grab chi\u1ec1u \u0111\u1ee7 \u00fd<\/span><\/h3>\n<p><span style=\"font-weight: 400\">\u0110i ch\u01a1i th\u00ec vui nh\u01b0ng ph\u1ea3i chu\u1ea9n b\u1ecb qu\u00e1 tr\u1eddi qu\u00e1 \u0111\u1ea5t: N\u00e0o \u0111\u1eb7t xe \u0111\u01b0a \u0111\u00f3n, ch\u1ecdn qu\u00e1n \u0103n ngon r\u1ed3i t\u00ecm n\u01a1i vui ch\u01a1i. Loay hoay c\u1ea3 ng\u00e0y c\u00f3 khi ch\u1eb3ng xong!<\/span><\/p>\n<p><span style=\"font-weight: 400\">Nh\u01b0ng k\u1ef3 ngh\u1ec9 l\u1ec5 n\u00e0y \u0111i ch\u01a1i kho\u1ebb re v\u00ec c\u00f3 Grab h\u1ed7 tr\u1ee3 t\u1eeb \u0111\u1ea7u t\u1edbi cu\u1ed1i chuy\u1ebfn \u0111i lu\u00f4n!<\/span><\/p>\n<p><span style=\"font-weight: 400\">\u2705 \u0110i ch\u01a1i nh\u00f3m \u0111\u00f4ng tho\u1ea3i m\u00e1i v\u00ec c\u00f3 GrabCar Plus xe r\u1ed9ng r\u00e3i \u0111\u00f3n \u0111\u01b0a.<\/span><\/p>\n<p><span style=\"font-weight: 400\">\u2705 \u0102n u\u1ed1ng kh\u1ecfi ngh\u0129 v\u00ec c\u00f3 Menugazine t\u1eeb GrabFood, t\u1ed5ng h\u1ee3p c\u00e1c qu\u00e1n \u0103n ngon x\u1ecbn t\u1ea1i \u0111\u1ecba ph\u01b0\u01a1ng.<\/span><\/p>\n<p><span style=\"font-weight: 400\">\u2705 Di chuy\u1ec3n t\u1edbi s\u00e2n bay kh\u1ecfi lo v\u1ec1 gi\u00e1 v\u00ec c\u00f3 Grab \u0111\u00f3n gi\u00e1 c\u1ea3 b\u00ecnh \u1ed5n, kh\u00f4ng lo ch\u1eb7t ch\u00e9m.<\/span><\/p>\n<p><span style=\"font-weight: 400\">\ud83d\udc49 Grab lo h\u1ebft r\u1ed3i n\u00e8, ch\u1ec9 vi\u1ec7c x\u00e1ch vali l\u00ean v\u00e0 \u0111i th\u00f4i!<\/span><\/p>\n<p>&nbsp;<\/p>\n<p>\ud83d\udccc <strong>Chi ti\u1ebft \u01b0u \u0111\u00e3i:<\/strong><\/p>\n<p>\u2705 M\u00e3 GRABDUHI:<br \/>\n\u25aa\u01afu \u0111\u00e3i 15% (t\u1ed1i \u0111a 15.000\u0111) \u00e1p d\u1ee5ng cho d\u1ecbch v\u1ee5 GrabBike\/ GrabBike Plus\/ GrabCar t\u1ea1i \u0110\u00e0 N\u1eb5ng, Kh\u00e1nh H\u00f2a, L\u00e2m \u0110\u1ed3ng, V\u0169ng T\u00e0u.<br \/>\n\u25aa\u01afu \u0111\u00e3i 20% (t\u1ed1i \u0111a 20.000\u0111) \u00e1p d\u1ee5ng cho d\u1ecbch v\u1ee5 GrabBike\/ GrabBike Plus\/ GrabCar t\u1ea1i Ph\u00fa Qu\u1ed1c.<br \/>\n\u25aa\u00c1p d\u1ee5ng cho m\u1ecdi h\u00ecnh th\u1ee9c thanh to\u00e1n.<br \/>\n\u25aaNh\u1eadp m\u00e3 \u01b0u \u0111\u00e3i \u0111\u1ea7u ti\u00ean th\u00e0nh c\u00f4ng cho chuy\u1ebfn xe \u0111\u1ea7u ti\u00ean s\u1ebd nh\u1eadn th\u00eam 5 m\u00e3 \u01b0u \u0111\u00e3i c\u00f3 t\u1ed5ng gi\u00e1 tr\u1ecb l\u00ean t\u1edbi 100.000\u0111 v\u00e0 c\u00f3 gi\u00e1 tr\u1ecb s\u1eed d\u1ee5ng trong v\u00f2ng 07 ng\u00e0y k\u1ec3 t\u1eeb ng\u00e0y nh\u1eadn. M\u1ed7i ng\u01b0\u1eddi d\u00f9ng ch\u1ec9 nh\u1eadn c\u00e1c m\u00e3 t\u1eb7ng k\u00e8m m\u1ed9t l\u1ea7n trong su\u1ed1t th\u1eddi gian di\u1ec5n ra ch\u01b0\u01a1ng tr\u00ecnh.<br \/>\n\u25aa \u01afu \u0111\u00e3i kh\u00f4ng bao g\u1ed3m ph\u1ee5 ph\u00ed, ng\u01b0\u1eddi d\u00f9ng vui l\u00f2ng thanh to\u00e1n ph\u1ee5 ph\u00ed (n\u1ebfu c\u00f3) v\u1edbi \u0110\u1ed1i t\u00e1c t\u00e0i x\u1ebf.<br \/>\n\u25aaM\u1ed7i ng\u01b0\u1eddi d\u00f9ng \u0111\u01b0\u1ee3c s\u1eed d\u1ee5ng t\u1ed1i \u0111a 01 l\u1ea7n\/ng\u00e0y v\u00e0 02 l\u1ea7n\/ th\u00e1ng trong su\u1ed1t th\u1eddi gian di\u1ec5n ra ch\u01b0\u01a1ng tr\u00ecnh.<br \/>\n\u25aa Ch\u1ec9 \u00e1p d\u1ee5ng cho ng\u01b0\u1eddi d\u00f9ng nh\u1eadn \u0111\u01b0\u1ee3c th\u00f4ng b\u00e1o.<br \/>\n\u25aa Ch\u1ec9 \u00e1p d\u1ee5ng v\u1edbi phi\u00ean b\u1ea3n app m\u1edbi nh\u1ea5t.<\/p>\n<p>\u2705 M\u00e3 BENXE:<br \/>\n\u25aa \u01afu \u0111\u00e3i 20% (t\u1ed1i \u0111a 15.000\u0111) cho c\u00e1c d\u1ecbch v\u1ee5 GrabBike\/ GrabCar \/GrabCar Protect c\u00f3 \u0111i\u1ec3m \u0111\u1ebfn t\u1ea1i b\u1ebfn xe tr\u00ean to\u00e0n qu\u1ed1c ngo\u1ea1i tr\u1eeb th\u00e0nh ph\u1ed1 H\u1ed3 Ch\u00ed Minh, H\u00e0 N\u1ed9i, \u0110\u00e0 N\u1eb5ng, \u0110\u1ed3ng Nai, Long An, B\u00ecnh D\u01b0\u01a1ng, V\u0129nh Ph\u00fac, B\u1eafc Ninh, Hu\u1ebf, Qu\u1ea3ng Nam, Qu\u00e3ng Ng\u00e3i.<br \/>\n\u25aa \u00c1p d\u1ee5ng cho m\u1ecdi ph\u01b0\u01a1ng th\u1ee9c thanh to\u00e1n.<br \/>\n\u25aa \u01afu \u0111\u00e3i kh\u00f4ng bao g\u1ed3m ph\u1ee5 ph\u00ed, ng\u01b0\u1eddi d\u00f9ng vui l\u00f2ng thanh to\u00e1n ph\u1ee5 ph\u00ed (n\u1ebfu c\u00f3) v\u1edbi \u0110\u1ed1i t\u00e1c t\u00e0i x\u1ebf.<br \/>\n\u25aa S\u1ed1 l\u01b0\u1ee3ng khuy\u1ebfn m\u00e3i c\u00f3 h\u1ea1n, ch\u01b0\u01a1ng tr\u00ecnh c\u00f3 th\u1ec3 k\u1ebft th\u00fac s\u1edbm h\u01a1n d\u1ef1 ki\u1ebfn.<br \/>\n\u25aa M\u1ed7i ng\u01b0\u1eddi d\u00f9ng \u0111\u01b0\u1ee3c s\u1eed d\u1ee5ng t\u1ed1i \u0111a 01 l\u1ea7n\/ ng\u00e0y trong su\u1ed1t th\u1eddi gian di\u1ec5n ra ch\u01b0\u01a1ng tr\u00ecnh.<br \/>\n\u25aa Ch\u1ec9 \u00e1p d\u1ee5ng cho ng\u01b0\u1eddi d\u00f9ng nh\u1eadn \u0111\u01b0\u1ee3c th\u00f4ng b\u00e1o.<br \/>\n\u25aa Ch\u1ec9 \u00e1p d\u1ee5ng v\u1edbi phi\u00ean b\u1ea3n app m\u1edbi nh\u1ea5t.<\/p>\n<p>\u2705 M\u00e3 SANBAY:<br \/>\n\u25aa \u01afu \u0111\u00e3i 20% (t\u1ed1i \u0111a 200.000\u0111) \u00e1p d\u1ee5ng cho c\u00e1c chuy\u1ebfn xe c\u00f3 c\u01b0\u1edbc ph\u00ed t\u1eeb 100.000\u0111 tr\u1edf l\u00ean \u00e1p d\u1ee5ng cho c\u00e1c d\u1ecbch v\u1ee5 di chuy\u1ec3n GrabCar\/GrabCar Protect\/ GrabCar Doanh Nghi\u1ec7p\/ GrabCar Plus\/ GrabCar Economy c\u00f3 \u0111i\u1ec3m \u0111\u00f3n ho\u1eb7c \u0111\u1ebfn t\u1ea1i s\u00e2n bay T\u00e2n S\u01a1n Nh\u1ea5t.<br \/>\n\u25aa \u01afu \u0111&atilde;i 20% t\u1ed1i \u0111a 15.000\u0111 cho chuy\u1ebfn xe GrabCar t\u1eeb 50,000\u0111 &aacute;p d\u1ee5ng cho c&aacute;c d\u1ecbch v\u1ee5 GrabCar, GrabCar Plus, GrabCar Doanh Nghi\u1ec7p. &lt;br&gt; &ndash; \u01afu \u0111&atilde;i &aacute;p d\u1ee5ng cho c&aacute;c chuy\u1ebfn xe c&oacute; \u0111i\u1ec3m \u0111\u1ebfn\/ \u0111i\u1ec3m \u0111&oacute;n t\u1ea1i s&acirc;n bay t\u1ea1i th&agrave;nh ph\u1ed1 C\u1ea7n Th\u01a1, \u0110&agrave; N\u1eb5ng, Bu&ocirc;n Ma Thu\u1ed9t, Pleiku, C&aacute;t Bi, Vinh, Chu Lai, V&acirc;n \u0110\u1ed3n, Ph&uacute; B&agrave;i<br \/>\n\u25aa \u01afu \u0111\u00e3i ch\u1ec9 \u00e1p d\u1ee5ng khi thanh to\u00e1n kh\u00f4ng ti\u1ec1n m\u1eb7t (qua V\u00ed Moca ho\u1eb7c Th\u1ebb ng\u00e2n h\u00e0ng)<br \/>\n\u25aa \u01afu \u0111\u00e3i kh\u00f4ng bao g\u1ed3m ph\u1ee5 ph\u00ed, ng\u01b0\u1eddi d\u00f9ng vui l\u00f2ng thanh to\u00e1n ph\u1ee5 ph\u00ed (n\u1ebfu c\u00f3) v\u1edbi \u0110\u1ed1i t\u00e1c t\u00e0i x\u1ebf<br \/>\n\u25aa S\u1ed1 l\u01b0\u1ee3ng \u01b0u \u0111\u00e3i c\u00f3 gi\u1edbi h\u1ea1n v\u00e0 ch\u01b0\u01a1ng tr\u00ecnh c\u00f3 th\u1ec3 k\u1ebft th\u00fac s\u1edbm h\u01a1n d\u1ef1 ki\u1ebfn.<\/p>\n<p>#GrabCar #GrabBike #GrabFood #DiKhoeAnNgon<\/p>","protected":false},"excerpt":{"rendered":"\ud83d\ude97\u2728 L\u1ec5 l\u1edbn du h\u00ed, Grab chi\u1ec1u \u0111\u1ee7 \u00fd \u0110i ch\u01a1i th\u00ec vui nh\u01b0ng ph\u1ea3i chu\u1ea9n b\u1ecb qu\u00e1 tr\u1eddi qu\u00e1 \u0111\u1ea5t: N\u00e0o \u0111\u1eb7t xe \u0111\u01b0a \u0111\u00f3n, ch\u1ecdn qu\u00e1n \u0103n ngon r\u1ed3i t\u00ecm n\u01a1i vui ch\u01a1i. Loay hoay c\u1ea3 ng\u00e0y c\u00f3 khi ch\u1eb3ng xong! Nh\u01b0ng k\u1ef3 ngh\u1ec9 l\u1ec5 n\u00e0y \u0111i ch\u01a1i kho\u1ebb re v\u00ec c\u00f3 Grab [&hellip;]","protected":false},"author":1428,"featured_media":0,"parent":0,"menu_order":0,"comment_status":"closed","ping_status":"closed","template":"","meta":{"_acf_changed":false,"footnotes":""},"acf":[],"_links":{"self":[{"href":"https:\/\/www.grab.com\/vn\/en\/wp-json\/wp\/v2\/pages\/144405"}],"collection":[{"href":"https:\/\/www.grab.com\/vn\/en\/wp-json\/wp\/v2\/pages"}],"about":[{"href":"https:\/\/www.grab.com\/vn\/en\/wp-json\/wp\/v2\/types\/page"}],"author":[{"embeddable":true,"href":"https:\/\/www.grab.com\/vn\/en\/wp-json\/wp\/v2\/users\/1428"}],"replies":[{"embeddable":true,"href":"https:\/\/www.grab.com\/vn\/en\/wp-json\/wp\/v2\/comments?post=144405"}],"version-history":[{"count":4,"href":"https:\/\/www.grab.com\/vn\/en\/wp-json\/wp\/v2\/pages\/144405\/revisions"}],"predecessor-version":[{"id":144467,"href":"https:\/\/www.grab.com\/vn\/en\/wp-json\/wp\/v2\/pages\/144405\/revisions\/144467"}],"wp:attachment":[{"href":"https:\/\/www.grab.com\/vn\/en\/wp-json\/wp\/v2\/media?parent=144405"}],"curies":[{"name":"wp","href":"https:\/\/api.w.org\/{rel}","templated":true}]}}