{"id":144007,"date":"2023-04-03T15:06:36","date_gmt":"2023-04-03T07:06:36","guid":{"rendered":"https:\/\/www.grab.com\/vn\/?page_id=144007"},"modified":"2023-04-13T15:39:16","modified_gmt":"2023-04-13T07:39:16","slug":"thu-thach-di-grabcar-trung-qua-cool-ha-nhiet","status":"publish","type":"page","link":"https:\/\/www.grab.com\/vn\/en\/thu-thach-di-grabcar-trung-qua-cool-ha-nhiet\/","title":{"rendered":"Th\u1eed th\u00e1ch \u0111i GrabCar, tr\u00fang qu\u00e0 &#8220;cool&#8221; h\u1ea1 nhi\u1ec7t"},"content":{"rendered":"<p><span style=\"font-weight: 400\"><img loading=\"lazy\" decoding=\"async\" width=\"1200\" height=\"600\" class=\"alignnone size-full wp-image-144008\" src=\"https:\/\/assets.grab.com\/wp-content\/uploads\/sites\/11\/2023\/04\/03150348\/1200x600_TPT_3003.jpg\" alt=\"\" srcset=\"https:\/\/assets.grab.com\/wp-content\/uploads\/sites\/11\/2023\/04\/03150348\/1200x600_TPT_3003.jpg 1200w, https:\/\/assets.grab.com\/wp-content\/uploads\/sites\/11\/2023\/04\/03150348\/1200x600_TPT_3003-250x125.jpg 250w, https:\/\/assets.grab.com\/wp-content\/uploads\/sites\/11\/2023\/04\/03150348\/1200x600_TPT_3003-700x350.jpg 700w, https:\/\/assets.grab.com\/wp-content\/uploads\/sites\/11\/2023\/04\/03150348\/1200x600_TPT_3003-768x384.jpg 768w, https:\/\/assets.grab.com\/wp-content\/uploads\/sites\/11\/2023\/04\/03150348\/1200x600_TPT_3003-120x60.jpg 120w\" sizes=\"(max-width: 1200px) 100vw, 1200px\" \/><\/span><\/p>\n<p><span style=\"font-weight: 400\">\ud83d\udd25 Th\u1eddi ti\u1ebft d\u1ea1o n\u00e0y sao m\u00e0 kh\u1eafc nghi\u1ec7t. N\u1eafng n\u00f3ng tr\u1ea3 l\u1ea1i t\u00e2m tr\u00ed t\u00f4i \u0111\u00e2y!!!\ud83d\ude1e<\/span><\/p>\n<p><span style=\"font-weight: 400\">\u2728 \u0110\u1eb7t ngay GrabCar gi\u1ea3i c\u1ee9u m\u00f9a n\u1eafng n\u00f3ng. \u0110i \u0111\u00e2u c\u0169ng m\u00e1t m\u1ebb, tho\u1ea3i m\u00e1i m\u00e0 c\u00f2n c\u00f3 c\u01a1 h\u1ed9i tr\u00fang 01 B\u00ecnh gi\u1eef nhi\u1ec7t Lock &amp; Lock Holiday Sunset 450ml tr\u1ecb gi\u00e1 500.000\u0111 c\u00f9ng v\u00f4 s\u1ed1 voucher di chuy\u1ec3n h\u1ea5p d\u1eabn n\u00e8!<\/span><\/p>\n<p><span style=\"font-weight: 400\">\ud83d\ude19 Ch\u1ec9 c\u1ea7n ho\u00e0n th\u00e0nh Th\u1eed th\u00e1ch \u0111i GrabCar si\u00eau d\u1ec5 d\u00e0ng t\u1eeb Grab:<\/span><\/p>\n<ul>\n<li><span style=\"font-weight: 400\">B\u01b0\u1edbc 1: Ch\u1ecdn m\u1ee5c \u201cTh\u1eed th\u00e1ch\u201d trong \u1ee8ng d\u1ee5ng Grab.<\/span><\/li>\n<li><span style=\"font-weight: 400\">B\u01b0\u1edbc 2: Ch\u1ecdn \u201c<\/span><b>Th\u1eed th\u00e1ch N\u1eafng n\u00f3ng \u0111i GrabCar, tr\u00fang qu\u00e0 &#8220;cool&#8221; h\u1ea1 nhi\u1ec7t <\/b><span style=\"font-weight: 400\">\u201d \u0111\u1ec3 tham gia v\u00e0 ho\u00e0n th\u00e0nh t\u1ed5ng c\u1ed9ng 06 chuy\u1ebfn xe GrabCar\/ GrabCar Plus\/ GrabCar Economy tr\u01b0\u1edbc ng\u00e0y 30\/04\/2023.\u00a0<\/span><\/li>\n<\/ul>\n<p><img loading=\"lazy\" decoding=\"async\" class=\"alignnone wp-image-144056\" src=\"https:\/\/assets.grab.com\/wp-content\/uploads\/sites\/11\/2023\/04\/04150704\/GC_Challenge_1200x1200_02042023_F1.jpg\" alt=\"\" width=\"350\" height=\"350\" srcset=\"https:\/\/assets.grab.com\/wp-content\/uploads\/sites\/11\/2023\/04\/04150704\/GC_Challenge_1200x1200_02042023_F1.jpg 2000w, https:\/\/assets.grab.com\/wp-content\/uploads\/sites\/11\/2023\/04\/04150704\/GC_Challenge_1200x1200_02042023_F1-250x250.jpg 250w, https:\/\/assets.grab.com\/wp-content\/uploads\/sites\/11\/2023\/04\/04150704\/GC_Challenge_1200x1200_02042023_F1-700x700.jpg 700w, https:\/\/assets.grab.com\/wp-content\/uploads\/sites\/11\/2023\/04\/04150704\/GC_Challenge_1200x1200_02042023_F1-150x150.jpg 150w, https:\/\/assets.grab.com\/wp-content\/uploads\/sites\/11\/2023\/04\/04150704\/GC_Challenge_1200x1200_02042023_F1-768x768.jpg 768w, https:\/\/assets.grab.com\/wp-content\/uploads\/sites\/11\/2023\/04\/04150704\/GC_Challenge_1200x1200_02042023_F1-1536x1536.jpg 1536w, https:\/\/assets.grab.com\/wp-content\/uploads\/sites\/11\/2023\/04\/04150704\/GC_Challenge_1200x1200_02042023_F1-120x120.jpg 120w\" sizes=\"(max-width: 350px) 100vw, 350px\" \/> <img loading=\"lazy\" decoding=\"async\" class=\"alignnone wp-image-144057\" src=\"https:\/\/assets.grab.com\/wp-content\/uploads\/sites\/11\/2023\/04\/04150709\/GC_Challenge_1200x1200_02042023_F2.jpg\" alt=\"\" width=\"349\" height=\"349\" srcset=\"https:\/\/assets.grab.com\/wp-content\/uploads\/sites\/11\/2023\/04\/04150709\/GC_Challenge_1200x1200_02042023_F2.jpg 2000w, https:\/\/assets.grab.com\/wp-content\/uploads\/sites\/11\/2023\/04\/04150709\/GC_Challenge_1200x1200_02042023_F2-250x250.jpg 250w, https:\/\/assets.grab.com\/wp-content\/uploads\/sites\/11\/2023\/04\/04150709\/GC_Challenge_1200x1200_02042023_F2-700x700.jpg 700w, https:\/\/assets.grab.com\/wp-content\/uploads\/sites\/11\/2023\/04\/04150709\/GC_Challenge_1200x1200_02042023_F2-150x150.jpg 150w, https:\/\/assets.grab.com\/wp-content\/uploads\/sites\/11\/2023\/04\/04150709\/GC_Challenge_1200x1200_02042023_F2-768x768.jpg 768w, https:\/\/assets.grab.com\/wp-content\/uploads\/sites\/11\/2023\/04\/04150709\/GC_Challenge_1200x1200_02042023_F2-1536x1536.jpg 1536w, https:\/\/assets.grab.com\/wp-content\/uploads\/sites\/11\/2023\/04\/04150709\/GC_Challenge_1200x1200_02042023_F2-120x120.jpg 120w\" sizes=\"(max-width: 349px) 100vw, 349px\" \/> <img loading=\"lazy\" decoding=\"async\" class=\"alignnone wp-image-144058\" src=\"https:\/\/assets.grab.com\/wp-content\/uploads\/sites\/11\/2023\/04\/04150713\/GC_Challenge_1200x1200_02042023_F3.jpg\" alt=\"\" width=\"348\" height=\"348\" srcset=\"https:\/\/assets.grab.com\/wp-content\/uploads\/sites\/11\/2023\/04\/04150713\/GC_Challenge_1200x1200_02042023_F3.jpg 2000w, https:\/\/assets.grab.com\/wp-content\/uploads\/sites\/11\/2023\/04\/04150713\/GC_Challenge_1200x1200_02042023_F3-250x250.jpg 250w, https:\/\/assets.grab.com\/wp-content\/uploads\/sites\/11\/2023\/04\/04150713\/GC_Challenge_1200x1200_02042023_F3-700x700.jpg 700w, https:\/\/assets.grab.com\/wp-content\/uploads\/sites\/11\/2023\/04\/04150713\/GC_Challenge_1200x1200_02042023_F3-150x150.jpg 150w, https:\/\/assets.grab.com\/wp-content\/uploads\/sites\/11\/2023\/04\/04150713\/GC_Challenge_1200x1200_02042023_F3-768x768.jpg 768w, https:\/\/assets.grab.com\/wp-content\/uploads\/sites\/11\/2023\/04\/04150713\/GC_Challenge_1200x1200_02042023_F3-1536x1536.jpg 1536w, https:\/\/assets.grab.com\/wp-content\/uploads\/sites\/11\/2023\/04\/04150713\/GC_Challenge_1200x1200_02042023_F3-120x120.jpg 120w\" sizes=\"(max-width: 348px) 100vw, 348px\" \/><\/p>\n<p><span style=\"font-weight: 400\">Ch\u01b0\u01a1ng tr\u00ecnh \u00e1p d\u1ee5ng t\u1ea1i khu v\u1ef1c H\u1ed3 Ch\u00ed Minh, H\u00e0 N\u1ed9i, \u0110\u00e0 N\u1eb5ng, Kh\u00e1nh H\u00f2a, B\u00ecnh D\u01b0\u01a1ng, \u0110\u1ed3ng Nai, H\u1ea3i Ph\u00f2ng, C\u1ea7n Th\u01a1.<\/span><\/p>\n<p><span style=\"font-weight: 400\">Th\u1eed th\u00e1ch s\u1ebd c\u00f3 3 c\u1ea5p \u0111\u1ed9 nh\u01b0 sau (s\u1ed1 l\u01b0\u1ee3ng m\u00e3 \u01b0u \u0111\u00e3i c\u00f3 gi\u1edbi h\u1ea1n theo th\u00f4ng tin \u0111\u01b0\u1ee3c hi\u1ec3n th\u1ecb tr\u00ean \u1ee8ng d\u1ee5ng Grab):<\/span><\/p>\n<ul>\n<li><b>C\u1ea5p \u0111\u1ed9 1: <\/b><span style=\"font-weight: 400\">Ho\u00e0n th\u00e0nh 1 chuy\u1ebfn xe GrabCar\/ GrabCar Plus\/ GrabCar Economy c\u00f3 c\u01b0\u1edbc ph\u00ed di chuy\u1ec3n t\u1ed1i thi\u1ec3u 30.000\u0111 (sau khi \u00e1p d\u1ee5ng c\u00e1c \u01b0u \u0111\u00e3i), nh\u1eadn 01 m\u00e3 \u01b0u \u0111\u00e3i gi\u1ea3m 10% t\u1ed1i \u0111a 30.000\u0111 \u00e1p d\u1ee5ng cho chuy\u1ebfn GrabCar\/ GrabCar Plus ti\u1ebfp theo.<\/span><\/li>\n<li><b>C\u1ea5p \u0111\u1ed9 2<\/b><span style=\"font-weight: 400\">: Ho\u00e0n th\u00e0nh th\u00eam 02 chuy\u1ebfn xe GrabCar\/ GrabCar Plus\/ GrabCar Economy, c\u00f3 c\u01b0\u1edbc ph\u00ed di chuy\u1ec3n t\u1ed1i thi\u1ec3u 30.000\u0111 (sau khi \u00e1p d\u1ee5ng c\u00e1c \u01b0u \u0111\u00e3i) &#8211; nh\u1eadn <\/span><span style=\"font-weight: 400\">02 m\u00e3 \u01b0u \u0111\u00e3i gi\u1ea3m 10% t\u1ed1i \u0111a 30.000\u0111 \u00e1p d\u1ee5ng cho chuy\u1ebfn <\/span><span style=\"font-weight: 400\">GrabCar\/ GrabCar Plus ti\u1ebfp theo<\/span><span style=\"font-weight: 400\">.\u00a0<\/span><\/li>\n<li><b>C\u1ea5p \u0111\u1ed9 3<\/b><span style=\"font-weight: 400\">: Ho\u00e0n th\u00e0nh th\u00eam 03 chuy\u1ebfn xe GrabCar\/ GrabCar Plus\/ GrabCar Economy, c\u00f3 c\u01b0\u1edbc ph\u00ed di chuy\u1ec3n t\u1ed1i thi\u1ec3u 30.000\u0111 &#8211; nh\u1eadn 01 B\u00ecnh gi\u1eef nhi\u1ec7t Lock &amp; Lock Holiday Sunset I.d Tumbler 450ml .\u00a0<\/span><\/li>\n<\/ul>\n<h3><b>C\u01a0 C\u1ea4U GI\u1ea2I TH\u01af\u1edeNG:<\/b><\/h3>\n<ul>\n<li><b>C\u1ea5p \u0111\u1ed9 1:<\/b><span style=\"font-weight: 400\"> 10.000 gi\u1ea3i th\u01b0\u1edfng cho 10.000 ng\u01b0\u1eddi d\u00f9ng ho\u00e0n th\u00e0nh c\u1ea5p \u0111\u1ed9 1 s\u1edbm nh\u1ea5t, m\u1ed7i gi\u1ea3i 01 m\u00e3 \u01b0u \u0111\u00e3i gi\u1ea3m 10% t\u1ed1i \u0111a 30.000\u0111 \u00e1p d\u1ee5ng cho chuy\u1ebfn GrabCar\/ GrabCar Plus ti\u1ebfp theo.<\/span><\/li>\n<li><b>C\u1ea5p \u0111\u1ed9 2<\/b><span style=\"font-weight: 400\">: 5.000 gi\u1ea3i th\u01b0\u1edfng cho 5.000 ng\u01b0\u1eddi d\u00f9ng ho\u00e0n th\u00e0nh c\u1ea5p \u0111\u1ed9 2 s\u1edbm nh\u1ea5t, m\u1ed7i gi\u1ea3i <\/span><span style=\"font-weight: 400\">02 m\u00e3 \u01b0u \u0111\u00e3i gi\u1ea3m 10% t\u1ed1i \u0111a 30.000\u0111 \u00e1p d\u1ee5ng cho chuy\u1ebfn <\/span><span style=\"font-weight: 400\">GrabCar\/ GrabCar Plus ti\u1ebfp theo<\/span><span style=\"font-weight: 400\">.<\/span><\/li>\n<li><b>C\u1ea5p \u0111\u1ed9 3<\/b><span style=\"font-weight: 400\">: 15 Gi\u1ea3i th\u01b0\u1edfng cho 15 ng\u01b0\u1eddi d\u00f9ng ho\u00e0n th\u00e0nh c\u1ea5p \u0111\u1ed9 3 s\u1edbm nh\u1ea5t, m\u1ed7i gi\u1ea3i nh\u1eadn 01 B\u00ecnh gi\u1eef nhi\u1ec7t Lock &amp; Lock Holiday Sunset I.d Tumbler 450ml.<\/span><\/li>\n<\/ul>\n<h3><b>QUY \u0110\u1ecaNH C\u1ee6A TH\u1eec TH\u00c1CH:\u00a0<\/b><\/h3>\n<ul>\n<li><span style=\"font-weight: 400\">Th\u1eed th\u00e1ch ch\u1ec9 \u00e1p d\u1ee5ng cho ng\u01b0\u1eddi ch\u01a1i \u0111\u01b0\u1ee3c hi\u1ec3n th\u1ecb \u201c<\/span><b>Th\u1eed th\u00e1ch N\u1eafng n\u00f3ng \u0111i GrabCar, tr\u00fang qu\u00e0 &#8220;cool&#8221; h\u1ea1 nhi\u1ec7t <\/b><span style=\"font-weight: 400\">\u201d trong m\u1ee5c \u201cTh\u1eed Th\u00e1ch\u201d tr\u00ean \u1ee9ng d\u1ee5ng Grab k\u1ec3 t\u1eeb 0h00\u2019 ng\u00e0y 07\/04\/2023. Theo \u0111\u00f3, ng\u01b0\u1eddi ch\u01a1i c\u1ea7n ch\u1ecdn \u201cCh\u1ea5p nh\u1eadn th\u1eed th\u00e1ch\u201d \u0111\u1ec3 tham gia ch\u01b0\u01a1ng tr\u00ecnh.<\/span><\/li>\n<li><span style=\"font-weight: 400\">Th\u1eed th\u00e1ch k\u00e9o d\u00e0i t\u1eeb ng\u00e0y 07\/04\/2023 \u0111\u1ebfn h\u1ebft ng\u00e0y 30\/04\/2023 v\u00e0 s\u1ebd k\u1ebft th\u00fac khi th\u1eddi h\u1ea1n ch\u01b0\u01a1ng tr\u00ecnh k\u1ebft th\u00fac ho\u1eb7c khi (c\u00e1c) gi\u1ea3i th\u01b0\u1edfng \u0111\u00e3 \u0111\u01b0\u1ee3c trao h\u1ebft, t\u00f9y v\u00e0o th\u1eddi \u0111i\u1ec3m n\u00e0o \u0111\u1ebfn tr\u01b0\u1edbc.<\/span><\/li>\n<li><span style=\"font-weight: 400\">Th\u1eed th\u00e1ch s\u1ebd kh\u00f4ng \u0111\u01b0\u1ee3c th\u1ef1c hi\u1ec7n d\u01b0\u1edbi h\u00ecnh th\u1ee9c chia s\u1ebb. M\u1ed7i Th\u1eed th\u00e1ch ch\u1ec9 d\u00e0nh cho m\u1ed9t t\u00e0i kho\u1ea3n Grab, d\u1ef1a tr\u00ean quy\u1ec1n truy c\u1eadp Th\u1eed th\u00e1ch hi\u1ec3n th\u1ecb tr\u00ean \u1ee9ng d\u1ee5ng.\u00a0<\/span><\/li>\n<li><span style=\"font-weight: 400\">Th\u1eed th\u00e1ch n\u00e0y kh\u00f4ng th\u1ec3 \u0111\u01b0\u1ee3c th\u1ef1c hi\u1ec7n l\u1ea1i sau khi \u0111\u00e3 ho\u00e0n th\u00e0nh ho\u1eb7c th\u1eddi gian quy \u0111\u1ecbnh \u0111\u00e3 k\u1ebft th\u00fac.<\/span><\/li>\n<li><span style=\"font-weight: 400\">M\u00e3 \u01b0u \u0111\u00e3i d\u1ecbch v\u1ee5 GrabCar\/ GrabCar Plus c\u00f3 h\u1ea1n s\u1eed d\u1ee5ng \u0111\u1ebfn h\u1ebft 23h59 ng\u00e0y 30\/05\/2023.\u00a0<\/span><\/li>\n<li><span style=\"font-weight: 400\">M\u00e3 \u01b0u \u0111\u00e3i d\u1ecbch v\u1ee5 GrabCar\/ GrabCar Plus \u0111\u01b0\u1ee3c \u00e1p d\u1ee5ng t\u1ea1i H\u1ed3 Ch\u00ed Minh, H\u00e0 N\u1ed9i, \u0110\u00e0 N\u1eb5ng, Kh\u00e1nh H\u00f2a, B\u00ecnh D\u01b0\u01a1ng, \u0110\u1ed3ng Nai, H\u1ea3i Ph\u00f2ng, C\u1ea7n Th\u01a1.<\/span><\/li>\n<\/ul>\n<h3><b>\u0110I\u1ec0U KHO\u1ea2N V\u00c0 \u0110I\u1ec0U KI\u1ec6N KH\u00c1C<\/b><b>:<\/b><\/h3>\n<ul>\n<li><span style=\"font-weight: 400\">K\u1ebft qu\u1ea3 c\u1ea5p \u0111\u1ed9 3 c\u1ee7a th\u1eed th\u00e1ch s\u1ebd \u0111\u01b0\u1ee3c c\u00f4ng b\u1ed1 tr\u00ean trang m\u1ea1ng x\u00e3 h\u1ed9i ch\u00ednh th\u1ee9c c\u1ee7a Grab https:\/\/www.facebook.com\/GrabVN trong v\u00f2ng 2 tu\u1ea7n k\u1ec3 t\u1eeb ng\u00e0y 15\/05\/2023.<\/span><\/li>\n<li><span style=\"font-weight: 400\">B\u1eb1ng vi\u1ec7c ch\u1ea5p nh\u1eadn tham gia Th\u1eed th\u00e1ch, ng\u01b0\u1eddi ch\u01a1i hi\u1ec3u, \u0111\u1ed3ng \u00fd v\u00e0 cho ph\u00e9p Grab c\u00f4ng b\u1ed1 th\u00f4ng tin li\u00ean quan \u0111\u1ebfn ng\u01b0\u1eddi ch\u01a1i, bao g\u1ed3m (i) t\u00ean t\u00e0i kho\u1ea3n \u0111\u0103ng k\u00fd v\u1edbi Grab v\u00e0 (ii) ba (03) s\u1ed1 \u0111u\u00f4i s\u1ed1 \u0111i\u1ec7n tho\u1ea1i, cho m\u1ee5c \u0111\u00edch th\u00f4ng b\u00e1o k\u1ebft qu\u1ea3. Grab s\u1ebd \u0111\u0103ng t\u1ea3i c\u00f4ng khai tr\u00ean trang m\u1ea1ng x\u00e3 h\u1ed9i ch\u00ednh th\u1ee9c c\u1ee7a Grab https:\/\/www.facebook.com\/GrabVN.<\/span><\/li>\n<li><span style=\"font-weight: 400\">Grab s\u1ebd li\u00ean h\u1ec7 ng\u01b0\u1eddi th\u1eafng Gi\u1ea3i c\u1ea5p \u0111\u1ed9 3 t\u1ed1i \u0111a ba (03) l\u1ea7n qua \u0111i\u1ec7n tho\u1ea1i, \u0111\u1ec3 th\u00f4ng b\u00e1o k\u1ebft qu\u1ea3. Trong v\u00f2ng 07 ng\u00e0y k\u1ec3 t\u1eeb ng\u00e0y \u0111\u01b0\u1ee3c li\u00ean h\u1ec7, ng\u01b0\u1eddi th\u1eafng cu\u1ed9c c\u00f3 tr\u00e1ch nhi\u1ec7m li\u00ean h\u1ec7 v\u1edbi Grab \u0111\u1ec3 cung c\u1ea5p c\u00e1c th\u00f4ng tin c\u1ea7n thi\u1ebft nh\u01b0 h\u01b0\u1edbng d\u1eabn. Tr\u01b0\u1eddng h\u1ee3p ng\u01b0\u1eddi th\u1eafng gi\u1ea3i kh\u00f4ng cung c\u1ea5p th\u00f4ng tin trong th\u1eddi h\u1ea1n quy \u0111\u1ecbnh, Grab c\u00f3 quy\u1ec1n ti\u1ebfn h\u00e0nh thu h\u1ed3i gi\u1ea3i th\u01b0\u1edfng. Ng\u01b0\u1eddi th\u1eafng gi\u1ea3i kh\u00f4ng c\u00f3 quy\u1ec1n khi\u1ebfu n\u1ea1i khi tr\u01b0\u1eddng h\u1ee3p n\u00e0y x\u1ea3y ra.<\/span><\/li>\n<li><span style=\"font-weight: 400\">\u0110\u1ed1i v\u1edbi Gi\u1ea3i c\u1ea5p \u0111\u1ed9 3, Grab th\u1ef1c hi\u1ec7n trao gi\u1ea3i cho ng\u01b0\u1eddi th\u1eafng cu\u1ed9c trong v\u00f2ng 60 ng\u00e0y k\u1ec3 t\u1eeb ng\u00e0y c\u00f4ng b\u1ed1 ng\u01b0\u1eddi th\u1eafng cu\u1ed9c. Gi\u1ea3i th\u01b0\u1edfng s\u1ebd \u0111\u01b0\u1ee3c chuy\u1ec3n \u0111\u1ebfn ng\u01b0\u1eddi th\u1eafng cu\u1ed9c qua \u0111\u01a1n v\u1ecb v\u1eadn chuy\u1ec3n.<\/span><\/li>\n<li><span style=\"font-weight: 400\">Grab c\u00f3 to\u00e0n quy\u1ec1n t\u1eeb ch\u1ed1i trao gi\u1ea3i, t\u01b0\u1edbc quy\u1ec1n tham d\u1ef1 n\u1ebfu nghi ng\u1edd ho\u1eb7c ph\u00e1t hi\u1ec7n ng\u01b0\u1eddi ch\u01a1i th\u1ef1c hi\u1ec7n b\u1ea5t k\u1ef3 h\u00e0nh vi gian l\u1eadn, gi\u1ea3 m\u1ea1o n\u00e0o trong qu\u00e1 tr\u00ecnh tham d\u1ef1 ch\u01b0\u01a1ng tr\u00ecnh d\u01b0\u1edbi b\u1ea5t k\u1ef3 h\u00ecnh th\u1ee9c n\u00e0o ho\u1eb7c qu\u00e1 tr\u00ecnh tham gia ch\u01b0\u01a1ng tr\u00ecnh vi ph\u1ea1m c\u00e1c quy \u0111\u1ecbnh ph\u00e1p lu\u1eadt hi\u1ec7n h\u00e0nh kh\u00e1c v\u00e0\/ ho\u1eb7c quy \u0111\u1ecbnh, ch\u00ednh s\u00e1ch Grab.<\/span><\/li>\n<li><span style=\"font-weight: 400\">Grab c\u00f3 to\u00e0n quy\u1ec1n quy\u1ebft \u0111\u1ecbnh \u0111i\u1ec1u ki\u1ec7n, x\u00e1c \u0111\u1ecbnh ng\u01b0\u1eddi th\u1eafng gi\u1ea3i, thay \u0111\u1ed5i th\u1ec3 l\u1ec7 v\u00e0 \u0111i\u1ec1u kho\u1ea3n c\u1ee7a ch\u01b0\u01a1ng tr\u00ecnh n\u00e0y v\u00e0 c\u00f3 th\u00f4ng b\u00e1o tr\u01b0\u1edbc \u0111\u1ebfn ng\u01b0\u1eddi ch\u01a1i. C\u00e1c n\u1ed9i dung \u0111\u01b0\u1ee3c thay \u0111\u1ed5i n\u00e0y \u0111\u1ea3m b\u1ea3o kh\u00f4ng g\u00e2y b\u1ea5t l\u1ee3i cho ng\u01b0\u1eddi ch\u01a1i v\u00e0 s\u1ebd m\u1eb7c nhi\u00ean c\u00f3 hi\u1ec7u l\u1ef1c v\u00e0 \u0111\u01b0\u1ee3c \u00e1p d\u1ee5ng \u0111\u1ec3 \u0111i\u1ec1u ch\u1ec9nh c\u00e1c v\u1ea5n \u0111\u1ec1 li\u00ean quan \u0111\u1ebfn ch\u01b0\u01a1ng tr\u00ecnh.<\/span><\/li>\n<li><span style=\"font-weight: 400\">T\u1ea5t c\u1ea3 c\u00e1c \u01b0u \u0111\u00e3i\/gi\u1ea3i th\u01b0\u1edfng \u0111\u1ec1u kh\u00f4ng c\u00f3 gi\u00e1 tr\u1ecb chuy\u1ec3n nh\u01b0\u1ee3ng v\u00e0 quy \u0111\u1ed5i th\u00e0nh ti\u1ec1n m\u1eb7t ho\u1eb7c t\u00edn d\u1ee5ng c\u00f3 gi\u00e1 tr\u1ecb t\u01b0\u01a1ng \u0111\u01b0\u01a1ng n\u00e0o.<\/span><\/li>\n<li><span style=\"font-weight: 400\">Ng\u01b0\u1eddi ch\u01a1i \u0111\u1ed3ng \u00fd r\u1eb1ng quy\u1ebft \u0111\u1ecbnh c\u1ee7a Grab l\u00e0 quy\u1ebft \u0111\u1ecbnh cu\u1ed1i c\u00f9ng v\u00e0 c\u00f3 hi\u1ec7u l\u1ef1c \u00e1p d\u1ee5ng. M\u1ecdi tranh ch\u1ea5p gi\u1eefa Grab v\u00e0 ng\u01b0\u1eddi ch\u01a1i ph\u00e1t sinh t\u1eeb ho\u1eb7c li\u00ean quan \u0111\u1ebfn ch\u01b0\u01a1ng tr\u00ecnh (n\u1ebfu c\u00f3) s\u1ebd \u0111\u01b0\u1ee3c gi\u1ea3i quy\u1ebft theo quy tr\u00ecnh do Grab c\u00f4ng b\u1ed1 v\u00e0 \u00e1p d\u1ee5ng t\u1ea1i t\u1eebng th\u1eddi \u0111i\u1ec3m.<\/span><\/li>\n<li><span style=\"font-weight: 400\">Ng\u01b0\u1eddi tr&uacute;ng th\u01b0\u1edfng ph\u1ea3i \u0111\u1ed5i\/nh\u1eadn t\u1ea5t c\u1ea3 gi\u1ea3i th\u01b0\u1edfng trong th\u1eddi h\u1ea1n \u0111\u01b0\u1ee3c th&ocirc;ng b&aacute;o b\u1edfi Grab. M\u1ecdi ph\u1ea7n th\u01b0\u1edfng kh&ocirc;ng \u0111\u01b0\u1ee3c \u0111\u1ed5i\/nh\u1eadn trong th\u1eddi gian n&agrave;y s\u1ebd \u0111\u01b0\u1ee3c thu h\u1ed3i ho\u1eb7c ti&ecirc;u h\u1ee7y ho\u1eb7c quy&ecirc;n g&oacute;p ho\u1eb7c h&igrave;nh th\u1ee9c kh&aacute;c theo to&agrave;n quy\u1ec1n quy\u1ebft \u0111\u1ecbnh c\u1ee7a Grab ho\u1eb7c theo quy \u0111\u1ecbnh c\u1ee7a ph&aacute;p lu\u1eadt hi\u1ec7n h&agrave;nh. Grab s\u1ebd kh&ocirc;ng gi\u1ea3i quy\u1ebft b\u1ea5t k&igrave; khi\u1ebfu n\u1ea1i ho\u1eb7c y&ecirc;u c\u1ea7u b\u1ed3i th\u01b0\u1eddng n&agrave;o li&ecirc;n quan \u0111\u1ebfn tr\u01b0\u1eddng h\u1ee3p n&agrave;y.&lt;\/li&gt;&lt;br&gt;<\/span><\/li>\n<li><span style=\"font-weight: 400\">B\u1eb1ng vi\u1ec7c tham gia ch\u01b0\u01a1ng tr\u00ecnh n\u00e0y, b\u1ea1n x\u00e1c nh\u1eadn \u0111\u00e3 hi\u1ec3u v\u00e0 ch\u1ea5p thu\u1eadn to\u00e0n b\u1ed9 \u0111i\u1ec1u kho\u1ea3n v\u00e0 \u0111i\u1ec1u ki\u1ec7n quy \u0111\u1ecbnh t\u1ea1i th\u1ec3 l\u1ec7 n\u00e0y.<\/span><\/li>\n<li><span style=\"font-weight: 400\">Nh\u1eefng \u0111i\u1ec1u kho\u1ea3n v\u00e0 \u0111i\u1ec1u ki\u1ec7n c\u1ee7a ch\u01b0\u01a1ng tr\u00ecnh n\u00e0y \u0111\u01b0\u1ee3c \u0111i\u1ec1u ch\u1ec9nh b\u1edfi ph\u00e1p lu\u1eadt c\u1ee7a Vi\u1ec7t Nam. Trong tr\u01b0\u1eddng h\u1ee3p c\u00f3 tranh ch\u1ea5p, C\u00e1c B\u00ean s\u1ebd \u01b0u ti\u00ean gi\u1ea3i quy\u1ebft b\u1eb1ng h\u00f2a gi\u1ea3i v\u00e0 th\u01b0\u01a1ng l\u01b0\u1ee3ng. Trong tr\u01b0\u1eddng h\u1ee3p C\u00e1c B\u00ean kh\u00f4ng th\u1ecfa thu\u1eadn \u0111\u01b0\u1ee3c v\u1edbi nhau v\u1ec1 vi\u1ec7c gi\u1ea3i quy\u1ebft tranh ch\u1ea5p trong v\u00f2ng 30 (ba m\u01b0\u01a1i) ng\u00e0y k\u1ec3 t\u1eeb ng\u00e0y x\u1ea3y ra Tranh Ch\u1ea5p, C\u00e1c B\u00ean c\u00f3 quy\u1ec1n y\u00eau c\u1ea7u Trung t\u00e2m tr\u1ecdng t\u00e0i qu\u1ed1c t\u1ebf Vi\u1ec7t Nam (\u201cVIAC\u201d) b\u00ean c\u1ea1nh Ph\u00f2ng Th\u01b0\u01a1ng m\u1ea1i v\u00e0 C\u00f4ng nghi\u1ec7p Vi\u1ec7t Nam (\u201cVCCI\u201d) gi\u1ea3i quy\u1ebft theo th\u1ee7 t\u1ee5c t\u1ed1 t\u1ee5ng c\u1ee7a c\u01a1 quan tr\u1ecdng t\u00e0i n\u00e0y. N\u01a1i gi\u1ea3i quy\u1ebft tranh ch\u1ea5p s\u1ebd t\u1ea1i Th\u00e0nh ph\u1ed1 H\u1ed3 Ch\u00ed Minh. Ng\u00f4n ng\u1eef gi\u1ea3i quy\u1ebft tranh ch\u1ea5p s\u1ebd b\u1eb1ng Ti\u1ebfng Vi\u1ec7t.<\/span><\/li>\n<\/ul>","protected":false},"excerpt":{"rendered":"\ud83d\udd25 Th\u1eddi ti\u1ebft d\u1ea1o n\u00e0y sao m\u00e0 kh\u1eafc nghi\u1ec7t. N\u1eafng n\u00f3ng tr\u1ea3 l\u1ea1i t\u00e2m tr\u00ed t\u00f4i \u0111\u00e2y!!!\ud83d\ude1e \u2728 \u0110\u1eb7t ngay GrabCar gi\u1ea3i c\u1ee9u m\u00f9a n\u1eafng n\u00f3ng. \u0110i \u0111\u00e2u c\u0169ng m\u00e1t m\u1ebb, tho\u1ea3i m\u00e1i m\u00e0 c\u00f2n c\u00f3 c\u01a1 h\u1ed9i tr\u00fang 01 B\u00ecnh gi\u1eef nhi\u1ec7t Lock &amp; Lock Holiday Sunset 450ml tr\u1ecb gi\u00e1 500.000\u0111 c\u00f9ng v\u00f4 s\u1ed1 [&hellip;]","protected":false},"author":1427,"featured_media":0,"parent":0,"menu_order":0,"comment_status":"closed","ping_status":"closed","template":"","meta":{"_acf_changed":false,"footnotes":""},"acf":[],"_links":{"self":[{"href":"https:\/\/www.grab.com\/vn\/en\/wp-json\/wp\/v2\/pages\/144007"}],"collection":[{"href":"https:\/\/www.grab.com\/vn\/en\/wp-json\/wp\/v2\/pages"}],"about":[{"href":"https:\/\/www.grab.com\/vn\/en\/wp-json\/wp\/v2\/types\/page"}],"author":[{"embeddable":true,"href":"https:\/\/www.grab.com\/vn\/en\/wp-json\/wp\/v2\/users\/1427"}],"replies":[{"embeddable":true,"href":"https:\/\/www.grab.com\/vn\/en\/wp-json\/wp\/v2\/comments?post=144007"}],"version-history":[{"count":5,"href":"https:\/\/www.grab.com\/vn\/en\/wp-json\/wp\/v2\/pages\/144007\/revisions"}],"predecessor-version":[{"id":144509,"href":"https:\/\/www.grab.com\/vn\/en\/wp-json\/wp\/v2\/pages\/144007\/revisions\/144509"}],"wp:attachment":[{"href":"https:\/\/www.grab.com\/vn\/en\/wp-json\/wp\/v2\/media?parent=144007"}],"curies":[{"name":"wp","href":"https:\/\/api.w.org\/{rel}","templated":true}]}}