{"id":142310,"date":"2024-07-05T09:00:33","date_gmt":"2024-07-05T01:00:33","guid":{"rendered":"https:\/\/www.grab.com\/vn\/?page_id=142310"},"modified":"2025-08-22T00:18:30","modified_gmt":"2025-08-21T16:18:30","slug":"grabcarnoibai","status":"publish","type":"page","link":"https:\/\/www.grab.com\/vn\/en\/grabcarnoibai\/","title":{"rendered":"Grab tri\u1ec3n khai th\u1eed nghi\u1ec7m d\u1ecbch v\u1ee5 GrabCar H\u00e0 N\u1ed9i &#8211; S\u00e2n bay v\u00e0 chi\u1ec1u ng\u01b0\u1ee3c l\u1ea1i"},"content":{"rendered":"<div data-elementor-type=\"wp-page\" data-elementor-id=\"142310\" class=\"elementor elementor-142310\" data-elementor-post-type=\"page\">\n\t\t\t\t\t\t<section class=\"elementor-section elementor-top-section elementor-element elementor-element-6018253d elementor-section-boxed elementor-section-height-default elementor-section-height-default\" data-id=\"6018253d\" data-element_type=\"section\">\n\t\t\t\t\t\t<div class=\"elementor-container elementor-column-gap-default\">\n\t\t\t\t\t<div class=\"elementor-column elementor-col-100 elementor-top-column elementor-element elementor-element-1a13b644\" data-id=\"1a13b644\" data-element_type=\"column\">\n\t\t\t<div class=\"elementor-widget-wrap elementor-element-populated\">\n\t\t\t\t\t\t<div class=\"elementor-element elementor-element-764b244e elementor-widget elementor-widget-text-editor\" data-id=\"764b244e\" data-element_type=\"widget\" data-widget_type=\"text-editor.default\">\n\t\t\t\t<div class=\"elementor-widget-container\">\n\t\t\t\t\t\t\t<p style=\"line-height: 1.38; margin-top: 0pt; margin-bottom: 0pt;\"><span style=\"font-size: 11pt; font-family: 'Proxima Nova',sans-serif; color: #00B14F; background-color: transparent; font-weight: bold; font-style: normal; font-variant: normal; text-decoration: none; vertical-align: baseline;\">B\u1ea1n th\u00e2n m\u1ebfn,<\/span> <br><br>\n<p style=\"line-height: 1.38; margin-top: 0pt; margin-bottom: 0pt;\"><span style=\"background-color: transparent; font-size: 11pt; font-family: 'Proxima Nova', sans-serif; color: #000000; vertical-align: baseline;\">V\u1edbi m\u1ee5c \u0111\u00edch gi\u00fap ng\u01b0\u1eddi d\u00f9ng di chuy\u1ec3n an to\u00e0n, ti\u1ec7n l\u1ee3i t\u1eeb trung t\u00e2m th\u00e0nh ph\u1ed1 H\u00e0 N\u1ed9i \u0111i s\u00e2n bay Qu\u1ed1c t\u1ebf N\u1ed9i B\u00e0i ho\u1eb7c ng\u01b0\u1ee3c l\u1ea1i, t\u1eeb ng\u00e0y <span style=\"font-size: 11pt; font-family: 'Proxima Nova',sans-serif; color: #00B14F; background-color: transparent; font-weight: bold; font-style: normal; font-variant: normal; text-decoration: none; vertical-align: baseline;\">25\/08\/2025<\/span>, Grab c\u1eadp nh\u1eadt gi\u00e1 c\u01b0\u1edbc d\u1ecbch v\u1ee5 <span style=\"font-size: 11pt; font-family: 'Proxima Nova',sans-serif; color: #00B14F; background-color: transparent; font-weight: bold; font-style: normal; font-variant: normal; text-decoration: none; vertical-align: baseline;\">GrabCar H\u00e0 N\u1ed9i \u2013 S\u00e2n bay<\/span> v\u00e0 <span style=\"font-size: 11pt; font-family: 'Proxima Nova',sans-serif; color: #00B14F; background-color: transparent; font-weight: bold; font-style: normal; font-variant: normal; text-decoration: none; vertical-align: baseline;\">GrabCar S\u00e2n Bay &#8211; H\u00e0 N\u1ed9i<\/span> v\u1edbi th\u00f4ng tin d\u1ecbch v\u1ee5 v\u00e0 gi\u00e1 c\u01b0\u1edbc h\u1ea5p d\u1eabn, c\u1ee5 th\u1ec3 nh\u01b0 sau: <br><br>\n\n<div align=\"left\">\n    <table style=\"border: none; border-collapse: collapse; width: 100%;\">\n        <tbody>\n            <tr>\n                <td rowspan=\"2\" style=\"color:#00b14f;background-color:#00b14f;border: solid #000000 1pt;\"><br>\n                    <p style=\"text-align: center;\"><strong><span style=\"color:#ffff00;font-size:11pt;font-family:'Proxima Nova',sans-serif;\">Th&agrave;nh ph\u1ed1\/T\u1ec9nh<\/span><\/strong><\/p>\n                <\/td>\n                <td rowspan=\"2\" style=\"color:#00b14f;background-color:#00b14f;border: solid #000000 1pt;\"><br>\n                    <p style=\"text-align: center;\"><strong><span style=\"color:#ffff00;font-size:11pt;font-family:'Proxima Nova',sans-serif;\">For cheaper fare, using<\/span><\/strong><\/p>\n                <\/td>\n                <td colspan=\"2\" style=\"color:#00b14f;background-color:#00b14f;border: solid #000000 1pt;\">\n                    <p style=\"text-align: center;\"><strong><span style=\"color:#ffff00;font-size:11pt;font-family:'Proxima Nova',sans-serif;\">Gi&aacute; c\u01b0\u1edbc<\/span><\/strong><\/p>\n                <\/td>\n            <\/tr>\n            <tr>\n                <td style=\"color:#00b14f;background-color:#00b14f;border: solid #000000 1pt;\">\n                    <p style=\"text-align: center;\"><strong><span style=\"color:#ffff00;font-size:11pt;font-family:'Proxima Nova',sans-serif;\">Gi&aacute; c\u01b0\u1edbc 20km \u0111\u1ea7u ti&ecirc;n<\/span><\/strong><\/p>\n                <\/td>\n                <td style=\"color:#00b14f;background-color:#00b14f;border: solid #000000 1pt;\">\n                    <p style=\"text-align: center;\"><strong><span style=\"color:#ffff00;font-size:11pt;font-family:'Proxima Nova',sans-serif;\">Gi&aacute; c\u01b0\u1edbc m\u1ed7i km ti\u1ebfp theo<\/span><\/strong><\/p>\n                <\/td>\n            <\/tr>\n            <tr>\n                <td rowspan=\"2\" style=\"border: solid #000000 1pt;\"><br><br><br>\n                    <p><span style=\"font-size:11pt;font-family:'Proxima Nova',sans-serif;\">H&agrave; N\u1ed9i<\/span><\/p>\n                <\/td>\n                <td style=\"border: solid #000000 1pt;\">\n                    <p><span style=\"font-size:11pt;font-family:'Proxima Nova',sans-serif;\">GrabCar H&agrave; N\u1ed9i &#8211; S&acirc;n Bay, v&agrave;<\/span><\/p>\n                    <p><span style=\"font-size:11pt;font-family:'Proxima Nova',sans-serif;\">GrabCar S&acirc;n Bay &#8211; H&agrave; N\u1ed9i<\/span><\/p>\n                <\/td>\n                <td style=\"border: solid #000000 1pt;\">\n                    <p style=\"text-align: center;\"><span style=\"font-size:11pt;font-family:'Proxima Nova',sans-serif;\">186.545\u0111<\/span><\/p>\n                <\/td>\n                <td style=\"border: solid #000000 1pt;\">\n                    <p style=\"text-align: center;\"><span style=\"font-size:11pt;font-family:'Proxima Nova',sans-serif;\">9.327\u0111<\/span><\/p>\n                <\/td>\n            <\/tr>\n            <tr>\n                <td style=\"border: solid #000000 1pt;\">\n                    <p><span style=\"font-size:11pt;font-family:'Proxima Nova',sans-serif;\">Grab Car 7 H&agrave; N\u1ed9i &#8211; S&acirc;n Bay, v&agrave;<\/span><\/p>\n                    <p><span style=\"font-size:11pt;font-family:'Proxima Nova',sans-serif;\">GrabCar 7 S&acirc;n Bay &#8211; H&agrave; N\u1ed9i<\/span><\/p>\n                <\/td>\n                <td style=\"border: solid #000000 1pt;\">\n                    <p style=\"text-align: center;\"><span style=\"font-size:11pt;font-family:'Proxima Nova',sans-serif;\">225.818\u0111<\/span><\/p>\n                <\/td>\n                <td style=\"border: solid #000000 1pt;\">\n                    <p style=\"text-align: center;\"><span style=\"font-size:11pt;font-family:'Proxima Nova',sans-serif;\">11.743\u0111<\/span><\/p>\n                <\/td>\n            <\/tr>\n        <\/tbody>\n    <\/table>\n<\/div>\n\n<p style=\"line-height: 1.38; margin-top: 0pt; margin-bottom: 0pt;\"><span style=\"background-color: transparent; font-size: 11pt; font-family: 'Proxima Nova', sans-serif; color: #000000; vertical-align: baseline;\">Ch\u00ednh s\u00e1ch gi\u00e1 c\u01b0\u1edbc tr\u00ean \u0111ang \u00e1p d\u1ee5ng m\u1ee9c thu\u1ebf su\u1ea5t thu\u1ebf GTGT do ng\u01b0\u1eddi d\u00f9ng chi tr\u1ea3 l\u00e0 8% theo Ngh\u1ecb Quy\u1ebft s\u1ed1 204\/2025\/QH15. Tham kh\u1ea3o chi ti\u1ebft <a href=\"https:\/\/www.grab.com\/vn\/en\/blog\/bang-thong-tin-cac-dich-vu-tren-ung-dung-grab\/\">here<\/a>.<br>\n\n<span style=\"font-size: 11pt; font-family: 'Proxima Nova',sans-serif; color: #00B14F; background-color: transparent; font-weight: bold; font-style: normal; font-variant: normal; text-decoration: none; vertical-align: baseline;\">Details:<\/span><br>\n&#8211; Gi\u00e1 c\u01b0\u1edbc n\u00eau tr\u00ean ch\u01b0a bao g\u1ed3m c\u00e1c ph\u00ed v\u00e0 ph\u1ee5 ph\u00ed ph\u00e1t sinh trong h\u00e0nh tr\u00ecnh di chuy\u1ec3n (n\u1ebfu c\u00f3). <br>\n&#8211; Trong tr\u01b0\u1eddng h\u1ee3p h\u00e0nh kh\u00e1ch quy\u1ebft \u0111\u1ecbnh xu\u1ed1ng xe tr\u01b0\u1edbc khi \u0111\u1ebfn \u0111i\u1ec3m \u0111\u1ebfn \u0111\u00e3 \u0111\u1eb7t tr\u00ean \u1ee9ng d\u1ee5ng, <span style=\"font-size: 11pt; font-family: 'Proxima Nova',sans-serif; color: #00B14F; background-color: transparent; font-weight: bold; font-style: normal; font-variant: normal; text-decoration: none; vertical-align: baseline;\">100% c\u01b0\u1edbc ph\u00ed chuy\u1ebfn xe<\/span> s\u1ebd \u0111\u01b0\u1ee3c \u00e1p d\u1ee5ng. <br><br>\nC\u01b0\u1edbc ph\u00ed chuy\u1ebfn xe h\u1ea5p d\u1eabn v\u00e0 ti\u1ebft ki\u1ec7m gi\u00fap b\u1ea1n di chuy\u1ec3n tho\u1ea3i m\u00e1i v\u00e0 an to\u00e0n. \u0110\u1eb7t ngay khi c\u1ea7n nh\u00e9!<br><br>\nC\u00e1m \u01a1n b\u1ea1n \u0111\u00e3 l\u1ef1a ch\u1ecdn <span style=\"font-size: 11pt; font-family: 'Proxima Nova',sans-serif; color: #00B14F; background-color: transparent; font-weight: bold; font-style: normal; font-variant: normal; text-decoration: none; vertical-align: baseline;\">Grab.<br>\n\n<span style=\"font-size: 11pt; font-family: 'Proxima Nova',sans-serif; color: #00B14F; background-color: transparent; font-weight: bold; font-style: normal; font-variant: normal; text-decoration: none; vertical-align: baseline;\">Tr\u00e2n tr\u1ecdng,<br>\n\u0110\u1ed9i ng\u0169 Grab\n\n\n\t\t\t\t\t\t<\/div>\n\t\t\t\t<\/div>\n\t\t\t\t\t<\/div>\n\t\t<\/div>\n\t\t\t\t\t<\/div>\n\t\t<\/section>\n\t\t\t\t<\/div>","protected":false},"excerpt":{"rendered":"B\u1ea1n th\u00e2n m\u1ebfn, V\u1edbi m\u1ee5c \u0111\u00edch gi\u00fap ng\u01b0\u1eddi d\u00f9ng di chuy\u1ec3n an to\u00e0n, ti\u1ec7n l\u1ee3i t\u1eeb trung t\u00e2m th\u00e0nh ph\u1ed1 H\u00e0 N\u1ed9i \u0111i s\u00e2n bay Qu\u1ed1c t\u1ebf N\u1ed9i B\u00e0i ho\u1eb7c ng\u01b0\u1ee3c l\u1ea1i, t\u1eeb ng\u00e0y 25\/08\/2025, Grab c\u1eadp nh\u1eadt gi\u00e1 c\u01b0\u1edbc d\u1ecbch v\u1ee5 GrabCar H\u00e0 N\u1ed9i \u2013 S\u00e2n bay v\u00e0 GrabCar S\u00e2n Bay &#8211; H\u00e0 N\u1ed9i [&hellip;]","protected":false},"author":1427,"featured_media":0,"parent":0,"menu_order":0,"comment_status":"closed","ping_status":"closed","template":"","meta":{"_acf_changed":false,"footnotes":""},"acf":[],"_links":{"self":[{"href":"https:\/\/www.grab.com\/vn\/en\/wp-json\/wp\/v2\/pages\/142310"}],"collection":[{"href":"https:\/\/www.grab.com\/vn\/en\/wp-json\/wp\/v2\/pages"}],"about":[{"href":"https:\/\/www.grab.com\/vn\/en\/wp-json\/wp\/v2\/types\/page"}],"author":[{"embeddable":true,"href":"https:\/\/www.grab.com\/vn\/en\/wp-json\/wp\/v2\/users\/1427"}],"replies":[{"embeddable":true,"href":"https:\/\/www.grab.com\/vn\/en\/wp-json\/wp\/v2\/comments?post=142310"}],"version-history":[{"count":14,"href":"https:\/\/www.grab.com\/vn\/en\/wp-json\/wp\/v2\/pages\/142310\/revisions"}],"predecessor-version":[{"id":189979,"href":"https:\/\/www.grab.com\/vn\/en\/wp-json\/wp\/v2\/pages\/142310\/revisions\/189979"}],"wp:attachment":[{"href":"https:\/\/www.grab.com\/vn\/en\/wp-json\/wp\/v2\/media?parent=142310"}],"curies":[{"name":"wp","href":"https:\/\/api.w.org\/{rel}","templated":true}]}}