{"id":142099,"date":"2023-02-27T15:27:48","date_gmt":"2023-02-27T07:27:48","guid":{"rendered":"https:\/\/www.grab.com\/vn\/?page_id=142099"},"modified":"2023-03-01T12:12:33","modified_gmt":"2023-03-01T04:12:33","slug":"uudaisauchuyenxethang3","status":"publish","type":"page","link":"https:\/\/www.grab.com\/vn\/en\/uudaisauchuyenxethang3\/","title":{"rendered":"\ud83d\ude99\ud83d\udef5 \u0110i Grab nh\u1eadn \u01b0u \u0111\u00e3i t\u1eb7ng qu\u00e0 Ch\u1ecb Em!"},"content":{"rendered":"<p><span style=\"font-weight: 400\"><img loading=\"lazy\" decoding=\"async\" class=\"alignnone wp-image-142100\" src=\"https:\/\/assets.grab.com\/wp-content\/uploads\/sites\/11\/2023\/02\/27152718\/1200x600_TPT_83_1-2.jpg\" alt=\"\" width=\"1342\" height=\"671\" srcset=\"https:\/\/assets.grab.com\/wp-content\/uploads\/sites\/11\/2023\/02\/27152718\/1200x600_TPT_83_1-2.jpg 1200w, https:\/\/assets.grab.com\/wp-content\/uploads\/sites\/11\/2023\/02\/27152718\/1200x600_TPT_83_1-2-250x125.jpg 250w, https:\/\/assets.grab.com\/wp-content\/uploads\/sites\/11\/2023\/02\/27152718\/1200x600_TPT_83_1-2-700x350.jpg 700w, https:\/\/assets.grab.com\/wp-content\/uploads\/sites\/11\/2023\/02\/27152718\/1200x600_TPT_83_1-2-768x384.jpg 768w, https:\/\/assets.grab.com\/wp-content\/uploads\/sites\/11\/2023\/02\/27152718\/1200x600_TPT_83_1-2-120x60.jpg 120w\" sizes=\"(max-width: 1342px) 100vw, 1342px\" \/><\/span><\/p>\n<p>\ud83d\ude99\ud83d\udef5 \u0110i Grab nh\u1eadn \u01b0u \u0111\u00e3i t\u1eb7ng qu\u00e0 Ch\u1ecb Em!<\/p>\n<p>Ch\u00e0o th\u00e1ng d\u00e0nh ri\u00eang cho &#8220;Ph\u00e1i \u0111\u1eb9p&#8221; c\u1ee7a ch\u00fang ta! Ch\u00fac &#8220;Ph\u00e1i \u0111\u1eb9p&#8221; m\u00e3i lu\u00f4n r\u1ea1ng ng\u1eddi v\u00e0 h\u1ea1nh ph\u00fac!<\/p>\n<p>\ud83e\udd73 Th\u00e1ng 3 n\u00e0y, ch\u1ec9 c\u1ea7n ho\u00e0n th\u00e0nh chuy\u1ebfn xe GrabBike hay GrabCar, b\u1ea1n c\u00f3 c\u01a1 h\u1ed9i nh\u1eadn \u01b0u \u0111\u00e3i t\u1eeb c\u00e1c d\u1ecbch v\u1ee5 Grab. Nh\u1eefng \u01b0u \u0111\u00e3i h\u1ea5p d\u1eabn sau chuy\u1ebfn xe s\u1ebd l\u00e0 m\u1ed9t g\u1ee3i \u00fd hay ho, m\u1ed9t m\u00f3n qu\u00e0 b\u1ea5t ng\u1edd m\u00e0 b\u1ea1n c\u00f3 th\u1ec3 t\u1eb7ng cho Ch\u1ecb Em m\u00e0 m\u00ecnh th\u01b0\u01a1ng \u0111\u1ea5y!<br \/>\n\u01afu \u0111\u00e3i sau chuy\u1ebfn xe:<br \/>\n\u2705 GrabMart: Mi\u1ec5n ph\u00ed giao h\u00e0ng 30.000\u0111* khi mua s\u1eafm qu\u00e0 ng\u1ecdt ng\u00e0o nh\u01b0 hoa t\u01b0\u01a1i, chocolate,&#8230; t\u1eb7ng Ch\u1ecb Em.<br \/>\n*\u00c1p d\u1ee5ng v\u1edbi \u0111\u01a1n h\u00e0ng GrabMart c\u00f3 gi\u00e1 tr\u1ecb t\u1eeb 349.000\u0111.<br \/>\n\u2705 GrabFood: Gi\u1ea3m t\u1edbi 83.000\u0111 v\u1edbi \u0111\u01a1n h\u00e0ng t\u1eeb 200.000\u0111 tha h\u1ed3 khao Ch\u1ecb Em tr\u00e0 s\u1eefa, pizza,&#8230; ghi \u0111i\u1ec3m nha!<br \/>\n\u2705 GrabExpress: \u01afu \u0111\u00e3i giao h\u00e0ng gi\u1ea3m 50%, gi\u1ea3m t\u1ed1i \u0111a 40.000\u0111 khi ship qu\u00e0 b\u1ea5t ng\u1edd t\u1eb7ng Ch\u1ecb Em.<br \/>\n*\u01afu \u0111\u00e3i \u00e1p d\u1ee5ng v\u1edbi ng\u01b0\u1eddi d\u00f9ng l\u1ea7n \u0111\u1ea7u s\u1eed d\u1ee5ng d\u1ecbch v\u1ee5 giao h\u00e0ng GrabExpress.<\/p>\n<p>\ud83d\udc49 \u0110\u1eb7t Grab \u0111\u00f3n \u0111\u01b0a v\u00e0 t\u1eadn h\u01b0\u1edfng kh\u00f4ng kh\u00ed ng\u1ecdt ng\u00e0o li\u1ec1n nha!<\/p>\n<p>&#8212;&#8211;<\/p>\n<p>CHI TI\u1ebeT CH\u01af\u01a0NG TR\u00ccNH<\/p>\n<p>\ud83d\udc9a \u01afu \u0111\u00e3i t\u1eeb GrabFood<br \/>\nB\u1ea1n c\u00f3 th\u1ec3 nh\u1eadn \u0111\u01b0\u1ee3c m\u1ed9t trong s\u1ed1 nh\u1eefng \u01b0u \u0111\u00e3i d\u01b0\u1edbi \u0111\u00e2y. Vui l\u00f2ng v\u00e0o m\u1ee5c &#8220;\u01afu \u0111\u00e3i c\u1ee7a t\u00f4i\/ My rewards&#8221; \u0111\u1ec3 ki\u1ec3m tra th\u00f4ng tin \u01b0u \u0111\u00e3i nh\u1eadn \u0111\u01b0\u1ee3c.<br \/>\n\ud83d\udd38 \u01afu \u0111\u00e3i 15,000\u0111 kh\u00f4ng \u0111i\u1ec1u ki\u1ec7n<br \/>\n&#8211; \u00c1p d\u1ee5ng cho ng\u01b0\u1eddi d\u00f9ng s\u1eed d\u1ee5ng d\u1ecbch v\u1ee5 l\u1ea7n \u0111\u1ea7u v\u00e0 c\u00e1c nh\u00e0 h\u00e0ng hi\u1ec3n th\u1ecb \u01b0u \u0111\u00e3i tr\u00ean GrabFood<br \/>\n&#8211; Ch\u1ec9 \u00e1p d\u1ee5ng tr\u00ean gi\u00e1 tr\u1ecb \u0111\u01a1n h\u00e0ng, kh\u00f4ng \u00e1p d\u1ee5ng tr\u00ean ph\u00ed \u0111\u01a1n h\u00e0ng<br \/>\n&#8211; Th\u1eddi h\u1ea1n khuy\u1ebfn m\u00e3i t\u1eeb ng\u00e0y 27\/2\/2023 &#8211; 26\/3\/2023 v\u00e0 c\u00f3 th\u1ec3 k\u1ebft th\u00fac s\u1edbm h\u01a1n d\u1ef1 ki\u1ebfn.<\/p>\n<p>\ud83d\udd38 \u01afu \u0111\u00e3i 12,000\u0111 ph\u00ed giao h\u00e0ng cho \u0111\u01a1n h\u00e0ng t\u1eeb 60,000\u0111<br \/>\n&#8211; \u00c1p d\u1ee5ng cho ng\u01b0\u1eddi d\u00f9ng v\u00e0 c\u00e1c nh\u00e0 h\u00e0ng hi\u1ec3n th\u1ecb \u01b0u \u0111\u00e3i tr\u00ean GrabFood.<br \/>\n&#8211; Ch\u1ec9 \u00e1p d\u1ee5ng tr\u00ean gi\u00e1 tr\u1ecb \u0111\u01a1n h\u00e0ng, kh\u00f4ng \u00e1p d\u1ee5ng tr\u00ean ph\u00ed \u0111\u01a1n h\u00e0ng.<br \/>\n&#8211; Th\u1eddi h\u1ea1n khuy\u1ebfn m\u00e3i t\u1eeb ng\u00e0y 27\/2\/2023 &#8211; 26\/3\/2023 v\u00e0 c\u00f3 th\u1ec3 k\u1ebft th\u00fac s\u1edbm h\u01a1n d\u1ef1 ki\u1ebfn.<\/p>\n<p>\ud83d\udc9a \u01afu \u0111\u00e3i t\u1eeb GrabMart<br \/>\nB\u1ea1n c\u00f3 th\u1ec3 nh\u1eadn \u0111\u01b0\u1ee3c m\u1ed9t trong s\u1ed1 nh\u1eefng \u01b0u \u0111\u00e3i d\u01b0\u1edbi \u0111\u00e2y. Vui l\u00f2ng v\u00e0o m\u1ee5c &#8220;\u01afu \u0111\u00e3i c\u1ee7a t\u00f4i\/ My rewards&#8221; \u0111\u1ec3 ki\u1ec3m tra th\u00f4ng tin \u01b0u \u0111\u00e3i nh\u1eadn \u0111\u01b0\u1ee3c.<br \/>\n\ud83d\udd38 \u01afu \u0111\u00e3i 30,000\u0111 ph\u00ed giao h\u00e0ng cho \u0111\u01a1n h\u00e0ng t\u1eeb 349.000\u0111<br \/>\n&#8211; \u00c1p d\u1ee5ng cho c\u00e1c c\u1eeda h\u00e0ng hi\u1ec3n th\u1ecb \u01b0u \u0111\u00e3i tr\u00ean GrabMart<br \/>\n&#8211; Ch\u1ec9 \u00e1p d\u1ee5ng tr\u00ean gi\u00e1 tr\u1ecb \u0111\u01a1n h\u00e0ng, kh\u00f4ng \u00e1p d\u1ee5ng tr\u00ean ph\u00ed \u0111\u01a1n h\u00e0ng<br \/>\n&#8211; Th\u1eddi h\u1ea1n khuy\u1ebfn m\u00e3i t\u1eeb ng\u00e0y 27\/2\/2023 &#8211; 30\/4\/2023 v\u00e0 c\u00f3 th\u1ec3 k\u1ebft th\u00fac s\u1edbm h\u01a1n d\u1ef1 ki\u1ebfn<br \/>\n\ud83d\udd38 \u01afu \u0111\u00e3i 30,000\u0111 ph\u00ed giao h\u00e0ng cho \u0111\u01a1n h\u00e0ng t\u1eeb 250.000\u0111<br \/>\n&#8211; \u00c1p d\u1ee5ng cho ng\u01b0\u1eddi d\u00f9ng s\u1eed d\u1ee5ng d\u1ecbch v\u1ee5 l\u1ea7n \u0111\u1ea7u v\u00e0 c\u00e1c c\u1eeda h\u00e0ng hi\u1ec3n th\u1ecb \u01b0u \u0111\u00e3i tr\u00ean GrabMart<br \/>\n&#8211; Ch\u1ec9 \u00e1p d\u1ee5ng tr\u00ean gi\u00e1 tr\u1ecb \u0111\u01a1n h\u00e0ng, kh\u00f4ng \u00e1p d\u1ee5ng tr\u00ean ph\u00ed \u0111\u01a1n h\u00e0ng<br \/>\n&#8211; Th\u1eddi h\u1ea1n khuy\u1ebfn m\u00e3i t\u1eeb ng\u00e0y 27\/2\/2023 &#8211; 30\/4\/2023 v\u00e0 c\u00f3 th\u1ec3 k\u1ebft th\u00fac s\u1edbm h\u01a1n d\u1ef1 ki\u1ebfn<br \/>\n\ud83d\udd38 \u01afu \u0111\u00e3i 30,000\u0111 ph\u00ed giao h\u00e0ng cho \u0111\u01a1n h\u00e0ng t\u1eeb 299.000\u0111<br \/>\n&#8211; \u00c1p d\u1ee5ng cho ng\u01b0\u1eddi d\u00f9ng v\u00e0 c\u00e1c c\u1eeda h\u00e0ng hi\u1ec3n th\u1ecb \u01b0u \u0111\u00e3i tr\u00ean GrabMart.<br \/>\n&#8211; Ch\u1ec9 \u00e1p d\u1ee5ng tr\u00ean gi\u00e1 tr\u1ecb \u0111\u01a1n h\u00e0ng, kh\u00f4ng \u00e1p d\u1ee5ng tr\u00ean ph\u00ed \u0111\u01a1n h\u00e0ng.<br \/>\n&#8211; Th\u1eddi h\u1ea1n khuy\u1ebfn m\u00e3i t\u1eeb ng\u00e0y 27\/2\/2023 &#8211; 30\/4\/2023 v\u00e0 c\u00f3 th\u1ec3 k\u1ebft th\u00fac s\u1edbm h\u01a1n d\u1ef1 ki\u1ebfn.<\/p>\n<p>\ud83d\udc9a \u01afu \u0111\u00e3i t\u1eeb GrabExpress<br \/>\nB\u1ea1n c\u00f3 th\u1ec3 nh\u1eadn \u0111\u01b0\u1ee3c m\u1ed9t trong s\u1ed1 nh\u1eefng \u01b0u \u0111\u00e3i d\u01b0\u1edbi \u0111\u00e2y. Vui l\u00f2ng v\u00e0o m\u1ee5c &#8220;\u01afu \u0111\u00e3i c\u1ee7a t\u00f4i\/ My rewards&#8221; \u0111\u1ec3 ki\u1ec3m tra th\u00f4ng tin \u01b0u \u0111\u00e3i nh\u1eadn \u0111\u01b0\u1ee3c.<br \/>\n\ud83d\udd38 \u01afu \u0111\u00e3i 50% t\u1ed1i \u0111a 40.000\u0111<br \/>\n&#8211; \u01afu \u0111\u00e3i d\u00e0nh cho ng\u01b0\u1eddi d\u00f9ng l\u1ea7n \u0111\u1ea7u s\u1eed d\u1ee5ng d\u1ecbch v\u1ee5 GrabExpress.<br \/>\n&#8211; \u00c1p d\u1ee5ng t\u1ea1i th\u00e0nh ph\u1ed1 H\u1ed3 Ch\u00ed Minh, H\u00e0 N\u1ed9i, Long An, \u0110\u1ed3ng Nai, B\u00ecnh D\u01b0\u01a1ng, V\u0129nh Ph\u00fac, B\u1eafc Ninh.<br \/>\n&#8211; \u00c1p d\u1ee5ng cho m\u1ecdi h\u00ecnh th\u1ee9c thanh to\u00e1n.<br \/>\n&#8211; \u01afu \u0111\u00e3i kh\u00f4ng bao g\u1ed3m ph\u1ee5 ph\u00ed, ng\u01b0\u1eddi d\u00f9ng vui l\u00f2ng thanh to\u00e1n ph\u1ee5 ph\u00ed (n\u1ebfu c\u00f3) v\u1edbi \u0110\u1ed1i t\u00e1c t\u00e0i x\u1ebf.<br \/>\n&#8211; M\u1ed7i ng\u01b0\u1eddi d\u00f9ng \u0111\u01b0\u1ee3c s\u1eed d\u1ee5ng t\u1ed1i \u0111a 01 l\u1ea7n\/ th\u00e1ng trong su\u1ed1t th\u1eddi gian di\u1ec5n ra ch\u01b0\u01a1ng tr\u00ecnh.<br \/>\n&#8211; Ch\u1ec9 \u00e1p d\u1ee5ng cho ng\u01b0\u1eddi d\u00f9ng nh\u1eadn \u0111\u01b0\u1ee3c th\u00f4ng b\u00e1o.<br \/>\n&#8211; Ch\u1ec9 \u00e1p d\u1ee5ng v\u1edbi phi\u00ean b\u1ea3n app m\u1edbi nh\u1ea5t.<\/p>","protected":false},"excerpt":{"rendered":"\ud83d\ude99\ud83d\udef5 \u0110i Grab nh\u1eadn \u01b0u \u0111\u00e3i t\u1eb7ng qu\u00e0 Ch\u1ecb Em! Ch\u00e0o th\u00e1ng d\u00e0nh ri\u00eang cho &#8220;Ph\u00e1i \u0111\u1eb9p&#8221; c\u1ee7a ch\u00fang ta! Ch\u00fac &#8220;Ph\u00e1i \u0111\u1eb9p&#8221; m\u00e3i lu\u00f4n r\u1ea1ng ng\u1eddi v\u00e0 h\u1ea1nh ph\u00fac! \ud83e\udd73 Th\u00e1ng 3 n\u00e0y, ch\u1ec9 c\u1ea7n ho\u00e0n th\u00e0nh chuy\u1ebfn xe GrabBike hay GrabCar, b\u1ea1n c\u00f3 c\u01a1 h\u1ed9i nh\u1eadn \u01b0u \u0111\u00e3i t\u1eeb c\u00e1c d\u1ecbch v\u1ee5 Grab. [&hellip;]","protected":false},"author":1427,"featured_media":0,"parent":0,"menu_order":0,"comment_status":"closed","ping_status":"closed","template":"","meta":{"_acf_changed":false,"footnotes":""},"acf":[],"_links":{"self":[{"href":"https:\/\/www.grab.com\/vn\/en\/wp-json\/wp\/v2\/pages\/142099"}],"collection":[{"href":"https:\/\/www.grab.com\/vn\/en\/wp-json\/wp\/v2\/pages"}],"about":[{"href":"https:\/\/www.grab.com\/vn\/en\/wp-json\/wp\/v2\/types\/page"}],"author":[{"embeddable":true,"href":"https:\/\/www.grab.com\/vn\/en\/wp-json\/wp\/v2\/users\/1427"}],"replies":[{"embeddable":true,"href":"https:\/\/www.grab.com\/vn\/en\/wp-json\/wp\/v2\/comments?post=142099"}],"version-history":[{"count":5,"href":"https:\/\/www.grab.com\/vn\/en\/wp-json\/wp\/v2\/pages\/142099\/revisions"}],"predecessor-version":[{"id":142264,"href":"https:\/\/www.grab.com\/vn\/en\/wp-json\/wp\/v2\/pages\/142099\/revisions\/142264"}],"wp:attachment":[{"href":"https:\/\/www.grab.com\/vn\/en\/wp-json\/wp\/v2\/media?parent=142099"}],"curies":[{"name":"wp","href":"https:\/\/api.w.org\/{rel}","templated":true}]}}