{"id":139586,"date":"2023-01-03T16:37:13","date_gmt":"2023-01-03T08:37:13","guid":{"rendered":"https:\/\/www.grab.com\/vn\/?page_id=139586"},"modified":"2023-01-03T16:43:16","modified_gmt":"2023-01-03T08:43:16","slug":"ve-que-don-tet-dat-grab-don-dua","status":"publish","type":"page","link":"https:\/\/www.grab.com\/vn\/en\/ve-que-don-tet-dat-grab-don-dua\/","title":{"rendered":"V\u1ec1 qu\u00ea \u0111\u00f3n T\u1ebft, \u0111\u1eb7t Grab \u0111\u00f3n \u0111\u01b0a"},"content":{"rendered":"<p><img loading=\"lazy\" decoding=\"async\" width=\"1200\" height=\"600\" class=\"alignnone size-full wp-image-139589\" src=\"https:\/\/assets.grab.com\/wp-content\/uploads\/sites\/11\/2023\/01\/03163653\/1200x600_TPT_Tet-1.jpg\" alt=\"\" srcset=\"https:\/\/assets.grab.com\/wp-content\/uploads\/sites\/11\/2023\/01\/03163653\/1200x600_TPT_Tet-1.jpg 1200w, https:\/\/assets.grab.com\/wp-content\/uploads\/sites\/11\/2023\/01\/03163653\/1200x600_TPT_Tet-1-250x125.jpg 250w, https:\/\/assets.grab.com\/wp-content\/uploads\/sites\/11\/2023\/01\/03163653\/1200x600_TPT_Tet-1-700x350.jpg 700w, https:\/\/assets.grab.com\/wp-content\/uploads\/sites\/11\/2023\/01\/03163653\/1200x600_TPT_Tet-1-768x384.jpg 768w, https:\/\/assets.grab.com\/wp-content\/uploads\/sites\/11\/2023\/01\/03163653\/1200x600_TPT_Tet-1-120x60.jpg 120w\" sizes=\"(max-width: 1200px) 100vw, 1200px\" \/><\/p>\n<h3><span style=\"font-weight: 400\">\ud83d\udd25 C\u1ea3 m\u1ed9t n\u0103m d\u00e0i l\u00e0m vi\u1ec7c v\u1ea5t v\u1ea3 r\u1ed3i c\u0169ng \u0111\u01b0\u1ee3c v\u1ec1 nh\u00e0 sum v\u1ea7y. Ch\u1ea1y xe mi\u1ec7t m\u00e0i tr\u00ean th\u00e0nh ph\u1ed1 th\u00ec v\u1ec1 nh\u00e0 \u0111\u1eb7t Grab \u0111\u00f3n \u0111\u01b0a v\u1eeba tho\u1ea3i m\u00e1i l\u1ea1i ti\u1ebft ki\u1ec7m nhe!<\/span><\/h3>\n<p><span style=\"font-weight: 400\">\u2728 Nh\u1eadp m\u00e3 <strong>GrabDuHi<\/strong> nh\u1eadn ngay \u01b0u \u0111\u00e3i 20% t\u1ed1i \u0111a 20.000\u0111 cho m\u1ed7i cu\u1ed1c GrabBike hay GrabCar n\u00e8.<\/span><\/p>\n<p><span style=\"font-weight: 400\">\ud83d\ude97\ud83d\udef5 D\u1ecbp l\u1ec5 n\u00e0y d\u1ea1o ch\u01a1i v\u00f2ng quanh, c\u1ee9 g\u1ecdi l\u00e0 c\u00f3 Grab \u0111\u01b0a \u0111\u00f3n:<\/span><\/p>\n<p><span style=\"font-weight: 400\">\u2705 Th\u0103m h\u1ecfi h\u1ecd h\u00e0ng xa g\u1ea7n, t\u1edbi \u0111\u00e2u c\u0169ng \u0111\u00f3n<\/span><\/p>\n<p><span style=\"font-weight: 400\">\u2705 D\u1ea1o ch\u01a1i v\u00f2ng quanh ph\u1ed1 x\u00e1, \u0111\u01b0a r\u01b0\u1edbc t\u1eadn n\u01a1i<\/span><\/p>\n<p><span style=\"font-weight: 400\">\u2705 G\u1eb7p g\u1ee1 h\u1eb9n h\u00f2 b\u1ea1n b\u00e8, \u0111\u01b0\u1eddng n\u00e0o c\u0169ng ch\u1edf<\/span><\/p>\n<p>&nbsp;<\/p>\n<h4><strong>\ud83d\udcccChi ti\u1ebft \u01b0u \u0111\u00e3i:<br \/>\n<\/strong><\/h4>\n<p><strong>\u2705\u00a0\u0110i\u1ec1u ki\u1ec7n\/ \u0110i\u1ec1u kho\u1ea3n \u00e1p d\u1ee5ng \u01b0u \u0111\u00e3i GRADUHI t\u1ea1i \u0110\u00e0 N\u1eb5ng, Nha Trang, \u0110\u00e0 L\u1ea1t v\u00e0 V\u0169ng T\u00e0u:<\/strong><\/p>\n<ul>\n<li><span data-sheets-value=\"{&quot;1&quot;:2,&quot;2&quot;:&quot;- \u01afu \u0111\u00e3i 20% (t\u1ed1i \u0111a 20.000\u0111) \u00e1p d\u1ee5ng cho d\u1ecbch v\u1ee5 GrabBike\/ GrabBike Plus\/ GrabCar. &lt;br&gt; - \u00c1p d\u1ee5ng t\u1ea1i th\u00e0nh ph\u1ed1 \u0110\u00e0 N\u1eb5ng. &lt;br&gt; - \u00c1p d\u1ee5ng cho m\u1ecdi h\u00ecnh th\u1ee9c thanh to\u00e1n. &lt;br&gt; - Nh\u1eadp m\u00e3 \u01b0u \u0111\u00e3i \u0111\u1ea7u ti\u00ean th\u00e0nh c\u00f4ng cho chuy\u1ebfn xe \u0111\u1ea7u ti\u00ean s\u1ebd nh\u1eadn th\u00eam 5 m\u00e3 \u01b0u \u0111\u00e3i c\u00f3 t\u1ed5ng gi\u00e1 tr\u1ecb l\u00ean t\u1edbi 100.000\u0111 v\u00e0 c\u00f3 gi\u00e1 tr\u1ecb s\u1eed d\u1ee5ng trong v\u00f2ng 07 ng\u00e0y k\u1ec3 t\u1eeb ng\u00e0y nh\u1eadn. M\u1ed7i ng\u01b0\u1eddi d\u00f9ng ch\u1ec9 nh\u1eadn c\u00e1c m\u00e3 t\u1eb7ng k\u00e8m m\u1ed9t l\u1ea7n trong su\u1ed1t th\u1eddi gian di\u1ec5n ra ch\u01b0\u01a1ng tr\u00ecnh. &lt;br&gt; - \u01afu \u0111\u00e3i kh\u00f4ng bao g\u1ed3m ph\u1ee5 ph\u00ed, ng\u01b0\u1eddi d\u00f9ng vui l\u00f2ng thanh to\u00e1n ph\u1ee5 ph\u00ed (n\u1ebfu c\u00f3) v\u1edbi \u0110\u1ed1i t\u00e1c t\u00e0i x\u1ebf. &lt;br&gt; - M\u1ed7i ng\u01b0\u1eddi d\u00f9ng \u0111\u01b0\u1ee3c s\u1eed d\u1ee5ng t\u1ed1i \u0111a 01\/ng\u00e0y v\u00e0 02 l\u1ea7n trong su\u1ed1t th\u1eddi gian di\u1ec5n ra ch\u01b0\u01a1ng tr\u00ecnh. &lt;br&gt; - Ch\u1ec9 \u00e1p d\u1ee5ng cho ng\u01b0\u1eddi d\u00f9ng nh\u1eadn \u0111\u01b0\u1ee3c th\u00f4ng b\u00e1o. &lt;br&gt; - Ch\u1ec9 \u00e1p d\u1ee5ng v\u1edbi phi\u00ean b\u1ea3n app m\u1edbi nh\u1ea5t.&lt;br&gt;&quot;}\" data-sheets-userformat=\"{&quot;2&quot;:13249,&quot;3&quot;:{&quot;1&quot;:0},&quot;9&quot;:0,&quot;10&quot;:1,&quot;11&quot;:4,&quot;12&quot;:0,&quot;15&quot;:&quot;Proxima Nova&quot;,&quot;16&quot;:9}\">\u01afu \u0111\u00e3i 20% (t\u1ed1i \u0111a 20.000\u0111) \u00e1p d\u1ee5ng cho d\u1ecbch v\u1ee5 GrabBike\/ GrabBike Plus\/ GrabCar.<\/span><\/li>\n<li><span data-sheets-value=\"{&quot;1&quot;:2,&quot;2&quot;:&quot;- \u01afu \u0111\u00e3i 20% (t\u1ed1i \u0111a 20.000\u0111) \u00e1p d\u1ee5ng cho d\u1ecbch v\u1ee5 GrabBike\/ GrabBike Plus\/ GrabCar. &lt;br&gt; - \u00c1p d\u1ee5ng t\u1ea1i th\u00e0nh ph\u1ed1 \u0110\u00e0 N\u1eb5ng. &lt;br&gt; - \u00c1p d\u1ee5ng cho m\u1ecdi h\u00ecnh th\u1ee9c thanh to\u00e1n. &lt;br&gt; - Nh\u1eadp m\u00e3 \u01b0u \u0111\u00e3i \u0111\u1ea7u ti\u00ean th\u00e0nh c\u00f4ng cho chuy\u1ebfn xe \u0111\u1ea7u ti\u00ean s\u1ebd nh\u1eadn th\u00eam 5 m\u00e3 \u01b0u \u0111\u00e3i c\u00f3 t\u1ed5ng gi\u00e1 tr\u1ecb l\u00ean t\u1edbi 100.000\u0111 v\u00e0 c\u00f3 gi\u00e1 tr\u1ecb s\u1eed d\u1ee5ng trong v\u00f2ng 07 ng\u00e0y k\u1ec3 t\u1eeb ng\u00e0y nh\u1eadn. M\u1ed7i ng\u01b0\u1eddi d\u00f9ng ch\u1ec9 nh\u1eadn c\u00e1c m\u00e3 t\u1eb7ng k\u00e8m m\u1ed9t l\u1ea7n trong su\u1ed1t th\u1eddi gian di\u1ec5n ra ch\u01b0\u01a1ng tr\u00ecnh. &lt;br&gt; - \u01afu \u0111\u00e3i kh\u00f4ng bao g\u1ed3m ph\u1ee5 ph\u00ed, ng\u01b0\u1eddi d\u00f9ng vui l\u00f2ng thanh to\u00e1n ph\u1ee5 ph\u00ed (n\u1ebfu c\u00f3) v\u1edbi \u0110\u1ed1i t\u00e1c t\u00e0i x\u1ebf. &lt;br&gt; - M\u1ed7i ng\u01b0\u1eddi d\u00f9ng \u0111\u01b0\u1ee3c s\u1eed d\u1ee5ng t\u1ed1i \u0111a 01\/ng\u00e0y v\u00e0 02 l\u1ea7n trong su\u1ed1t th\u1eddi gian di\u1ec5n ra ch\u01b0\u01a1ng tr\u00ecnh. &lt;br&gt; - Ch\u1ec9 \u00e1p d\u1ee5ng cho ng\u01b0\u1eddi d\u00f9ng nh\u1eadn \u0111\u01b0\u1ee3c th\u00f4ng b\u00e1o. &lt;br&gt; - Ch\u1ec9 \u00e1p d\u1ee5ng v\u1edbi phi\u00ean b\u1ea3n app m\u1edbi nh\u1ea5t.&lt;br&gt;&quot;}\" data-sheets-userformat=\"{&quot;2&quot;:13249,&quot;3&quot;:{&quot;1&quot;:0},&quot;9&quot;:0,&quot;10&quot;:1,&quot;11&quot;:4,&quot;12&quot;:0,&quot;15&quot;:&quot;Proxima Nova&quot;,&quot;16&quot;:9}\">\u00c1p d\u1ee5ng t\u1ea1i th\u00e0nh ph\u1ed1 \u0110\u00e0 N\u1eb5ng, Nha Trang, \u0110\u00e0 L\u1ea1t, V\u0169ng T\u00e0u.\u00a0<\/span><\/li>\n<li><span data-sheets-value=\"{&quot;1&quot;:2,&quot;2&quot;:&quot;- \u01afu \u0111\u00e3i 20% (t\u1ed1i \u0111a 20.000\u0111) \u00e1p d\u1ee5ng cho d\u1ecbch v\u1ee5 GrabBike\/ GrabBike Plus\/ GrabCar. &lt;br&gt; - \u00c1p d\u1ee5ng t\u1ea1i th\u00e0nh ph\u1ed1 \u0110\u00e0 N\u1eb5ng. &lt;br&gt; - \u00c1p d\u1ee5ng cho m\u1ecdi h\u00ecnh th\u1ee9c thanh to\u00e1n. &lt;br&gt; - Nh\u1eadp m\u00e3 \u01b0u \u0111\u00e3i \u0111\u1ea7u ti\u00ean th\u00e0nh c\u00f4ng cho chuy\u1ebfn xe \u0111\u1ea7u ti\u00ean s\u1ebd nh\u1eadn th\u00eam 5 m\u00e3 \u01b0u \u0111\u00e3i c\u00f3 t\u1ed5ng gi\u00e1 tr\u1ecb l\u00ean t\u1edbi 100.000\u0111 v\u00e0 c\u00f3 gi\u00e1 tr\u1ecb s\u1eed d\u1ee5ng trong v\u00f2ng 07 ng\u00e0y k\u1ec3 t\u1eeb ng\u00e0y nh\u1eadn. M\u1ed7i ng\u01b0\u1eddi d\u00f9ng ch\u1ec9 nh\u1eadn c\u00e1c m\u00e3 t\u1eb7ng k\u00e8m m\u1ed9t l\u1ea7n trong su\u1ed1t th\u1eddi gian di\u1ec5n ra ch\u01b0\u01a1ng tr\u00ecnh. &lt;br&gt; - \u01afu \u0111\u00e3i kh\u00f4ng bao g\u1ed3m ph\u1ee5 ph\u00ed, ng\u01b0\u1eddi d\u00f9ng vui l\u00f2ng thanh to\u00e1n ph\u1ee5 ph\u00ed (n\u1ebfu c\u00f3) v\u1edbi \u0110\u1ed1i t\u00e1c t\u00e0i x\u1ebf. &lt;br&gt; - M\u1ed7i ng\u01b0\u1eddi d\u00f9ng \u0111\u01b0\u1ee3c s\u1eed d\u1ee5ng t\u1ed1i \u0111a 01\/ng\u00e0y v\u00e0 02 l\u1ea7n trong su\u1ed1t th\u1eddi gian di\u1ec5n ra ch\u01b0\u01a1ng tr\u00ecnh. &lt;br&gt; - Ch\u1ec9 \u00e1p d\u1ee5ng cho ng\u01b0\u1eddi d\u00f9ng nh\u1eadn \u0111\u01b0\u1ee3c th\u00f4ng b\u00e1o. &lt;br&gt; - Ch\u1ec9 \u00e1p d\u1ee5ng v\u1edbi phi\u00ean b\u1ea3n app m\u1edbi nh\u1ea5t.&lt;br&gt;&quot;}\" data-sheets-userformat=\"{&quot;2&quot;:13249,&quot;3&quot;:{&quot;1&quot;:0},&quot;9&quot;:0,&quot;10&quot;:1,&quot;11&quot;:4,&quot;12&quot;:0,&quot;15&quot;:&quot;Proxima Nova&quot;,&quot;16&quot;:9}\">\u00c1p d\u1ee5ng cho m\u1ecdi h\u00ecnh th\u1ee9c thanh to\u00e1n.\u00a0<\/span><\/li>\n<li><span data-sheets-value=\"{&quot;1&quot;:2,&quot;2&quot;:&quot;- \u01afu \u0111\u00e3i 20% (t\u1ed1i \u0111a 20.000\u0111) \u00e1p d\u1ee5ng cho d\u1ecbch v\u1ee5 GrabBike\/ GrabBike Plus\/ GrabCar. &lt;br&gt; - \u00c1p d\u1ee5ng t\u1ea1i th\u00e0nh ph\u1ed1 \u0110\u00e0 N\u1eb5ng. &lt;br&gt; - \u00c1p d\u1ee5ng cho m\u1ecdi h\u00ecnh th\u1ee9c thanh to\u00e1n. &lt;br&gt; - Nh\u1eadp m\u00e3 \u01b0u \u0111\u00e3i \u0111\u1ea7u ti\u00ean th\u00e0nh c\u00f4ng cho chuy\u1ebfn xe \u0111\u1ea7u ti\u00ean s\u1ebd nh\u1eadn th\u00eam 5 m\u00e3 \u01b0u \u0111\u00e3i c\u00f3 t\u1ed5ng gi\u00e1 tr\u1ecb l\u00ean t\u1edbi 100.000\u0111 v\u00e0 c\u00f3 gi\u00e1 tr\u1ecb s\u1eed d\u1ee5ng trong v\u00f2ng 07 ng\u00e0y k\u1ec3 t\u1eeb ng\u00e0y nh\u1eadn. M\u1ed7i ng\u01b0\u1eddi d\u00f9ng ch\u1ec9 nh\u1eadn c\u00e1c m\u00e3 t\u1eb7ng k\u00e8m m\u1ed9t l\u1ea7n trong su\u1ed1t th\u1eddi gian di\u1ec5n ra ch\u01b0\u01a1ng tr\u00ecnh. &lt;br&gt; - \u01afu \u0111\u00e3i kh\u00f4ng bao g\u1ed3m ph\u1ee5 ph\u00ed, ng\u01b0\u1eddi d\u00f9ng vui l\u00f2ng thanh to\u00e1n ph\u1ee5 ph\u00ed (n\u1ebfu c\u00f3) v\u1edbi \u0110\u1ed1i t\u00e1c t\u00e0i x\u1ebf. &lt;br&gt; - M\u1ed7i ng\u01b0\u1eddi d\u00f9ng \u0111\u01b0\u1ee3c s\u1eed d\u1ee5ng t\u1ed1i \u0111a 01\/ng\u00e0y v\u00e0 02 l\u1ea7n trong su\u1ed1t th\u1eddi gian di\u1ec5n ra ch\u01b0\u01a1ng tr\u00ecnh. &lt;br&gt; - Ch\u1ec9 \u00e1p d\u1ee5ng cho ng\u01b0\u1eddi d\u00f9ng nh\u1eadn \u0111\u01b0\u1ee3c th\u00f4ng b\u00e1o. &lt;br&gt; - Ch\u1ec9 \u00e1p d\u1ee5ng v\u1edbi phi\u00ean b\u1ea3n app m\u1edbi nh\u1ea5t.&lt;br&gt;&quot;}\" data-sheets-userformat=\"{&quot;2&quot;:13249,&quot;3&quot;:{&quot;1&quot;:0},&quot;9&quot;:0,&quot;10&quot;:1,&quot;11&quot;:4,&quot;12&quot;:0,&quot;15&quot;:&quot;Proxima Nova&quot;,&quot;16&quot;:9}\">Nh\u1eadp m\u00e3 \u01b0u \u0111\u00e3i \u0111\u1ea7u ti\u00ean th\u00e0nh c\u00f4ng cho chuy\u1ebfn xe \u0111\u1ea7u ti\u00ean s\u1ebd nh\u1eadn th\u00eam 5 m\u00e3 \u01b0u \u0111\u00e3i c\u00f3 t\u1ed5ng gi\u00e1 tr\u1ecb l\u00ean t\u1edbi 100.000\u0111 v\u00e0 c\u00f3 gi\u00e1 tr\u1ecb s\u1eed d\u1ee5ng trong v\u00f2ng 07 ng\u00e0y k\u1ec3 t\u1eeb ng\u00e0y nh\u1eadn. M\u1ed7i ng\u01b0\u1eddi d\u00f9ng ch\u1ec9 nh\u1eadn c\u00e1c m\u00e3 t\u1eb7ng k\u00e8m m\u1ed9t l\u1ea7n trong su\u1ed1t th\u1eddi gian di\u1ec5n ra ch\u01b0\u01a1ng tr\u00ecnh.\u00a0<\/span><\/li>\n<li><span data-sheets-value=\"{&quot;1&quot;:2,&quot;2&quot;:&quot;- \u01afu \u0111\u00e3i 20% (t\u1ed1i \u0111a 20.000\u0111) \u00e1p d\u1ee5ng cho d\u1ecbch v\u1ee5 GrabBike\/ GrabBike Plus\/ GrabCar. &lt;br&gt; - \u00c1p d\u1ee5ng t\u1ea1i th\u00e0nh ph\u1ed1 \u0110\u00e0 N\u1eb5ng. &lt;br&gt; - \u00c1p d\u1ee5ng cho m\u1ecdi h\u00ecnh th\u1ee9c thanh to\u00e1n. &lt;br&gt; - Nh\u1eadp m\u00e3 \u01b0u \u0111\u00e3i \u0111\u1ea7u ti\u00ean th\u00e0nh c\u00f4ng cho chuy\u1ebfn xe \u0111\u1ea7u ti\u00ean s\u1ebd nh\u1eadn th\u00eam 5 m\u00e3 \u01b0u \u0111\u00e3i c\u00f3 t\u1ed5ng gi\u00e1 tr\u1ecb l\u00ean t\u1edbi 100.000\u0111 v\u00e0 c\u00f3 gi\u00e1 tr\u1ecb s\u1eed d\u1ee5ng trong v\u00f2ng 07 ng\u00e0y k\u1ec3 t\u1eeb ng\u00e0y nh\u1eadn. M\u1ed7i ng\u01b0\u1eddi d\u00f9ng ch\u1ec9 nh\u1eadn c\u00e1c m\u00e3 t\u1eb7ng k\u00e8m m\u1ed9t l\u1ea7n trong su\u1ed1t th\u1eddi gian di\u1ec5n ra ch\u01b0\u01a1ng tr\u00ecnh. &lt;br&gt; - \u01afu \u0111\u00e3i kh\u00f4ng bao g\u1ed3m ph\u1ee5 ph\u00ed, ng\u01b0\u1eddi d\u00f9ng vui l\u00f2ng thanh to\u00e1n ph\u1ee5 ph\u00ed (n\u1ebfu c\u00f3) v\u1edbi \u0110\u1ed1i t\u00e1c t\u00e0i x\u1ebf. &lt;br&gt; - M\u1ed7i ng\u01b0\u1eddi d\u00f9ng \u0111\u01b0\u1ee3c s\u1eed d\u1ee5ng t\u1ed1i \u0111a 01\/ng\u00e0y v\u00e0 02 l\u1ea7n trong su\u1ed1t th\u1eddi gian di\u1ec5n ra ch\u01b0\u01a1ng tr\u00ecnh. &lt;br&gt; - Ch\u1ec9 \u00e1p d\u1ee5ng cho ng\u01b0\u1eddi d\u00f9ng nh\u1eadn \u0111\u01b0\u1ee3c th\u00f4ng b\u00e1o. &lt;br&gt; - Ch\u1ec9 \u00e1p d\u1ee5ng v\u1edbi phi\u00ean b\u1ea3n app m\u1edbi nh\u1ea5t.&lt;br&gt;&quot;}\" data-sheets-userformat=\"{&quot;2&quot;:13249,&quot;3&quot;:{&quot;1&quot;:0},&quot;9&quot;:0,&quot;10&quot;:1,&quot;11&quot;:4,&quot;12&quot;:0,&quot;15&quot;:&quot;Proxima Nova&quot;,&quot;16&quot;:9}\">\u01afu \u0111\u00e3i kh\u00f4ng bao g\u1ed3m ph\u1ee5 ph\u00ed, ng\u01b0\u1eddi d\u00f9ng vui l\u00f2ng thanh to\u00e1n ph\u1ee5 ph\u00ed (n\u1ebfu c\u00f3) v\u1edbi \u0110\u1ed1i t\u00e1c t\u00e0i x\u1ebf.\u00a0<\/span><\/li>\n<li><span data-sheets-value=\"{&quot;1&quot;:2,&quot;2&quot;:&quot;- \u01afu \u0111\u00e3i 20% (t\u1ed1i \u0111a 20.000\u0111) \u00e1p d\u1ee5ng cho d\u1ecbch v\u1ee5 GrabBike\/ GrabBike Plus\/ GrabCar. &lt;br&gt; - \u00c1p d\u1ee5ng t\u1ea1i th\u00e0nh ph\u1ed1 \u0110\u00e0 N\u1eb5ng. &lt;br&gt; - \u00c1p d\u1ee5ng cho m\u1ecdi h\u00ecnh th\u1ee9c thanh to\u00e1n. &lt;br&gt; - Nh\u1eadp m\u00e3 \u01b0u \u0111\u00e3i \u0111\u1ea7u ti\u00ean th\u00e0nh c\u00f4ng cho chuy\u1ebfn xe \u0111\u1ea7u ti\u00ean s\u1ebd nh\u1eadn th\u00eam 5 m\u00e3 \u01b0u \u0111\u00e3i c\u00f3 t\u1ed5ng gi\u00e1 tr\u1ecb l\u00ean t\u1edbi 100.000\u0111 v\u00e0 c\u00f3 gi\u00e1 tr\u1ecb s\u1eed d\u1ee5ng trong v\u00f2ng 07 ng\u00e0y k\u1ec3 t\u1eeb ng\u00e0y nh\u1eadn. M\u1ed7i ng\u01b0\u1eddi d\u00f9ng ch\u1ec9 nh\u1eadn c\u00e1c m\u00e3 t\u1eb7ng k\u00e8m m\u1ed9t l\u1ea7n trong su\u1ed1t th\u1eddi gian di\u1ec5n ra ch\u01b0\u01a1ng tr\u00ecnh. &lt;br&gt; - \u01afu \u0111\u00e3i kh\u00f4ng bao g\u1ed3m ph\u1ee5 ph\u00ed, ng\u01b0\u1eddi d\u00f9ng vui l\u00f2ng thanh to\u00e1n ph\u1ee5 ph\u00ed (n\u1ebfu c\u00f3) v\u1edbi \u0110\u1ed1i t\u00e1c t\u00e0i x\u1ebf. &lt;br&gt; - M\u1ed7i ng\u01b0\u1eddi d\u00f9ng \u0111\u01b0\u1ee3c s\u1eed d\u1ee5ng t\u1ed1i \u0111a 01\/ng\u00e0y v\u00e0 02 l\u1ea7n trong su\u1ed1t th\u1eddi gian di\u1ec5n ra ch\u01b0\u01a1ng tr\u00ecnh. &lt;br&gt; - Ch\u1ec9 \u00e1p d\u1ee5ng cho ng\u01b0\u1eddi d\u00f9ng nh\u1eadn \u0111\u01b0\u1ee3c th\u00f4ng b\u00e1o. &lt;br&gt; - Ch\u1ec9 \u00e1p d\u1ee5ng v\u1edbi phi\u00ean b\u1ea3n app m\u1edbi nh\u1ea5t.&lt;br&gt;&quot;}\" data-sheets-userformat=\"{&quot;2&quot;:13249,&quot;3&quot;:{&quot;1&quot;:0},&quot;9&quot;:0,&quot;10&quot;:1,&quot;11&quot;:4,&quot;12&quot;:0,&quot;15&quot;:&quot;Proxima Nova&quot;,&quot;16&quot;:9}\">M\u1ed7i ng\u01b0\u1eddi d\u00f9ng \u0111\u01b0\u1ee3c s\u1eed d\u1ee5ng t\u1ed1i \u0111a 01\/ng\u00e0y v\u00e0 02 l\u1ea7n trong su\u1ed1t th\u1eddi gian di\u1ec5n ra ch\u01b0\u01a1ng tr\u00ecnh.\u00a0<\/span><\/li>\n<li><span data-sheets-value=\"{&quot;1&quot;:2,&quot;2&quot;:&quot;- \u01afu \u0111\u00e3i 20% (t\u1ed1i \u0111a 20.000\u0111) \u00e1p d\u1ee5ng cho d\u1ecbch v\u1ee5 GrabBike\/ GrabBike Plus\/ GrabCar. &lt;br&gt; - \u00c1p d\u1ee5ng t\u1ea1i th\u00e0nh ph\u1ed1 \u0110\u00e0 N\u1eb5ng. &lt;br&gt; - \u00c1p d\u1ee5ng cho m\u1ecdi h\u00ecnh th\u1ee9c thanh to\u00e1n. &lt;br&gt; - Nh\u1eadp m\u00e3 \u01b0u \u0111\u00e3i \u0111\u1ea7u ti\u00ean th\u00e0nh c\u00f4ng cho chuy\u1ebfn xe \u0111\u1ea7u ti\u00ean s\u1ebd nh\u1eadn th\u00eam 5 m\u00e3 \u01b0u \u0111\u00e3i c\u00f3 t\u1ed5ng gi\u00e1 tr\u1ecb l\u00ean t\u1edbi 100.000\u0111 v\u00e0 c\u00f3 gi\u00e1 tr\u1ecb s\u1eed d\u1ee5ng trong v\u00f2ng 07 ng\u00e0y k\u1ec3 t\u1eeb ng\u00e0y nh\u1eadn. M\u1ed7i ng\u01b0\u1eddi d\u00f9ng ch\u1ec9 nh\u1eadn c\u00e1c m\u00e3 t\u1eb7ng k\u00e8m m\u1ed9t l\u1ea7n trong su\u1ed1t th\u1eddi gian di\u1ec5n ra ch\u01b0\u01a1ng tr\u00ecnh. &lt;br&gt; - \u01afu \u0111\u00e3i kh\u00f4ng bao g\u1ed3m ph\u1ee5 ph\u00ed, ng\u01b0\u1eddi d\u00f9ng vui l\u00f2ng thanh to\u00e1n ph\u1ee5 ph\u00ed (n\u1ebfu c\u00f3) v\u1edbi \u0110\u1ed1i t\u00e1c t\u00e0i x\u1ebf. &lt;br&gt; - M\u1ed7i ng\u01b0\u1eddi d\u00f9ng \u0111\u01b0\u1ee3c s\u1eed d\u1ee5ng t\u1ed1i \u0111a 01\/ng\u00e0y v\u00e0 02 l\u1ea7n trong su\u1ed1t th\u1eddi gian di\u1ec5n ra ch\u01b0\u01a1ng tr\u00ecnh. &lt;br&gt; - Ch\u1ec9 \u00e1p d\u1ee5ng cho ng\u01b0\u1eddi d\u00f9ng nh\u1eadn \u0111\u01b0\u1ee3c th\u00f4ng b\u00e1o. &lt;br&gt; - Ch\u1ec9 \u00e1p d\u1ee5ng v\u1edbi phi\u00ean b\u1ea3n app m\u1edbi nh\u1ea5t.&lt;br&gt;&quot;}\" data-sheets-userformat=\"{&quot;2&quot;:13249,&quot;3&quot;:{&quot;1&quot;:0},&quot;9&quot;:0,&quot;10&quot;:1,&quot;11&quot;:4,&quot;12&quot;:0,&quot;15&quot;:&quot;Proxima Nova&quot;,&quot;16&quot;:9}\">Ch\u1ec9 \u00e1p d\u1ee5ng cho ng\u01b0\u1eddi d\u00f9ng nh\u1eadn \u0111\u01b0\u1ee3c th\u00f4ng b\u00e1o.\u00a0<\/span><\/li>\n<li><span data-sheets-value=\"{&quot;1&quot;:2,&quot;2&quot;:&quot;- \u01afu \u0111\u00e3i 20% (t\u1ed1i \u0111a 20.000\u0111) \u00e1p d\u1ee5ng cho d\u1ecbch v\u1ee5 GrabBike\/ GrabBike Plus\/ GrabCar. &lt;br&gt; - \u00c1p d\u1ee5ng t\u1ea1i th\u00e0nh ph\u1ed1 \u0110\u00e0 N\u1eb5ng. &lt;br&gt; - \u00c1p d\u1ee5ng cho m\u1ecdi h\u00ecnh th\u1ee9c thanh to\u00e1n. &lt;br&gt; - Nh\u1eadp m\u00e3 \u01b0u \u0111\u00e3i \u0111\u1ea7u ti\u00ean th\u00e0nh c\u00f4ng cho chuy\u1ebfn xe \u0111\u1ea7u ti\u00ean s\u1ebd nh\u1eadn th\u00eam 5 m\u00e3 \u01b0u \u0111\u00e3i c\u00f3 t\u1ed5ng gi\u00e1 tr\u1ecb l\u00ean t\u1edbi 100.000\u0111 v\u00e0 c\u00f3 gi\u00e1 tr\u1ecb s\u1eed d\u1ee5ng trong v\u00f2ng 07 ng\u00e0y k\u1ec3 t\u1eeb ng\u00e0y nh\u1eadn. M\u1ed7i ng\u01b0\u1eddi d\u00f9ng ch\u1ec9 nh\u1eadn c\u00e1c m\u00e3 t\u1eb7ng k\u00e8m m\u1ed9t l\u1ea7n trong su\u1ed1t th\u1eddi gian di\u1ec5n ra ch\u01b0\u01a1ng tr\u00ecnh. &lt;br&gt; - \u01afu \u0111\u00e3i kh\u00f4ng bao g\u1ed3m ph\u1ee5 ph\u00ed, ng\u01b0\u1eddi d\u00f9ng vui l\u00f2ng thanh to\u00e1n ph\u1ee5 ph\u00ed (n\u1ebfu c\u00f3) v\u1edbi \u0110\u1ed1i t\u00e1c t\u00e0i x\u1ebf. &lt;br&gt; - M\u1ed7i ng\u01b0\u1eddi d\u00f9ng \u0111\u01b0\u1ee3c s\u1eed d\u1ee5ng t\u1ed1i \u0111a 01\/ng\u00e0y v\u00e0 02 l\u1ea7n trong su\u1ed1t th\u1eddi gian di\u1ec5n ra ch\u01b0\u01a1ng tr\u00ecnh. &lt;br&gt; - Ch\u1ec9 \u00e1p d\u1ee5ng cho ng\u01b0\u1eddi d\u00f9ng nh\u1eadn \u0111\u01b0\u1ee3c th\u00f4ng b\u00e1o. &lt;br&gt; - Ch\u1ec9 \u00e1p d\u1ee5ng v\u1edbi phi\u00ean b\u1ea3n app m\u1edbi nh\u1ea5t.&lt;br&gt;&quot;}\" data-sheets-userformat=\"{&quot;2&quot;:13249,&quot;3&quot;:{&quot;1&quot;:0},&quot;9&quot;:0,&quot;10&quot;:1,&quot;11&quot;:4,&quot;12&quot;:0,&quot;15&quot;:&quot;Proxima Nova&quot;,&quot;16&quot;:9}\">Ch\u1ec9 \u00e1p d\u1ee5ng v\u1edbi phi\u00ean b\u1ea3n app m\u1edbi nh\u1ea5t.<\/span><\/li>\n<\/ul>\n<p><strong>\u2705\u00a0\u0110i\u1ec1u ki\u1ec7n\/ \u0110i\u1ec1u kho\u1ea3n \u00e1p d\u1ee5ng \u01b0u \u0111\u00e3i GRADUHI t\u1ea1i Ph\u00fa Qu\u1ed1c:<\/strong><\/p>\n<ul>\n<li>\u01afu \u0111\u00e3i 20% (t\u1ed1i \u0111a 20.000\u0111) \u00e1p d\u1ee5ng cho d\u1ecbch v\u1ee5 GrabCar, GrabTaxi v\u00e0 Grab Tuy\u1ebfn<\/li>\n<li>\u00c1p d\u1ee5ng t\u1ea1i Ph\u00fa Qu\u1ed1c .<\/li>\n<li>\u00c1p d\u1ee5ng cho m\u1ecdi h\u00ecnh th\u1ee9c thanh to\u00e1n.<\/li>\n<li>Nh\u1eadp m\u00e3 \u01b0u \u0111\u00e3i \u0111\u1ea7u ti\u00ean th\u00e0nh c\u00f4ng cho chuy\u1ebfn xe \u0111\u1ea7u ti\u00ean s\u1ebd nh\u1eadn th\u00eam 5 m\u00e3 \u01b0u \u0111\u00e3i c\u00f3 t\u1ed5ng gi\u00e1 tr\u1ecb l\u00ean t\u1edbi 100.000\u0111 v\u00e0 c\u00f3 gi\u00e1 tr\u1ecb s\u1eed d\u1ee5ng trong v\u00f2ng 07 ng\u00e0y k\u1ec3 t\u1eeb ng\u00e0y nh\u1eadn. M\u1ed7i ng\u01b0\u1eddi d\u00f9ng ch\u1ec9 nh\u1eadn c\u00e1c m\u00e3 t\u1eb7ng k\u00e8m m\u1ed9t l\u1ea7n trong su\u1ed1t th\u1eddi gian di\u1ec5n ra ch\u01b0\u01a1ng tr\u00ecnh.<\/li>\n<li>\u00c1p d\u1ee5ng t\u1ea1i Ph\u00fa Qu\u1ed1c.<\/li>\n<li>\u01afu \u0111\u00e3i kh\u00f4ng bao g\u1ed3m ph\u1ee5 ph\u00ed, ng\u01b0\u1eddi d\u00f9ng vui l\u00f2ng thanh to\u00e1n ph\u1ee5 ph\u00ed (n\u1ebfu c\u00f3) v\u1edbi \u0110\u1ed1i t\u00e1c t\u00e0i x\u1ebf.<\/li>\n<li>M\u1ed7i ng\u01b0\u1eddi d\u00f9ng \u0111\u01b0\u1ee3c s\u1eed d\u1ee5ng t\u1ed1i \u0111a 01 l\u1ea7n trong su\u1ed1t th\u1eddi gian di\u1ec5n ra ch\u01b0\u01a1ng tr\u00ecnh.<\/li>\n<li>Ch\u1ec9 \u00e1p d\u1ee5ng cho ng\u01b0\u1eddi d\u00f9ng nh\u1eadn \u0111\u01b0\u1ee3c th\u00f4ng b\u00e1o.<\/li>\n<li>Ch\u1ec9 \u00e1p d\u1ee5ng v\u1edbi phi\u00ean b\u1ea3n app m\u1edbi nh\u1ea5t.<\/li>\n<\/ul>\n<p>#GrabBike #GrabCar #GrabDuHi<\/p>","protected":false},"excerpt":{"rendered":"\ud83d\udd25 C\u1ea3 m\u1ed9t n\u0103m d\u00e0i l\u00e0m vi\u1ec7c v\u1ea5t v\u1ea3 r\u1ed3i c\u0169ng \u0111\u01b0\u1ee3c v\u1ec1 nh\u00e0 sum v\u1ea7y. Ch\u1ea1y xe mi\u1ec7t m\u00e0i tr\u00ean th\u00e0nh ph\u1ed1 th\u00ec v\u1ec1 nh\u00e0 \u0111\u1eb7t Grab \u0111\u00f3n \u0111\u01b0a v\u1eeba tho\u1ea3i m\u00e1i l\u1ea1i ti\u1ebft ki\u1ec7m nhe! \u2728 Nh\u1eadp m\u00e3 GrabDuHi nh\u1eadn ngay \u01b0u \u0111\u00e3i 20% t\u1ed1i \u0111a 20.000\u0111 cho m\u1ed7i cu\u1ed1c GrabBike hay GrabCar [&hellip;]","protected":false},"author":1428,"featured_media":0,"parent":0,"menu_order":0,"comment_status":"closed","ping_status":"closed","template":"","meta":{"_acf_changed":false,"footnotes":""},"acf":[],"_links":{"self":[{"href":"https:\/\/www.grab.com\/vn\/en\/wp-json\/wp\/v2\/pages\/139586"}],"collection":[{"href":"https:\/\/www.grab.com\/vn\/en\/wp-json\/wp\/v2\/pages"}],"about":[{"href":"https:\/\/www.grab.com\/vn\/en\/wp-json\/wp\/v2\/types\/page"}],"author":[{"embeddable":true,"href":"https:\/\/www.grab.com\/vn\/en\/wp-json\/wp\/v2\/users\/1428"}],"replies":[{"embeddable":true,"href":"https:\/\/www.grab.com\/vn\/en\/wp-json\/wp\/v2\/comments?post=139586"}],"version-history":[{"count":4,"href":"https:\/\/www.grab.com\/vn\/en\/wp-json\/wp\/v2\/pages\/139586\/revisions"}],"predecessor-version":[{"id":139594,"href":"https:\/\/www.grab.com\/vn\/en\/wp-json\/wp\/v2\/pages\/139586\/revisions\/139594"}],"wp:attachment":[{"href":"https:\/\/www.grab.com\/vn\/en\/wp-json\/wp\/v2\/media?parent=139586"}],"curies":[{"name":"wp","href":"https:\/\/api.w.org\/{rel}","templated":true}]}}