{"id":139484,"date":"2022-12-30T13:16:13","date_gmt":"2022-12-30T05:16:13","guid":{"rendered":"https:\/\/www.grab.com\/vn\/?page_id=139484"},"modified":"2023-01-09T18:15:00","modified_gmt":"2023-01-09T10:15:00","slug":"uudaisauchuyenxedensanbaybenxe","status":"publish","type":"page","link":"https:\/\/www.grab.com\/vn\/en\/uudaisauchuyenxedensanbaybenxe\/","title":{"rendered":"\u0110\u1eb7t Grab v\u1ec1 qu\u00ea, sum v\u1ea7y \u0111\u00f3n T\u1ebft"},"content":{"rendered":"<h3><img loading=\"lazy\" decoding=\"async\" width=\"1200\" height=\"600\" class=\"alignnone size-full wp-image-139998\" src=\"https:\/\/assets.grab.com\/wp-content\/uploads\/sites\/11\/2023\/01\/09181209\/SanBayBenXe_Tet-2023_1200x600.jpg\" alt=\"\" srcset=\"https:\/\/assets.grab.com\/wp-content\/uploads\/sites\/11\/2023\/01\/09181209\/SanBayBenXe_Tet-2023_1200x600.jpg 1200w, https:\/\/assets.grab.com\/wp-content\/uploads\/sites\/11\/2023\/01\/09181209\/SanBayBenXe_Tet-2023_1200x600-250x125.jpg 250w, https:\/\/assets.grab.com\/wp-content\/uploads\/sites\/11\/2023\/01\/09181209\/SanBayBenXe_Tet-2023_1200x600-700x350.jpg 700w, https:\/\/assets.grab.com\/wp-content\/uploads\/sites\/11\/2023\/01\/09181209\/SanBayBenXe_Tet-2023_1200x600-768x384.jpg 768w, https:\/\/assets.grab.com\/wp-content\/uploads\/sites\/11\/2023\/01\/09181209\/SanBayBenXe_Tet-2023_1200x600-120x60.jpg 120w\" sizes=\"(max-width: 1200px) 100vw, 1200px\" \/><\/h3>\n<h3><strong>\u0110\u1eb7t Grab v\u1ec1 qu\u00ea, sum v\u1ea7y \u0111\u00f3n T\u1ebft<\/strong><\/h3>\n<p><span style=\"font-weight: 400\"> T\u1ebft s\u00e1t k\u1ec1, h\u1eb3n ai c\u0169ng n\u00f4n n\u00f3ng v\u1ec1 nh\u00e0 sum v\u1ea7y c\u00f9ng gia \u0111\u00ecnh hay b\u1ea1n b\u00e8. \u0110i ra b\u1ebfn xe hay s\u00e2n bay, \u0111\u1eb7t Grab \u0111\u01b0a \u0111\u00f3n bao ti\u1ec7n l\u1ee3i l\u1ea1i an to\u00e0n nhe!\u00a0<\/span><\/p>\n<p><span style=\"font-weight: 400\">C\u1ee9 \u0111\u1eb7t xe ra b\u1ebfn xe, s\u00e2n bay l\u00e0 ti\u1ebft ki\u1ec7m v\u00ec sau chuy\u1ebfn xe, nh\u1eadn ngay \u01b0u \u0111\u00e3i di chuy\u1ec3n gi\u1ea3m 15% t\u1ed1i \u0111a 30.000\u0111 cho l\u1ea7n \u0111\u1eb7t GrabBike ho\u1eb7c GrabCar ti\u1ebfp theo.\u00a0<\/span><\/p>\n<p><span style=\"font-weight: 400\"> V\u1ec1 nh\u00e0 tha h\u1ed3 vi vu v\u00ec c\u00f3 Grab bao tr\u1ecdn.<\/span><\/p>\n<ul>\n<li style=\"font-weight: 400\"><span style=\"font-weight: 400\">Ho\u00e0n th\u00e0nh chuy\u1ebfn xe b\u1eb1ng d\u1ecbch v\u1ee5 GrabBike ho\u1eb7c GrabCar \u0111\u1ebfn b\u1ebfn xe, s\u00e2n bay nh\u1eadn \u01b0u \u0111\u00e3i di chuy\u1ec3n gi\u1ea3m 15% t\u1ed1i \u0111a 30.000\u0111 cho l\u1ea7n \u0111\u1eb7t GrabBike\/GrabCar ti\u1ebfp theo tr\u00ean to\u00e0n qu\u1ed1c.<\/span><\/li>\n<li style=\"font-weight: 400\"><span style=\"font-weight: 400\">Th\u1eddi gian di\u1ec5n ra ch\u01b0\u01a1ng tr\u00ecnh t\u1eeb 09\/01\/2023 t\u1edbi 21\/01\/2023.<\/span><\/li>\n<li style=\"font-weight: 400\"><span style=\"font-weight: 400\">\u00c1p d\u1ee5ng cho m\u1ecdi ph\u01b0\u01a1ng th\u1ee9c thanh to\u00e1n.<\/span><\/li>\n<li style=\"font-weight: 400\"><span style=\"font-weight: 400\">\u01afu \u0111\u00e3i kh\u00f4ng bao g\u1ed3m ph\u1ee5 ph\u00ed, ng\u01b0\u1eddi d\u00f9ng vui l\u00f2ng thanh to\u00e1n ph\u1ee5 ph\u00ed (n\u1ebfu c\u00f3) v\u1edbi \u0110\u1ed1i t\u00e1c t\u00e0i x\u1ebf.<\/span><\/li>\n<li style=\"font-weight: 400\"><span style=\"font-weight: 400\">Ch\u1ec9 \u00e1p d\u1ee5ng cho ng\u01b0\u1eddi d\u00f9ng nh\u1eadn \u0111\u01b0\u1ee3c th\u00f4ng b\u00e1o.<\/span><\/li>\n<li style=\"font-weight: 400\"><span style=\"font-weight: 400\">Ch\u1ec9 \u00e1p d\u1ee5ng v\u1edbi phi\u00ean b\u1ea3n app m\u1edbi nh\u1ea5t.<\/span><\/li>\n<li style=\"font-weight: 400\"><span style=\"font-weight: 400\">S\u1ed1 l\u01b0\u1ee3ng \u01b0u \u0111\u00e3i gi\u1edbi h\u1ea1n xuy\u00ean su\u1ed1t ch\u01b0\u01a1ng tr\u00ecnh.<\/span><\/li>\n<li style=\"font-weight: 400\"><span style=\"font-weight: 400\">Ch\u01b0\u01a1ng tr\u00ecnh khuy\u1ebfn m\u00e3i c\u00f3 th\u1ec3 k\u1ebft th\u00fac s\u1edbm h\u01a1n d\u1ef1 ki\u1ebfn.<\/span><\/li>\n<li style=\"font-weight: 400\"><span style=\"font-weight: 400\">Danh s\u00e1ch B\u1ebfn xe \u00e1p d\u1ee5ng \u01b0u \u0111\u00e3i:<\/span>\n<ul>\n<li style=\"font-weight: 400\"><b><i>T\u1ea1i H\u00e0 N\u1ed9i:<\/i><\/b><span style=\"font-weight: 400\"> B\u1ebfn xe M\u1ef9 \u0110\u00ecnh; B\u1ebfn xe B\u00e1t Gi\u00e1p; B\u1ebfn xe L\u01b0\u01a1ng Y\u00ean; B\u1ebfn xe N\u01b0\u1edbc Ng\u1ea7m; B\u1ebfn xe Gia L\u00e2m ; B\u1ebfn xe S\u01a1n T\u00e2y; B\u1ebfn xe kh\u00e1ch Th\u01b0\u1ee3ng L\u00fd; B\u1ebfn Xe \u0110an Ph\u01b0\u1ee3ng; B\u1ebfn xe Y\u00ean Ngh\u0129a; Nh\u00e0 Ga H\u00e0 N\u1ed9i; Nh\u00e0 Ga C\u00e1t Linh.<\/span><\/li>\n<li style=\"font-weight: 400\"><b><i>T\u1ea1i TP. H\u1ed3 Ch\u00ed Minh:<\/i><\/b><span style=\"font-weight: 400\"> B\u1ebfn Xe Mi\u1ec1n \u0110\u00f4ng; B\u1ebfn Xe An S\u01b0\u01a1ng; B\u1ebfn Xe Mi\u1ec1n T\u00e2y; B\u1ebfn Xe Qu\u1eadn 8; B\u1ebfn Xe Ch\u1ee3 L\u1edbn; B\u1ebfn Xe Ng\u00e3 T\u01b0 Ga; B\u1ebfn Xe C\u1ee7 Chi; Nh\u00e0 Ga S\u00e0i G\u00f2n<\/span><\/li>\n<\/ul>\n<\/li>\n<li style=\"font-weight: 400\"><span style=\"font-weight: 400\">Danh s\u00e1ch S\u00e2n bay \u00e1p d\u1ee5ng \u01b0u \u0111\u00e3i:<\/span>\n<ul>\n<li style=\"font-weight: 400\"><b><i>T\u1ea1i H\u00e0 N\u1ed9i:<\/i><\/b><span style=\"font-weight: 400\"> S\u00e2n bay N\u1ed9i B\u00e0i<\/span><\/li>\n<li style=\"font-weight: 400\"><b><i>T\u1ea1i TP. H\u1ed3 Ch\u00ed Minh: <\/i><\/b><i>S\u00e2n bay T\u00e2n S\u01a1n Nh\u1ea5t<\/i><\/li>\n<\/ul>\n<\/li>\n<\/ul>","protected":false},"excerpt":{"rendered":"\u0110\u1eb7t Grab v\u1ec1 qu\u00ea, sum v\u1ea7y \u0111\u00f3n T\u1ebft T\u1ebft s\u00e1t k\u1ec1, h\u1eb3n ai c\u0169ng n\u00f4n n\u00f3ng v\u1ec1 nh\u00e0 sum v\u1ea7y c\u00f9ng gia \u0111\u00ecnh hay b\u1ea1n b\u00e8. \u0110i ra b\u1ebfn xe hay s\u00e2n bay, \u0111\u1eb7t Grab \u0111\u01b0a \u0111\u00f3n bao ti\u1ec7n l\u1ee3i l\u1ea1i an to\u00e0n nhe!\u00a0 C\u1ee9 \u0111\u1eb7t xe ra b\u1ebfn xe, s\u00e2n bay l\u00e0 ti\u1ebft ki\u1ec7m [&hellip;]","protected":false},"author":1427,"featured_media":0,"parent":0,"menu_order":0,"comment_status":"closed","ping_status":"closed","template":"","meta":{"_acf_changed":false,"footnotes":""},"acf":[],"_links":{"self":[{"href":"https:\/\/www.grab.com\/vn\/en\/wp-json\/wp\/v2\/pages\/139484"}],"collection":[{"href":"https:\/\/www.grab.com\/vn\/en\/wp-json\/wp\/v2\/pages"}],"about":[{"href":"https:\/\/www.grab.com\/vn\/en\/wp-json\/wp\/v2\/types\/page"}],"author":[{"embeddable":true,"href":"https:\/\/www.grab.com\/vn\/en\/wp-json\/wp\/v2\/users\/1427"}],"replies":[{"embeddable":true,"href":"https:\/\/www.grab.com\/vn\/en\/wp-json\/wp\/v2\/comments?post=139484"}],"version-history":[{"count":9,"href":"https:\/\/www.grab.com\/vn\/en\/wp-json\/wp\/v2\/pages\/139484\/revisions"}],"predecessor-version":[{"id":140000,"href":"https:\/\/www.grab.com\/vn\/en\/wp-json\/wp\/v2\/pages\/139484\/revisions\/140000"}],"wp:attachment":[{"href":"https:\/\/www.grab.com\/vn\/en\/wp-json\/wp\/v2\/media?parent=139484"}],"curies":[{"name":"wp","href":"https:\/\/api.w.org\/{rel}","templated":true}]}}