{"id":136308,"date":"2022-11-24T16:22:38","date_gmt":"2022-11-24T08:22:38","guid":{"rendered":"https:\/\/www.grab.com\/vn\/?page_id=136308"},"modified":"2022-11-24T18:57:17","modified_gmt":"2022-11-24T10:57:17","slug":"thu-thach-di-grabbike-nhan-nhieu-uu-dai-cuc-hap-dan","status":"publish","type":"page","link":"https:\/\/www.grab.com\/vn\/en\/thu-thach-di-grabbike-nhan-nhieu-uu-dai-cuc-hap-dan\/","title":{"rendered":"Th\u1eed th\u00e1ch \u0111i GrabBike nh\u1eadn nhi\u1ec1u \u01b0u \u0111\u00e3i c\u1ef1c h\u1ea5p d\u1eabn"},"content":{"rendered":"<p><img loading=\"lazy\" decoding=\"async\" width=\"2000\" height=\"1333\" class=\"alignnone size-full wp-image-136309\" src=\"https:\/\/assets.grab.com\/wp-content\/uploads\/sites\/11\/2022\/11\/24161708\/Cover-3.jpg\" alt=\"\" \/><\/p>\n<h3><strong>\ud83d\udef5 \u0110\u00e0 N\u1eb5ng \u01a1i!\u00a0 Th\u1eed th\u00e1ch \u0111i GrabBike, nh\u1eadn qu\u00e0 h\u1ea5p d\u1eabn<\/strong><\/h3>\n<p><span style=\"font-weight: 400\">\u2757 Cu\u1ed1i n\u0103m b\u1eadn r\u1ed9n \u201cc\u00e0y\u201d vi\u1ec7c ng\u00e0y \u0111\u00eam, anh ch\u1ecb em \u0110\u00e0 N\u1eb5ng \u0111\u1ec3 GrabBike \u0111\u01b0a \u0111\u00f3n cho an to\u00e0n nhe!\u00a0<\/span><\/p>\n<p><span style=\"font-weight: 400\">\ud83d\udca5C\u1ea7n di chuy\u1ec3n t\u1edbi b\u1ea5t c\u1ee9 \u0111\u00e2u, GrabBike \u0111\u1ec1u \u0111\u01b0a \u0111\u00f3n t\u1eadn t\u00ecnh. Ch\u01b0a h\u1ebft, anh ch\u1ecb em c\u00f2n c\u00f3 c\u01a1 h\u1ed9i nh\u1eadn nhi\u1ec1u ph\u1ea7n qu\u00e0 h\u1ea5p d\u1eabn khi tham gia Th\u1eed th\u00e1ch \u0111i GrabBike n\u1eefa n\u00e8!<\/span><\/p>\n<h4><strong>\ud83d\udcccTh\u1eed th\u00e1ch g\u1ed3m 2 c\u1ea5p \u0111\u1ed9, ai c\u0169ng d\u1ec5 d\u00e0ng th\u1ef1c hi\u1ec7n<\/strong><\/h4>\n<p><span style=\"font-weight: 400\">\u2705 <strong>C\u1ea5p \u0111\u1ed9 1<\/strong>: Ho\u00e0n th\u00e0nh 3 chuy\u1ebfn xe GrabBike &#8211; Nh\u1eadn ngay 1 voucher \u0111i GraBBike\u00a0 \u01b0u \u0111\u00e3i 10% t\u1ed1i \u0111a 20.000\u0111 v\u00e0 1 voucher GrabFood gi\u1ea3m 15.000\u0111<\/span><\/p>\n<p><span style=\"font-weight: 400\">\u2705 <strong>C\u1ea5p \u0111\u1ed9 2:<\/strong> Ho\u00e0n th\u00e0nh th\u00eam 5 chuy\u1ebfn xe GrabBike &#8211; Nh\u1eadn ngay 1 voucher \u0111i GraBBike\u00a0 \u01b0u \u0111\u00e3i 20% t\u1ed1i \u0111a 30.000\u0111 v\u00e0 1 voucher GrabFood gi\u1ea3m 30.000\u0111<\/span><\/p>\n<p>&nbsp;<\/p>\n<h4><span class=\"x2b8uid x39eecv xat24cr xcwd3tp xdj266r x19co3pv x1o6pynw xiy17q3 x1xsqp64\" data-testid=\"emoji\"><span class=\"x1bhl96m x1yqt14a x2fxd7x x18d9i69 xn5pp95 xexx8yu\"><strong>\ud83d\ude0d\u00a0C\u01a1 c\u1ea5u gi\u1ea3i th\u01b0\u1edfng c\u1ef1c h\u1ea5p d\u1eabn \u1edf m\u1ed7i c\u1ea5p \u0111\u1ed9<\/strong>:\u00a0<\/span><\/span><\/h4>\n<p><b><span style=\"font-weight: 400\"><span class=\"x2b8uid x39eecv xat24cr xcwd3tp xdj266r x19co3pv x1o6pynw xiy17q3 x1xsqp64\" data-testid=\"emoji\"><span class=\"x1bhl96m x1yqt14a x2fxd7x x18d9i69 xn5pp95 xexx8yu\">\ud83d\udc9a<\/span><\/span>\u00a0<\/span>C\u1ea5p \u0111\u1ed9 1:<\/b><span style=\"font-weight: 400\"> 300 gi\u1ea3i th\u01b0\u1edfng cho 300 ng\u01b0\u1eddi ch\u01a1i ho\u00e0n th\u00e0nh c\u1ea5p \u0111\u1ed9 1 s\u1edbm nh\u1ea5t. M\u1ed7i gi\u1ea3i bao g\u1ed3m:\u00a0<\/span><\/p>\n<ul>\n<li style=\"list-style-type: none\">\n<ul>\n<li style=\"font-weight: 400\"><span style=\"font-weight: 400\">01 m\u00e3 \u01b0u \u0111\u00e3i gi\u1ea3m 15% c\u01b0\u1edbc ph\u00ed chuy\u1ebfn xe cho l\u1ea7n \u0111\u1eb7t d\u1ecbch v\u1ee5 GrabBike ti\u1ebfp theo, gi\u1ea3m t\u1ed1i \u0111a 20.000\u0111.\u00a0<\/span><\/li>\n<li style=\"font-weight: 400\"><span style=\"font-weight: 400\">01 m\u00e3 \u01b0u \u0111\u00e3i gi\u1ea3m 15.000\u0111 \u00e1p d\u1ee5ng cho \u0111\u01a1n h\u00e0ng GrabFood c\u00f3 gi\u00e1 tr\u1ecb t\u1eeb 30.000\u0111.\u00a0<\/span><\/li>\n<\/ul>\n<\/li>\n<\/ul>\n<p><b><span style=\"font-weight: 400\"><span class=\"x2b8uid x39eecv xat24cr xcwd3tp xdj266r x19co3pv x1o6pynw xiy17q3 x1xsqp64\" data-testid=\"emoji\"><span class=\"x1bhl96m x1yqt14a x2fxd7x x18d9i69 xn5pp95 xexx8yu\">\ud83d\udc9a <\/span><\/span><\/span>C\u1ea5p \u0111\u1ed9 2:<\/b><span style=\"font-weight: 400\"> 200 gi\u1ea3i th\u01b0\u1edfng cho 200 ng\u01b0\u1eddi ch\u01a1i ho\u00e0n th\u00e0nh c\u1ea5p \u0111\u1ed9 2 s\u1edbm nh\u1ea5t. M\u1ed7i gi\u1ea3i bao g\u1ed3m:\u00a0<\/span><\/p>\n<ul>\n<li style=\"list-style-type: none\">\n<ul>\n<li style=\"font-weight: 400\"><span style=\"font-weight: 400\">03 m\u00e3 \u01b0u \u0111\u00e3i gi\u1ea3m 20% c\u01b0\u1edbc ph\u00ed chuy\u1ebfn xe cho l\u1ea7n \u0111\u1eb7t d\u1ecbch v\u1ee5 GrabBike ti\u1ebfp theo, gi\u1ea3m t\u1ed1i \u0111a 30.000\u0111. .\u00a0<\/span><\/li>\n<li style=\"font-weight: 400\"><span style=\"font-weight: 400\">01 m\u00e3 \u01b0u \u0111\u00e3i gi\u1ea3m 30.000\u0111 \u00e1p d\u1ee5ng cho \u0111\u01a1n h\u00e0ng GrabFood c\u00f3 gi\u00e1 tr\u1ecb t\u1eeb 60.000\u0111.<\/span><\/li>\n<\/ul>\n<\/li>\n<\/ul>\n<p><b>L\u01b0u \u00fd:<\/b><span style=\"font-weight: 400\"> C\u00e1c \u01b0u \u0111\u00e3i \u1edf m\u1ed7i c\u1ea5p \u0111\u1ed9 ch\u1ec9 \u00e1p d\u1ee5ng cho ph\u01b0\u01a1ng th\u1ee9c thanh to\u00e1n b\u1eb1ng th\u1ebb\/v\u00ed \u0111i\u1ec7n t\u1eed Moca tr\u00ean \u1ee9ng d\u1ee5ng Grab.<\/span><\/p>\n<p>&nbsp;<\/p>\n<h4><b>Quy \u0111\u1ecbnh c\u1ee7a th\u1eed th\u00e1ch:\u00a0<\/b><\/h4>\n<ul>\n<li style=\"font-weight: 400\"><span style=\"font-weight: 400\">Th\u1eed th\u00e1ch ch\u1ec9 \u00e1p d\u1ee5ng cho ng\u01b0\u1eddi ch\u01a1i t\u1ea1i khu v\u1ef1c th\u00e0nh ph\u1ed1 \u0110\u00e0 N\u1eb5ng \u0111\u01b0\u1ee3c hi\u1ec3n th\u1ecb \u201cTh\u1eed th\u00e1ch \u0111i GrabBike nh\u1eadn \u01b0u \u0111\u00e3i h\u1ea5p d\u1eabn\u201d trong m\u1ee5c \u201cTh\u1eed Th\u00e1ch\u201d tr\u00ean \u1ee9ng d\u1ee5ng Grab k\u1ec3 t\u1eeb 00h00\u2019 ng\u00e0y 28\/11\/2022. Theo \u0111\u00f3, ng\u01b0\u1eddi ch\u01a1i c\u1ea7n ch\u1ecdn \u201cCh\u1ea5p nh\u1eadn th\u1eed th\u00e1ch\u201d \u0111\u1ec3 tham gia ch\u01b0\u01a1ng tr\u00ecnh.<\/span><\/li>\n<li style=\"font-weight: 400\"><span style=\"font-weight: 400\">Th\u1eed th\u00e1ch k\u00e9o d\u00e0i t\u1eeb 00h00\u2019 ng\u00e0y 28\/11\/2022 \u0111\u1ebfn 23h59\u2019 ng\u00e0y 11\/12\/2022.<\/span><\/li>\n<li style=\"font-weight: 400\"><span style=\"font-weight: 400\">Th\u1eed th\u00e1ch kh\u00f4ng \u0111\u01b0\u1ee3c th\u1ef1c hi\u1ec7n d\u01b0\u1edbi h\u00ecnh th\u1ee9c chia s\u1ebb. M\u1ed7i Th\u1eed th\u00e1ch ch\u1ec9 d\u00e0nh cho m\u1ed9t t\u00e0i kho\u1ea3n Grab, d\u1ef1a tr\u00ean quy\u1ec1n truy c\u1eadp Th\u1eed th\u00e1ch hi\u1ec3n th\u1ecb tr\u00ean \u1ee9ng d\u1ee5ng.<\/span><\/li>\n<li style=\"font-weight: 400\"><span style=\"font-weight: 400\">Th\u1eed th\u00e1ch n\u00e0y kh\u00f4ng th\u1ec3 \u0111\u01b0\u1ee3c th\u1ef1c hi\u1ec7n l\u1ea1i sau khi \u0111\u00e3 ho\u00e0n th\u00e0nh ho\u1eb7c th\u1eddi gian quy \u0111\u1ecbnh \u0111\u00e3 k\u1ebft th\u00fac.<\/span><\/li>\n<li style=\"font-weight: 400\"><span style=\"font-weight: 400\">M\u00e3 \u01b0u \u0111\u00e3i cho d\u1ecbch v\u1ee5 GrabBike v\u00e0 d\u1ecbch v\u1ee5 GrabFood ch\u1ec9 \u0111\u01b0\u1ee3c \u00e1p d\u1ee5ng t\u1ea1i khu v\u1ef1c th\u00e0nh ph\u1ed1 \u0110\u00e0 N\u1eb5ng. \u00c1p d\u1ee5ng cho h\u00ecnh th\u1ee9c thanh to\u00e1n b\u1eb1ng th\u1ebb\/v\u00ed Moca tr\u00ean \u1ee9ng d\u1ee5ng Grab. Th\u1eddi h\u1ea1n s\u1eed d\u1ee5ng t\u1eeb ng\u00e0y nh\u1eadn \u0111\u01b0\u1ee3c m\u00e3 \u01b0u \u0111\u00e3i \u0111\u1ebfn h\u1ebft ng\u00e0y 18\/12\/2022.<\/span><\/li>\n<li style=\"font-weight: 400\"><span style=\"font-weight: 400\">Sau khi ho\u00e0n th\u00e0nh c\u00e1c c\u1ea5p \u0111\u1ed9 1 v\u00e0 2 c\u1ee7a th\u1eed th\u00e1ch, c\u00e1c m\u00e3 \u01b0u \u0111\u00e3i s\u1ebd \u0111\u01b0\u1ee3c t\u1ef1 \u0111\u1ed9ng g\u1eedi v\u00e0o m\u1ee5c \u201c\u01afu \u0111\u00e3i c\u1ee7a t\u00f4i\/ My Rewards\u201d c\u1ee7a ng\u01b0\u1eddi ch\u01a1i tr\u00ean \u1ee9ng d\u1ee5ng Grab. Ng\u01b0\u1eddi ch\u01a1i th\u1ef1c hi\u1ec7n theo c\u00e1c b\u01b0\u1edbc sau \u0111\u1ec3 ki\u1ec3m tra c\u00e1c m\u00e3 \u01b0u \u0111\u00e3i:\u00a0<\/span>\n<ul>\n<li style=\"font-weight: 400\"><span style=\"font-weight: 400\">B\u01b0\u1edbc 1: V\u00e0o m\u1ee5c \u201cRewards\u201d tr\u00ean \u1ee9ng d\u1ee5ng Grab<\/span><\/li>\n<li style=\"font-weight: 400\"><span style=\"font-weight: 400\">B\u01b0\u1edbc 2: Ch\u1ecdn m\u1ee5c \u201c\u01afu \u0111\u00e3i c\u1ee7a t\u00f4i\/My Rewards\u201d \u0111\u1ec3 ki\u1ec3m tra v\u00e0 s\u1eed d\u1ee5ng c\u00e1c m\u00e3 \u01b0u \u0111\u00e3i\u00a0<\/span><\/li>\n<\/ul>\n<\/li>\n<li><span style=\"font-weight: 400\">Grab c\u00f3 to\u00e0n quy\u1ec1n t\u1eeb ch\u1ed1i trao gi\u1ea3i, t\u01b0\u1edbc quy\u1ec1n tham d\u1ef1 n\u1ebfu nghi ng\u1edd ho\u1eb7c ph\u00e1t hi\u1ec7n ng\u01b0\u1eddi ch\u01a1i th\u1ef1c hi\u1ec7n b\u1ea5t k\u1ef3 h\u00e0nh vi gian l\u1eadn, gi\u1ea3 m\u1ea1o n\u00e0o trong qu\u00e1 tr\u00ecnh tham d\u1ef1 ch\u01b0\u01a1ng tr\u00ecnh d\u01b0\u1edbi b\u1ea5t k\u1ef3 h\u00ecnh th\u1ee9c n\u00e0o ho\u1eb7c qu\u00e1 tr\u00ecnh tham gia ch\u01b0\u01a1ng tr\u00ecnh vi ph\u1ea1m c\u00e1c quy \u0111\u1ecbnh ph\u00e1p lu\u1eadt hi\u1ec7n h\u00e0nh kh\u00e1c v\u00e0\/ ho\u1eb7c quy \u0111\u1ecbnh, ch\u00ednh s\u00e1ch Grab.\u00a0<\/span><\/li>\n<li><span style=\"font-weight: 400\">Grab c\u00f3 to\u00e0n quy\u1ec1n quy\u1ebft \u0111\u1ecbnh \u0111i\u1ec1u ki\u1ec7n, x\u00e1c \u0111\u1ecbnh ng\u01b0\u1eddi th\u1eafng gi\u1ea3i, thay \u0111\u1ed5i th\u1ec3 l\u1ec7 v\u00e0 \u0111i\u1ec1u kho\u1ea3n c\u1ee7a ch\u01b0\u01a1ng tr\u00ecnh n\u00e0y v\u00e0 c\u00f3 th\u00f4ng b\u00e1o tr\u01b0\u1edbc \u0111\u1ebfn ng\u01b0\u1eddi ch\u01a1i. C\u00e1c n\u1ed9i dung \u0111\u01b0\u1ee3c thay \u0111\u1ed5i n\u00e0y \u0111\u1ea3m b\u1ea3o kh\u00f4ng g\u00e2y b\u1ea5t l\u1ee3i cho ng\u01b0\u1eddi ch\u01a1i v\u00e0 s\u1ebd m\u1eb7c nhi\u00ean c\u00f3 hi\u1ec7u l\u1ef1c v\u00e0 \u0111\u01b0\u1ee3c \u00e1p d\u1ee5ng \u0111\u1ec3 \u0111i\u1ec1u ch\u1ec9nh c\u00e1c v\u1ea5n \u0111\u1ec1 li\u00ean quan \u0111\u1ebfn ch\u01b0\u01a1ng tr\u00ecnh.\u00a0<\/span><\/li>\n<li><span style=\"font-weight: 400\">T\u1ea5t c\u1ea3 c\u00e1c \u01b0u \u0111\u00e3i\/gi\u1ea3i th\u01b0\u1edfng \u0111\u1ec1u kh\u00f4ng c\u00f3 gi\u00e1 tr\u1ecb chuy\u1ec3n nh\u01b0\u1ee3ng v\u00e0 quy \u0111\u1ed5i th\u00e0nh ti\u1ec1n m\u1eb7t ho\u1eb7c t\u00edn d\u1ee5ng c\u00f3 gi\u00e1 tr\u1ecb t\u01b0\u01a1ng \u0111\u01b0\u01a1ng n\u00e0o.<\/span><\/li>\n<li><span style=\"font-weight: 400\">Ng\u01b0\u1eddi ch\u01a1i \u0111\u1ed3ng \u00fd r\u1eb1ng quy\u1ebft \u0111\u1ecbnh c\u1ee7a Grab l\u00e0 quy\u1ebft \u0111\u1ecbnh cu\u1ed1i c\u00f9ng v\u00e0 c\u00f3 hi\u1ec7u l\u1ef1c \u00e1p d\u1ee5ng. M\u1ecdi tranh ch\u1ea5p gi\u1eefa Grab v\u00e0 ng\u01b0\u1eddi ch\u01a1i ph\u00e1t sinh t\u1eeb ho\u1eb7c li\u00ean quan \u0111\u1ebfn ch\u01b0\u01a1ng tr\u00ecnh (n\u1ebfu c\u00f3) s\u1ebd \u0111\u01b0\u1ee3c gi\u1ea3i quy\u1ebft theo quy tr\u00ecnh do Grab c\u00f4ng b\u1ed1 v\u00e0 \u00e1p d\u1ee5ng t\u1ea1i t\u1eebng th\u1eddi \u0111i\u1ec3m.<\/span><\/li>\n<li><span style=\"font-weight: 400\">Ng\u01b0\u1eddi tr\u00fang th\u01b0\u1edfng ph\u1ea3i \u0111\u1ed5i\/nh\u1eadn t\u1ea5t c\u1ea3 gi\u1ea3i th\u01b0\u1edfng trong th\u1eddi h\u1ea1n \u0111\u01b0\u1ee3c th\u00f4ng b\u00e1o b\u1edfi Grab. M\u1ecdi ph\u1ea7n th\u01b0\u1edfng kh\u00f4ng \u0111\u01b0\u1ee3c \u0111\u1ed5i\/nh\u1eadn trong th\u1eddi gian n\u00e0y s\u1ebd \u0111\u01b0\u1ee3c thu h\u1ed3i ho\u1eb7c ti\u00eau h\u1ee7y ho\u1eb7c quy\u00ean g\u00f3p ho\u1eb7c h\u00ecnh th\u1ee9c kh\u00e1c theo to\u00e0n quy\u1ec1n quy\u1ebft \u0111\u1ecbnh c\u1ee7a Grab ho\u1eb7c theo quy \u0111\u1ecbnh c\u1ee7a ph\u00e1p lu\u1eadt hi\u1ec7n h\u00e0nh. Grab s\u1ebd kh\u00f4ng gi\u1ea3i quy\u1ebft b\u1ea5t k\u00ec khi\u1ebfu n\u1ea1i ho\u1eb7c y\u00eau c\u1ea7u b\u1ed3i th\u01b0\u1eddng n\u00e0o li\u00ean quan \u0111\u1ebfn tr\u01b0\u1eddng h\u1ee3p n\u00e0y.<\/span><\/li>\n<li><span style=\"font-weight: 400\">B\u1eb1ng vi\u1ec7c tham gia ch\u01b0\u01a1ng tr\u00ecnh n\u00e0y, b\u1ea1n x\u00e1c nh\u1eadn \u0111\u00e3 hi\u1ec3u v\u00e0 ch\u1ea5p thu\u1eadn to\u00e0n b\u1ed9 \u0111i\u1ec1u kho\u1ea3n v\u00e0 \u0111i\u1ec1u ki\u1ec7n quy \u0111\u1ecbnh t\u1ea1i th\u1ec3 l\u1ec7 n\u00e0y.<\/span><\/li>\n<li><span style=\"font-weight: 400\">Nh\u1eefng \u0111i\u1ec1u kho\u1ea3n v\u00e0 \u0111i\u1ec1u ki\u1ec7n c\u1ee7a ch\u01b0\u01a1ng tr\u00ecnh n\u00e0y \u0111\u01b0\u1ee3c \u0111i\u1ec1u ch\u1ec9nh b\u1edfi ph\u00e1p lu\u1eadt c\u1ee7a Vi\u1ec7t Nam. Trong tr\u01b0\u1eddng h\u1ee3p c\u00f3 tranh ch\u1ea5p, C\u00e1c B\u00ean s\u1ebd \u01b0u ti\u00ean gi\u1ea3i quy\u1ebft b\u1eb1ng h\u00f2a gi\u1ea3i v\u00e0 th\u01b0\u01a1ng l\u01b0\u1ee3ng. Trong tr\u01b0\u1eddng h\u1ee3p C\u00e1c B\u00ean kh\u00f4ng th\u1ecfa thu\u1eadn \u0111\u01b0\u1ee3c v\u1edbi nhau v\u1ec1 vi\u1ec7c gi\u1ea3i quy\u1ebft tranh ch\u1ea5p trong v\u00f2ng 30 (ba m\u01b0\u01a1i) ng\u00e0y k\u1ec3 t\u1eeb ng\u00e0y x\u1ea3y ra Tranh Ch\u1ea5p, C\u00e1c B\u00ean c\u00f3 quy\u1ec1n y\u00eau c\u1ea7u Trung t\u00e2m tr\u1ecdng t\u00e0i qu\u1ed1c t\u1ebf Vi\u1ec7t Nam (\u201cVIAC\u201d) b\u00ean c\u1ea1nh Ph\u00f2ng Th\u01b0\u01a1ng m\u1ea1i v\u00e0 C\u00f4ng nghi\u1ec7p Vi\u1ec7t Nam (\u201cVCCI\u201d) gi\u1ea3i quy\u1ebft theo th\u1ee7 t\u1ee5c t\u1ed1 t\u1ee5ng c\u1ee7a c\u01a1 quan tr\u1ecdng t\u00e0i n\u00e0y. N\u01a1i gi\u1ea3i quy\u1ebft tranh ch\u1ea5p s\u1ebd t\u1ea1i Th\u00e0nh ph\u1ed1 H\u1ed3 Ch\u00ed Minh. Ng\u00f4n ng\u1eef gi\u1ea3i quy\u1ebft tranh ch\u1ea5p s\u1ebd b\u1eb1ng Ti\u1ebfng Vi\u1ec7<\/span><span style=\"font-weight: 400\">t. <\/span><\/li>\n<\/ul>\n<p>&nbsp;<\/p>\n<p>#GrabBike #Grab<\/p>","protected":false},"excerpt":{"rendered":"\ud83d\udef5 \u0110\u00e0 N\u1eb5ng \u01a1i!\u00a0 Th\u1eed th\u00e1ch \u0111i GrabBike, nh\u1eadn qu\u00e0 h\u1ea5p d\u1eabn \u2757 Cu\u1ed1i n\u0103m b\u1eadn r\u1ed9n \u201cc\u00e0y\u201d vi\u1ec7c ng\u00e0y \u0111\u00eam, anh ch\u1ecb em \u0110\u00e0 N\u1eb5ng \u0111\u1ec3 GrabBike \u0111\u01b0a \u0111\u00f3n cho an to\u00e0n nhe!\u00a0 \ud83d\udca5C\u1ea7n di chuy\u1ec3n t\u1edbi b\u1ea5t c\u1ee9 \u0111\u00e2u, GrabBike \u0111\u1ec1u \u0111\u01b0a \u0111\u00f3n t\u1eadn t\u00ecnh. Ch\u01b0a h\u1ebft, anh ch\u1ecb em c\u00f2n c\u00f3 c\u01a1 [&hellip;]","protected":false},"author":1428,"featured_media":0,"parent":0,"menu_order":0,"comment_status":"closed","ping_status":"closed","template":"","meta":{"_acf_changed":false,"footnotes":""},"acf":[],"_links":{"self":[{"href":"https:\/\/www.grab.com\/vn\/en\/wp-json\/wp\/v2\/pages\/136308"}],"collection":[{"href":"https:\/\/www.grab.com\/vn\/en\/wp-json\/wp\/v2\/pages"}],"about":[{"href":"https:\/\/www.grab.com\/vn\/en\/wp-json\/wp\/v2\/types\/page"}],"author":[{"embeddable":true,"href":"https:\/\/www.grab.com\/vn\/en\/wp-json\/wp\/v2\/users\/1428"}],"replies":[{"embeddable":true,"href":"https:\/\/www.grab.com\/vn\/en\/wp-json\/wp\/v2\/comments?post=136308"}],"version-history":[{"count":2,"href":"https:\/\/www.grab.com\/vn\/en\/wp-json\/wp\/v2\/pages\/136308\/revisions"}],"predecessor-version":[{"id":136360,"href":"https:\/\/www.grab.com\/vn\/en\/wp-json\/wp\/v2\/pages\/136308\/revisions\/136360"}],"wp:attachment":[{"href":"https:\/\/www.grab.com\/vn\/en\/wp-json\/wp\/v2\/media?parent=136308"}],"curies":[{"name":"wp","href":"https:\/\/api.w.org\/{rel}","templated":true}]}}