{"id":135686,"date":"2022-11-16T16:02:19","date_gmt":"2022-11-16T08:02:19","guid":{"rendered":"https:\/\/www.grab.com\/vn\/?page_id=135686"},"modified":"2022-11-16T16:04:09","modified_gmt":"2022-11-16T08:04:09","slug":"thu-thach-di-grabcar-tai-da-nang-thang-iphone-14-pro-max-256gb","status":"publish","type":"page","link":"https:\/\/www.grab.com\/vn\/en\/thu-thach-di-grabcar-tai-da-nang-thang-iphone-14-pro-max-256gb\/","title":{"rendered":"Th\u1eed th\u00e1ch \u0111i GrabCar t\u1ea1i \u0110\u00e0 N\u1eb5ng th\u1eafng iPhone 14 Pro Max 256GB"},"content":{"rendered":"<h3><img loading=\"lazy\" decoding=\"async\" width=\"1200\" height=\"600\" class=\"alignnone size-full wp-image-135695\" src=\"https:\/\/assets.grab.com\/wp-content\/uploads\/sites\/11\/2022\/11\/16155912\/Cover_1200x600_15112022.jpg\" alt=\"\" srcset=\"https:\/\/assets.grab.com\/wp-content\/uploads\/sites\/11\/2022\/11\/16155912\/Cover_1200x600_15112022.jpg 1200w, https:\/\/assets.grab.com\/wp-content\/uploads\/sites\/11\/2022\/11\/16155912\/Cover_1200x600_15112022-250x125.jpg 250w, https:\/\/assets.grab.com\/wp-content\/uploads\/sites\/11\/2022\/11\/16155912\/Cover_1200x600_15112022-700x350.jpg 700w, https:\/\/assets.grab.com\/wp-content\/uploads\/sites\/11\/2022\/11\/16155912\/Cover_1200x600_15112022-768x384.jpg 768w, https:\/\/assets.grab.com\/wp-content\/uploads\/sites\/11\/2022\/11\/16155912\/Cover_1200x600_15112022-120x60.jpg 120w\" sizes=\"(max-width: 1200px) 100vw, 1200px\" \/><\/h3>\n<h3><strong>\ud83e\udd47 \u0110\u00e0 N\u1eb5ng \u01a1i c\u00f9ng tham gia th\u1eed th\u00e1ch si\u00eau \u0111\u01a1n gi\u1ea3n \u0111\u1ec3 c\u00f3 c\u01a1 h\u1ed9i tr\u00fang iPhone 14 Pro Max 256GB c\u1ef1c &#8220;hot&#8221; v\u00e0 nhi\u1ec1u m\u00e3 \u01b0u \u0111\u00e3i di chuy\u1ec3n h\u1ea5p d\u1eabn<\/strong><\/h3>\n<h4><span class=\"x2b8uid x39eecv xat24cr xcwd3tp xdj266r x19co3pv x1o6pynw xiy17q3 x1xsqp64\" data-testid=\"emoji\"><span class=\"x1bhl96m x1yqt14a x2fxd7x x18d9i69 xn5pp95 xexx8yu\"><strong>\ud83d\ude0d C\u00e1c b\u01b0\u1edbc tham gia<\/strong>:\u00a0<\/span><\/span><\/h4>\n<p><span style=\"font-weight: 400\">\ud83d\udd39 B\u01b0\u1edbc 1: Ch\u1ecdn m\u1ee5c \u201cTh\u1eed th\u00e1ch\u201d trong \u1ee9ng d\u1ee5ng Grab.<\/span><\/p>\n<p><span style=\"font-weight: 400\">\ud83d\udd39 B\u01b0\u1edbc 2: Ch\u1ecdn \u201cTh\u1eed th\u00e1ch \u0111i GrabCar th\u1eafng <strong>iPhone 14 Pro Max 256GB<\/strong>\u201d, sau \u0111\u00f3 ch\u1ecdn \u201cCh\u1ea5p nh\u1eadn th\u1eed th\u00e1ch\u201d v\u00e0 ho\u00e0n th\u00e0nh c\u00e1c m\u1ed1c th\u1eed th\u00e1ch tr\u01b0\u1edbc 23h59\u2019 ng\u00e0y dd\/mm\/yyyy.\u00a0<\/span><\/p>\n<p><span style=\"font-weight: 400\">Ch\u01b0\u01a1ng tr\u00ecnh \u00e1p d\u1ee5ng t\u1ea1i khu v\u1ef1c Th\u00e0nh ph\u1ed1 \u0110\u00e0 N\u1eb5ng.<\/span><\/p>\n<h4><span class=\"x2b8uid x39eecv xat24cr xcwd3tp xdj266r x19co3pv x1o6pynw xiy17q3 x1xsqp64\" data-testid=\"emoji\"><span class=\"x1bhl96m x1yqt14a x2fxd7x x18d9i69 xn5pp95 xexx8yu\"><strong>\ud83d\ude0d C\u00e1c c\u1ea5p \u0111\u1ed9 c\u1ee7a th\u1eed th\u00e1ch<\/strong>:\u00a0<\/span><\/span><\/h4>\n<p><span style=\"font-weight: 400\">\u201cTh\u1eed th\u00e1ch \u0111i GrabCar t\u1ea1i \u0110\u00e0 N\u1eb5ng th\u1eafng iPhone 14 Pro Max 256GB\u201d s\u1ebd c\u00f3 <\/span><span style=\"font-weight: 400\">4<\/span><span style=\"font-weight: 400\"> c\u1ea5p \u0111\u1ed9 nh\u01b0 sau:<\/span><\/p>\n<p><span style=\"font-weight: 400\">\ud83d\udd39 C\u1ea5p \u0111\u1ed9 1: Ho\u00e0n th\u00e0nh 1 chuy\u1ebfn xe GrabCar\/GrabCar Plus &#8211; Nh\u1eadn ngay 01 m\u00e3 \u01b0u \u0111\u00e3i gi\u1ea3m 20% c\u01b0\u1edbc ph\u00ed chuy\u1ebfn xe cho l\u1ea7n \u0111\u1eb7t d\u1ecbch v\u1ee5 GrabCar\/ GrabCar Plus ti\u1ebfp theo, gi\u1ea3m t\u1ed1i \u0111a 50.000\u0111.\u00a0<\/span><\/p>\n<p><span style=\"font-weight: 400\">\ud83d\udd39 C\u1ea5p \u0111\u1ed9 2: Ho\u00e0n th\u00e0nh ti\u1ebfp 3 chuy\u1ebfn xe GrabCar\/GrabCar Plus &#8211; Nh\u1eadn ngay 01 m\u00e3 \u01b0u \u0111\u00e3i gi\u1ea3m 25% c\u01b0\u1edbc ph\u00ed chuy\u1ebfn xe cho l\u1ea7n \u0111\u1eb7t d\u1ecbch v\u1ee5 GrabCar\/ GrabCar Plus ti\u1ebfp theo,\u00a0 gi\u1ea3m t\u1ed1i \u0111a 50.000\u0111.\u00a0<\/span><\/p>\n<p><span style=\"font-weight: 400\">\ud83d\udd39 C\u1ea5p \u0111\u1ed9 3: Ho\u00e0n th\u00e0nh ti\u1ebfp 5 chuy\u1ebfn xe GrabCar\/GrabCar Plus &#8211; Nh\u1eadn ngay 02 m\u00e3 \u01b0u \u0111\u00e3i gi\u1ea3m 25% c\u01b0\u1edbc ph\u00ed chuy\u1ebfn xe cho (c\u00e1c) l\u1ea7n \u0111\u1eb7t d\u1ecbch v\u1ee5 \u0111i GrabCar\/ GrabCar Plus ti\u1ebfp theo, gi\u1ea3m t\u1ed1i \u0111a 50.000\u0111 v\u00e0 \u0111\u01b0\u1ee3c tham gia c\u1ea5p \u0111\u1ed9 4.<\/span><\/p>\n<p><span style=\"font-weight: 400\">\ud83d\udd39 C\u1ea5p \u0111\u1ed9 4: Ti\u1ebfp t\u1ee5c ho\u00e0n th\u00e0nh c\u00e1c chuy\u1ebfn xe GrabCar\/ GrabCar Plus \u0111\u1ec3 \u0111\u1ea1t t\u1ed5ng gi\u00e1 tr\u1ecb c\u01b0\u1edbc ph\u00ed di chuy\u1ec3n cao nh\u1ea5t tr\u01b0\u1edbc 23h59\u2019 ng\u00e0y dd\/mm\/yyyy v\u00e0 c\u01a1 h\u1ed9i th\u1eafng Gi\u1ea3i \u0110\u1eb7c Bi\u1ec7t l\u00e0 iPhone 14 Pro Max 256GB (m\u00e0u ng\u1eabu nhi\u00ean).\u00a0\u00a0<\/span><\/p>\n<p><span style=\"font-weight: 400\">L\u01b0u \u00fd: T\u1ed5ng gi\u00e1 tr\u1ecb c\u01b0\u1edbc ph\u00ed di chuy\u1ec3n l\u00e0 t\u1ed5ng c\u01b0\u1edbc ph\u00ed c\u1ee7a t\u1ea5t c\u1ea3 c\u00e1c chuy\u1ebfn xe m\u00e0 ng\u01b0\u1eddi ch\u01a1i \u0111\u00e3 ho\u00e0n th\u00e0nh t\u1eeb khi b\u1eaft \u0111\u1ea7u c\u1ea5p \u0111\u1ed9 4 \u0111\u1ebfn tr\u01b0\u1edbc 23h59\u2019 ng\u00e0y dd\/mm\/yyyy, sau khi tr\u1eeb \u0111i c\u00e1c m\u00e3 \u01b0u \u0111\u00e3i \u0111\u01b0\u1ee3c \u00e1p d\u1ee5ng (n\u1ebfu c\u00f3).\u00a0<\/span><\/p>\n<p><span style=\"font-weight: 400\">B\u00ean c\u1ea1nh \u0111\u00f3, sau khi k\u1ebft th\u00fac ch\u01b0\u01a1ng tr\u00ecnh (v\u00e0o l\u00fac 23h59\u2019 ng\u00e0y dd\/mm\/yyyy), t\u1ea5t c\u1ea3 ng\u01b0\u1eddi ch\u01a1i tham gia c\u1ea5p \u0111\u1ed9 4 \u0111\u1ec1u s\u1ebd nh\u1eadn \u0111\u01b0\u1ee3c 05 m\u00e3 \u01b0u \u0111\u00e3i gi\u1ea3m 30% c\u01b0\u1edbc ph\u00ed chuy\u1ebfn xe cho l\u1ea7n \u0111\u1eb7t GrabCar\/ GrabCar Plus, gi\u1ea3m t\u1ed1i \u0111a 100.000\u0111.<\/span><\/p>\n<h4><span class=\"x2b8uid x39eecv xat24cr xcwd3tp xdj266r x19co3pv x1o6pynw xiy17q3 x1xsqp64\" data-testid=\"emoji\"><span class=\"x1bhl96m x1yqt14a x2fxd7x x18d9i69 xn5pp95 xexx8yu\"><strong>\ud83d\ude0d C\u01a1 c\u1ea5u gi\u1ea3i th\u01b0\u1edfng c\u1ef1c h\u1ea5p d\u1eabn \u1edf m\u1ed7i c\u1ea5p \u0111\u1ed9<\/strong>:\u00a0<\/span><\/span><\/h4>\n<p><b><span class=\"x2b8uid x39eecv xat24cr xcwd3tp xdj266r x19co3pv x1o6pynw xiy17q3 x1xsqp64\" data-testid=\"emoji\"><span class=\"x1bhl96m x1yqt14a x2fxd7x x18d9i69 xn5pp95 xexx8yu\">\ud83d\udc9a<\/span><\/span> C\u1ea5p \u0111\u1ed9 1:<\/b><span style=\"font-weight: 400\"> 300 gi\u1ea3i th\u01b0\u1edfng cho 300 ng\u01b0\u1eddi ch\u01a1i ho\u00e0n th\u00e0nh c\u1ea5p \u0111\u1ed9 1 s\u1edbm nh\u1ea5t, m\u1ed7i gi\u1ea3i l\u00e0 01 m\u00e3 \u01b0u \u0111\u00e3i 20% c\u01b0\u1edbc ph\u00ed chuy\u1ebfn xe cho l\u1ea7n \u0111\u1eb7t d\u1ecbch v\u1ee5 GrabCar\/ GrabCar Plus, gi\u1ea3m t\u1ed1i \u0111a 50.000\u0111\u00a0<\/span><\/p>\n<p><b><span class=\"x2b8uid x39eecv xat24cr xcwd3tp xdj266r x19co3pv x1o6pynw xiy17q3 x1xsqp64\" data-testid=\"emoji\"><span class=\"x1bhl96m x1yqt14a x2fxd7x x18d9i69 xn5pp95 xexx8yu\">\ud83d\udc9a<\/span><\/span> C\u1ea5p \u0111\u1ed9 2:<\/b><span style=\"font-weight: 400\"> 200 gi\u1ea3i th\u01b0\u1edfng cho 200 ng\u01b0\u1eddi ch\u01a1i ho\u00e0n th\u00e0nh c\u1ea5p \u0111\u1ed9 2 s\u1edbm nh\u1ea5t, m\u1ed7i gi\u1ea3i l\u00e0 01 m\u00e3 \u01b0u \u0111\u00e3i 25% c\u01b0\u1edbc ph\u00ed chuy\u1ebfn xe cho l\u1ea7n \u0111\u1eb7t d\u1ecbch v\u1ee5 GrabCar\/ GrabCar Plus, gi\u1ea3m t\u1ed1i \u0111a 50.000\u0111\u00a0<\/span><\/p>\n<p><b><span class=\"x2b8uid x39eecv xat24cr xcwd3tp xdj266r x19co3pv x1o6pynw xiy17q3 x1xsqp64\" data-testid=\"emoji\"><span class=\"x1bhl96m x1yqt14a x2fxd7x x18d9i69 xn5pp95 xexx8yu\">\ud83d\udc9a <\/span><\/span>C\u1ea5p \u0111\u1ed9 3: <\/b><span style=\"font-weight: 400\">200 gi\u1ea3i th\u01b0\u1edfng cho 200 ng\u01b0\u1eddi ch\u01a1i ho\u00e0n th\u00e0nh c\u1ea5p \u0111\u1ed9 3 s\u1edbm nh\u1ea5t, m\u1ed7i gi\u1ea3i l\u00e0 02 m\u00e3 \u01b0u \u0111\u00e3i 25% c\u01b0\u1edbc ph\u00ed chuy\u1ebfn xe cho l\u1ea7n \u0111\u1eb7t d\u1ecbch v\u1ee5 \u0111i GrabCar\/ GrabCar Plus, gi\u1ea3m t\u1ed1i \u0111a 50.000\u0111.<\/span><\/p>\n<p><b><span class=\"x2b8uid x39eecv xat24cr xcwd3tp xdj266r x19co3pv x1o6pynw xiy17q3 x1xsqp64\" data-testid=\"emoji\"><span class=\"x1bhl96m x1yqt14a x2fxd7x x18d9i69 xn5pp95 xexx8yu\">\ud83d\udc9a <\/span><\/span>C\u1ea5p \u0111\u1ed9 4: <\/b><span style=\"font-weight: 400\">02 Gi\u1ea3i \u0110\u1eb7c Bi\u1ec7t, d\u00e0nh cho 02 ng\u01b0\u1eddi ch\u01a1i c\u00f3 t\u1ed5ng gi\u00e1 tr\u1ecb c\u01b0\u1edbc ph\u00ed di chuy\u1ec3n cao nh\u1ea5t t\u00ednh t\u1eeb th\u1eddi \u0111i\u1ec3m tham gia c\u1ea5p \u0111\u1ed9 4 cho \u0111\u1ebfn khi ch\u01b0\u01a1ng tr\u00ecnh k\u1ebft th\u00fac (v\u00e0o l\u00fac 23h59\u2019 ng\u00e0y dd\/mm\/yyyy). M\u1ed7i gi\u1ea3i l\u00e0 01 iPhone 14 Pro Max 256GB.<\/span><\/p>\n<p><span style=\"font-weight: 400\">B\u00ean c\u1ea1nh \u0111\u00f3, sau khi k\u1ebft th\u00fac ch\u01b0\u01a1ng tr\u00ecnh (v\u00e0o l\u00fac 23h59\u2019 ng\u00e0y 17\/12\/2022) t\u1ea5t c\u1ea3 ng\u01b0\u1eddi ch\u01a1i tham gia c\u1ea5p \u0111\u1ed9 4 \u0111\u1ec1u s\u1ebd nh\u1eadn \u0111\u01b0\u1ee3c 05 m\u00e3 \u01b0u \u0111\u00e3i gi\u1ea3m 30% c\u01b0\u1edbc ph\u00ed chuy\u1ebfn xe cho l\u1ea7n \u0111\u1eb7t GrabCar\/ GrabCar Plus, gi\u1ea3m t\u1ed1i \u0111a 100.000\u0111<\/span><\/p>\n<p>&nbsp;<\/p>\n<h4><b>Quy \u0111\u1ecbnh c\u1ee7a th\u1eed th\u00e1ch:\u00a0<\/b><\/h4>\n<p><span style=\"font-weight: 400\">\ud83d\udccc\u00a0 Th\u1eed th\u00e1ch ch\u1ec9 \u00e1p d\u1ee5ng cho ng\u01b0\u1eddi ch\u01a1i \u0111\u01b0\u1ee3c hi\u1ec3n th\u1ecb \u201cTh\u1eed th\u00e1ch \u0111i GrabCar t\u1ea1i \u0110\u00e0 N\u1eb5ng th\u1eafng iPhone 14 Pro Max 256GB\u201d trong m\u1ee5c \u201cTh\u1eed Th\u00e1ch\u201d tr\u00ean \u1ee9ng d\u1ee5ng Grab k\u1ec3 t\u1eeb 0h00\u2019 ng\u00e0y 17\/11\/2022. Theo \u0111\u00f3, ng\u01b0\u1eddi ch\u01a1i c\u1ea7n ch\u1ecdn \u201cCh\u1ea5p nh\u1eadn th\u1eed th\u00e1ch\u201d \u0111\u1ec3 tham gia ch\u01b0\u01a1ng tr\u00ecnh.<\/span><\/p>\n<p><span style=\"font-weight: 400\">\ud83d\udccc\u00a0 Th\u1eed th\u00e1ch k\u00e9o d\u00e0i t\u1eeb 0h00\u2019 ng\u00e0y 21\/11\/2022 \u0111\u1ebfn 23h59\u2019 ng\u00e0y 17\/12\/2022.\u00a0<\/span><\/p>\n<p><span style=\"font-weight: 400\">\ud83d\udccc\u00a0 Th\u1eed th\u00e1ch s\u1ebd kh\u00f4ng \u0111\u01b0\u1ee3c th\u1ef1c hi\u1ec7n d\u01b0\u1edbi h\u00ecnh th\u1ee9c chia s\u1ebb. M\u1ed7i Th\u1eed th\u00e1ch ch\u1ec9 d\u00e0nh cho m\u1ed9t t\u00e0i kho\u1ea3n Grab, d\u1ef1a tr\u00ean quy\u1ec1n truy c\u1eadp Th\u1eed th\u00e1ch hi\u1ec3n th\u1ecb tr\u00ean \u1ee9ng d\u1ee5ng.<\/span><\/p>\n<p><span style=\"font-weight: 400\">\ud83d\udccc\u00a0 Th\u1eed th\u00e1ch n\u00e0y kh\u00f4ng th\u1ec3 \u0111\u01b0\u1ee3c th\u1ef1c hi\u1ec7n l\u1ea1i sau khi \u0111\u00e3 ho\u00e0n th\u00e0nh ho\u1eb7c th\u1eddi gian quy \u0111\u1ecbnh \u0111\u00e3 k\u1ebft th\u00fac.<\/span><\/p>\n<p><span style=\"font-weight: 400\">\ud83d\udccc\u00a0 M\u00e3 \u01b0u \u0111\u00e3i di chuy\u1ec3n \u0111\u01b0\u1ee3c \u00e1p d\u1ee5ng cho d\u1ecbch v\u1ee5 GrabCar\/ GrabCar Plus t\u1ea1i khu v\u1ef1c th\u00e0nh ph\u1ed1 \u0110\u00e0 N\u1eb5ng. \u00c1p d\u1ee5ng cho t\u1ea5t c\u1ea3 c\u00e1c ph\u01b0\u01a1ng th\u1ee9c thanh to\u00e1n tr\u00ean \u1ee9ng d\u1ee5ng Grab. Th\u1eddi h\u1ea1n s\u1eed d\u1ee5ng t\u1eeb ng\u00e0y nh\u1eadn \u0111\u01b0\u1ee3c m\u00e3 \u01b0u \u0111\u00e3i \u0111\u1ebfn h\u1ebft ng\u00e0y 31\/12\/2022.<\/span><\/p>\n<p><span style=\"font-weight: 400\">\ud83d\udccc\u00a0 Sau khi ho\u00e0n th\u00e0nh c\u00e1c c\u1ea5p \u0111\u1ed9 1,2,3,4 c\u1ee7a th\u1eed th\u00e1ch, ng\u01b0\u1eddi ch\u01a1i th\u1ef1c hi\u1ec7n theo c\u00e1c b\u01b0\u1edbc sau \u0111\u1ec3 nh\u1eadn gi\u1ea3i th\u01b0\u1edfng: ng\u01b0\u1eddi ch\u01a1i c\u00f3 th\u1ec3 v\u00e0o m\u1ee5c \u201c\u01afu \u0111\u00e3i c\u1ee7a t\u00f4i\/ My Rewards\u201d tr\u00ean \u1ee9ng d\u1ee5ng Grab \u0111\u1ec3 s\u1eed d\u1ee5ng m\u00e3 \u01b0u \u0111\u00e3i di chuy\u1ec3n.<\/span><\/p>\n<h4><b>\u0110i\u1ec1u ki\u1ec7n v\u00e0 \u0111i\u1ec1u kho\u1ea3n kh\u00e1c:<\/b><\/h4>\n<p><span style=\"font-weight: 400\">\ud83d\udccc\u00a0 B\u1ea3ng x\u1ebfp h\u1ea1ng 10 ng\u01b0\u1eddi ch\u01a1i c\u00f3 gi\u00e1 tr\u1ecb c\u01b0\u1edbc ph\u00ed di chuy\u1ec3n cao nh\u1ea5t s\u1ebd \u0111\u01b0\u1ee3c c\u1eadp nh\u1eadt v\u00e0o cu\u1ed1i m\u1ed7i tu\u1ea7n, tr\u00ean trang m\u1ea1ng x\u00e3 h\u1ed9i ch\u00ednh th\u1ee9c c\u1ee7a Grab <\/span><a href=\"https:\/\/www.facebook.com\/GrabVN\"><span style=\"font-weight: 400\">https:\/\/www.facebook.com\/GrabVN<\/span><\/a><span style=\"font-weight: 400\">, gi\u00fap ng\u01b0\u1eddi ch\u01a1i n\u1eafm \u0111\u01b0\u1ee3c ti\u1ebfn \u0111\u1ed9 tham gia th\u1eed th\u00e1ch c\u1ee7a m\u00ecnh.<\/span><\/p>\n<p><span style=\"font-weight: 400\">\ud83d\udccc\u00a0 B\u1eb1ng vi\u1ec7c ch\u1ea5p nh\u1eadn tham gia Th\u1eed th\u00e1ch, ng\u01b0\u1eddi ch\u01a1i \u0111\u1ed3ng \u00fd cho Grab c\u00f4ng b\u1ed1 th\u00f4ng tin, bao g\u1ed3m t\u00ean t\u00e0i kho\u1ea3n \u0111\u0103ng k\u00fd v\u1edbi Grab v\u00e0 ba (03) s\u1ed1 \u0111u\u00f4i \u0111i\u1ec7n tho\u1ea1i, cho m\u1ee5c \u0111\u00edch c\u1eadp nh\u1eadt ti\u1ebfn \u0111\u1ed9 th\u1ef1c hi\u1ec7n Th\u1eed th\u00e1ch tr\u00ean b\u1ea3ng x\u1ebfp h\u1ea1ng h\u1eb1ng tu\u1ea7n m\u00e0 Grab s\u1ebd \u0111\u0103ng t\u1ea3i c\u00f4ng khai tr\u00ean trang m\u1ea1ng x\u00e3 h\u1ed9i ch\u00ednh th\u1ee9c c\u1ee7a Grab <\/span><a href=\"https:\/\/www.facebook.com\/GrabVN\"><span style=\"font-weight: 400\">https:\/\/www.facebook.com\/GrabVN<\/span><\/a><span style=\"font-weight: 400\">.<\/span><\/p>\n<p><span style=\"font-weight: 400\">\ud83d\udccc\u00a0 K\u1ebft qu\u1ea3 Gi\u1ea3i \u0110\u1eb7c Bi\u1ec7t c\u1ee7a ch\u01b0\u01a1ng tr\u00ecnh s\u1ebd \u0111\u01b0\u1ee3c c\u00f4ng b\u1ed1 tr\u00ean trang m\u1ea1ng x\u00e3 h\u1ed9i ch\u00ednh th\u1ee9c c\u1ee7a Grab <\/span><a href=\"https:\/\/www.facebook.com\/GrabVN\"><span style=\"font-weight: 400\">https:\/\/www.facebook.com\/GrabVN<\/span><\/a><span style=\"font-weight: 400\"> trong v\u00f2ng 2 tu\u1ea7n k\u1ec3 t\u1eeb ng\u00e0y 17\/12\/2022.<\/span><\/p>\n<p><span style=\"font-weight: 400\">\ud83d\udccc\u00a0 Grab s\u1ebd li\u00ean h\u1ec7 ng\u01b0\u1eddi th\u1eafng Gi\u1ea3i \u0110\u1eb7c Bi\u1ec7t t\u1ed1i \u0111a ba (03) l\u1ea7n qua \u0111i\u1ec7n tho\u1ea1i, \u0111\u1ec3 th\u00f4ng b\u00e1o k\u1ebft qu\u1ea3. Trong v\u00f2ng 07 ng\u00e0y k\u1ec3 t\u1eeb ng\u00e0y \u0111\u01b0\u1ee3c li\u00ean h\u1ec7, ng\u01b0\u1eddi th\u1eafng cu\u1ed9c c\u00f3 tr\u00e1ch nhi\u1ec7m li\u00ean h\u1ec7 v\u1edbi Grab \u0111\u1ec3 cung c\u1ea5p c\u00e1c th\u00f4ng tin c\u1ea7n thi\u1ebft nh\u01b0 h\u01b0\u1edbng d\u1eabn. Tr\u01b0\u1eddng h\u1ee3p ng\u01b0\u1eddi th\u1eafng gi\u1ea3i kh\u00f4ng cung c\u1ea5p th\u00f4ng tin trong th\u1eddi h\u1ea1n quy \u0111\u1ecbnh, Grab c\u00f3 quy\u1ec1n ti\u1ebfn h\u00e0nh trao Gi\u1ea3i \u0110\u1eb7c Bi\u1ec7t cho ng\u01b0\u1eddi ch\u01a1i c\u00f3 t\u1ed5ng gi\u00e1 tr\u1ecb c\u01b0\u1edbc ph\u00ed di chuy\u1ec3n cao nh\u1ea5t ti\u1ebfp theo. Ng\u01b0\u1eddi th\u1eafng gi\u1ea3i kh\u00f4ng c\u00f3 quy\u1ec1n khi\u1ebfu n\u1ea1i khi tr\u01b0\u1eddng h\u1ee3p n\u00e0y x\u1ea3y ra.<\/span><\/p>\n<p><span style=\"font-weight: 400\">\ud83d\udccc\u00a0 \u0110\u1ed1i v\u1edbi Gi\u1ea3i \u0110\u1eb7t Bi\u1ec7t c\u1ee7a c\u1ea5p \u0111\u1ed9 4, Grab th\u1ef1c hi\u1ec7n trao gi\u1ea3i cho ng\u01b0\u1eddi th\u1eafng cu\u1ed9c trong v\u00f2ng 60 ng\u00e0y k\u1ec3 t\u1eeb ng\u00e0y c\u00f4ng b\u1ed1 ng\u01b0\u1eddi th\u1eafng cu\u1ed9c.\u00a0<\/span><\/p>\n<p><span style=\"font-weight: 400\">\ud83d\udccc\u00a0 Ng\u01b0\u1eddi ch\u01a1i th\u1eafng Gi\u1ea3i \u0110\u1eb7c Bi\u1ec7t (01 iPhone 14 Pro Max 256GB) \u1edf c\u1ea5p \u0111\u1ed9 4 c\u00f3 ngh\u0129a v\u1ee5 ho\u00e0n th\u00e0nh vi\u1ec7c \u0111\u00f3ng thu\u1ebf cho c\u01a1 quan nh\u00e0 n\u01b0\u1edbc.\u00a0<\/span><\/p>\n<p><span style=\"font-weight: 400\">\ud83d\udccc\u00a0 Ng\u01b0\u1eddi ch\u01a1i s\u1eafp x\u1ebfp th\u1eddi gian (60 ng\u00e0y k\u1ec3 t\u1eeb ng\u00e0y c\u00f4ng b\u1ed1 ng\u01b0\u1eddi th\u1eafng Gi\u1ea3i \u0110\u1eb7c Bi\u1ec7t) \u0111\u1ec3 \u0111\u1ebfn v\u0103n ph\u00f2ng Grab t\u1ea1i Th\u00e0nh ph\u1ed1 \u0110\u00e0 N\u1eb5ng nh\u1eadn Gi\u1ea3i \u0110\u1eb7c Bi\u1ec7t v\u00e0 \u0111\u1ea3m b\u1ea3o \u0111\u00e3 ho\u00e0n th\u00e0nh ngh\u0129a v\u1ee5 thu\u1ebf v\u1edbi nh\u00e0 n\u01b0\u1edbc.\u00a0<\/span><\/p>\n<p><span style=\"font-weight: 400\">\ud83d\udccc\u00a0 Grab c\u00f3 to\u00e0n quy\u1ec1n t\u1eeb ch\u1ed1i trao gi\u1ea3i, t\u01b0\u1edbc quy\u1ec1n tham d\u1ef1 n\u1ebfu nghi ng\u1edd ho\u1eb7c ph\u00e1t hi\u1ec7n ng\u01b0\u1eddi ch\u01a1i th\u1ef1c hi\u1ec7n b\u1ea5t k\u1ef3 h\u00e0nh vi gian l\u1eadn, gi\u1ea3 m\u1ea1o n\u00e0o trong qu\u00e1 tr\u00ecnh tham d\u1ef1 ch\u01b0\u01a1ng tr\u00ecnh d\u01b0\u1edbi b\u1ea5t k\u1ef3 h\u00ecnh th\u1ee9c n\u00e0o ho\u1eb7c qu\u00e1 tr\u00ecnh tham gia ch\u01b0\u01a1ng tr\u00ecnh vi ph\u1ea1m c\u00e1c quy \u0111\u1ecbnh ph\u00e1p lu\u1eadt hi\u1ec7n h\u00e0nh kh\u00e1c v\u00e0\/ ho\u1eb7c quy \u0111\u1ecbnh, ch\u00ednh s\u00e1ch Grab.\u00a0<\/span><\/p>\n<p><span style=\"font-weight: 400\">\ud83d\udccc\u00a0 Grab c\u00f3 to\u00e0n quy\u1ec1n quy\u1ebft \u0111\u1ecbnh \u0111i\u1ec1u ki\u1ec7n, x\u00e1c \u0111\u1ecbnh ng\u01b0\u1eddi th\u1eafng gi\u1ea3i, thay \u0111\u1ed5i th\u1ec3 l\u1ec7 v\u00e0 \u0111i\u1ec1u kho\u1ea3n c\u1ee7a ch\u01b0\u01a1ng tr\u00ecnh n\u00e0y v\u00e0 c\u00f3 th\u00f4ng b\u00e1o tr\u01b0\u1edbc \u0111\u1ebfn ng\u01b0\u1eddi ch\u01a1i. C\u00e1c n\u1ed9i dung \u0111\u01b0\u1ee3c thay \u0111\u1ed5i n\u00e0y \u0111\u1ea3m b\u1ea3o kh\u00f4ng g\u00e2y b\u1ea5t l\u1ee3i cho ng\u01b0\u1eddi ch\u01a1i v\u00e0 s\u1ebd m\u1eb7c nhi\u00ean c\u00f3 hi\u1ec7u l\u1ef1c v\u00e0 \u0111\u01b0\u1ee3c \u00e1p d\u1ee5ng \u0111\u1ec3 \u0111i\u1ec1u ch\u1ec9nh c\u00e1c v\u1ea5n \u0111\u1ec1 li\u00ean quan \u0111\u1ebfn ch\u01b0\u01a1ng tr\u00ecnh.\u00a0<\/span><\/p>\n<p><span style=\"font-weight: 400\">\ud83d\udccc\u00a0 T\u1ea5t c\u1ea3 c\u00e1c \u01b0u \u0111\u00e3i\/gi\u1ea3i th\u01b0\u1edfng \u0111\u1ec1u kh\u00f4ng c\u00f3 gi\u00e1 tr\u1ecb chuy\u1ec3n nh\u01b0\u1ee3ng v\u00e0 quy \u0111\u1ed5i th\u00e0nh ti\u1ec1n m\u1eb7t ho\u1eb7c t\u00edn d\u1ee5ng c\u00f3 gi\u00e1 tr\u1ecb t\u01b0\u01a1ng \u0111\u01b0\u01a1ng n\u00e0o.<\/span><\/p>\n<p><span style=\"font-weight: 400\">\ud83d\udccc\u00a0 Ng\u01b0\u1eddi ch\u01a1i \u0111\u1ed3ng \u00fd r\u1eb1ng quy\u1ebft \u0111\u1ecbnh c\u1ee7a Grab l\u00e0 quy\u1ebft \u0111\u1ecbnh cu\u1ed1i c\u00f9ng v\u00e0 c\u00f3 hi\u1ec7u l\u1ef1c \u00e1p d\u1ee5ng. M\u1ecdi tranh ch\u1ea5p gi\u1eefa Grab v\u00e0 ng\u01b0\u1eddi ch\u01a1i ph\u00e1t sinh t\u1eeb ho\u1eb7c li\u00ean quan \u0111\u1ebfn ch\u01b0\u01a1ng tr\u00ecnh (n\u1ebfu c\u00f3) s\u1ebd \u0111\u01b0\u1ee3c gi\u1ea3i quy\u1ebft theo quy tr\u00ecnh do Grab c\u00f4ng b\u1ed1 v\u00e0 \u00e1p d\u1ee5ng t\u1ea1i t\u1eebng th\u1eddi \u0111i\u1ec3m.<\/span><\/p>\n<p><span style=\"font-weight: 400\">\ud83d\udccc\u00a0 Ng\u01b0\u1eddi tr\u00fang th\u01b0\u1edfng ph\u1ea3i \u0111\u1ed5i\/nh\u1eadn t\u1ea5t c\u1ea3 gi\u1ea3i th\u01b0\u1edfng trong th\u1eddi h\u1ea1n \u0111\u01b0\u1ee3c th\u00f4ng b\u00e1o b\u1edfi Grab. M\u1ecdi ph\u1ea7n th\u01b0\u1edfng kh\u00f4ng \u0111\u01b0\u1ee3c \u0111\u1ed5i\/nh\u1eadn trong th\u1eddi gian n\u00e0y s\u1ebd \u0111\u01b0\u1ee3c thu h\u1ed3i ho\u1eb7c ti\u00eau h\u1ee7y ho\u1eb7c quy\u00ean g\u00f3p ho\u1eb7c h\u00ecnh th\u1ee9c kh\u00e1c theo to\u00e0n quy\u1ec1n quy\u1ebft \u0111\u1ecbnh c\u1ee7a Grab ho\u1eb7c theo quy \u0111\u1ecbnh c\u1ee7a ph\u00e1p lu\u1eadt hi\u1ec7n h\u00e0nh. Grab s\u1ebd kh\u00f4ng gi\u1ea3i quy\u1ebft b\u1ea5t k\u00ec khi\u1ebfu n\u1ea1i ho\u1eb7c y\u00eau c\u1ea7u b\u1ed3i th\u01b0\u1eddng n\u00e0o li\u00ean quan \u0111\u1ebfn tr\u01b0\u1eddng h\u1ee3p n\u00e0y.<\/span><\/p>\n<p><span style=\"font-weight: 400\">\ud83d\udccc\u00a0 B\u1eb1ng vi\u1ec7c tham gia ch\u01b0\u01a1ng tr\u00ecnh n\u00e0y, b\u1ea1n x\u00e1c nh\u1eadn \u0111\u00e3 hi\u1ec3u v\u00e0 ch\u1ea5p thu\u1eadn to\u00e0n b\u1ed9 \u0111i\u1ec1u kho\u1ea3n v\u00e0 \u0111i\u1ec1u ki\u1ec7n quy \u0111\u1ecbnh t\u1ea1i th\u1ec3 l\u1ec7 n\u00e0y.<\/span><\/p>\n<p><span style=\"font-weight: 400\">\ud83d\udccc\u00a0 Nh\u1eefng \u0111i\u1ec1u kho\u1ea3n v\u00e0 \u0111i\u1ec1u ki\u1ec7n c\u1ee7a ch\u01b0\u01a1ng tr\u00ecnh n\u00e0y \u0111\u01b0\u1ee3c \u0111i\u1ec1u ch\u1ec9nh b\u1edfi ph\u00e1p lu\u1eadt c\u1ee7a Vi\u1ec7t Nam. Trong tr\u01b0\u1eddng h\u1ee3p c\u00f3 tranh ch\u1ea5p, C\u00e1c B\u00ean s\u1ebd \u01b0u ti\u00ean gi\u1ea3i quy\u1ebft b\u1eb1ng h\u00f2a gi\u1ea3i v\u00e0 th\u01b0\u01a1ng l\u01b0\u1ee3ng. Trong tr\u01b0\u1eddng h\u1ee3p C\u00e1c B\u00ean kh\u00f4ng th\u1ecfa thu\u1eadn \u0111\u01b0\u1ee3c v\u1edbi nhau v\u1ec1 vi\u1ec7c gi\u1ea3i quy\u1ebft tranh ch\u1ea5p trong v\u00f2ng 30 (ba m\u01b0\u01a1i) ng\u00e0y k\u1ec3 t\u1eeb ng\u00e0y x\u1ea3y ra Tranh Ch\u1ea5p, C\u00e1c B\u00ean c\u00f3 quy\u1ec1n y\u00eau c\u1ea7u Trung t\u00e2m tr\u1ecdng t\u00e0i qu\u1ed1c t\u1ebf Vi\u1ec7t Nam (\u201cVIAC\u201d) b\u00ean c\u1ea1nh Ph\u00f2ng Th\u01b0\u01a1ng m\u1ea1i v\u00e0 C\u00f4ng nghi\u1ec7p Vi\u1ec7t Nam (\u201cVCCI\u201d) gi\u1ea3i quy\u1ebft theo th\u1ee7 t\u1ee5c t\u1ed1 t\u1ee5ng c\u1ee7a c\u01a1 quan tr\u1ecdng t\u00e0i n\u00e0y. N\u01a1i gi\u1ea3i quy\u1ebft tranh ch\u1ea5p s\u1ebd t\u1ea1i Th\u00e0nh ph\u1ed1 H\u1ed3 Ch\u00ed Minh. Ng\u00f4n ng\u1eef gi\u1ea3i quy\u1ebft tranh ch\u1ea5p s\u1ebd b\u1eb1ng Ti\u1ebfng Vi\u1ec7<\/span><span style=\"font-weight: 400\">t.\u00a0<\/span><\/p>\n<p>&nbsp;<\/p>","protected":false},"excerpt":{"rendered":"\ud83e\udd47 \u0110\u00e0 N\u1eb5ng \u01a1i c\u00f9ng tham gia th\u1eed th\u00e1ch si\u00eau \u0111\u01a1n gi\u1ea3n \u0111\u1ec3 c\u00f3 c\u01a1 h\u1ed9i tr\u00fang iPhone 14 Pro Max 256GB c\u1ef1c &#8220;hot&#8221; v\u00e0 nhi\u1ec1u m\u00e3 \u01b0u \u0111\u00e3i di chuy\u1ec3n h\u1ea5p d\u1eabn \ud83d\ude0d C\u00e1c b\u01b0\u1edbc tham gia:\u00a0 \ud83d\udd39 B\u01b0\u1edbc 1: Ch\u1ecdn m\u1ee5c \u201cTh\u1eed th\u00e1ch\u201d trong \u1ee9ng d\u1ee5ng Grab. \ud83d\udd39 B\u01b0\u1edbc 2: Ch\u1ecdn \u201cTh\u1eed th\u00e1ch [&hellip;]","protected":false},"author":1428,"featured_media":0,"parent":0,"menu_order":0,"comment_status":"closed","ping_status":"closed","template":"","meta":{"_acf_changed":false,"footnotes":""},"acf":[],"_links":{"self":[{"href":"https:\/\/www.grab.com\/vn\/en\/wp-json\/wp\/v2\/pages\/135686"}],"collection":[{"href":"https:\/\/www.grab.com\/vn\/en\/wp-json\/wp\/v2\/pages"}],"about":[{"href":"https:\/\/www.grab.com\/vn\/en\/wp-json\/wp\/v2\/types\/page"}],"author":[{"embeddable":true,"href":"https:\/\/www.grab.com\/vn\/en\/wp-json\/wp\/v2\/users\/1428"}],"replies":[{"embeddable":true,"href":"https:\/\/www.grab.com\/vn\/en\/wp-json\/wp\/v2\/comments?post=135686"}],"version-history":[{"count":2,"href":"https:\/\/www.grab.com\/vn\/en\/wp-json\/wp\/v2\/pages\/135686\/revisions"}],"predecessor-version":[{"id":135699,"href":"https:\/\/www.grab.com\/vn\/en\/wp-json\/wp\/v2\/pages\/135686\/revisions\/135699"}],"wp:attachment":[{"href":"https:\/\/www.grab.com\/vn\/en\/wp-json\/wp\/v2\/media?parent=135686"}],"curies":[{"name":"wp","href":"https:\/\/api.w.org\/{rel}","templated":true}]}}