{"id":135358,"date":"2022-11-09T19:19:43","date_gmt":"2022-11-09T11:19:43","guid":{"rendered":"https:\/\/www.grab.com\/vn\/?page_id=135358"},"modified":"2022-11-16T12:56:16","modified_gmt":"2022-11-16T04:56:16","slug":"di-grabcar-san-ve-quay-edm-cung-ravolution","status":"publish","type":"page","link":"https:\/\/www.grab.com\/vn\/en\/di-grabcar-san-ve-quay-edm-cung-ravolution\/","title":{"rendered":"\u0110i GrabCar s\u0103n v\u00e9 &#8220;qu\u1ea9y&#8221; EDM c\u00f9ng Ravolution"},"content":{"rendered":"<div data-elementor-type=\"wp-page\" data-elementor-id=\"135358\" class=\"elementor elementor-135358\" data-elementor-post-type=\"page\">\n\t\t\t\t\t\t<section class=\"elementor-section elementor-top-section elementor-element elementor-element-54b9bf19 elementor-section-boxed elementor-section-height-default elementor-section-height-default\" data-id=\"54b9bf19\" data-element_type=\"section\">\n\t\t\t\t\t\t<div class=\"elementor-container elementor-column-gap-default\">\n\t\t\t\t\t<div class=\"elementor-column elementor-col-100 elementor-top-column elementor-element elementor-element-1adb734c\" data-id=\"1adb734c\" data-element_type=\"column\">\n\t\t\t<div class=\"elementor-widget-wrap elementor-element-populated\">\n\t\t\t\t\t\t<div class=\"elementor-element elementor-element-4c36158 elementor-widget elementor-widget-text-editor\" data-id=\"4c36158\" data-element_type=\"widget\" data-widget_type=\"text-editor.default\">\n\t\t\t\t<div class=\"elementor-widget-container\">\n\t\t\t\t\t\t\t<p><img loading=\"lazy\" decoding=\"async\" class=\"wp-image-135448 size-full aligncenter\" src=\"https:\/\/assets.grab.com\/wp-content\/uploads\/sites\/11\/2022\/11\/11145417\/Grab_Ravolution_1125x630_08112022.png\" alt=\"\" width=\"1125\" height=\"630\" srcset=\"https:\/\/assets.grab.com\/wp-content\/uploads\/sites\/11\/2022\/11\/11145417\/Grab_Ravolution_1125x630_08112022.png 1125w, https:\/\/assets.grab.com\/wp-content\/uploads\/sites\/11\/2022\/11\/11145417\/Grab_Ravolution_1125x630_08112022-250x140.png 250w, https:\/\/assets.grab.com\/wp-content\/uploads\/sites\/11\/2022\/11\/11145417\/Grab_Ravolution_1125x630_08112022-700x392.png 700w, https:\/\/assets.grab.com\/wp-content\/uploads\/sites\/11\/2022\/11\/11145417\/Grab_Ravolution_1125x630_08112022-768x430.png 768w, https:\/\/assets.grab.com\/wp-content\/uploads\/sites\/11\/2022\/11\/11145417\/Grab_Ravolution_1125x630_08112022-120x67.png 120w\" sizes=\"(max-width: 1125px) 100vw, 1125px\" \/><\/p><p>\u00a0<\/p><p><span style=\"font-weight: 400\"><img decoding=\"async\" class=\"emoji\" role=\"img\" src=\"https:\/\/s.w.org\/images\/core\/emoji\/13.1.0\/svg\/2728.svg\" alt=\"\u2728\" \/>Ch\u0103m ch\u1ec9 l\u00e0m vi\u1ec7c bao l\u00e2u, gi\u1edd \u0111\u00e3 \u0111\u1ebfn l\u00fac t\u1ef1 th\u01b0\u1edfng cho b\u1ea3n th\u00e2n m\u1ed9t ng\u00e0y vui ch\u01a1i h\u1ebft m\u00ecnh, x\u1ea3 h\u1ebft m\u1ec7t m\u1ecfi trong bu\u1ed5i \u201cqu\u1ea9y&#8221; EDM r\u1ed3i n\u00e8!<\/span><\/p><p><span style=\"font-weight: 400\"><img decoding=\"async\" class=\"emoji\" role=\"img\" src=\"https:\/\/s.w.org\/images\/core\/emoji\/13.1.0\/svg\/1f4e3.svg\" alt=\"\ud83d\udce3\" \/>Duy nh\u1ea5t t\u1eeb ng\u00e0y 15\/11\/2022 \u0111\u1ebfn ng\u00e0y 20\/11\/2022, nh\u1eadp m\u00e3 \ud835\udde5\ud835\uddd4\ud835\udde9\ud835\udde2\ud835\udddf\ud835\udde8\ud835\udde7\ud835\udddc\ud835\udde2\ud835\udde1 khi \u0111i GrabCar \u0111\u1ec3 nh\u1eadn 01 \u0111i\u1ec3m GrabRewards v\u00e0 m\u1edf kho\u00e1 \u01b0u \u0111\u00e3i \u0111\u1ed5i v\u00e9 tham gia s\u1ef1 ki\u1ec7n Ravolution.<\/span><\/p><p><span style=\"font-weight: 400\"><img decoding=\"async\" class=\"emoji\" role=\"img\" src=\"https:\/\/s.w.org\/images\/core\/emoji\/13.1.0\/svg\/1f449.svg\" alt=\"\ud83d\udc49\" \/>L\u01b0u m\u00e3 \u0111\u1ec3 gi\u1eadt v\u00e9 ngay k\u1ebbo h\u1ebft!<\/span><\/p><p>\u00a0<\/p>\t\t\t\t\t\t<\/div>\n\t\t\t\t<\/div>\n\t\t\t\t<div class=\"elementor-element elementor-element-ee4622b elementor-widget elementor-widget-heading\" data-id=\"ee4622b\" data-element_type=\"widget\" data-widget_type=\"heading.default\">\n\t\t\t\t<div class=\"elementor-widget-container\">\n\t\t\t<h2 class=\"elementor-heading-title elementor-size-default\">3 b\u01b0\u1edbc \u0111\u1ec3 s\u0103n v\u00e9 RAVOLUTION<\/h2>\t\t<\/div>\n\t\t\t\t<\/div>\n\t\t\t\t\t<\/div>\n\t\t<\/div>\n\t\t\t\t\t<\/div>\n\t\t<\/section>\n\t\t\t\t<section class=\"elementor-section elementor-top-section elementor-element elementor-element-6221249 elementor-section-boxed elementor-section-height-default elementor-section-height-default\" data-id=\"6221249\" data-element_type=\"section\">\n\t\t\t\t\t\t<div class=\"elementor-container elementor-column-gap-default\">\n\t\t\t\t\t<div class=\"elementor-column elementor-col-50 elementor-top-column elementor-element elementor-element-de8a511\" data-id=\"de8a511\" data-element_type=\"column\">\n\t\t\t<div class=\"elementor-widget-wrap elementor-element-populated\">\n\t\t\t\t\t\t<div class=\"elementor-element elementor-element-32fcf84 elementor-widget elementor-widget-image\" data-id=\"32fcf84\" data-element_type=\"widget\" data-widget_type=\"image.default\">\n\t\t\t\t<div class=\"elementor-widget-container\">\n\t\t\t\t\t\t\t\t\t\t\t\t\t<img loading=\"lazy\" decoding=\"async\" width=\"700\" height=\"392\" src=\"https:\/\/assets.grab.com\/wp-content\/uploads\/sites\/11\/2022\/11\/16124153\/Grab_Ravolution_1125x630_081120221-700x392.jpg\" class=\"attachment-large size-large wp-image-135678\" alt=\"\" srcset=\"https:\/\/assets.grab.com\/wp-content\/uploads\/sites\/11\/2022\/11\/16124153\/Grab_Ravolution_1125x630_081120221-700x392.jpg 700w, https:\/\/assets.grab.com\/wp-content\/uploads\/sites\/11\/2022\/11\/16124153\/Grab_Ravolution_1125x630_081120221-250x140.jpg 250w, https:\/\/assets.grab.com\/wp-content\/uploads\/sites\/11\/2022\/11\/16124153\/Grab_Ravolution_1125x630_081120221-768x430.jpg 768w, https:\/\/assets.grab.com\/wp-content\/uploads\/sites\/11\/2022\/11\/16124153\/Grab_Ravolution_1125x630_081120221-120x67.jpg 120w, https:\/\/assets.grab.com\/wp-content\/uploads\/sites\/11\/2022\/11\/16124153\/Grab_Ravolution_1125x630_081120221.jpg 1125w\" sizes=\"(max-width: 700px) 100vw, 700px\" \/>\t\t\t\t\t\t\t\t\t\t\t\t\t<\/div>\n\t\t\t\t<\/div>\n\t\t\t\t\t<\/div>\n\t\t<\/div>\n\t\t\t\t<div class=\"elementor-column elementor-col-50 elementor-top-column elementor-element elementor-element-8242467\" data-id=\"8242467\" data-element_type=\"column\">\n\t\t\t<div class=\"elementor-widget-wrap elementor-element-populated\">\n\t\t\t\t\t\t<div class=\"elementor-element elementor-element-d02040e elementor-widget elementor-widget-text-editor\" data-id=\"d02040e\" data-element_type=\"widget\" data-widget_type=\"text-editor.default\">\n\t\t\t\t<div class=\"elementor-widget-container\">\n\t\t\t\t\t\t\t<p>\u00a0<\/p><p><b>B\u01b0\u1edbc 1<\/b><\/p><p>\u0110i GrabCar, nh\u1eadp m\u00e3 <span style=\"color: #008000\"><b>RAVOLUTION<\/b><\/span> \u0111\u1ec3 nh\u1eadn<b> 1 \u0111i\u1ec3m GrabRewards<\/b><\/p>\t\t\t\t\t\t<\/div>\n\t\t\t\t<\/div>\n\t\t\t\t\t<\/div>\n\t\t<\/div>\n\t\t\t\t\t<\/div>\n\t\t<\/section>\n\t\t\t\t<section class=\"elementor-section elementor-top-section elementor-element elementor-element-f76fc8f elementor-section-boxed elementor-section-height-default elementor-section-height-default\" data-id=\"f76fc8f\" data-element_type=\"section\">\n\t\t\t\t\t\t<div class=\"elementor-container elementor-column-gap-default\">\n\t\t\t\t\t<div class=\"elementor-column elementor-col-50 elementor-top-column elementor-element elementor-element-310993a\" data-id=\"310993a\" data-element_type=\"column\">\n\t\t\t<div class=\"elementor-widget-wrap elementor-element-populated\">\n\t\t\t\t\t\t<div class=\"elementor-element elementor-element-00498c0 elementor-widget elementor-widget-text-editor\" data-id=\"00498c0\" data-element_type=\"widget\" data-widget_type=\"text-editor.default\">\n\t\t\t\t<div class=\"elementor-widget-container\">\n\t\t\t\t\t\t\t<p>\u00a0<\/p><p><b>B\u01b0\u1edbc 2<\/b><\/p><p>L\u00ean <span style=\"color: #339966\"><strong>GrabRewards<\/strong><\/span>, \u0111\u1ed5i \u01b0u \u0111\u00e3i <span style=\"color: #800080\"><strong>H\u1ed8P QU\u00c0 1 \u0110I\u1ec2M<\/strong> <\/span>\u0111\u1ec3 c\u00f3 c\u01a1 h\u1ed9i s\u0103n v\u00e9 v\u00e0o 06:00 ng\u00e0y 21\/11\/2022<\/p>\t\t\t\t\t\t<\/div>\n\t\t\t\t<\/div>\n\t\t\t\t\t<\/div>\n\t\t<\/div>\n\t\t\t\t<div class=\"elementor-column elementor-col-50 elementor-top-column elementor-element elementor-element-f39be57\" data-id=\"f39be57\" data-element_type=\"column\">\n\t\t\t<div class=\"elementor-widget-wrap elementor-element-populated\">\n\t\t\t\t\t\t<div class=\"elementor-element elementor-element-7883bd7 elementor-widget elementor-widget-image\" data-id=\"7883bd7\" data-element_type=\"widget\" data-widget_type=\"image.default\">\n\t\t\t\t<div class=\"elementor-widget-container\">\n\t\t\t\t\t\t\t\t\t\t\t\t\t<img loading=\"lazy\" decoding=\"async\" width=\"700\" height=\"392\" src=\"https:\/\/assets.grab.com\/wp-content\/uploads\/sites\/11\/2022\/11\/16124251\/1125x630_GR1Diem_HopQua1Diem-700x392.jpg\" class=\"attachment-large size-large wp-image-135679\" alt=\"\" srcset=\"https:\/\/assets.grab.com\/wp-content\/uploads\/sites\/11\/2022\/11\/16124251\/1125x630_GR1Diem_HopQua1Diem-700x392.jpg 700w, https:\/\/assets.grab.com\/wp-content\/uploads\/sites\/11\/2022\/11\/16124251\/1125x630_GR1Diem_HopQua1Diem-250x140.jpg 250w, https:\/\/assets.grab.com\/wp-content\/uploads\/sites\/11\/2022\/11\/16124251\/1125x630_GR1Diem_HopQua1Diem-768x430.jpg 768w, https:\/\/assets.grab.com\/wp-content\/uploads\/sites\/11\/2022\/11\/16124251\/1125x630_GR1Diem_HopQua1Diem-120x67.jpg 120w, https:\/\/assets.grab.com\/wp-content\/uploads\/sites\/11\/2022\/11\/16124251\/1125x630_GR1Diem_HopQua1Diem.jpg 1125w\" sizes=\"(max-width: 700px) 100vw, 700px\" \/>\t\t\t\t\t\t\t\t\t\t\t\t\t<\/div>\n\t\t\t\t<\/div>\n\t\t\t\t\t<\/div>\n\t\t<\/div>\n\t\t\t\t\t<\/div>\n\t\t<\/section>\n\t\t\t\t<section class=\"elementor-section elementor-top-section elementor-element elementor-element-71d9642 elementor-section-boxed elementor-section-height-default elementor-section-height-default\" data-id=\"71d9642\" data-element_type=\"section\">\n\t\t\t\t\t\t<div class=\"elementor-container elementor-column-gap-default\">\n\t\t\t\t\t<div class=\"elementor-column elementor-col-50 elementor-top-column elementor-element elementor-element-5df7dca\" data-id=\"5df7dca\" data-element_type=\"column\">\n\t\t\t<div class=\"elementor-widget-wrap elementor-element-populated\">\n\t\t\t\t\t\t<div class=\"elementor-element elementor-element-47aaa4a elementor-widget elementor-widget-image\" data-id=\"47aaa4a\" data-element_type=\"widget\" data-widget_type=\"image.default\">\n\t\t\t\t<div class=\"elementor-widget-container\">\n\t\t\t\t\t\t\t\t\t\t\t\t\t<img loading=\"lazy\" decoding=\"async\" width=\"700\" height=\"392\" src=\"https:\/\/assets.grab.com\/wp-content\/uploads\/sites\/11\/2022\/11\/16123815\/Grab_Ravolution_1125x630_08112022-700x392.jpg\" class=\"attachment-large size-large wp-image-135677\" alt=\"\" srcset=\"https:\/\/assets.grab.com\/wp-content\/uploads\/sites\/11\/2022\/11\/16123815\/Grab_Ravolution_1125x630_08112022-700x392.jpg 700w, https:\/\/assets.grab.com\/wp-content\/uploads\/sites\/11\/2022\/11\/16123815\/Grab_Ravolution_1125x630_08112022-250x140.jpg 250w, https:\/\/assets.grab.com\/wp-content\/uploads\/sites\/11\/2022\/11\/16123815\/Grab_Ravolution_1125x630_08112022-768x430.jpg 768w, https:\/\/assets.grab.com\/wp-content\/uploads\/sites\/11\/2022\/11\/16123815\/Grab_Ravolution_1125x630_08112022-1536x860.jpg 1536w, https:\/\/assets.grab.com\/wp-content\/uploads\/sites\/11\/2022\/11\/16123815\/Grab_Ravolution_1125x630_08112022-120x67.jpg 120w, https:\/\/assets.grab.com\/wp-content\/uploads\/sites\/11\/2022\/11\/16123815\/Grab_Ravolution_1125x630_08112022.jpg 1800w\" sizes=\"(max-width: 700px) 100vw, 700px\" \/>\t\t\t\t\t\t\t\t\t\t\t\t\t<\/div>\n\t\t\t\t<\/div>\n\t\t\t\t\t<\/div>\n\t\t<\/div>\n\t\t\t\t<div class=\"elementor-column elementor-col-50 elementor-top-column elementor-element elementor-element-9f69481\" data-id=\"9f69481\" data-element_type=\"column\">\n\t\t\t<div class=\"elementor-widget-wrap elementor-element-populated\">\n\t\t\t\t\t\t<div class=\"elementor-element elementor-element-267fb2a elementor-widget elementor-widget-text-editor\" data-id=\"267fb2a\" data-element_type=\"widget\" data-widget_type=\"text-editor.default\">\n\t\t\t\t<div class=\"elementor-widget-container\">\n\t\t\t\t\t\t\t<p>\u00a0<\/p><p><b>B\u01b0\u1edbc 3<\/b><\/p><p><span style=\"color: #339966\"><strong>T\u1eeb 06:00 ng\u00e0y 21\/11\/2022 \u0111\u1ebfn 23:59 ng\u00e0y 23\/11\/2022<\/strong>, l\u00ean <strong style=\"color: #339966\">GrabRewards<\/strong><\/span>, \u0111\u1ed5i \u01b0u \u0111\u00e3i <span style=\"color: #800080\"><span style=\"color: #000080\"><strong>V\u00c9 RAVOLUTION<\/strong><\/span> <span style=\"color: #000000\">trong m\u1ee5c<\/span> <strong>CH\u1ec8 1 \u0110I\u1ec2M<\/strong><\/span><\/p><p><span style=\"color: #808080\"> L\u01b0u \u00fd: Ch\u1ec9 ng\u01b0\u1eddi d\u00f9ng ho\u00e0n th\u00e0nh b\u01b0\u1edbc 1 &amp; 2 m\u1edbi \u0111\u01b0\u1ee3c hi\u1ec3n th\u1ecb \u01b0u \u0111\u00e3i n\u00e0y<\/span><\/p>\t\t\t\t\t\t<\/div>\n\t\t\t\t<\/div>\n\t\t\t\t\t<\/div>\n\t\t<\/div>\n\t\t\t\t\t<\/div>\n\t\t<\/section>\n\t\t\t\t<section class=\"elementor-section elementor-top-section elementor-element elementor-element-1d4ff28 elementor-section-boxed elementor-section-height-default elementor-section-height-default\" data-id=\"1d4ff28\" data-element_type=\"section\">\n\t\t\t\t\t\t<div class=\"elementor-container elementor-column-gap-default\">\n\t\t\t\t\t<div class=\"elementor-column elementor-col-100 elementor-top-column elementor-element elementor-element-ff4fbcc\" data-id=\"ff4fbcc\" data-element_type=\"column\">\n\t\t\t<div class=\"elementor-widget-wrap elementor-element-populated\">\n\t\t\t\t\t\t<div class=\"elementor-element elementor-element-c892f64 elementor-widget elementor-widget-text-editor\" data-id=\"c892f64\" data-element_type=\"widget\" data-widget_type=\"text-editor.default\">\n\t\t\t\t<div class=\"elementor-widget-container\">\n\t\t\t\t\t\t\t<p><b><img decoding=\"async\" class=\"emoji\" role=\"img\" src=\"https:\/\/s.w.org\/images\/core\/emoji\/13.1.0\/svg\/1f7e2.svg\" alt=\"\ud83d\udfe2\" \/>\u00a0\u0110i\u1ec1u ki\u1ec7n \u0111i\u1ec1u kho\u1ea3n \u00e1p d\u1ee5ng cho v\u00e9 Ravolution:<br \/><\/b><img decoding=\"async\" class=\"emoji\" role=\"img\" src=\"https:\/\/s.w.org\/images\/core\/emoji\/13.1.0\/svg\/1f537.svg\" alt=\"\ud83d\udd37\" \/>V\u00e9 xem ch\u01b0\u01a1ng tr\u00ecnh Ravolution v\u00e0o ng\u00e0y 04\/12\/2022 t\u1ea1i Tr\u01b0\u01a1ng V\u0103n Bang, Th\u1ea1ch M\u1ef9 L\u1ee3i, Qu\u1eadn 2, Th\u00e0nh ph\u1ed1 H\u1ed3 Ch\u00ed Minh<br \/><img decoding=\"async\" class=\"emoji\" role=\"img\" src=\"https:\/\/s.w.org\/images\/core\/emoji\/13.1.0\/svg\/1f537.svg\" alt=\"\ud83d\udd37\" \/>Sau khi \u0111\u1ed5i th\u00e0nh c\u00f4ng v\u00e9 Ravolution tr\u00ean GrabRewards, ng\u01b0\u1eddi d\u00f9ng c\u1ea7n nh\u1ea5n &#8220;S\u1eed d\u1ee5ng&#8221; v\u00e0 \u0111i\u1ec1n th\u00f4ng tin \u0111\u1ecba ch\u1ec9 nh\u1eadn v\u00e9 theo bi\u1ec3u m\u1eabu tr\u01b0\u1edbc 23:59 ng\u00e0y 25\/11\/2022. Grab kh\u00f4ng gi\u1ea3i quy\u1ebft, kh\u00f4ng ho\u00e0n \u0111i\u1ec3m \u0111\u1ed1i v\u1edbi c\u00e1c tr\u01b0\u1eddng h\u1ee3p \u0111\u1ed5i \u01b0u \u0111\u00e3i v\u00e0 kh\u00f4ng \u0111i\u1ec1n v\u00e0o bi\u1ec3u m\u1eabu \u0111\u00fang th\u1eddi h\u1ea1n n\u00eau tr\u00ean.<br \/><img decoding=\"async\" class=\"emoji\" role=\"img\" src=\"https:\/\/s.w.org\/images\/core\/emoji\/13.1.0\/svg\/1f537.svg\" alt=\"\ud83d\udd37\" \/>Tr\u01b0\u1eddng h\u1ee3p ng\u01b0\u1eddi d\u00f9ng nh\u1ea5n &#8220;S\u1eed d\u1ee5ng&#8221; v\u00e0 bi\u1ec3u m\u1eabu kh\u00f4ng hi\u1ec3n th\u1ecb \u0111\u01b0\u1ee3c, vui l\u00f2ng ch\u1ecdn bi\u1ec3u t\u01b0\u1ee3ng &#8220;Chia s\u1ebb\/share&#8221; \u1edf ph\u00eda tr\u00ean b\u00ean ph\u1ea3i m\u00e0n h\u00ecnh, ch\u1ecdn &#8220;M\u1edf trong tr\u00ecnh duy\u1ec7t&#8221; \u0111\u1ec3 m\u1edf bi\u1ec3u m\u1eabu.<br \/><img decoding=\"async\" class=\"emoji\" role=\"img\" src=\"https:\/\/s.w.org\/images\/core\/emoji\/13.1.0\/svg\/1f537.svg\" alt=\"\ud83d\udd37\" \/>Bi\u1ec3u m\u1eabu y\u00eau c\u1ea7u ng\u01b0\u1eddi d\u00f9ng \u0111\u0103ng nh\u1eadp t\u00e0i kho\u1ea3n email \u0111\u1ec3 \u0111i\u1ec1n th\u00f4ng tin.<br \/><img decoding=\"async\" class=\"emoji\" role=\"img\" src=\"https:\/\/s.w.org\/images\/core\/emoji\/13.1.0\/svg\/1f537.svg\" alt=\"\ud83d\udd37\" \/>Nh\u1eb1m b\u1ea3o v\u1ec7 quy\u1ec1n l\u1ee3i c\u1ee7a ng\u01b0\u1eddi \u0111\u1ed5i \u01b0u \u0111\u00e3i, Grab s\u1ebd ti\u1ebfn h\u00e0nh \u0111\u1ed1i chi\u1ebfu s\u1ed1 \u0111i\u1ec7n tho\u1ea1i tr\u00ean bi\u1ec3u m\u1eabu v\u00e0 s\u1ed1 \u0111i\u1ec7n tho\u1ea1i \u0111\u0103ng k\u00fd t\u00e0i kho\u1ea3n Grab \u0111\u00e3 \u0111\u1ed5i \u01b0u \u0111\u00e3i l\u1ea5y v\u00e9 \u0111\u1ec3 chuy\u1ec3n v\u00e9, vui l\u00f2ng \u0111i\u1ec1n s\u1ed1 \u0111i\u1ec7n tho\u1ea1i \u0111\u0103ng k\u00fd t\u00e0i kho\u1ea3n Grab \u0111\u1ed5i \u01b0u \u0111\u00e3i \u0111\u1ec3 Grab ti\u1ec7n \u0111\u1ed1i chi\u1ebfu.<br \/><img decoding=\"async\" class=\"emoji\" role=\"img\" src=\"https:\/\/s.w.org\/images\/core\/emoji\/13.1.0\/svg\/1f537.svg\" alt=\"\ud83d\udd37\" \/>V\u00e9 tham d\u1ef1 ch\u01b0\u01a1ng tr\u00ecnh s\u1ebd \u0111\u01b0\u1ee3c g\u1eedi \u0111\u1ebfn ng\u01b0\u1eddi d\u00f9ng theo th\u00f4ng tin tr\u00ean bi\u1ec3u m\u1eabu t\u1eeb ng\u00e0y 28\/11\/2022<br \/><img decoding=\"async\" class=\"emoji\" role=\"img\" src=\"https:\/\/s.w.org\/images\/core\/emoji\/13.1.0\/svg\/1f537.svg\" alt=\"\ud83d\udd37\" \/>\u01afu \u0111\u00e3i l\u00e0 kh\u00f4ng th\u1ec3 chuy\u1ec3n nh\u01b0\u1ee3ng, kh\u00f4ng ho\u00e0n l\u1ea1i v\u00e0 kh\u00f4ng th\u1ec3 trao \u0111\u1ed5i th\u00e0nh ti\u1ec1n m\u1eb7t\/ t\u00edn d\u1ee5ng.<br \/><img decoding=\"async\" class=\"emoji\" role=\"img\" src=\"https:\/\/s.w.org\/images\/core\/emoji\/13.1.0\/svg\/1f537.svg\" alt=\"\ud83d\udd37\" \/>S\u1ed1 l\u01b0\u1ee3ng \u01b0u \u0111\u00e3i c\u00f3 h\u1ea1n<\/p><p><b><img decoding=\"async\" class=\"emoji\" role=\"img\" src=\"https:\/\/s.w.org\/images\/core\/emoji\/13.1.0\/svg\/1f7e2.svg\" alt=\"\ud83d\udfe2\" \/>\u0110i\u1ec1u kho\u1ea3n v\u00e0 \u0111i\u1ec1u ki\u1ec7n ch\u01b0\u01a1ng tr\u00ecnh s\u0103n v\u00e9 RAVOLUTION<br \/><\/b><img decoding=\"async\" class=\"emoji\" role=\"img\" src=\"https:\/\/s.w.org\/images\/core\/emoji\/13.1.0\/svg\/1f537.svg\" alt=\"\ud83d\udd37\" \/>\u01afu \u0111\u00e3i \u00e1p d\u1ee5ng cho ng\u01b0\u1eddi d\u00f9ng ho\u00e0n th\u00e0nh cu\u1ed1c xe GrabCar t\u1ea1i th\u00e0nh ph\u1ed1 H\u1ed3 Ch\u00ed minh c\u00f3 s\u1eed d\u1ee5ng m\u00e3 &#8220;RAVOLUTION&#8221; t\u1eeb ng\u00e0y 15\/11\/2022 \u0111\u1ebfn h\u1ebft ng\u00e0y 20\/11\/2022.<br \/><img decoding=\"async\" class=\"emoji\" role=\"img\" src=\"https:\/\/s.w.org\/images\/core\/emoji\/13.1.0\/svg\/1f537.svg\" alt=\"\ud83d\udd37\" \/>Sau khi ho\u00e0n th\u00e0nh cu\u1ed1c xe ng\u01b0\u1eddi d\u00f9ng s\u1ebd nh\u1eadn \u0111\u01b0\u1ee3c 01 \u0111i\u1ec3m GrabRewards \u0111\u1ec3 m\u1edf H\u1ed8P QU\u00c0 1 \u0110I\u1ec2M. Ng\u01b0\u1eddi d\u00f9ng c\u1ea7n \u0111\u1ed5i \u01b0u \u0111\u00e3i H\u1ed8P QU\u00c0 1 \u0110I\u1ec2M tr\u01b0\u1edbc 06:00 ng\u00e0y 21\/11\/2022 \u0111\u1ec3 gi\u1eadt v\u00e9 Ravolution &#8211; s\u1ebd hi\u1ec3n th\u1ecb trong c\u00e1c \u01b0u \u0111\u00e3i CH\u1ec8 1 \u0110I\u1ec2M c\u1ee7a ch\u01b0\u01a1ng tr\u00ecnh H\u1ed8P QU\u00c0 1 \u0110I\u1ec2M t\u1eeb 06:00 ng\u00e0y 21\/11\/2022.<br \/><img decoding=\"async\" class=\"emoji\" role=\"img\" src=\"https:\/\/s.w.org\/images\/core\/emoji\/13.1.0\/svg\/1f537.svg\" alt=\"\ud83d\udd37\" \/>Th\u1eddi h\u1ea1n m\u1edf \u0111\u1ed5i v\u00e9 Ravolution tr\u00ean GrabRewards t\u1eeb 06:00 ng\u00e0y 21\/11\/2022 \u0111\u1ebfn 23:59 ng\u00e0y 23\/11\/2022<br \/><img decoding=\"async\" class=\"emoji\" role=\"img\" src=\"https:\/\/s.w.org\/images\/core\/emoji\/13.1.0\/svg\/1f537.svg\" alt=\"\ud83d\udd37\" \/>S\u1ed1 l\u01b0\u1ee3ng v\u00e9 Ravolution tr\u00ean GrabRewards c\u00f3 h\u1ea1n v\u00e0 c\u00f3 th\u1ec3 h\u1ebft tr\u01b0\u1edbc th\u1eddi h\u1ea1n \u0111\u1ed5i v\u00e9 n\u00eau tr\u00ean<br \/><img decoding=\"async\" class=\"emoji\" role=\"img\" src=\"https:\/\/s.w.org\/images\/core\/emoji\/13.1.0\/svg\/1f537.svg\" alt=\"\ud83d\udd37\" \/>M\u1ed7i ng\u01b0\u1eddi d\u00f9ng ch\u1ec9 \u0111\u01b0\u1ee3c s\u1eed d\u1ee5ng m\u00e3 &#8220;RAVOLUTION&#8221; 1 l\u1ea7n v\u00e0 \u0111\u1ed5i 1 v\u00e9 duy nh\u1ea5t trong su\u1ed1t ch\u01b0\u01a1ng tr\u00ecnh<br \/><img decoding=\"async\" class=\"emoji\" role=\"img\" src=\"https:\/\/s.w.org\/images\/core\/emoji\/13.1.0\/svg\/1f537.svg\" alt=\"\ud83d\udd37\" \/>S\u1ed1 \u0111i\u1ec3m \u0111\u01b0\u1ee3c t\u1eb7ng kh\u00f4ng \u0111\u01b0\u1ee3c t\u00ednh v\u00e0o qu\u00e1 tr\u00ecnh t\u00edch l\u0169y \u0111i\u1ec3m th\u0103ng h\u1ea1ng<br \/><img decoding=\"async\" class=\"emoji\" role=\"img\" src=\"https:\/\/s.w.org\/images\/core\/emoji\/13.1.0\/svg\/1f537.svg\" alt=\"\ud83d\udd37\" \/>Grab c\u00f3 quy\u1ec1n thay \u0111\u1ed5i v\u00e0 s\u1eeda \u0111\u1ed5i c\u00e1c \u0111i\u1ec1u ki\u1ec7n v\u00e0 \u0111i\u1ec3u kho\u1ea3n \u00e1p d\u1ee5ng n\u00e0y b\u1ea5t c\u1ee9 l\u00fac n\u00e0o m\u00e0 kh\u00f4ng c\u1ea7n th\u00f4ng b\u00e1o tr\u01b0\u1edbc<\/p><p>\u00a0<\/p><p><a href=\"https:\/\/grab.onelink.me\/2695613898\/datxengay\"><img loading=\"lazy\" decoding=\"async\" class=\"alignnone wp-image-108539\" src=\"https:\/\/assets.grab.com\/wp-content\/uploads\/sites\/11\/2022\/01\/13111726\/CTA-011.png\" alt=\"\" width=\"204\" height=\"50\" \/><\/a><\/p>\t\t\t\t\t\t<\/div>\n\t\t\t\t<\/div>\n\t\t\t\t\t<\/div>\n\t\t<\/div>\n\t\t\t\t\t<\/div>\n\t\t<\/section>\n\t\t\t\t<\/div>","protected":false},"excerpt":{"rendered":"Ch\u0103m ch\u1ec9 l\u00e0m vi\u1ec7c bao l\u00e2u, gi\u1edd \u0111\u00e3 \u0111\u1ebfn l\u00fac t\u1ef1 th\u01b0\u1edfng cho b\u1ea3n th\u00e2n m\u1ed9t ng\u00e0y vui ch\u01a1i h\u1ebft m\u00ecnh, x\u1ea3 h\u1ebft m\u1ec7t m\u1ecfi trong bu\u1ed5i \u201cqu\u1ea9y&#8221; EDM r\u1ed3i n\u00e8! Duy nh\u1ea5t t\u1eeb ng\u00e0y 15\/11\/2022 \u0111\u1ebfn ng\u00e0y 20\/11\/2022, nh\u1eadp m\u00e3 \ud835\udde5\ud835\uddd4\ud835\udde9\ud835\udde2\ud835\udddf\ud835\udde8\ud835\udde7\ud835\udddc\ud835\udde2\ud835\udde1 khi \u0111i GrabCar \u0111\u1ec3 nh\u1eadn 01 \u0111i\u1ec3m GrabRewards v\u00e0 m\u1edf kho\u00e1 \u01b0u \u0111\u00e3i [&hellip;]","protected":false},"author":1427,"featured_media":0,"parent":0,"menu_order":0,"comment_status":"closed","ping_status":"closed","template":"","meta":{"_acf_changed":false,"footnotes":""},"acf":[],"_links":{"self":[{"href":"https:\/\/www.grab.com\/vn\/en\/wp-json\/wp\/v2\/pages\/135358"}],"collection":[{"href":"https:\/\/www.grab.com\/vn\/en\/wp-json\/wp\/v2\/pages"}],"about":[{"href":"https:\/\/www.grab.com\/vn\/en\/wp-json\/wp\/v2\/types\/page"}],"author":[{"embeddable":true,"href":"https:\/\/www.grab.com\/vn\/en\/wp-json\/wp\/v2\/users\/1427"}],"replies":[{"embeddable":true,"href":"https:\/\/www.grab.com\/vn\/en\/wp-json\/wp\/v2\/comments?post=135358"}],"version-history":[{"count":16,"href":"https:\/\/www.grab.com\/vn\/en\/wp-json\/wp\/v2\/pages\/135358\/revisions"}],"predecessor-version":[{"id":135684,"href":"https:\/\/www.grab.com\/vn\/en\/wp-json\/wp\/v2\/pages\/135358\/revisions\/135684"}],"wp:attachment":[{"href":"https:\/\/www.grab.com\/vn\/en\/wp-json\/wp\/v2\/media?parent=135358"}],"curies":[{"name":"wp","href":"https:\/\/api.w.org\/{rel}","templated":true}]}}