{"id":134784,"date":"2022-11-03T12:22:50","date_gmt":"2022-11-03T04:22:50","guid":{"rendered":"https:\/\/www.grab.com\/vn\/?page_id=134784"},"modified":"2022-12-02T12:56:02","modified_gmt":"2022-12-02T04:56:02","slug":"tiet-kiem-len-den-10-voi-grabbike-economy","status":"publish","type":"page","link":"https:\/\/www.grab.com\/vn\/en\/tiet-kiem-len-den-10-voi-grabbike-economy\/","title":{"rendered":"Ti\u1ebft ki\u1ec7m l\u00ean \u0111\u1ebfn 10% v\u1edbi GrabBike Economy"},"content":{"rendered":"<p><img loading=\"lazy\" decoding=\"async\" width=\"1200\" height=\"800\" class=\"size-full wp-image-136355 aligncenter\" src=\"https:\/\/assets.grab.com\/wp-content\/uploads\/sites\/11\/2022\/11\/24183008\/GB_1200x800_11112022-1.jpg\" alt=\"\" \/><\/p>\n<p><b>B\u1ea1n Th\u00e2n m\u1ebfn,<\/b><\/p>\n<p><span style=\"font-weight: 400\">T\u1eeb ng\u00e0y 01\/11\/2022, Grab m\u1edf l\u1ea1i d\u1ecbch v\u1ee5 GrabBike Economy t\u1ea1i TP. H\u1ed3 Ch\u00ed Minh v\u00e0 c\u00e1c t\u1ec9nh l\u00e2n c\u1eadn, trong m\u1ed9t s\u1ed1 khung gi\u1edd nh\u1ea5t \u0111\u1ecbnh, v\u1edbi mong mu\u1ed1n mang l\u1ea1i tr\u1ea3i nghi\u1ec7m d\u1ecbch v\u1ee5 ti\u1ebft ki\u1ec7m h\u01a1n cho ng\u01b0\u1eddi d\u00f9ng.<\/span><\/p>\n<p style=\"text-align: center\"><b>TH\u00d4NG TIN C\u1eacP NH\u1eacT<\/b><\/p>\n<p style=\"text-align: center\"><b>D\u1ecaCH V\u1ee4 GRABBIKE ECONOMY <\/b><b>M\u1edaI<\/b><\/p>\n<p><b><img loading=\"lazy\" decoding=\"async\" width=\"681\" height=\"435\" class=\"size-full wp-image-136956 aligncenter\" src=\"https:\/\/assets.grab.com\/wp-content\/uploads\/sites\/11\/2022\/12\/02125520\/Screenshot-2022-12-02-115502.jpg\" alt=\"\" \/>Details:<\/b><\/p>\n<ul>\n<li style=\"font-weight: 400\">GrabBike Economy la\u0300 di\u0323ch vu\u0323 da\u0300nh cho h\u00e0nh kh\u00e1ch co\u0301 nhu c\u00e2\u0300u di chuy\u00ea\u0309n b\u1eb1ng xe hai b\u00e1nh c\u00f3 qu\u00e3ng \u0111\u01b0\u1eddng di chuy\u1ec3n <strong>d\u01b0\u1edbi 10km<\/strong>, v\u01a1\u0301i ca\u0301c y\u00eau c\u00e2\u0300u c\u01a1 ba\u0309n cu\u0300ng m\u01b0\u0301c phi\u0301 <strong>ti\u00ea\u0301t ki\u00ea\u0323m l\u00ean \u0111\u1ebfn 10%<\/strong> so v\u01a1\u0301i d\u1ecbch v\u1ee5 GrabBike th\u00f4ng th\u01b0\u01a1\u0300ng.<\/li>\n<li style=\"font-weight: 400\"><span style=\"font-weight: 400\">C\u01b0\u1edbc ph\u00ed GrabBike Economy hi\u1ec3n th\u1ecb tr\u00ean \u1ee9ng d\u1ee5ng Grab Driver <\/span><b>\u0111\u00e3 bao g\u1ed3m<\/b> <span style=\"font-weight: 400\">c\u00e1c lo\u1ea1i ph\u1ee5 ph\u00ed (n\u1ebfu c\u00f3).<\/span><\/li>\n<li style=\"font-weight: 400\"><span style=\"font-weight: 400\">Trong tr\u01b0\u1eddng h\u1ee3p h\u00e0nh kh\u00e1ch quy\u1ebft \u0111\u1ecbnh xu\u1ed1ng xe tr\u01b0\u1edbc khi \u0111\u1ebfn \u0111i\u1ec3m \u0111\u1ebfn \u0111\u00e3 \u0111\u1eb7t tr\u00ean \u1ee9ng d\u1ee5ng, <\/span><b>100% c\u01b0\u1edbc ph\u00ed chuy\u1ebfn xe<\/b><span style=\"font-weight: 400\"> s\u1ebd \u0111\u01b0\u1ee3c \u00e1p d\u1ee5ng.<\/span><\/li>\n<\/ul>\n<p><span style=\"font-weight: 400\">C\u00e1m \u01a1n b\u1ea1n \u0111\u00e3 tin t\u01b0\u1edfng v\u00e0 l\u1ef1a ch\u1ecdn Grab.<\/span><\/p>\n<p><b>Tr\u00e2n tr\u1ecdng,<\/b><\/p>\n<p><b>\u0110\u1ed9i ng\u0169 Grab.<\/b><\/p>","protected":false},"excerpt":{"rendered":"B\u1ea1n Th\u00e2n m\u1ebfn, T\u1eeb ng\u00e0y 01\/11\/2022, Grab m\u1edf l\u1ea1i d\u1ecbch v\u1ee5 GrabBike Economy t\u1ea1i TP. H\u1ed3 Ch\u00ed Minh v\u00e0 c\u00e1c t\u1ec9nh l\u00e2n c\u1eadn, trong m\u1ed9t s\u1ed1 khung gi\u1edd nh\u1ea5t \u0111\u1ecbnh, v\u1edbi mong mu\u1ed1n mang l\u1ea1i tr\u1ea3i nghi\u1ec7m d\u1ecbch v\u1ee5 ti\u1ebft ki\u1ec7m h\u01a1n cho ng\u01b0\u1eddi d\u00f9ng. TH\u00d4NG TIN C\u1eacP NH\u1eacT D\u1ecaCH V\u1ee4 GRABBIKE ECONOMY M\u1edaI L\u01b0u [&hellip;]","protected":false},"author":1427,"featured_media":0,"parent":0,"menu_order":0,"comment_status":"closed","ping_status":"closed","template":"","meta":{"_acf_changed":false,"footnotes":""},"acf":[],"_links":{"self":[{"href":"https:\/\/www.grab.com\/vn\/en\/wp-json\/wp\/v2\/pages\/134784"}],"collection":[{"href":"https:\/\/www.grab.com\/vn\/en\/wp-json\/wp\/v2\/pages"}],"about":[{"href":"https:\/\/www.grab.com\/vn\/en\/wp-json\/wp\/v2\/types\/page"}],"author":[{"embeddable":true,"href":"https:\/\/www.grab.com\/vn\/en\/wp-json\/wp\/v2\/users\/1427"}],"replies":[{"embeddable":true,"href":"https:\/\/www.grab.com\/vn\/en\/wp-json\/wp\/v2\/comments?post=134784"}],"version-history":[{"count":5,"href":"https:\/\/www.grab.com\/vn\/en\/wp-json\/wp\/v2\/pages\/134784\/revisions"}],"predecessor-version":[{"id":136957,"href":"https:\/\/www.grab.com\/vn\/en\/wp-json\/wp\/v2\/pages\/134784\/revisions\/136957"}],"wp:attachment":[{"href":"https:\/\/www.grab.com\/vn\/en\/wp-json\/wp\/v2\/media?parent=134784"}],"curies":[{"name":"wp","href":"https:\/\/api.w.org\/{rel}","templated":true}]}}