{"id":132822,"date":"2022-10-10T14:32:05","date_gmt":"2022-10-10T06:32:05","guid":{"rendered":"https:\/\/www.grab.com\/vn\/?page_id=132822"},"modified":"2022-10-10T14:32:05","modified_gmt":"2022-10-10T06:32:05","slug":"mung-20-10-di-grabcar-nhan-qua-bao-la","status":"publish","type":"page","link":"https:\/\/www.grab.com\/vn\/en\/mung-20-10-di-grabcar-nhan-qua-bao-la\/","title":{"rendered":"M\u1eebng 20\/10 \u0111i GrabCar nh\u1eadn qu\u00e0 &#8221;bao la&#8221;"},"content":{"rendered":"<p>&nbsp;<\/p>\n<p><strong>(*)\u0110i\u1ec1u ki\u1ec7n \u0111i\u1ec1u kho\u1ea3n \u00e1p d\u1ee5ng:<\/strong><br \/>\n\ud83d\udd39 Ch\u01b0\u01a1ng tr\u00ecnh ch\u1ec9 \u00e1p d\u1ee5ng cho ng\u01b0\u1eddi d\u00f9ng ho\u00e0n th\u00e0nh chuy\u1ebfn xe GrabCar (\u0111\u00e3 thanh to\u00e1n xong) t\u1eeb 0h ng\u00e0y 07\/09 \u0111\u1ebfn 23h59\u2019 ng\u00e0y 11\/09\/2022 v\u00e0 nh\u1eadn \u0111\u01b0\u1ee3c tin nh\u1eafn t\u1ef1 \u0111\u1ed9ng th\u00f4ng b\u00e1o v\u1ec1 ch\u01b0\u01a1ng tr\u00ecnh trong m\u1ee5c \u201cTr\u00f2 chuy\u1ec7n\u201d tr\u00ean \u1ee9ng d\u1ee5ng Grab, s\u1ebd c\u00f3 c\u01a1 h\u1ed9i nh\u1eadn \u0111\u01b0\u1ee3c 01 L\u1ed3ng \u0111\u00e8n Trung thu. Ng\u01b0\u1eddi d\u00f9ng may m\u1eafn nh\u1eadn qu\u00e0 t\u1eb7ng vui l\u00f2ng nh\u1eafn x\u00e1c nh\u1eadn ch\u1eef \u201cY\u201d trong m\u1ee5c \u201cTr\u00f2 chuy\u1ec7n\u201d tr\u00ean \u1ee9ng d\u1ee5ng Grab.<br \/>\n\ud83d\udd39 S\u1ed1 l\u01b0\u1ee3ng qu\u00e0 t\u1eb7ng c\u1ee7a ch\u01b0\u01a1ng tr\u00ecnh c\u00f3 gi\u1edbi h\u1ea1n. Ch\u01b0\u01a1ng tr\u00ecnh s\u1ebd k\u1ebft th\u00fac khi th\u1eddi gian ch\u01b0\u01a1ng tr\u00ecnh k\u1ebft th\u00fac ho\u1eb7c khi (c\u00e1c) qu\u00e0 t\u1eb7ng \u0111\u00e3 \u0111\u01b0\u1ee3c trao h\u1ebft, t\u00f9y v\u00e0o th\u1eddi \u0111i\u1ec3m n\u00e0o \u0111\u1ebfn tr\u01b0\u1edbc.<br \/>\n\ud83d\udd39 Ch\u01b0\u01a1ng tr\u00ecnh ch\u1ec9 \u00e1p d\u1ee5ng t\u1ea1i Th\u00e0nh ph\u1ed1 H\u1ed3 Ch\u00ed Minh v\u00e0 H\u00e0 N\u1ed9i.<br \/>\n\ud83d\udd39 Ch\u01b0\u01a1ng tr\u00ecnh chi \u00e1p d\u1ee5ng cho phi\u00ean b\u1ea3n app m\u1edbi nh\u1ea5t<br \/>\n\ud83d\udd39 Xem th\u00eam chi ti\u1ebft ch\u01b0\u01a1ng tr\u00ecnh t\u1ea1i: https:\/\/grb.to\/DiGrabnhanlongden<\/p>\n<p><strong>Quy \u0111\u1ecbnh c\u1ee7a ch\u01b0\u01a1ng tr\u00ecnh:<\/strong><\/p>\n<p>\ud83d\udd39Ch\u01b0\u01a1ng tr\u00ecnh ch\u1ec9 \u00e1p d\u1ee5ng cho ng\u01b0\u1eddi d\u00f9ng ho\u00e0n th\u00e0nh chuy\u1ebfn xe GrabCar (\u0111\u00e3 thanh to\u00e1n xong) b\u1eb1ng th\u1ebb ho\u1eb7c v\u00ed \u0111i\u1ec7n t\u1eed Moca t\u1eeb 0h ng\u00e0y 15\/09 \u0111\u1ebfn 23h59\u2019 ng\u00e0y 20\/09\/2022 v\u00e0 nh\u1eadn \u0111\u01b0\u1ee3c tin nh\u1eafn t\u1ef1 \u0111\u1ed9ng th\u00f4ng b\u00e1o v\u1ec1 ch\u01b0\u01a1ng tr\u00ecnh trong m\u1ee5c \u201cTr\u00f2 chuy\u1ec7n\u201d tr\u00ean \u1ee9ng d\u1ee5ng Grab, s\u1ebd c\u00f3 c\u01a1 h\u1ed9i nh\u1eadn \u0111\u01b0\u1ee3c 01 ph\u1ea7n qu\u00e0 Innisfree. Ng\u01b0\u1eddi d\u00f9ng may m\u1eafn nh\u1eadn qu\u00e0 t\u1eb7ng vui l\u00f2ng nh\u1eafn x\u00e1c nh\u1eadn ch\u1eef \u201cY\u201d ho\u1eb7c &#8220;y&#8221; trong m\u1ee5c \u201cTr\u00f2 chuy\u1ec7n\u201d tr\u00ean \u1ee9ng d\u1ee5ng Grab.<br \/>\n\ud83d\udd39S\u1ed1 l\u01b0\u1ee3ng qu\u00e0 t\u1eb7ng c\u1ee7a ch\u01b0\u01a1ng tr\u00ecnh c\u00f3 gi\u1edbi h\u1ea1n. Ch\u01b0\u01a1ng tr\u00ecnh s\u1ebd k\u1ebft th\u00fac khi th\u1eddi gian ch\u01b0\u01a1ng tr\u00ecnh k\u1ebft th\u00fac ho\u1eb7c khi (c\u00e1c) qu\u00e0 t\u1eb7ng \u0111\u00e3 \u0111\u01b0\u1ee3c trao h\u1ebft, t\u00f9y v\u00e0o th\u1eddi \u0111i\u1ec3m n\u00e0o \u0111\u1ebfn tr\u01b0\u1edbc.<br \/>\n\ud83d\udd39Ch\u01b0\u01a1ng tr\u00ecnh ch\u1ec9 \u00e1p d\u1ee5ng t\u1ea1i Th\u00e0nh ph\u1ed1 H\u1ed3 Ch\u00ed Minh, H\u00e0 N\u1ed9i v\u00e0 \u0110\u00e0 N\u1eb5ng.<br \/>\n\ud83d\udd39Ch\u01b0\u01a1ng tr\u00ecnh chi \u00e1p d\u1ee5ng cho phi\u00ean b\u1ea3n app m\u1edbi nh\u1ea5t<\/p>\n<p><strong>\u0110i\u1ec1u ki\u1ec7n \u0111i\u1ec1u kho\u1ea3n kh\u00e1c:<\/strong><\/p>\n<p>\ud83d\udd39T\u1ea5t c\u1ea3 c\u00e1c qu\u00e0 t\u1eb7ng \u01b0u \u0111\u00e3i \u0111\u1ec1u kh\u00f4ng c\u00f3 gi\u00e1 tr\u1ecb chuy\u1ec3n nh\u01b0\u1ee3ng v\u00e0 quy \u0111\u1ed5i th\u00e0nh ti\u1ec1n m\u1eb7t ho\u1eb7c c\u00e1c h\u00ecnh th\u1ee9c kh\u00e1c.<br \/>\n\ud83d\udd39Ng\u01b0\u1eddi tr\u00fang th\u01b0\u1edfng ph\u1ea3i \u0111\u1ed5i\/nh\u1eadn t\u1ea5t c\u1ea3 gi\u1ea3i th\u01b0\u1edfng trong th\u1eddi h\u1ea1n \u0111\u01b0\u1ee3c th\u00f4ng b\u00e1o b\u1edfi Grab. M\u1ecdi ph\u1ea7n th\u01b0\u1edfng kh\u00f4ng \u0111\u01b0\u1ee3c \u0111\u1ed5i\/nh\u1eadn trong th\u1eddi gian n\u00e0y s\u1ebd \u0111\u01b0\u1ee3c thu h\u1ed3i ho\u1eb7c h\u00ecnh th\u1ee9c kh\u00e1c theo to\u00e0n quy\u1ec1n quy\u1ebft \u0111\u1ecbnh c\u1ee7a Grab ho\u1eb7c theo quy \u0111\u1ecbnh c\u1ee7a ph\u00e1p lu\u1eadt hi\u1ec7n h\u00e0nh. Grab s\u1ebd kh\u00f4ng gi\u1ea3i quy\u1ebft b\u1ea5t k\u00ec khi\u1ebfu n\u1ea1i ho\u1eb7c y\u00eau c\u1ea7u b\u1ed3i th\u01b0\u1eddng n\u00e0o li\u00ean quan \u0111\u1ebfn tr\u01b0\u1eddng h\u1ee3p n\u00e0y.<br \/>\n\ud83d\udd39Grab c\u00f3 to\u00e0n quy\u1ec1n t\u1eeb ch\u1ed1i trao gi\u1ea3i n\u1ebfu nghi ng\u1edd ho\u1eb7c ph\u00e1t hi\u1ec7n ng\u01b0\u1eddi d\u00f9ng th\u1ef1c hi\u1ec7n b\u1ea5t k\u1ef3 h\u00e0nh vi gian l\u1eadn, gi\u1ea3 m\u1ea1o n\u00e0o trong qu\u00e1 tr\u00ecnh tham d\u1ef1 ch\u01b0\u01a1ng tr\u00ecnh d\u01b0\u1edbi b\u1ea5t k\u1ef3 h\u00ecnh th\u1ee9c n\u00e0o ho\u1eb7c qu\u00e1 tr\u00ecnh tham gia ch\u01b0\u01a1ng tr\u00ecnh vi ph\u1ea1m c\u00e1c quy \u0111\u1ecbnh ph\u00e1p lu\u1eadt hi\u1ec7n h\u00e0nh kh\u00e1c v\u00e0\/ ho\u1eb7c quy \u0111\u1ecbnh, ch\u00ednh s\u00e1ch Grab. B\u1eb1ng vi\u1ec7c tham gia ch\u01b0\u01a1ng tr\u00ecnh n\u00e0y, ng\u01b0\u1eddi tham gia \u0111\u1ed3ng \u00fd r\u1eb1ng \ud83d\udd39\ud83d\udd39Grab c\u00f3 quy\u1ec1n s\u1eed d\u1ee5ng h\u00ecnh \u1ea3nh c\u1ee7a ng\u01b0\u1eddi chi\u1ebfn th\u1eafng Th\u1eed th\u00e1ch nh\u1eb1m m\u1ee5c \u0111\u00edch qu\u1ea3ng c\u00e1o, ti\u1ebfp th\u1ecb m\u00e0 kh\u00f4ng c\u1ea7n xin ph\u00e9p v\u00e0\/ ho\u1eb7c chi tr\u1ea3 th\u00f9 lao cho ng\u01b0\u1eddi chi\u1ebfn th\u1eafng.<\/p>","protected":false},"excerpt":{"rendered":"&nbsp; (*)\u0110i\u1ec1u ki\u1ec7n \u0111i\u1ec1u kho\u1ea3n \u00e1p d\u1ee5ng: \ud83d\udd39 Ch\u01b0\u01a1ng tr\u00ecnh ch\u1ec9 \u00e1p d\u1ee5ng cho ng\u01b0\u1eddi d\u00f9ng ho\u00e0n th\u00e0nh chuy\u1ebfn xe GrabCar (\u0111\u00e3 thanh to\u00e1n xong) t\u1eeb 0h ng\u00e0y 07\/09 \u0111\u1ebfn 23h59\u2019 ng\u00e0y 11\/09\/2022 v\u00e0 nh\u1eadn \u0111\u01b0\u1ee3c tin nh\u1eafn t\u1ef1 \u0111\u1ed9ng th\u00f4ng b\u00e1o v\u1ec1 ch\u01b0\u01a1ng tr\u00ecnh trong m\u1ee5c \u201cTr\u00f2 chuy\u1ec7n\u201d tr\u00ean \u1ee9ng d\u1ee5ng Grab, s\u1ebd c\u00f3 [&hellip;]","protected":false},"author":1427,"featured_media":0,"parent":0,"menu_order":0,"comment_status":"closed","ping_status":"closed","template":"","meta":{"_acf_changed":false,"footnotes":""},"acf":[],"_links":{"self":[{"href":"https:\/\/www.grab.com\/vn\/en\/wp-json\/wp\/v2\/pages\/132822"}],"collection":[{"href":"https:\/\/www.grab.com\/vn\/en\/wp-json\/wp\/v2\/pages"}],"about":[{"href":"https:\/\/www.grab.com\/vn\/en\/wp-json\/wp\/v2\/types\/page"}],"author":[{"embeddable":true,"href":"https:\/\/www.grab.com\/vn\/en\/wp-json\/wp\/v2\/users\/1427"}],"replies":[{"embeddable":true,"href":"https:\/\/www.grab.com\/vn\/en\/wp-json\/wp\/v2\/comments?post=132822"}],"version-history":[{"count":1,"href":"https:\/\/www.grab.com\/vn\/en\/wp-json\/wp\/v2\/pages\/132822\/revisions"}],"predecessor-version":[{"id":132823,"href":"https:\/\/www.grab.com\/vn\/en\/wp-json\/wp\/v2\/pages\/132822\/revisions\/132823"}],"wp:attachment":[{"href":"https:\/\/www.grab.com\/vn\/en\/wp-json\/wp\/v2\/media?parent=132822"}],"curies":[{"name":"wp","href":"https:\/\/api.w.org\/{rel}","templated":true}]}}